{"id":46046,"date":"2026-01-01T03:04:08","date_gmt":"2026-01-01T01:22:11","guid":{"rendered":"https:\/\/swiss-peak.com\/set-cadeau-daffaires-rcs-swiss-peak-noir\/"},"modified":"2026-03-12T03:29:10","modified_gmt":"2026-03-12T01:29:10","slug":"set-cadeau-daffaires-rcs-swiss-peak-noir","status":"publish","type":"product","link":"https:\/\/swiss-peak.com\/fr\/produit\/set-cadeau-daffaires-rcs-swiss-peak-noir\/","title":{"rendered":"Set cadeau d&rsquo;affaires RCS Swiss Peak, noir"},"content":{"rendered":"<p>Ce luxueux coffret cadeau comprend tout ce dont vous avez besoin au quotidien. Un porte-cl\u00e9s Swiss Peak de haute qualit\u00e9, dot\u00e9 d&rsquo;une finition m\u00e9tallique brillante et d&rsquo;une magnifique lani\u00e8re en cuir PU. Vous avez besoin de noter vos pens\u00e9es ou vos id\u00e9es ? Ce set comprend \u00e9galement un \u00e9l\u00e9gant stylo \u00e0 bille professionnel d&rsquo;une capacit\u00e9 d&rsquo;\u00e9criture de 1000 m\u00e8tres, ainsi qu&rsquo;un carnet en PU doux au toucher, fabriqu\u00e9 \u00e0 partir de polyester recycl\u00e9. Le carnet contient 160 pages de couleur cr\u00e8me fabriqu\u00e9es \u00e0 partir de papier recycl\u00e9. Tous les articles de ce coffret sont certifi\u00e9s RCS, ce qui garantit une cha\u00eene d&rsquo;approvisionnement enti\u00e8rement v\u00e9rifi\u00e9e pour les mat\u00e9riaux recycl\u00e9s utilis\u00e9s. Au total, les produits de ce coffret sont compos\u00e9s \u00e0 75 % de mati\u00e8res recycl\u00e9es.<\/p>\n","protected":false},"excerpt":{"rendered":"<p>Ce luxueux coffret cadeau comprend tout ce dont vous avez besoin au quotidien. Un porte-cl\u00e9s Swiss Peak de haute qualit\u00e9, dot\u00e9 d&rsquo;une finition m\u00e9tallique brillante et d&rsquo;une magnifique lani\u00e8re en cuir PU. Vous avez besoin de noter vos pens\u00e9es ou vos id\u00e9es ? Ce set comprend \u00e9galement un \u00e9l\u00e9gant stylo \u00e0 bille professionnel d&rsquo;une capacit\u00e9 [&hellip;]<\/p>\n","protected":false},"featured_media":45805,"template":"","meta":{"_acf_changed":false},"product_cat":[297],"product_tag":[],"class_list":["post-46046","product","type-product","status-publish","has-post-thumbnail","hentry","product_cat-bureau-ecriture","pa_color-black-fr"],"acf":[],"yoast_head":"<!-- This site is optimized with the Yoast SEO plugin v27.0 - https:\/\/yoast.com\/product\/yoast-seo-wordpress\/ -->\n<title>Set cadeau d&#039;affaires RCS Swiss Peak, noir - Swiss Peak<\/title>\n<meta name=\"robots\" content=\"index, follow, max-snippet:-1, max-image-preview:large, max-video-preview:-1\" \/>\n<link rel=\"canonical\" href=\"https:\/\/swiss-peak.com\/fr\/produit\/set-cadeau-daffaires-rcs-swiss-peak-noir\/\" \/>\n<meta property=\"og:locale\" content=\"fr_FR\" \/>\n<meta property=\"og:type\" content=\"article\" \/>\n<meta property=\"og:title\" content=\"Set cadeau d&#039;affaires RCS Swiss Peak, noir - Swiss Peak\" \/>\n<meta property=\"og:description\" content=\"Ce luxueux coffret cadeau comprend tout ce dont vous avez besoin au quotidien. Un porte-cl\u00e9s Swiss Peak de haute qualit\u00e9, dot\u00e9 d&rsquo;une finition m\u00e9tallique brillante et d&rsquo;une magnifique lani\u00e8re en cuir PU. Vous avez besoin de noter vos pens\u00e9es ou vos id\u00e9es ? Ce set comprend \u00e9galement un \u00e9l\u00e9gant stylo \u00e0 bille professionnel d&rsquo;une capacit\u00e9 [&hellip;]\" \/>\n<meta property=\"og:url\" content=\"https:\/\/swiss-peak.com\/fr\/produit\/set-cadeau-daffaires-rcs-swiss-peak-noir\/\" \/>\n<meta property=\"og:site_name\" content=\"Swiss Peak\" \/>\n<meta property=\"article:modified_time\" content=\"2026-03-12T01:29:10+00:00\" \/>\n<meta property=\"og:image\" content=\"https:\/\/swiss-peak.com\/wp-content\/uploads\/sites\/9\/2026\/01\/P774.6601__S_0__af28c7384831426f9fc6999a714bc7ef.jpg\" \/>\n\t<meta property=\"og:image:width\" content=\"1024\" \/>\n\t<meta property=\"og:image:height\" content=\"1024\" \/>\n\t<meta property=\"og:image:type\" content=\"image\/jpeg\" \/>\n<meta name=\"twitter:card\" content=\"summary_large_image\" \/>\n<meta name=\"twitter:label1\" content=\"Dur\u00e9e de lecture estim\u00e9e\" \/>\n\t<meta name=\"twitter:data1\" content=\"1 minute\" \/>\n<script type=\"application\/ld+json\" class=\"yoast-schema-graph\">{\"@context\":\"https:\/\/schema.org\",\"@graph\":[{\"@type\":\"WebPage\",\"@id\":\"https:\/\/swiss-peak.com\/fr\/produit\/set-cadeau-daffaires-rcs-swiss-peak-noir\/\",\"url\":\"https:\/\/swiss-peak.com\/fr\/produit\/set-cadeau-daffaires-rcs-swiss-peak-noir\/\",\"name\":\"Set cadeau d'affaires RCS Swiss Peak, noir - Swiss Peak\",\"isPartOf\":{\"@id\":\"https:\/\/swiss-peak.com\/fr\/#website\"},\"primaryImageOfPage\":{\"@id\":\"https:\/\/swiss-peak.com\/fr\/produit\/set-cadeau-daffaires-rcs-swiss-peak-noir\/#primaryimage\"},\"image\":{\"@id\":\"https:\/\/swiss-peak.com\/fr\/produit\/set-cadeau-daffaires-rcs-swiss-peak-noir\/#primaryimage\"},\"thumbnailUrl\":\"https:\/\/swiss-peak.com\/wp-content\/uploads\/sites\/9\/2026\/01\/P774.6601__S_0__af28c7384831426f9fc6999a714bc7ef.jpg\",\"datePublished\":\"2026-01-01T01:22:11+00:00\",\"dateModified\":\"2026-03-12T01:29:10+00:00\",\"breadcrumb\":{\"@id\":\"https:\/\/swiss-peak.com\/fr\/produit\/set-cadeau-daffaires-rcs-swiss-peak-noir\/#breadcrumb\"},\"inLanguage\":\"fr-FR\",\"potentialAction\":[{\"@type\":\"ReadAction\",\"target\":[\"https:\/\/swiss-peak.com\/fr\/produit\/set-cadeau-daffaires-rcs-swiss-peak-noir\/\"]}]},{\"@type\":\"ImageObject\",\"inLanguage\":\"fr-FR\",\"@id\":\"https:\/\/swiss-peak.com\/fr\/produit\/set-cadeau-daffaires-rcs-swiss-peak-noir\/#primaryimage\",\"url\":\"https:\/\/swiss-peak.com\/wp-content\/uploads\/sites\/9\/2026\/01\/P774.6601__S_0__af28c7384831426f9fc6999a714bc7ef.jpg\",\"contentUrl\":\"https:\/\/swiss-peak.com\/wp-content\/uploads\/sites\/9\/2026\/01\/P774.6601__S_0__af28c7384831426f9fc6999a714bc7ef.jpg\",\"width\":1024,\"height\":1024},{\"@type\":\"BreadcrumbList\",\"@id\":\"https:\/\/swiss-peak.com\/fr\/produit\/set-cadeau-daffaires-rcs-swiss-peak-noir\/#breadcrumb\",\"itemListElement\":[{\"@type\":\"ListItem\",\"position\":1,\"name\":\"Home\",\"item\":\"https:\/\/swiss-peak.com\/fr\/\"},{\"@type\":\"ListItem\",\"position\":2,\"name\":\"Collection\",\"item\":\"https:\/\/swiss-peak.com\/fr\/collection\/\"},{\"@type\":\"ListItem\",\"position\":3,\"name\":\"Set cadeau d&#8217;affaires RCS Swiss Peak, noir\"}]},{\"@type\":\"WebSite\",\"@id\":\"https:\/\/swiss-peak.com\/fr\/#website\",\"url\":\"https:\/\/swiss-peak.com\/fr\/\",\"name\":\"Swiss Peak\",\"description\":\"Where will today take you?\",\"potentialAction\":[{\"@type\":\"SearchAction\",\"target\":{\"@type\":\"EntryPoint\",\"urlTemplate\":\"https:\/\/swiss-peak.com\/fr\/?s={search_term_string}\"},\"query-input\":{\"@type\":\"PropertyValueSpecification\",\"valueRequired\":true,\"valueName\":\"search_term_string\"}}],\"inLanguage\":\"fr-FR\"}]}<\/script>\n<!-- \/ Yoast SEO plugin. -->","yoast_head_json":{"title":"Set cadeau d'affaires RCS Swiss Peak, noir - Swiss Peak","robots":{"index":"index","follow":"follow","max-snippet":"max-snippet:-1","max-image-preview":"max-image-preview:large","max-video-preview":"max-video-preview:-1"},"canonical":"https:\/\/swiss-peak.com\/fr\/produit\/set-cadeau-daffaires-rcs-swiss-peak-noir\/","og_locale":"fr_FR","og_type":"article","og_title":"Set cadeau d'affaires RCS Swiss Peak, noir - Swiss Peak","og_description":"Ce luxueux coffret cadeau comprend tout ce dont vous avez besoin au quotidien. Un porte-cl\u00e9s Swiss Peak de haute qualit\u00e9, dot\u00e9 d&rsquo;une finition m\u00e9tallique brillante et d&rsquo;une magnifique lani\u00e8re en cuir PU. Vous avez besoin de noter vos pens\u00e9es ou vos id\u00e9es ? Ce set comprend \u00e9galement un \u00e9l\u00e9gant stylo \u00e0 bille professionnel d&rsquo;une capacit\u00e9 [&hellip;]","og_url":"https:\/\/swiss-peak.com\/fr\/produit\/set-cadeau-daffaires-rcs-swiss-peak-noir\/","og_site_name":"Swiss Peak","article_modified_time":"2026-03-12T01:29:10+00:00","og_image":[{"width":1024,"height":1024,"url":"https:\/\/swiss-peak.com\/wp-content\/uploads\/sites\/9\/2026\/01\/P774.6601__S_0__af28c7384831426f9fc6999a714bc7ef.jpg","type":"image\/jpeg"}],"twitter_card":"summary_large_image","twitter_misc":{"Dur\u00e9e de lecture estim\u00e9e":"1 minute"},"schema":{"@context":"https:\/\/schema.org","@graph":[{"@type":"WebPage","@id":"https:\/\/swiss-peak.com\/fr\/produit\/set-cadeau-daffaires-rcs-swiss-peak-noir\/","url":"https:\/\/swiss-peak.com\/fr\/produit\/set-cadeau-daffaires-rcs-swiss-peak-noir\/","name":"Set cadeau d'affaires RCS Swiss Peak, noir - Swiss Peak","isPartOf":{"@id":"https:\/\/swiss-peak.com\/fr\/#website"},"primaryImageOfPage":{"@id":"https:\/\/swiss-peak.com\/fr\/produit\/set-cadeau-daffaires-rcs-swiss-peak-noir\/#primaryimage"},"image":{"@id":"https:\/\/swiss-peak.com\/fr\/produit\/set-cadeau-daffaires-rcs-swiss-peak-noir\/#primaryimage"},"thumbnailUrl":"https:\/\/swiss-peak.com\/wp-content\/uploads\/sites\/9\/2026\/01\/P774.6601__S_0__af28c7384831426f9fc6999a714bc7ef.jpg","datePublished":"2026-01-01T01:22:11+00:00","dateModified":"2026-03-12T01:29:10+00:00","breadcrumb":{"@id":"https:\/\/swiss-peak.com\/fr\/produit\/set-cadeau-daffaires-rcs-swiss-peak-noir\/#breadcrumb"},"inLanguage":"fr-FR","potentialAction":[{"@type":"ReadAction","target":["https:\/\/swiss-peak.com\/fr\/produit\/set-cadeau-daffaires-rcs-swiss-peak-noir\/"]}]},{"@type":"ImageObject","inLanguage":"fr-FR","@id":"https:\/\/swiss-peak.com\/fr\/produit\/set-cadeau-daffaires-rcs-swiss-peak-noir\/#primaryimage","url":"https:\/\/swiss-peak.com\/wp-content\/uploads\/sites\/9\/2026\/01\/P774.6601__S_0__af28c7384831426f9fc6999a714bc7ef.jpg","contentUrl":"https:\/\/swiss-peak.com\/wp-content\/uploads\/sites\/9\/2026\/01\/P774.6601__S_0__af28c7384831426f9fc6999a714bc7ef.jpg","width":1024,"height":1024},{"@type":"BreadcrumbList","@id":"https:\/\/swiss-peak.com\/fr\/produit\/set-cadeau-daffaires-rcs-swiss-peak-noir\/#breadcrumb","itemListElement":[{"@type":"ListItem","position":1,"name":"Home","item":"https:\/\/swiss-peak.com\/fr\/"},{"@type":"ListItem","position":2,"name":"Collection","item":"https:\/\/swiss-peak.com\/fr\/collection\/"},{"@type":"ListItem","position":3,"name":"Set cadeau d&#8217;affaires RCS Swiss Peak, noir"}]},{"@type":"WebSite","@id":"https:\/\/swiss-peak.com\/fr\/#website","url":"https:\/\/swiss-peak.com\/fr\/","name":"Swiss Peak","description":"Where will today take you?","potentialAction":[{"@type":"SearchAction","target":{"@type":"EntryPoint","urlTemplate":"https:\/\/swiss-peak.com\/fr\/?s={search_term_string}"},"query-input":{"@type":"PropertyValueSpecification","valueRequired":true,"valueName":"search_term_string"}}],"inLanguage":"fr-FR"}]}},"_links":{"self":[{"href":"https:\/\/swiss-peak.com\/fr\/wp-json\/wp\/v2\/product\/46046","targetHints":{"allow":["GET"]}}],"collection":[{"href":"https:\/\/swiss-peak.com\/fr\/wp-json\/wp\/v2\/product"}],"about":[{"href":"https:\/\/swiss-peak.com\/fr\/wp-json\/wp\/v2\/types\/product"}],"wp:featuredmedia":[{"embeddable":true,"href":"https:\/\/swiss-peak.com\/fr\/wp-json\/wp\/v2\/media\/45805"}],"wp:attachment":[{"href":"https:\/\/swiss-peak.com\/fr\/wp-json\/wp\/v2\/media?parent=46046"}],"wp:term":[{"taxonomy":"product_cat","embeddable":true,"href":"https:\/\/swiss-peak.com\/fr\/wp-json\/wp\/v2\/product_cat?post=46046"},{"taxonomy":"product_tag","embeddable":true,"href":"https:\/\/swiss-peak.com\/fr\/wp-json\/wp\/v2\/product_tag?post=46046"}],"curies":[{"name":"wp","href":"https:\/\/api.w.org\/{rel}","templated":true}]}}