{"id":45707,"date":"2025-08-01T02:02:42","date_gmt":"2025-08-01T00:22:36","guid":{"rendered":"https:\/\/swiss-peak.com\/parapluie-25-en-rpet-aware-swiss-peak-vero-noir\/"},"modified":"2026-03-12T03:31:11","modified_gmt":"2026-03-12T01:31:11","slug":"parapluie-25-en-rpet-aware-swiss-peak-vero-noir","status":"publish","type":"product","link":"https:\/\/swiss-peak.com\/fr\/produit\/parapluie-25-en-rpet-aware-swiss-peak-vero-noir\/","title":{"rendered":"Parapluie 25\u00a0\u00bb en rPET Aware\u2122 Swiss Peak Vero, noir"},"content":{"rendered":"<p>Parapluie 25&Prime; Swiss Peak Vero en rPET  AWARE\u2122 \u00e0 ouverture automatique est un accessoire haut de gamme, con\u00e7u pour \u00eatre durable et performant. Fabriqu\u00e9 en 100% rPET 190T avec le traceur AWARE\u2122, il garantit l&rsquo;utilisation authentique de mat\u00e9riaux recycl\u00e9s. La fonction d&rsquo;ouverture automatique\/de fermeture manuelle est pratique, tandis que le cadre en fibre de verre et l&rsquo;arbre en acier assurent la solidit\u00e9 et la r\u00e9sistance au vent. Dot\u00e9 de 8 baleines robustes et de 8 panneaux, ce parapluie offre une couverture optimale. La poign\u00e9e luxueuse en polyester recycl\u00e9 PU assure une prise en main confortable. Comprend une \u00e9tiquette Swiss Peak avec un code QR pour le passeport num\u00e9rique du produit.<\/p>\n","protected":false},"excerpt":{"rendered":"<p>Parapluie 25&Prime; Swiss Peak Vero en rPET AWARE\u2122 \u00e0 ouverture automatique est un accessoire haut de gamme, con\u00e7u pour \u00eatre durable et performant. Fabriqu\u00e9 en 100% rPET 190T avec le traceur AWARE\u2122, il garantit l&rsquo;utilisation authentique de mat\u00e9riaux recycl\u00e9s. La fonction d&rsquo;ouverture automatique\/de fermeture manuelle est pratique, tandis que le cadre en fibre de verre [&hellip;]<\/p>\n","protected":false},"featured_media":45747,"template":"","meta":{"_acf_changed":false},"product_cat":[307,324],"product_tag":[],"class_list":["post-45707","product","type-product","status-publish","has-post-thumbnail","hentry","product_cat-loisirs-sports","product_cat-parapluies","pa_color-black-fr"],"acf":[],"yoast_head":"<!-- This site is optimized with the Yoast SEO plugin v27.0 - https:\/\/yoast.com\/product\/yoast-seo-wordpress\/ -->\n<title>Parapluie 25&#039;&#039; en rPET Aware\u2122 Swiss Peak Vero, noir - Swiss Peak<\/title>\n<meta name=\"robots\" content=\"index, follow, max-snippet:-1, max-image-preview:large, max-video-preview:-1\" \/>\n<link rel=\"canonical\" href=\"https:\/\/swiss-peak.com\/fr\/produit\/parapluie-25-en-rpet-aware-swiss-peak-vero-noir\/\" \/>\n<meta property=\"og:locale\" content=\"fr_FR\" \/>\n<meta property=\"og:type\" content=\"article\" \/>\n<meta property=\"og:title\" content=\"Parapluie 25&#039;&#039; en rPET Aware\u2122 Swiss Peak Vero, noir - Swiss Peak\" \/>\n<meta property=\"og:description\" content=\"Parapluie 25&Prime; Swiss Peak Vero en rPET AWARE\u2122 \u00e0 ouverture automatique est un accessoire haut de gamme, con\u00e7u pour \u00eatre durable et performant. Fabriqu\u00e9 en 100% rPET 190T avec le traceur AWARE\u2122, il garantit l&rsquo;utilisation authentique de mat\u00e9riaux recycl\u00e9s. La fonction d&rsquo;ouverture automatique\/de fermeture manuelle est pratique, tandis que le cadre en fibre de verre [&hellip;]\" \/>\n<meta property=\"og:url\" content=\"https:\/\/swiss-peak.com\/fr\/produit\/parapluie-25-en-rpet-aware-swiss-peak-vero-noir\/\" \/>\n<meta property=\"og:site_name\" content=\"Swiss Peak\" \/>\n<meta property=\"article:modified_time\" content=\"2026-03-12T01:31:11+00:00\" \/>\n<meta property=\"og:image\" content=\"https:\/\/swiss-peak.com\/wp-content\/uploads\/sites\/9\/2025\/10\/P850.7501__S_0__bf9f88df7a61434b800442e878f800cb.jpg\" \/>\n\t<meta property=\"og:image:width\" content=\"1024\" \/>\n\t<meta property=\"og:image:height\" content=\"1024\" \/>\n\t<meta property=\"og:image:type\" content=\"image\/jpeg\" \/>\n<meta name=\"twitter:card\" content=\"summary_large_image\" \/>\n<meta name=\"twitter:label1\" content=\"Dur\u00e9e de lecture estim\u00e9e\" \/>\n\t<meta name=\"twitter:data1\" content=\"1 minute\" \/>\n<script type=\"application\/ld+json\" class=\"yoast-schema-graph\">{\"@context\":\"https:\/\/schema.org\",\"@graph\":[{\"@type\":\"WebPage\",\"@id\":\"https:\/\/swiss-peak.com\/fr\/produit\/parapluie-25-en-rpet-aware-swiss-peak-vero-noir\/\",\"url\":\"https:\/\/swiss-peak.com\/fr\/produit\/parapluie-25-en-rpet-aware-swiss-peak-vero-noir\/\",\"name\":\"Parapluie 25'' en rPET Aware\u2122 Swiss Peak Vero, noir - Swiss Peak\",\"isPartOf\":{\"@id\":\"https:\/\/swiss-peak.com\/fr\/#website\"},\"primaryImageOfPage\":{\"@id\":\"https:\/\/swiss-peak.com\/fr\/produit\/parapluie-25-en-rpet-aware-swiss-peak-vero-noir\/#primaryimage\"},\"image\":{\"@id\":\"https:\/\/swiss-peak.com\/fr\/produit\/parapluie-25-en-rpet-aware-swiss-peak-vero-noir\/#primaryimage\"},\"thumbnailUrl\":\"https:\/\/swiss-peak.com\/wp-content\/uploads\/sites\/9\/2025\/10\/P850.7501__S_0__bf9f88df7a61434b800442e878f800cb.jpg\",\"datePublished\":\"2025-08-01T00:22:36+00:00\",\"dateModified\":\"2026-03-12T01:31:11+00:00\",\"breadcrumb\":{\"@id\":\"https:\/\/swiss-peak.com\/fr\/produit\/parapluie-25-en-rpet-aware-swiss-peak-vero-noir\/#breadcrumb\"},\"inLanguage\":\"fr-FR\",\"potentialAction\":[{\"@type\":\"ReadAction\",\"target\":[\"https:\/\/swiss-peak.com\/fr\/produit\/parapluie-25-en-rpet-aware-swiss-peak-vero-noir\/\"]}]},{\"@type\":\"ImageObject\",\"inLanguage\":\"fr-FR\",\"@id\":\"https:\/\/swiss-peak.com\/fr\/produit\/parapluie-25-en-rpet-aware-swiss-peak-vero-noir\/#primaryimage\",\"url\":\"https:\/\/swiss-peak.com\/wp-content\/uploads\/sites\/9\/2025\/10\/P850.7501__S_0__bf9f88df7a61434b800442e878f800cb.jpg\",\"contentUrl\":\"https:\/\/swiss-peak.com\/wp-content\/uploads\/sites\/9\/2025\/10\/P850.7501__S_0__bf9f88df7a61434b800442e878f800cb.jpg\",\"width\":1024,\"height\":1024},{\"@type\":\"BreadcrumbList\",\"@id\":\"https:\/\/swiss-peak.com\/fr\/produit\/parapluie-25-en-rpet-aware-swiss-peak-vero-noir\/#breadcrumb\",\"itemListElement\":[{\"@type\":\"ListItem\",\"position\":1,\"name\":\"Home\",\"item\":\"https:\/\/swiss-peak.com\/fr\/\"},{\"@type\":\"ListItem\",\"position\":2,\"name\":\"Collection\",\"item\":\"https:\/\/swiss-peak.com\/fr\/collection\/\"},{\"@type\":\"ListItem\",\"position\":3,\"name\":\"Parapluie 25&#8221; en rPET Aware\u2122 Swiss Peak Vero, noir\"}]},{\"@type\":\"WebSite\",\"@id\":\"https:\/\/swiss-peak.com\/fr\/#website\",\"url\":\"https:\/\/swiss-peak.com\/fr\/\",\"name\":\"Swiss Peak\",\"description\":\"Where will today take you?\",\"potentialAction\":[{\"@type\":\"SearchAction\",\"target\":{\"@type\":\"EntryPoint\",\"urlTemplate\":\"https:\/\/swiss-peak.com\/fr\/?s={search_term_string}\"},\"query-input\":{\"@type\":\"PropertyValueSpecification\",\"valueRequired\":true,\"valueName\":\"search_term_string\"}}],\"inLanguage\":\"fr-FR\"}]}<\/script>\n<!-- \/ Yoast SEO plugin. -->","yoast_head_json":{"title":"Parapluie 25'' en rPET Aware\u2122 Swiss Peak Vero, noir - Swiss Peak","robots":{"index":"index","follow":"follow","max-snippet":"max-snippet:-1","max-image-preview":"max-image-preview:large","max-video-preview":"max-video-preview:-1"},"canonical":"https:\/\/swiss-peak.com\/fr\/produit\/parapluie-25-en-rpet-aware-swiss-peak-vero-noir\/","og_locale":"fr_FR","og_type":"article","og_title":"Parapluie 25'' en rPET Aware\u2122 Swiss Peak Vero, noir - Swiss Peak","og_description":"Parapluie 25&Prime; Swiss Peak Vero en rPET AWARE\u2122 \u00e0 ouverture automatique est un accessoire haut de gamme, con\u00e7u pour \u00eatre durable et performant. Fabriqu\u00e9 en 100% rPET 190T avec le traceur AWARE\u2122, il garantit l&rsquo;utilisation authentique de mat\u00e9riaux recycl\u00e9s. La fonction d&rsquo;ouverture automatique\/de fermeture manuelle est pratique, tandis que le cadre en fibre de verre [&hellip;]","og_url":"https:\/\/swiss-peak.com\/fr\/produit\/parapluie-25-en-rpet-aware-swiss-peak-vero-noir\/","og_site_name":"Swiss Peak","article_modified_time":"2026-03-12T01:31:11+00:00","og_image":[{"width":1024,"height":1024,"url":"https:\/\/swiss-peak.com\/wp-content\/uploads\/sites\/9\/2025\/10\/P850.7501__S_0__bf9f88df7a61434b800442e878f800cb.jpg","type":"image\/jpeg"}],"twitter_card":"summary_large_image","twitter_misc":{"Dur\u00e9e de lecture estim\u00e9e":"1 minute"},"schema":{"@context":"https:\/\/schema.org","@graph":[{"@type":"WebPage","@id":"https:\/\/swiss-peak.com\/fr\/produit\/parapluie-25-en-rpet-aware-swiss-peak-vero-noir\/","url":"https:\/\/swiss-peak.com\/fr\/produit\/parapluie-25-en-rpet-aware-swiss-peak-vero-noir\/","name":"Parapluie 25'' en rPET Aware\u2122 Swiss Peak Vero, noir - Swiss Peak","isPartOf":{"@id":"https:\/\/swiss-peak.com\/fr\/#website"},"primaryImageOfPage":{"@id":"https:\/\/swiss-peak.com\/fr\/produit\/parapluie-25-en-rpet-aware-swiss-peak-vero-noir\/#primaryimage"},"image":{"@id":"https:\/\/swiss-peak.com\/fr\/produit\/parapluie-25-en-rpet-aware-swiss-peak-vero-noir\/#primaryimage"},"thumbnailUrl":"https:\/\/swiss-peak.com\/wp-content\/uploads\/sites\/9\/2025\/10\/P850.7501__S_0__bf9f88df7a61434b800442e878f800cb.jpg","datePublished":"2025-08-01T00:22:36+00:00","dateModified":"2026-03-12T01:31:11+00:00","breadcrumb":{"@id":"https:\/\/swiss-peak.com\/fr\/produit\/parapluie-25-en-rpet-aware-swiss-peak-vero-noir\/#breadcrumb"},"inLanguage":"fr-FR","potentialAction":[{"@type":"ReadAction","target":["https:\/\/swiss-peak.com\/fr\/produit\/parapluie-25-en-rpet-aware-swiss-peak-vero-noir\/"]}]},{"@type":"ImageObject","inLanguage":"fr-FR","@id":"https:\/\/swiss-peak.com\/fr\/produit\/parapluie-25-en-rpet-aware-swiss-peak-vero-noir\/#primaryimage","url":"https:\/\/swiss-peak.com\/wp-content\/uploads\/sites\/9\/2025\/10\/P850.7501__S_0__bf9f88df7a61434b800442e878f800cb.jpg","contentUrl":"https:\/\/swiss-peak.com\/wp-content\/uploads\/sites\/9\/2025\/10\/P850.7501__S_0__bf9f88df7a61434b800442e878f800cb.jpg","width":1024,"height":1024},{"@type":"BreadcrumbList","@id":"https:\/\/swiss-peak.com\/fr\/produit\/parapluie-25-en-rpet-aware-swiss-peak-vero-noir\/#breadcrumb","itemListElement":[{"@type":"ListItem","position":1,"name":"Home","item":"https:\/\/swiss-peak.com\/fr\/"},{"@type":"ListItem","position":2,"name":"Collection","item":"https:\/\/swiss-peak.com\/fr\/collection\/"},{"@type":"ListItem","position":3,"name":"Parapluie 25&#8221; en rPET Aware\u2122 Swiss Peak Vero, noir"}]},{"@type":"WebSite","@id":"https:\/\/swiss-peak.com\/fr\/#website","url":"https:\/\/swiss-peak.com\/fr\/","name":"Swiss Peak","description":"Where will today take you?","potentialAction":[{"@type":"SearchAction","target":{"@type":"EntryPoint","urlTemplate":"https:\/\/swiss-peak.com\/fr\/?s={search_term_string}"},"query-input":{"@type":"PropertyValueSpecification","valueRequired":true,"valueName":"search_term_string"}}],"inLanguage":"fr-FR"}]}},"_links":{"self":[{"href":"https:\/\/swiss-peak.com\/fr\/wp-json\/wp\/v2\/product\/45707","targetHints":{"allow":["GET"]}}],"collection":[{"href":"https:\/\/swiss-peak.com\/fr\/wp-json\/wp\/v2\/product"}],"about":[{"href":"https:\/\/swiss-peak.com\/fr\/wp-json\/wp\/v2\/types\/product"}],"wp:featuredmedia":[{"embeddable":true,"href":"https:\/\/swiss-peak.com\/fr\/wp-json\/wp\/v2\/media\/45747"}],"wp:attachment":[{"href":"https:\/\/swiss-peak.com\/fr\/wp-json\/wp\/v2\/media?parent=45707"}],"wp:term":[{"taxonomy":"product_cat","embeddable":true,"href":"https:\/\/swiss-peak.com\/fr\/wp-json\/wp\/v2\/product_cat?post=45707"},{"taxonomy":"product_tag","embeddable":true,"href":"https:\/\/swiss-peak.com\/fr\/wp-json\/wp\/v2\/product_tag?post=45707"}],"curies":[{"name":"wp","href":"https:\/\/api.w.org\/{rel}","templated":true}]}}