{"id":45706,"date":"2025-08-01T02:00:21","date_gmt":"2025-08-01T00:22:08","guid":{"rendered":"https:\/\/swiss-peak.com\/enceinte-10w-en-aluminium-recycle-rcs-swiss-peak-gris\/"},"modified":"2026-03-12T03:22:47","modified_gmt":"2026-03-12T01:22:47","slug":"enceinte-10w-en-aluminium-recycle-rcs-swiss-peak-gris","status":"publish","type":"product","link":"https:\/\/swiss-peak.com\/fr\/produit\/enceinte-10w-en-aluminium-recycle-rcs-swiss-peak-gris\/","title":{"rendered":"Enceinte 10W en aluminium recycl\u00e9 RCS Swiss Peak, gris"},"content":{"rendered":"<p>Haut-parleur 10W Swiss Peak en aluminium recycl\u00e9 RCS. Il offre un son puissant et de haute qualit\u00e9 avec des basses profondes et r\u00e9sonnantes gr\u00e2ce \u00e0 son caisson de basses int\u00e9gr\u00e9 et ses deux haut-parleurs de 5 W. Il est \u00e9quip\u00e9 de la technologie BT 5.3 pour une connectivit\u00e9 fluide et un appairage automatique. Dot\u00e9e d&rsquo;une batterie Li-ion polym\u00e8re de 1200 mAh, l&rsquo;enceinte offre jusqu&rsquo;\u00e0 5 heures d&rsquo;autonomie \u00e0 50 % du volume et se recharge compl\u00e8tement en seulement 2,5 heures via le c\u00e2ble USB-C vers USB-C inclus. Elle dispose \u00e9galement d&rsquo;un port USB-C et d&rsquo;un port AUX. L&rsquo;enceinte est fabriqu\u00e9e \u00e0 partir d&rsquo;aluminium recycl\u00e9 certifi\u00e9 RCS. La norme RCS (Recycled Claim Standard) permet de v\u00e9rifier la teneur en mat\u00e9riaux recycl\u00e9s d&rsquo;un produit tout au long de la cha\u00eene d&rsquo;approvisionnement. Teneur totale en mat\u00e9riaux recycl\u00e9s : 40 % du poids total de l&rsquo;article. Cette enceinte est sans PVC et livr\u00e9e dans un coffret cadeau certifi\u00e9 FSC. Elle est \u00e9quip\u00e9e d&rsquo;une sangle de transport en rPET.<\/p>\n","protected":false},"excerpt":{"rendered":"<p>Haut-parleur 10W Swiss Peak en aluminium recycl\u00e9 RCS. Il offre un son puissant et de haute qualit\u00e9 avec des basses profondes et r\u00e9sonnantes gr\u00e2ce \u00e0 son caisson de basses int\u00e9gr\u00e9 et ses deux haut-parleurs de 5 W. Il est \u00e9quip\u00e9 de la technologie BT 5.3 pour une connectivit\u00e9 fluide et un appairage automatique. Dot\u00e9e d&rsquo;une [&hellip;]<\/p>\n","protected":false},"featured_media":45740,"template":"","meta":{"_acf_changed":false},"product_cat":[313,307],"product_tag":[],"class_list":["post-45706","product","type-product","status-publish","has-post-thumbnail","hentry","product_cat-audio-fr","product_cat-loisirs-sports","pa_color-grey-fr"],"acf":[],"yoast_head":"<!-- This site is optimized with the Yoast SEO plugin v27.0 - https:\/\/yoast.com\/product\/yoast-seo-wordpress\/ -->\n<title>Enceinte 10W en aluminium recycl\u00e9 RCS Swiss Peak, gris - Swiss Peak<\/title>\n<meta name=\"robots\" content=\"index, follow, max-snippet:-1, max-image-preview:large, max-video-preview:-1\" \/>\n<link rel=\"canonical\" href=\"https:\/\/swiss-peak.com\/fr\/produit\/enceinte-10w-en-aluminium-recycle-rcs-swiss-peak-gris\/\" \/>\n<meta property=\"og:locale\" content=\"fr_FR\" \/>\n<meta property=\"og:type\" content=\"article\" \/>\n<meta property=\"og:title\" content=\"Enceinte 10W en aluminium recycl\u00e9 RCS Swiss Peak, gris - Swiss Peak\" \/>\n<meta property=\"og:description\" content=\"Haut-parleur 10W Swiss Peak en aluminium recycl\u00e9 RCS. Il offre un son puissant et de haute qualit\u00e9 avec des basses profondes et r\u00e9sonnantes gr\u00e2ce \u00e0 son caisson de basses int\u00e9gr\u00e9 et ses deux haut-parleurs de 5 W. Il est \u00e9quip\u00e9 de la technologie BT 5.3 pour une connectivit\u00e9 fluide et un appairage automatique. Dot\u00e9e d&rsquo;une [&hellip;]\" \/>\n<meta property=\"og:url\" content=\"https:\/\/swiss-peak.com\/fr\/produit\/enceinte-10w-en-aluminium-recycle-rcs-swiss-peak-gris\/\" \/>\n<meta property=\"og:site_name\" content=\"Swiss Peak\" \/>\n<meta property=\"article:modified_time\" content=\"2026-03-12T01:22:47+00:00\" \/>\n<meta property=\"og:image\" content=\"https:\/\/swiss-peak.com\/wp-content\/uploads\/sites\/9\/2025\/10\/P331.0902__S_0__503c815dfef14cfbada4858420dec47a.jpg\" \/>\n\t<meta property=\"og:image:width\" content=\"1024\" \/>\n\t<meta property=\"og:image:height\" content=\"1024\" \/>\n\t<meta property=\"og:image:type\" content=\"image\/jpeg\" \/>\n<meta name=\"twitter:card\" content=\"summary_large_image\" \/>\n<meta name=\"twitter:label1\" content=\"Dur\u00e9e de lecture estim\u00e9e\" \/>\n\t<meta name=\"twitter:data1\" content=\"1 minute\" \/>\n<script type=\"application\/ld+json\" class=\"yoast-schema-graph\">{\"@context\":\"https:\/\/schema.org\",\"@graph\":[{\"@type\":\"WebPage\",\"@id\":\"https:\/\/swiss-peak.com\/fr\/produit\/enceinte-10w-en-aluminium-recycle-rcs-swiss-peak-gris\/\",\"url\":\"https:\/\/swiss-peak.com\/fr\/produit\/enceinte-10w-en-aluminium-recycle-rcs-swiss-peak-gris\/\",\"name\":\"Enceinte 10W en aluminium recycl\u00e9 RCS Swiss Peak, gris - Swiss Peak\",\"isPartOf\":{\"@id\":\"https:\/\/swiss-peak.com\/fr\/#website\"},\"primaryImageOfPage\":{\"@id\":\"https:\/\/swiss-peak.com\/fr\/produit\/enceinte-10w-en-aluminium-recycle-rcs-swiss-peak-gris\/#primaryimage\"},\"image\":{\"@id\":\"https:\/\/swiss-peak.com\/fr\/produit\/enceinte-10w-en-aluminium-recycle-rcs-swiss-peak-gris\/#primaryimage\"},\"thumbnailUrl\":\"https:\/\/swiss-peak.com\/wp-content\/uploads\/sites\/9\/2025\/10\/P331.0902__S_0__503c815dfef14cfbada4858420dec47a.jpg\",\"datePublished\":\"2025-08-01T00:22:08+00:00\",\"dateModified\":\"2026-03-12T01:22:47+00:00\",\"breadcrumb\":{\"@id\":\"https:\/\/swiss-peak.com\/fr\/produit\/enceinte-10w-en-aluminium-recycle-rcs-swiss-peak-gris\/#breadcrumb\"},\"inLanguage\":\"fr-FR\",\"potentialAction\":[{\"@type\":\"ReadAction\",\"target\":[\"https:\/\/swiss-peak.com\/fr\/produit\/enceinte-10w-en-aluminium-recycle-rcs-swiss-peak-gris\/\"]}]},{\"@type\":\"ImageObject\",\"inLanguage\":\"fr-FR\",\"@id\":\"https:\/\/swiss-peak.com\/fr\/produit\/enceinte-10w-en-aluminium-recycle-rcs-swiss-peak-gris\/#primaryimage\",\"url\":\"https:\/\/swiss-peak.com\/wp-content\/uploads\/sites\/9\/2025\/10\/P331.0902__S_0__503c815dfef14cfbada4858420dec47a.jpg\",\"contentUrl\":\"https:\/\/swiss-peak.com\/wp-content\/uploads\/sites\/9\/2025\/10\/P331.0902__S_0__503c815dfef14cfbada4858420dec47a.jpg\",\"width\":1024,\"height\":1024},{\"@type\":\"BreadcrumbList\",\"@id\":\"https:\/\/swiss-peak.com\/fr\/produit\/enceinte-10w-en-aluminium-recycle-rcs-swiss-peak-gris\/#breadcrumb\",\"itemListElement\":[{\"@type\":\"ListItem\",\"position\":1,\"name\":\"Home\",\"item\":\"https:\/\/swiss-peak.com\/fr\/\"},{\"@type\":\"ListItem\",\"position\":2,\"name\":\"Collection\",\"item\":\"https:\/\/swiss-peak.com\/fr\/collection\/\"},{\"@type\":\"ListItem\",\"position\":3,\"name\":\"Enceinte 10W en aluminium recycl\u00e9 RCS Swiss Peak, gris\"}]},{\"@type\":\"WebSite\",\"@id\":\"https:\/\/swiss-peak.com\/fr\/#website\",\"url\":\"https:\/\/swiss-peak.com\/fr\/\",\"name\":\"Swiss Peak\",\"description\":\"Where will today take you?\",\"potentialAction\":[{\"@type\":\"SearchAction\",\"target\":{\"@type\":\"EntryPoint\",\"urlTemplate\":\"https:\/\/swiss-peak.com\/fr\/?s={search_term_string}\"},\"query-input\":{\"@type\":\"PropertyValueSpecification\",\"valueRequired\":true,\"valueName\":\"search_term_string\"}}],\"inLanguage\":\"fr-FR\"}]}<\/script>\n<!-- \/ Yoast SEO plugin. -->","yoast_head_json":{"title":"Enceinte 10W en aluminium recycl\u00e9 RCS Swiss Peak, gris - Swiss Peak","robots":{"index":"index","follow":"follow","max-snippet":"max-snippet:-1","max-image-preview":"max-image-preview:large","max-video-preview":"max-video-preview:-1"},"canonical":"https:\/\/swiss-peak.com\/fr\/produit\/enceinte-10w-en-aluminium-recycle-rcs-swiss-peak-gris\/","og_locale":"fr_FR","og_type":"article","og_title":"Enceinte 10W en aluminium recycl\u00e9 RCS Swiss Peak, gris - Swiss Peak","og_description":"Haut-parleur 10W Swiss Peak en aluminium recycl\u00e9 RCS. Il offre un son puissant et de haute qualit\u00e9 avec des basses profondes et r\u00e9sonnantes gr\u00e2ce \u00e0 son caisson de basses int\u00e9gr\u00e9 et ses deux haut-parleurs de 5 W. Il est \u00e9quip\u00e9 de la technologie BT 5.3 pour une connectivit\u00e9 fluide et un appairage automatique. Dot\u00e9e d&rsquo;une [&hellip;]","og_url":"https:\/\/swiss-peak.com\/fr\/produit\/enceinte-10w-en-aluminium-recycle-rcs-swiss-peak-gris\/","og_site_name":"Swiss Peak","article_modified_time":"2026-03-12T01:22:47+00:00","og_image":[{"width":1024,"height":1024,"url":"https:\/\/swiss-peak.com\/wp-content\/uploads\/sites\/9\/2025\/10\/P331.0902__S_0__503c815dfef14cfbada4858420dec47a.jpg","type":"image\/jpeg"}],"twitter_card":"summary_large_image","twitter_misc":{"Dur\u00e9e de lecture estim\u00e9e":"1 minute"},"schema":{"@context":"https:\/\/schema.org","@graph":[{"@type":"WebPage","@id":"https:\/\/swiss-peak.com\/fr\/produit\/enceinte-10w-en-aluminium-recycle-rcs-swiss-peak-gris\/","url":"https:\/\/swiss-peak.com\/fr\/produit\/enceinte-10w-en-aluminium-recycle-rcs-swiss-peak-gris\/","name":"Enceinte 10W en aluminium recycl\u00e9 RCS Swiss Peak, gris - Swiss Peak","isPartOf":{"@id":"https:\/\/swiss-peak.com\/fr\/#website"},"primaryImageOfPage":{"@id":"https:\/\/swiss-peak.com\/fr\/produit\/enceinte-10w-en-aluminium-recycle-rcs-swiss-peak-gris\/#primaryimage"},"image":{"@id":"https:\/\/swiss-peak.com\/fr\/produit\/enceinte-10w-en-aluminium-recycle-rcs-swiss-peak-gris\/#primaryimage"},"thumbnailUrl":"https:\/\/swiss-peak.com\/wp-content\/uploads\/sites\/9\/2025\/10\/P331.0902__S_0__503c815dfef14cfbada4858420dec47a.jpg","datePublished":"2025-08-01T00:22:08+00:00","dateModified":"2026-03-12T01:22:47+00:00","breadcrumb":{"@id":"https:\/\/swiss-peak.com\/fr\/produit\/enceinte-10w-en-aluminium-recycle-rcs-swiss-peak-gris\/#breadcrumb"},"inLanguage":"fr-FR","potentialAction":[{"@type":"ReadAction","target":["https:\/\/swiss-peak.com\/fr\/produit\/enceinte-10w-en-aluminium-recycle-rcs-swiss-peak-gris\/"]}]},{"@type":"ImageObject","inLanguage":"fr-FR","@id":"https:\/\/swiss-peak.com\/fr\/produit\/enceinte-10w-en-aluminium-recycle-rcs-swiss-peak-gris\/#primaryimage","url":"https:\/\/swiss-peak.com\/wp-content\/uploads\/sites\/9\/2025\/10\/P331.0902__S_0__503c815dfef14cfbada4858420dec47a.jpg","contentUrl":"https:\/\/swiss-peak.com\/wp-content\/uploads\/sites\/9\/2025\/10\/P331.0902__S_0__503c815dfef14cfbada4858420dec47a.jpg","width":1024,"height":1024},{"@type":"BreadcrumbList","@id":"https:\/\/swiss-peak.com\/fr\/produit\/enceinte-10w-en-aluminium-recycle-rcs-swiss-peak-gris\/#breadcrumb","itemListElement":[{"@type":"ListItem","position":1,"name":"Home","item":"https:\/\/swiss-peak.com\/fr\/"},{"@type":"ListItem","position":2,"name":"Collection","item":"https:\/\/swiss-peak.com\/fr\/collection\/"},{"@type":"ListItem","position":3,"name":"Enceinte 10W en aluminium recycl\u00e9 RCS Swiss Peak, gris"}]},{"@type":"WebSite","@id":"https:\/\/swiss-peak.com\/fr\/#website","url":"https:\/\/swiss-peak.com\/fr\/","name":"Swiss Peak","description":"Where will today take you?","potentialAction":[{"@type":"SearchAction","target":{"@type":"EntryPoint","urlTemplate":"https:\/\/swiss-peak.com\/fr\/?s={search_term_string}"},"query-input":{"@type":"PropertyValueSpecification","valueRequired":true,"valueName":"search_term_string"}}],"inLanguage":"fr-FR"}]}},"_links":{"self":[{"href":"https:\/\/swiss-peak.com\/fr\/wp-json\/wp\/v2\/product\/45706","targetHints":{"allow":["GET"]}}],"collection":[{"href":"https:\/\/swiss-peak.com\/fr\/wp-json\/wp\/v2\/product"}],"about":[{"href":"https:\/\/swiss-peak.com\/fr\/wp-json\/wp\/v2\/types\/product"}],"wp:featuredmedia":[{"embeddable":true,"href":"https:\/\/swiss-peak.com\/fr\/wp-json\/wp\/v2\/media\/45740"}],"wp:attachment":[{"href":"https:\/\/swiss-peak.com\/fr\/wp-json\/wp\/v2\/media?parent=45706"}],"wp:term":[{"taxonomy":"product_cat","embeddable":true,"href":"https:\/\/swiss-peak.com\/fr\/wp-json\/wp\/v2\/product_cat?post=45706"},{"taxonomy":"product_tag","embeddable":true,"href":"https:\/\/swiss-peak.com\/fr\/wp-json\/wp\/v2\/product_tag?post=45706"}],"curies":[{"name":"wp","href":"https:\/\/api.w.org\/{rel}","templated":true}]}}