{"id":45604,"date":"2025-05-28T02:00:13","date_gmt":"2025-05-28T00:20:08","guid":{"rendered":"https:\/\/swiss-peak.com\/pochette-ordinateur-14-15-6-avec-chargeur-15w-swiss-peak-noir\/"},"modified":"2026-03-12T03:22:28","modified_gmt":"2026-03-12T01:22:28","slug":"pochette-ordinateur-14-15-6-avec-chargeur-15w-swiss-peak-noir","status":"publish","type":"product","link":"https:\/\/swiss-peak.com\/fr\/produit\/pochette-ordinateur-14-15-6-avec-chargeur-15w-swiss-peak-noir\/","title":{"rendered":"Pochette ordinateur 14-15.6&Prime; avec chargeur 15W Swiss Peak, noir"},"content":{"rendered":"<p>Pochette pour ordinateur portable Swiss Peak en Polyester RCS avec chargement sans fil 5W, con\u00e7ue pour les ordinateurs portables de 14 \u00e0 15,6 pouces, allie style, fonctionnalit\u00e9 et durabilit\u00e9. Utilisez-la pour transporter votre ordinateur partout o\u00f9 vous allez et, une fois arriv\u00e9 \u00e0 destination, transformez-la en poste de travail. Fabriqu\u00e9e en polyester recycl\u00e9 certifi\u00e9 RCS (Recycled Claim Standard), elle contient 6 % de mat\u00e9riaux recycl\u00e9s par rapport au poids total de l&rsquo;article. Cette pochette \u00e9l\u00e9gante est dot\u00e9e d&rsquo;une fermeture magn\u00e9tique et offre des capacit\u00e9s de charge magn\u00e9tique sans fil de 15 W pour que vos appareils restent aliment\u00e9s pendant vos d\u00e9placements. Elle offre un \u00e9quilibre parfait entre protection et portabilit\u00e9. La pochette est livr\u00e9e avec un c\u00e2ble RCS Type-C RTPE noir de 120 cm pour une connectivit\u00e9 pratique et n\u00e9cessite une entr\u00e9e minimale de 9V\/2A. Le produit est emball\u00e9 dans une bo\u00eete noire Swiss Peak sans plastique FSC. L&rsquo;article et les accessoires sont sans PVC.<\/p>\n","protected":false},"excerpt":{"rendered":"<p>Pochette pour ordinateur portable Swiss Peak en Polyester RCS avec chargement sans fil 5W, con\u00e7ue pour les ordinateurs portables de 14 \u00e0 15,6 pouces, allie style, fonctionnalit\u00e9 et durabilit\u00e9. Utilisez-la pour transporter votre ordinateur partout o\u00f9 vous allez et, une fois arriv\u00e9 \u00e0 destination, transformez-la en poste de travail. Fabriqu\u00e9e en polyester recycl\u00e9 certifi\u00e9 RCS [&hellip;]<\/p>\n","protected":false},"featured_media":45514,"template":"","meta":{"_acf_changed":false},"product_cat":[297],"product_tag":[],"class_list":["post-45604","product","type-product","status-publish","has-post-thumbnail","hentry","product_cat-bureau-ecriture","pa_color-black-fr"],"acf":[],"yoast_head":"<!-- This site is optimized with the Yoast SEO plugin v27.0 - https:\/\/yoast.com\/product\/yoast-seo-wordpress\/ -->\n<title>Pochette ordinateur 14-15.6&quot; avec chargeur 15W Swiss Peak, noir - Swiss Peak<\/title>\n<meta name=\"robots\" content=\"index, follow, max-snippet:-1, max-image-preview:large, max-video-preview:-1\" \/>\n<link rel=\"canonical\" href=\"https:\/\/swiss-peak.com\/fr\/produit\/pochette-ordinateur-14-15-6-avec-chargeur-15w-swiss-peak-noir\/\" \/>\n<meta property=\"og:locale\" content=\"fr_FR\" \/>\n<meta property=\"og:type\" content=\"article\" \/>\n<meta property=\"og:title\" content=\"Pochette ordinateur 14-15.6&quot; avec chargeur 15W Swiss Peak, noir - Swiss Peak\" \/>\n<meta property=\"og:description\" content=\"Pochette pour ordinateur portable Swiss Peak en Polyester RCS avec chargement sans fil 5W, con\u00e7ue pour les ordinateurs portables de 14 \u00e0 15,6 pouces, allie style, fonctionnalit\u00e9 et durabilit\u00e9. Utilisez-la pour transporter votre ordinateur partout o\u00f9 vous allez et, une fois arriv\u00e9 \u00e0 destination, transformez-la en poste de travail. Fabriqu\u00e9e en polyester recycl\u00e9 certifi\u00e9 RCS [&hellip;]\" \/>\n<meta property=\"og:url\" content=\"https:\/\/swiss-peak.com\/fr\/produit\/pochette-ordinateur-14-15-6-avec-chargeur-15w-swiss-peak-noir\/\" \/>\n<meta property=\"og:site_name\" content=\"Swiss Peak\" \/>\n<meta property=\"article:modified_time\" content=\"2026-03-12T01:22:28+00:00\" \/>\n<meta property=\"og:image\" content=\"https:\/\/swiss-peak.com\/wp-content\/uploads\/sites\/9\/2025\/05\/P309.0701__S_0__e74b4796074f43d2b7c5bcbcd26c829a.jpg\" \/>\n\t<meta property=\"og:image:width\" content=\"1024\" \/>\n\t<meta property=\"og:image:height\" content=\"1024\" \/>\n\t<meta property=\"og:image:type\" content=\"image\/jpeg\" \/>\n<meta name=\"twitter:card\" content=\"summary_large_image\" \/>\n<meta name=\"twitter:label1\" content=\"Dur\u00e9e de lecture estim\u00e9e\" \/>\n\t<meta name=\"twitter:data1\" content=\"1 minute\" \/>\n<script type=\"application\/ld+json\" class=\"yoast-schema-graph\">{\"@context\":\"https:\/\/schema.org\",\"@graph\":[{\"@type\":\"WebPage\",\"@id\":\"https:\/\/swiss-peak.com\/fr\/produit\/pochette-ordinateur-14-15-6-avec-chargeur-15w-swiss-peak-noir\/\",\"url\":\"https:\/\/swiss-peak.com\/fr\/produit\/pochette-ordinateur-14-15-6-avec-chargeur-15w-swiss-peak-noir\/\",\"name\":\"Pochette ordinateur 14-15.6\\\" avec chargeur 15W Swiss Peak, noir - Swiss Peak\",\"isPartOf\":{\"@id\":\"https:\/\/swiss-peak.com\/fr\/#website\"},\"primaryImageOfPage\":{\"@id\":\"https:\/\/swiss-peak.com\/fr\/produit\/pochette-ordinateur-14-15-6-avec-chargeur-15w-swiss-peak-noir\/#primaryimage\"},\"image\":{\"@id\":\"https:\/\/swiss-peak.com\/fr\/produit\/pochette-ordinateur-14-15-6-avec-chargeur-15w-swiss-peak-noir\/#primaryimage\"},\"thumbnailUrl\":\"https:\/\/swiss-peak.com\/wp-content\/uploads\/sites\/9\/2025\/05\/P309.0701__S_0__e74b4796074f43d2b7c5bcbcd26c829a.jpg\",\"datePublished\":\"2025-05-28T00:20:08+00:00\",\"dateModified\":\"2026-03-12T01:22:28+00:00\",\"breadcrumb\":{\"@id\":\"https:\/\/swiss-peak.com\/fr\/produit\/pochette-ordinateur-14-15-6-avec-chargeur-15w-swiss-peak-noir\/#breadcrumb\"},\"inLanguage\":\"fr-FR\",\"potentialAction\":[{\"@type\":\"ReadAction\",\"target\":[\"https:\/\/swiss-peak.com\/fr\/produit\/pochette-ordinateur-14-15-6-avec-chargeur-15w-swiss-peak-noir\/\"]}]},{\"@type\":\"ImageObject\",\"inLanguage\":\"fr-FR\",\"@id\":\"https:\/\/swiss-peak.com\/fr\/produit\/pochette-ordinateur-14-15-6-avec-chargeur-15w-swiss-peak-noir\/#primaryimage\",\"url\":\"https:\/\/swiss-peak.com\/wp-content\/uploads\/sites\/9\/2025\/05\/P309.0701__S_0__e74b4796074f43d2b7c5bcbcd26c829a.jpg\",\"contentUrl\":\"https:\/\/swiss-peak.com\/wp-content\/uploads\/sites\/9\/2025\/05\/P309.0701__S_0__e74b4796074f43d2b7c5bcbcd26c829a.jpg\",\"width\":1024,\"height\":1024},{\"@type\":\"BreadcrumbList\",\"@id\":\"https:\/\/swiss-peak.com\/fr\/produit\/pochette-ordinateur-14-15-6-avec-chargeur-15w-swiss-peak-noir\/#breadcrumb\",\"itemListElement\":[{\"@type\":\"ListItem\",\"position\":1,\"name\":\"Home\",\"item\":\"https:\/\/swiss-peak.com\/fr\/\"},{\"@type\":\"ListItem\",\"position\":2,\"name\":\"Collection\",\"item\":\"https:\/\/swiss-peak.com\/fr\/collection\/\"},{\"@type\":\"ListItem\",\"position\":3,\"name\":\"Pochette ordinateur 14-15.6&#8243; avec chargeur 15W Swiss Peak, noir\"}]},{\"@type\":\"WebSite\",\"@id\":\"https:\/\/swiss-peak.com\/fr\/#website\",\"url\":\"https:\/\/swiss-peak.com\/fr\/\",\"name\":\"Swiss Peak\",\"description\":\"Where will today take you?\",\"potentialAction\":[{\"@type\":\"SearchAction\",\"target\":{\"@type\":\"EntryPoint\",\"urlTemplate\":\"https:\/\/swiss-peak.com\/fr\/?s={search_term_string}\"},\"query-input\":{\"@type\":\"PropertyValueSpecification\",\"valueRequired\":true,\"valueName\":\"search_term_string\"}}],\"inLanguage\":\"fr-FR\"}]}<\/script>\n<!-- \/ Yoast SEO plugin. -->","yoast_head_json":{"title":"Pochette ordinateur 14-15.6\" avec chargeur 15W Swiss Peak, noir - Swiss Peak","robots":{"index":"index","follow":"follow","max-snippet":"max-snippet:-1","max-image-preview":"max-image-preview:large","max-video-preview":"max-video-preview:-1"},"canonical":"https:\/\/swiss-peak.com\/fr\/produit\/pochette-ordinateur-14-15-6-avec-chargeur-15w-swiss-peak-noir\/","og_locale":"fr_FR","og_type":"article","og_title":"Pochette ordinateur 14-15.6\" avec chargeur 15W Swiss Peak, noir - Swiss Peak","og_description":"Pochette pour ordinateur portable Swiss Peak en Polyester RCS avec chargement sans fil 5W, con\u00e7ue pour les ordinateurs portables de 14 \u00e0 15,6 pouces, allie style, fonctionnalit\u00e9 et durabilit\u00e9. Utilisez-la pour transporter votre ordinateur partout o\u00f9 vous allez et, une fois arriv\u00e9 \u00e0 destination, transformez-la en poste de travail. Fabriqu\u00e9e en polyester recycl\u00e9 certifi\u00e9 RCS [&hellip;]","og_url":"https:\/\/swiss-peak.com\/fr\/produit\/pochette-ordinateur-14-15-6-avec-chargeur-15w-swiss-peak-noir\/","og_site_name":"Swiss Peak","article_modified_time":"2026-03-12T01:22:28+00:00","og_image":[{"width":1024,"height":1024,"url":"https:\/\/swiss-peak.com\/wp-content\/uploads\/sites\/9\/2025\/05\/P309.0701__S_0__e74b4796074f43d2b7c5bcbcd26c829a.jpg","type":"image\/jpeg"}],"twitter_card":"summary_large_image","twitter_misc":{"Dur\u00e9e de lecture estim\u00e9e":"1 minute"},"schema":{"@context":"https:\/\/schema.org","@graph":[{"@type":"WebPage","@id":"https:\/\/swiss-peak.com\/fr\/produit\/pochette-ordinateur-14-15-6-avec-chargeur-15w-swiss-peak-noir\/","url":"https:\/\/swiss-peak.com\/fr\/produit\/pochette-ordinateur-14-15-6-avec-chargeur-15w-swiss-peak-noir\/","name":"Pochette ordinateur 14-15.6\" avec chargeur 15W Swiss Peak, noir - Swiss Peak","isPartOf":{"@id":"https:\/\/swiss-peak.com\/fr\/#website"},"primaryImageOfPage":{"@id":"https:\/\/swiss-peak.com\/fr\/produit\/pochette-ordinateur-14-15-6-avec-chargeur-15w-swiss-peak-noir\/#primaryimage"},"image":{"@id":"https:\/\/swiss-peak.com\/fr\/produit\/pochette-ordinateur-14-15-6-avec-chargeur-15w-swiss-peak-noir\/#primaryimage"},"thumbnailUrl":"https:\/\/swiss-peak.com\/wp-content\/uploads\/sites\/9\/2025\/05\/P309.0701__S_0__e74b4796074f43d2b7c5bcbcd26c829a.jpg","datePublished":"2025-05-28T00:20:08+00:00","dateModified":"2026-03-12T01:22:28+00:00","breadcrumb":{"@id":"https:\/\/swiss-peak.com\/fr\/produit\/pochette-ordinateur-14-15-6-avec-chargeur-15w-swiss-peak-noir\/#breadcrumb"},"inLanguage":"fr-FR","potentialAction":[{"@type":"ReadAction","target":["https:\/\/swiss-peak.com\/fr\/produit\/pochette-ordinateur-14-15-6-avec-chargeur-15w-swiss-peak-noir\/"]}]},{"@type":"ImageObject","inLanguage":"fr-FR","@id":"https:\/\/swiss-peak.com\/fr\/produit\/pochette-ordinateur-14-15-6-avec-chargeur-15w-swiss-peak-noir\/#primaryimage","url":"https:\/\/swiss-peak.com\/wp-content\/uploads\/sites\/9\/2025\/05\/P309.0701__S_0__e74b4796074f43d2b7c5bcbcd26c829a.jpg","contentUrl":"https:\/\/swiss-peak.com\/wp-content\/uploads\/sites\/9\/2025\/05\/P309.0701__S_0__e74b4796074f43d2b7c5bcbcd26c829a.jpg","width":1024,"height":1024},{"@type":"BreadcrumbList","@id":"https:\/\/swiss-peak.com\/fr\/produit\/pochette-ordinateur-14-15-6-avec-chargeur-15w-swiss-peak-noir\/#breadcrumb","itemListElement":[{"@type":"ListItem","position":1,"name":"Home","item":"https:\/\/swiss-peak.com\/fr\/"},{"@type":"ListItem","position":2,"name":"Collection","item":"https:\/\/swiss-peak.com\/fr\/collection\/"},{"@type":"ListItem","position":3,"name":"Pochette ordinateur 14-15.6&#8243; avec chargeur 15W Swiss Peak, noir"}]},{"@type":"WebSite","@id":"https:\/\/swiss-peak.com\/fr\/#website","url":"https:\/\/swiss-peak.com\/fr\/","name":"Swiss Peak","description":"Where will today take you?","potentialAction":[{"@type":"SearchAction","target":{"@type":"EntryPoint","urlTemplate":"https:\/\/swiss-peak.com\/fr\/?s={search_term_string}"},"query-input":{"@type":"PropertyValueSpecification","valueRequired":true,"valueName":"search_term_string"}}],"inLanguage":"fr-FR"}]}},"_links":{"self":[{"href":"https:\/\/swiss-peak.com\/fr\/wp-json\/wp\/v2\/product\/45604","targetHints":{"allow":["GET"]}}],"collection":[{"href":"https:\/\/swiss-peak.com\/fr\/wp-json\/wp\/v2\/product"}],"about":[{"href":"https:\/\/swiss-peak.com\/fr\/wp-json\/wp\/v2\/types\/product"}],"wp:featuredmedia":[{"embeddable":true,"href":"https:\/\/swiss-peak.com\/fr\/wp-json\/wp\/v2\/media\/45514"}],"wp:attachment":[{"href":"https:\/\/swiss-peak.com\/fr\/wp-json\/wp\/v2\/media?parent=45604"}],"wp:term":[{"taxonomy":"product_cat","embeddable":true,"href":"https:\/\/swiss-peak.com\/fr\/wp-json\/wp\/v2\/product_cat?post=45604"},{"taxonomy":"product_tag","embeddable":true,"href":"https:\/\/swiss-peak.com\/fr\/wp-json\/wp\/v2\/product_tag?post=45604"}],"curies":[{"name":"wp","href":"https:\/\/api.w.org\/{rel}","templated":true}]}}