{"id":45345,"date":"2025-01-22T03:04:06","date_gmt":"2025-01-22T01:22:11","guid":{"rendered":"https:\/\/swiss-peak.com\/sac-a-dos-ordinateur-156-en-rpet-aware-swiss-peak-leonard-noir\/"},"modified":"2026-03-12T03:28:42","modified_gmt":"2026-03-12T01:28:42","slug":"sac-a-dos-ordinateur-156-en-rpet-aware-swiss-peak-leonard-noir","status":"publish","type":"product","link":"https:\/\/swiss-peak.com\/fr\/produit\/sac-a-dos-ordinateur-156-en-rpet-aware-swiss-peak-leonard-noir\/","title":{"rendered":"Sac \u00e0 dos ordinateur 15,6&Prime; en rPET Aware\u2122 Swiss Peak Leonard, noir"},"content":{"rendered":"<p>Sac \u00e0 dos en rPET Aware\u2122 Swiss Peak Leonard pour ordinateur portable 15,6 pouces est un m\u00e9lange parfait de style et de fonctionnalit\u00e9. Fabriqu\u00e9 en 100 % rPET, ce sac \u00e0 dos tendance est dot\u00e9 de bretelles r\u00e9glables et d&rsquo;un rabat unique qui ajoute 14 cm de hauteur suppl\u00e9mentaire en cas de besoin. Le compartiment principal s&rsquo;ouvre en forme de L pour un acc\u00e8s facile, avec une s\u00e9curit\u00e9 suppl\u00e9mentaire assur\u00e9e par des fermetures \u00e0 sangle et \u00e0 boucle. L&rsquo;int\u00e9rieur peut accueillir confortablement un ordinateur portable de 15,6 pouces, s\u00e9curis\u00e9 par une fermeture velcro, ainsi qu&rsquo;une poche int\u00e9rieure pratique \u00e0 fermeture \u00e9clair. Le sac comprend \u00e9galement un compartiment avec fermeture \u00e0 zip \u00e0 l&rsquo;avant, une poche pour porte-boissons et une poign\u00e9e en sangle sur le dessus, ce qui le rend id\u00e9al pour un usage professionnel et quotidien. Fabriqu\u00e9 en polyester recycl\u00e9 avec le traceur AWARE\u2122. 2 % des recettes de chaque produit vendu avec AWARE\u2122 seront revers\u00e9s \u00e0 Water.org. Sans PVC.<\/p>\n","protected":false},"excerpt":{"rendered":"<p>Sac \u00e0 dos en rPET Aware\u2122 Swiss Peak Leonard pour ordinateur portable 15,6 pouces est un m\u00e9lange parfait de style et de fonctionnalit\u00e9. Fabriqu\u00e9 en 100 % rPET, ce sac \u00e0 dos tendance est dot\u00e9 de bretelles r\u00e9glables et d&rsquo;un rabat unique qui ajoute 14 cm de hauteur suppl\u00e9mentaire en cas de besoin. Le compartiment [&hellip;]<\/p>\n","protected":false},"featured_media":45269,"template":"","meta":{"_acf_changed":false},"product_cat":[255,259],"product_tag":[],"class_list":["post-45345","product","type-product","status-publish","has-post-thumbnail","hentry","product_cat-sacs-voyage","product_cat-sacs-a-dos","pa_color-black-fr"],"acf":[],"yoast_head":"<!-- This site is optimized with the Yoast SEO plugin v27.0 - https:\/\/yoast.com\/product\/yoast-seo-wordpress\/ -->\n<title>Sac \u00e0 dos ordinateur 15,6&quot; en rPET Aware\u2122 Swiss Peak Leonard, noir - Swiss Peak<\/title>\n<meta name=\"robots\" content=\"index, follow, max-snippet:-1, max-image-preview:large, max-video-preview:-1\" \/>\n<link rel=\"canonical\" href=\"https:\/\/swiss-peak.com\/fr\/produit\/sac-a-dos-ordinateur-156-en-rpet-aware-swiss-peak-leonard-noir\/\" \/>\n<meta property=\"og:locale\" content=\"fr_FR\" \/>\n<meta property=\"og:type\" content=\"article\" \/>\n<meta property=\"og:title\" content=\"Sac \u00e0 dos ordinateur 15,6&quot; en rPET Aware\u2122 Swiss Peak Leonard, noir - Swiss Peak\" \/>\n<meta property=\"og:description\" content=\"Sac \u00e0 dos en rPET Aware\u2122 Swiss Peak Leonard pour ordinateur portable 15,6 pouces est un m\u00e9lange parfait de style et de fonctionnalit\u00e9. Fabriqu\u00e9 en 100 % rPET, ce sac \u00e0 dos tendance est dot\u00e9 de bretelles r\u00e9glables et d&rsquo;un rabat unique qui ajoute 14 cm de hauteur suppl\u00e9mentaire en cas de besoin. Le compartiment [&hellip;]\" \/>\n<meta property=\"og:url\" content=\"https:\/\/swiss-peak.com\/fr\/produit\/sac-a-dos-ordinateur-156-en-rpet-aware-swiss-peak-leonard-noir\/\" \/>\n<meta property=\"og:site_name\" content=\"Swiss Peak\" \/>\n<meta property=\"article:modified_time\" content=\"2026-03-12T01:28:42+00:00\" \/>\n<meta property=\"og:image\" content=\"https:\/\/swiss-peak.com\/wp-content\/uploads\/sites\/9\/2025\/01\/P763.4601__S_0__36f7b5b9a80145e49c0b8e4e06304135.jpg\" \/>\n\t<meta property=\"og:image:width\" content=\"1024\" \/>\n\t<meta property=\"og:image:height\" content=\"1024\" \/>\n\t<meta property=\"og:image:type\" content=\"image\/jpeg\" \/>\n<meta name=\"twitter:card\" content=\"summary_large_image\" \/>\n<meta name=\"twitter:label1\" content=\"Dur\u00e9e de lecture estim\u00e9e\" \/>\n\t<meta name=\"twitter:data1\" content=\"1 minute\" \/>\n<script type=\"application\/ld+json\" class=\"yoast-schema-graph\">{\"@context\":\"https:\/\/schema.org\",\"@graph\":[{\"@type\":\"WebPage\",\"@id\":\"https:\/\/swiss-peak.com\/fr\/produit\/sac-a-dos-ordinateur-156-en-rpet-aware-swiss-peak-leonard-noir\/\",\"url\":\"https:\/\/swiss-peak.com\/fr\/produit\/sac-a-dos-ordinateur-156-en-rpet-aware-swiss-peak-leonard-noir\/\",\"name\":\"Sac \u00e0 dos ordinateur 15,6\\\" en rPET Aware\u2122 Swiss Peak Leonard, noir - Swiss Peak\",\"isPartOf\":{\"@id\":\"https:\/\/swiss-peak.com\/fr\/#website\"},\"primaryImageOfPage\":{\"@id\":\"https:\/\/swiss-peak.com\/fr\/produit\/sac-a-dos-ordinateur-156-en-rpet-aware-swiss-peak-leonard-noir\/#primaryimage\"},\"image\":{\"@id\":\"https:\/\/swiss-peak.com\/fr\/produit\/sac-a-dos-ordinateur-156-en-rpet-aware-swiss-peak-leonard-noir\/#primaryimage\"},\"thumbnailUrl\":\"https:\/\/swiss-peak.com\/wp-content\/uploads\/sites\/9\/2025\/01\/P763.4601__S_0__36f7b5b9a80145e49c0b8e4e06304135.jpg\",\"datePublished\":\"2025-01-22T01:22:11+00:00\",\"dateModified\":\"2026-03-12T01:28:42+00:00\",\"breadcrumb\":{\"@id\":\"https:\/\/swiss-peak.com\/fr\/produit\/sac-a-dos-ordinateur-156-en-rpet-aware-swiss-peak-leonard-noir\/#breadcrumb\"},\"inLanguage\":\"fr-FR\",\"potentialAction\":[{\"@type\":\"ReadAction\",\"target\":[\"https:\/\/swiss-peak.com\/fr\/produit\/sac-a-dos-ordinateur-156-en-rpet-aware-swiss-peak-leonard-noir\/\"]}]},{\"@type\":\"ImageObject\",\"inLanguage\":\"fr-FR\",\"@id\":\"https:\/\/swiss-peak.com\/fr\/produit\/sac-a-dos-ordinateur-156-en-rpet-aware-swiss-peak-leonard-noir\/#primaryimage\",\"url\":\"https:\/\/swiss-peak.com\/wp-content\/uploads\/sites\/9\/2025\/01\/P763.4601__S_0__36f7b5b9a80145e49c0b8e4e06304135.jpg\",\"contentUrl\":\"https:\/\/swiss-peak.com\/wp-content\/uploads\/sites\/9\/2025\/01\/P763.4601__S_0__36f7b5b9a80145e49c0b8e4e06304135.jpg\",\"width\":1024,\"height\":1024},{\"@type\":\"BreadcrumbList\",\"@id\":\"https:\/\/swiss-peak.com\/fr\/produit\/sac-a-dos-ordinateur-156-en-rpet-aware-swiss-peak-leonard-noir\/#breadcrumb\",\"itemListElement\":[{\"@type\":\"ListItem\",\"position\":1,\"name\":\"Home\",\"item\":\"https:\/\/swiss-peak.com\/fr\/\"},{\"@type\":\"ListItem\",\"position\":2,\"name\":\"Collection\",\"item\":\"https:\/\/swiss-peak.com\/fr\/collection\/\"},{\"@type\":\"ListItem\",\"position\":3,\"name\":\"Sac \u00e0 dos ordinateur 15,6&#8243; en rPET Aware\u2122 Swiss Peak Leonard, noir\"}]},{\"@type\":\"WebSite\",\"@id\":\"https:\/\/swiss-peak.com\/fr\/#website\",\"url\":\"https:\/\/swiss-peak.com\/fr\/\",\"name\":\"Swiss Peak\",\"description\":\"Where will today take you?\",\"potentialAction\":[{\"@type\":\"SearchAction\",\"target\":{\"@type\":\"EntryPoint\",\"urlTemplate\":\"https:\/\/swiss-peak.com\/fr\/?s={search_term_string}\"},\"query-input\":{\"@type\":\"PropertyValueSpecification\",\"valueRequired\":true,\"valueName\":\"search_term_string\"}}],\"inLanguage\":\"fr-FR\"}]}<\/script>\n<!-- \/ Yoast SEO plugin. -->","yoast_head_json":{"title":"Sac \u00e0 dos ordinateur 15,6\" en rPET Aware\u2122 Swiss Peak Leonard, noir - Swiss Peak","robots":{"index":"index","follow":"follow","max-snippet":"max-snippet:-1","max-image-preview":"max-image-preview:large","max-video-preview":"max-video-preview:-1"},"canonical":"https:\/\/swiss-peak.com\/fr\/produit\/sac-a-dos-ordinateur-156-en-rpet-aware-swiss-peak-leonard-noir\/","og_locale":"fr_FR","og_type":"article","og_title":"Sac \u00e0 dos ordinateur 15,6\" en rPET Aware\u2122 Swiss Peak Leonard, noir - Swiss Peak","og_description":"Sac \u00e0 dos en rPET Aware\u2122 Swiss Peak Leonard pour ordinateur portable 15,6 pouces est un m\u00e9lange parfait de style et de fonctionnalit\u00e9. Fabriqu\u00e9 en 100 % rPET, ce sac \u00e0 dos tendance est dot\u00e9 de bretelles r\u00e9glables et d&rsquo;un rabat unique qui ajoute 14 cm de hauteur suppl\u00e9mentaire en cas de besoin. Le compartiment [&hellip;]","og_url":"https:\/\/swiss-peak.com\/fr\/produit\/sac-a-dos-ordinateur-156-en-rpet-aware-swiss-peak-leonard-noir\/","og_site_name":"Swiss Peak","article_modified_time":"2026-03-12T01:28:42+00:00","og_image":[{"width":1024,"height":1024,"url":"https:\/\/swiss-peak.com\/wp-content\/uploads\/sites\/9\/2025\/01\/P763.4601__S_0__36f7b5b9a80145e49c0b8e4e06304135.jpg","type":"image\/jpeg"}],"twitter_card":"summary_large_image","twitter_misc":{"Dur\u00e9e de lecture estim\u00e9e":"1 minute"},"schema":{"@context":"https:\/\/schema.org","@graph":[{"@type":"WebPage","@id":"https:\/\/swiss-peak.com\/fr\/produit\/sac-a-dos-ordinateur-156-en-rpet-aware-swiss-peak-leonard-noir\/","url":"https:\/\/swiss-peak.com\/fr\/produit\/sac-a-dos-ordinateur-156-en-rpet-aware-swiss-peak-leonard-noir\/","name":"Sac \u00e0 dos ordinateur 15,6\" en rPET Aware\u2122 Swiss Peak Leonard, noir - Swiss Peak","isPartOf":{"@id":"https:\/\/swiss-peak.com\/fr\/#website"},"primaryImageOfPage":{"@id":"https:\/\/swiss-peak.com\/fr\/produit\/sac-a-dos-ordinateur-156-en-rpet-aware-swiss-peak-leonard-noir\/#primaryimage"},"image":{"@id":"https:\/\/swiss-peak.com\/fr\/produit\/sac-a-dos-ordinateur-156-en-rpet-aware-swiss-peak-leonard-noir\/#primaryimage"},"thumbnailUrl":"https:\/\/swiss-peak.com\/wp-content\/uploads\/sites\/9\/2025\/01\/P763.4601__S_0__36f7b5b9a80145e49c0b8e4e06304135.jpg","datePublished":"2025-01-22T01:22:11+00:00","dateModified":"2026-03-12T01:28:42+00:00","breadcrumb":{"@id":"https:\/\/swiss-peak.com\/fr\/produit\/sac-a-dos-ordinateur-156-en-rpet-aware-swiss-peak-leonard-noir\/#breadcrumb"},"inLanguage":"fr-FR","potentialAction":[{"@type":"ReadAction","target":["https:\/\/swiss-peak.com\/fr\/produit\/sac-a-dos-ordinateur-156-en-rpet-aware-swiss-peak-leonard-noir\/"]}]},{"@type":"ImageObject","inLanguage":"fr-FR","@id":"https:\/\/swiss-peak.com\/fr\/produit\/sac-a-dos-ordinateur-156-en-rpet-aware-swiss-peak-leonard-noir\/#primaryimage","url":"https:\/\/swiss-peak.com\/wp-content\/uploads\/sites\/9\/2025\/01\/P763.4601__S_0__36f7b5b9a80145e49c0b8e4e06304135.jpg","contentUrl":"https:\/\/swiss-peak.com\/wp-content\/uploads\/sites\/9\/2025\/01\/P763.4601__S_0__36f7b5b9a80145e49c0b8e4e06304135.jpg","width":1024,"height":1024},{"@type":"BreadcrumbList","@id":"https:\/\/swiss-peak.com\/fr\/produit\/sac-a-dos-ordinateur-156-en-rpet-aware-swiss-peak-leonard-noir\/#breadcrumb","itemListElement":[{"@type":"ListItem","position":1,"name":"Home","item":"https:\/\/swiss-peak.com\/fr\/"},{"@type":"ListItem","position":2,"name":"Collection","item":"https:\/\/swiss-peak.com\/fr\/collection\/"},{"@type":"ListItem","position":3,"name":"Sac \u00e0 dos ordinateur 15,6&#8243; en rPET Aware\u2122 Swiss Peak Leonard, noir"}]},{"@type":"WebSite","@id":"https:\/\/swiss-peak.com\/fr\/#website","url":"https:\/\/swiss-peak.com\/fr\/","name":"Swiss Peak","description":"Where will today take you?","potentialAction":[{"@type":"SearchAction","target":{"@type":"EntryPoint","urlTemplate":"https:\/\/swiss-peak.com\/fr\/?s={search_term_string}"},"query-input":{"@type":"PropertyValueSpecification","valueRequired":true,"valueName":"search_term_string"}}],"inLanguage":"fr-FR"}]}},"_links":{"self":[{"href":"https:\/\/swiss-peak.com\/fr\/wp-json\/wp\/v2\/product\/45345","targetHints":{"allow":["GET"]}}],"collection":[{"href":"https:\/\/swiss-peak.com\/fr\/wp-json\/wp\/v2\/product"}],"about":[{"href":"https:\/\/swiss-peak.com\/fr\/wp-json\/wp\/v2\/types\/product"}],"wp:featuredmedia":[{"embeddable":true,"href":"https:\/\/swiss-peak.com\/fr\/wp-json\/wp\/v2\/media\/45269"}],"wp:attachment":[{"href":"https:\/\/swiss-peak.com\/fr\/wp-json\/wp\/v2\/media?parent=45345"}],"wp:term":[{"taxonomy":"product_cat","embeddable":true,"href":"https:\/\/swiss-peak.com\/fr\/wp-json\/wp\/v2\/product_cat?post=45345"},{"taxonomy":"product_tag","embeddable":true,"href":"https:\/\/swiss-peak.com\/fr\/wp-json\/wp\/v2\/product_tag?post=45345"}],"curies":[{"name":"wp","href":"https:\/\/api.w.org\/{rel}","templated":true}]}}