{"id":45221,"date":"2025-01-01T03:06:31","date_gmt":"2025-01-01T01:22:25","guid":{"rendered":"https:\/\/swiss-peak.com\/parapluie-automatique-21-en-rpet-aware-swiss-peak-vito-noir\/"},"modified":"2026-03-12T03:31:09","modified_gmt":"2026-03-12T01:31:09","slug":"parapluie-automatique-21-en-rpet-aware-swiss-peak-vito-noir","status":"publish","type":"product","link":"https:\/\/swiss-peak.com\/fr\/produit\/parapluie-automatique-21-en-rpet-aware-swiss-peak-vito-noir\/","title":{"rendered":"Parapluie automatique 21&Prime; en rPET Aware\u2122 Swiss Peak Vito, noir"},"content":{"rendered":"<p>Le Vito est un parapluie de 21 pouces \u00e0 ouverture\/fermeture automatique avec fonction anti-temp\u00eate. Il est \u00e9quip\u00e9 d&rsquo;un manche en acier et d&rsquo;une armature en fibre de verre. 8 baleines, 8 panneaux ; parapluie \u00e0 3 sections. De plus, le parapluie est dot\u00e9 d&rsquo;un traceur AWARE\u2122 qui valide l&rsquo;utilisation de mat\u00e9riaux recycl\u00e9s, ce qui en fait un meilleur choix. De plus, 2 % des recettes de chaque produit Aware\u2122 vendu sont revers\u00e9s \u00e0 Water.org.<\/p>\n","protected":false},"excerpt":{"rendered":"<p>Le Vito est un parapluie de 21 pouces \u00e0 ouverture\/fermeture automatique avec fonction anti-temp\u00eate. Il est \u00e9quip\u00e9 d&rsquo;un manche en acier et d&rsquo;une armature en fibre de verre. 8 baleines, 8 panneaux ; parapluie \u00e0 3 sections. De plus, le parapluie est dot\u00e9 d&rsquo;un traceur AWARE\u2122 qui valide l&rsquo;utilisation de mat\u00e9riaux recycl\u00e9s, ce qui en [&hellip;]<\/p>\n","protected":false},"featured_media":45360,"template":"","meta":{"_acf_changed":false},"product_cat":[307,324],"product_tag":[],"class_list":["post-45221","product","type-product","status-publish","has-post-thumbnail","hentry","product_cat-loisirs-sports","product_cat-parapluies","pa_color-black-fr"],"acf":[],"yoast_head":"<!-- This site is optimized with the Yoast SEO plugin v27.0 - https:\/\/yoast.com\/product\/yoast-seo-wordpress\/ -->\n<title>Parapluie automatique 21&quot; en rPET Aware\u2122 Swiss Peak Vito, noir - Swiss Peak<\/title>\n<meta name=\"robots\" content=\"index, follow, max-snippet:-1, max-image-preview:large, max-video-preview:-1\" \/>\n<link rel=\"canonical\" href=\"https:\/\/swiss-peak.com\/fr\/produit\/parapluie-automatique-21-en-rpet-aware-swiss-peak-vito-noir\/\" \/>\n<meta property=\"og:locale\" content=\"fr_FR\" \/>\n<meta property=\"og:type\" content=\"article\" \/>\n<meta property=\"og:title\" content=\"Parapluie automatique 21&quot; en rPET Aware\u2122 Swiss Peak Vito, noir - Swiss Peak\" \/>\n<meta property=\"og:description\" content=\"Le Vito est un parapluie de 21 pouces \u00e0 ouverture\/fermeture automatique avec fonction anti-temp\u00eate. Il est \u00e9quip\u00e9 d&rsquo;un manche en acier et d&rsquo;une armature en fibre de verre. 8 baleines, 8 panneaux ; parapluie \u00e0 3 sections. De plus, le parapluie est dot\u00e9 d&rsquo;un traceur AWARE\u2122 qui valide l&rsquo;utilisation de mat\u00e9riaux recycl\u00e9s, ce qui en [&hellip;]\" \/>\n<meta property=\"og:url\" content=\"https:\/\/swiss-peak.com\/fr\/produit\/parapluie-automatique-21-en-rpet-aware-swiss-peak-vito-noir\/\" \/>\n<meta property=\"og:site_name\" content=\"Swiss Peak\" \/>\n<meta property=\"article:modified_time\" content=\"2026-03-12T01:31:09+00:00\" \/>\n<meta property=\"og:image\" content=\"https:\/\/swiss-peak.com\/wp-content\/uploads\/sites\/9\/2025\/01\/P850.7301__S_0__8f0838ecb0dc49429c0db7a055070a7c.jpg\" \/>\n\t<meta property=\"og:image:width\" content=\"1024\" \/>\n\t<meta property=\"og:image:height\" content=\"1024\" \/>\n\t<meta property=\"og:image:type\" content=\"image\/jpeg\" \/>\n<meta name=\"twitter:card\" content=\"summary_large_image\" \/>\n<script type=\"application\/ld+json\" class=\"yoast-schema-graph\">{\"@context\":\"https:\/\/schema.org\",\"@graph\":[{\"@type\":\"WebPage\",\"@id\":\"https:\/\/swiss-peak.com\/fr\/produit\/parapluie-automatique-21-en-rpet-aware-swiss-peak-vito-noir\/\",\"url\":\"https:\/\/swiss-peak.com\/fr\/produit\/parapluie-automatique-21-en-rpet-aware-swiss-peak-vito-noir\/\",\"name\":\"Parapluie automatique 21\\\" en rPET Aware\u2122 Swiss Peak Vito, noir - Swiss Peak\",\"isPartOf\":{\"@id\":\"https:\/\/swiss-peak.com\/fr\/#website\"},\"primaryImageOfPage\":{\"@id\":\"https:\/\/swiss-peak.com\/fr\/produit\/parapluie-automatique-21-en-rpet-aware-swiss-peak-vito-noir\/#primaryimage\"},\"image\":{\"@id\":\"https:\/\/swiss-peak.com\/fr\/produit\/parapluie-automatique-21-en-rpet-aware-swiss-peak-vito-noir\/#primaryimage\"},\"thumbnailUrl\":\"https:\/\/swiss-peak.com\/wp-content\/uploads\/sites\/9\/2025\/01\/P850.7301__S_0__8f0838ecb0dc49429c0db7a055070a7c.jpg\",\"datePublished\":\"2025-01-01T01:22:25+00:00\",\"dateModified\":\"2026-03-12T01:31:09+00:00\",\"breadcrumb\":{\"@id\":\"https:\/\/swiss-peak.com\/fr\/produit\/parapluie-automatique-21-en-rpet-aware-swiss-peak-vito-noir\/#breadcrumb\"},\"inLanguage\":\"fr-FR\",\"potentialAction\":[{\"@type\":\"ReadAction\",\"target\":[\"https:\/\/swiss-peak.com\/fr\/produit\/parapluie-automatique-21-en-rpet-aware-swiss-peak-vito-noir\/\"]}]},{\"@type\":\"ImageObject\",\"inLanguage\":\"fr-FR\",\"@id\":\"https:\/\/swiss-peak.com\/fr\/produit\/parapluie-automatique-21-en-rpet-aware-swiss-peak-vito-noir\/#primaryimage\",\"url\":\"https:\/\/swiss-peak.com\/wp-content\/uploads\/sites\/9\/2025\/01\/P850.7301__S_0__8f0838ecb0dc49429c0db7a055070a7c.jpg\",\"contentUrl\":\"https:\/\/swiss-peak.com\/wp-content\/uploads\/sites\/9\/2025\/01\/P850.7301__S_0__8f0838ecb0dc49429c0db7a055070a7c.jpg\",\"width\":1024,\"height\":1024},{\"@type\":\"BreadcrumbList\",\"@id\":\"https:\/\/swiss-peak.com\/fr\/produit\/parapluie-automatique-21-en-rpet-aware-swiss-peak-vito-noir\/#breadcrumb\",\"itemListElement\":[{\"@type\":\"ListItem\",\"position\":1,\"name\":\"Home\",\"item\":\"https:\/\/swiss-peak.com\/fr\/\"},{\"@type\":\"ListItem\",\"position\":2,\"name\":\"Collection\",\"item\":\"https:\/\/swiss-peak.com\/fr\/collection\/\"},{\"@type\":\"ListItem\",\"position\":3,\"name\":\"Parapluie automatique 21&#8243; en rPET Aware\u2122 Swiss Peak Vito, noir\"}]},{\"@type\":\"WebSite\",\"@id\":\"https:\/\/swiss-peak.com\/fr\/#website\",\"url\":\"https:\/\/swiss-peak.com\/fr\/\",\"name\":\"Swiss Peak\",\"description\":\"Where will today take you?\",\"potentialAction\":[{\"@type\":\"SearchAction\",\"target\":{\"@type\":\"EntryPoint\",\"urlTemplate\":\"https:\/\/swiss-peak.com\/fr\/?s={search_term_string}\"},\"query-input\":{\"@type\":\"PropertyValueSpecification\",\"valueRequired\":true,\"valueName\":\"search_term_string\"}}],\"inLanguage\":\"fr-FR\"}]}<\/script>\n<!-- \/ Yoast SEO plugin. -->","yoast_head_json":{"title":"Parapluie automatique 21\" en rPET Aware\u2122 Swiss Peak Vito, noir - Swiss Peak","robots":{"index":"index","follow":"follow","max-snippet":"max-snippet:-1","max-image-preview":"max-image-preview:large","max-video-preview":"max-video-preview:-1"},"canonical":"https:\/\/swiss-peak.com\/fr\/produit\/parapluie-automatique-21-en-rpet-aware-swiss-peak-vito-noir\/","og_locale":"fr_FR","og_type":"article","og_title":"Parapluie automatique 21\" en rPET Aware\u2122 Swiss Peak Vito, noir - Swiss Peak","og_description":"Le Vito est un parapluie de 21 pouces \u00e0 ouverture\/fermeture automatique avec fonction anti-temp\u00eate. Il est \u00e9quip\u00e9 d&rsquo;un manche en acier et d&rsquo;une armature en fibre de verre. 8 baleines, 8 panneaux ; parapluie \u00e0 3 sections. De plus, le parapluie est dot\u00e9 d&rsquo;un traceur AWARE\u2122 qui valide l&rsquo;utilisation de mat\u00e9riaux recycl\u00e9s, ce qui en [&hellip;]","og_url":"https:\/\/swiss-peak.com\/fr\/produit\/parapluie-automatique-21-en-rpet-aware-swiss-peak-vito-noir\/","og_site_name":"Swiss Peak","article_modified_time":"2026-03-12T01:31:09+00:00","og_image":[{"width":1024,"height":1024,"url":"https:\/\/swiss-peak.com\/wp-content\/uploads\/sites\/9\/2025\/01\/P850.7301__S_0__8f0838ecb0dc49429c0db7a055070a7c.jpg","type":"image\/jpeg"}],"twitter_card":"summary_large_image","schema":{"@context":"https:\/\/schema.org","@graph":[{"@type":"WebPage","@id":"https:\/\/swiss-peak.com\/fr\/produit\/parapluie-automatique-21-en-rpet-aware-swiss-peak-vito-noir\/","url":"https:\/\/swiss-peak.com\/fr\/produit\/parapluie-automatique-21-en-rpet-aware-swiss-peak-vito-noir\/","name":"Parapluie automatique 21\" en rPET Aware\u2122 Swiss Peak Vito, noir - Swiss Peak","isPartOf":{"@id":"https:\/\/swiss-peak.com\/fr\/#website"},"primaryImageOfPage":{"@id":"https:\/\/swiss-peak.com\/fr\/produit\/parapluie-automatique-21-en-rpet-aware-swiss-peak-vito-noir\/#primaryimage"},"image":{"@id":"https:\/\/swiss-peak.com\/fr\/produit\/parapluie-automatique-21-en-rpet-aware-swiss-peak-vito-noir\/#primaryimage"},"thumbnailUrl":"https:\/\/swiss-peak.com\/wp-content\/uploads\/sites\/9\/2025\/01\/P850.7301__S_0__8f0838ecb0dc49429c0db7a055070a7c.jpg","datePublished":"2025-01-01T01:22:25+00:00","dateModified":"2026-03-12T01:31:09+00:00","breadcrumb":{"@id":"https:\/\/swiss-peak.com\/fr\/produit\/parapluie-automatique-21-en-rpet-aware-swiss-peak-vito-noir\/#breadcrumb"},"inLanguage":"fr-FR","potentialAction":[{"@type":"ReadAction","target":["https:\/\/swiss-peak.com\/fr\/produit\/parapluie-automatique-21-en-rpet-aware-swiss-peak-vito-noir\/"]}]},{"@type":"ImageObject","inLanguage":"fr-FR","@id":"https:\/\/swiss-peak.com\/fr\/produit\/parapluie-automatique-21-en-rpet-aware-swiss-peak-vito-noir\/#primaryimage","url":"https:\/\/swiss-peak.com\/wp-content\/uploads\/sites\/9\/2025\/01\/P850.7301__S_0__8f0838ecb0dc49429c0db7a055070a7c.jpg","contentUrl":"https:\/\/swiss-peak.com\/wp-content\/uploads\/sites\/9\/2025\/01\/P850.7301__S_0__8f0838ecb0dc49429c0db7a055070a7c.jpg","width":1024,"height":1024},{"@type":"BreadcrumbList","@id":"https:\/\/swiss-peak.com\/fr\/produit\/parapluie-automatique-21-en-rpet-aware-swiss-peak-vito-noir\/#breadcrumb","itemListElement":[{"@type":"ListItem","position":1,"name":"Home","item":"https:\/\/swiss-peak.com\/fr\/"},{"@type":"ListItem","position":2,"name":"Collection","item":"https:\/\/swiss-peak.com\/fr\/collection\/"},{"@type":"ListItem","position":3,"name":"Parapluie automatique 21&#8243; en rPET Aware\u2122 Swiss Peak Vito, noir"}]},{"@type":"WebSite","@id":"https:\/\/swiss-peak.com\/fr\/#website","url":"https:\/\/swiss-peak.com\/fr\/","name":"Swiss Peak","description":"Where will today take you?","potentialAction":[{"@type":"SearchAction","target":{"@type":"EntryPoint","urlTemplate":"https:\/\/swiss-peak.com\/fr\/?s={search_term_string}"},"query-input":{"@type":"PropertyValueSpecification","valueRequired":true,"valueName":"search_term_string"}}],"inLanguage":"fr-FR"}]}},"_links":{"self":[{"href":"https:\/\/swiss-peak.com\/fr\/wp-json\/wp\/v2\/product\/45221","targetHints":{"allow":["GET"]}}],"collection":[{"href":"https:\/\/swiss-peak.com\/fr\/wp-json\/wp\/v2\/product"}],"about":[{"href":"https:\/\/swiss-peak.com\/fr\/wp-json\/wp\/v2\/types\/product"}],"wp:featuredmedia":[{"embeddable":true,"href":"https:\/\/swiss-peak.com\/fr\/wp-json\/wp\/v2\/media\/45360"}],"wp:attachment":[{"href":"https:\/\/swiss-peak.com\/fr\/wp-json\/wp\/v2\/media?parent=45221"}],"wp:term":[{"taxonomy":"product_cat","embeddable":true,"href":"https:\/\/swiss-peak.com\/fr\/wp-json\/wp\/v2\/product_cat?post=45221"},{"taxonomy":"product_tag","embeddable":true,"href":"https:\/\/swiss-peak.com\/fr\/wp-json\/wp\/v2\/product_tag?post=45221"}],"curies":[{"name":"wp","href":"https:\/\/api.w.org\/{rel}","templated":true}]}}