{"id":45220,"date":"2025-01-01T03:06:07","date_gmt":"2025-01-01T01:22:23","guid":{"rendered":"https:\/\/swiss-peak.com\/pochette-ordi-15-6-en-rpet-aware-swiss-peak-essential-noir\/"},"modified":"2026-03-12T03:30:15","modified_gmt":"2026-03-12T01:30:15","slug":"pochette-ordi-15-6-en-rpet-aware-swiss-peak-essential-noir","status":"publish","type":"product","link":"https:\/\/swiss-peak.com\/fr\/produit\/pochette-ordi-15-6-en-rpet-aware-swiss-peak-essential-noir\/","title":{"rendered":"Pochette ordi 15.6\u00a0\u00bb en rPET AWARE\u2122 Swiss Peak Essential, noir"},"content":{"rendered":"<p>Prot\u00e9gez votre ordinateur portable avec style gr\u00e2ce \u00e0 la pochette pour ordinateur portable 15,6 pouces en rPET Aware\u2122 Swiss Peak Essential. Fabriqu\u00e9e avec une doublure en rPET assortie, cette housse \u00e9l\u00e9gante et moderne garantit que votre ordinateur portable reste en s\u00e9curit\u00e9 tout en conservant un aspect professionnel. Elle est dot\u00e9e d&rsquo;une poche frontale zipp\u00e9e pour un acc\u00e8s facile \u00e0 vos objets essentiels et d&rsquo;un compartiment principal qui permet de ranger en toute s\u00e9curit\u00e9 les ordinateurs portables de 15,6 pouces. Les fermetures \u00e0 glissi\u00e8re Swiss Peak durables offrent un fonctionnement souple, ce qui en fait le choix id\u00e9al pour les personnes en d\u00e9placement. Parfaite pour les professionnels, cette pochette pour ordinateur portable offre \u00e0 la fois fonctionnalit\u00e9 et style. Fabriqu\u00e9e en polyester recycl\u00e9 avec le traceur AWARE\u2122. 2 % des recettes de chaque produit vendu avec AWARE\u2122 seront revers\u00e9s \u00e0 Water.org. Sans PVC.<\/p>\n","protected":false},"excerpt":{"rendered":"<p>Prot\u00e9gez votre ordinateur portable avec style gr\u00e2ce \u00e0 la pochette pour ordinateur portable 15,6 pouces en rPET Aware\u2122 Swiss Peak Essential. Fabriqu\u00e9e avec une doublure en rPET assortie, cette housse \u00e9l\u00e9gante et moderne garantit que votre ordinateur portable reste en s\u00e9curit\u00e9 tout en conservant un aspect professionnel. Elle est dot\u00e9e d&rsquo;une poche frontale zipp\u00e9e pour [&hellip;]<\/p>\n","protected":false},"featured_media":45402,"template":"","meta":{"_acf_changed":false},"product_cat":[297,287,291],"product_tag":[],"class_list":["post-45220","product","type-product","status-publish","has-post-thumbnail","hentry","product_cat-bureau-ecriture","product_cat-business-fr","product_cat-sacs-ordinateurs-portable","pa_color-black-fr"],"acf":[],"yoast_head":"<!-- This site is optimized with the Yoast SEO plugin v27.0 - https:\/\/yoast.com\/product\/yoast-seo-wordpress\/ -->\n<title>Pochette ordi 15.6&#039;&#039; en rPET AWARE\u2122 Swiss Peak Essential, noir - Swiss Peak<\/title>\n<meta name=\"robots\" content=\"index, follow, max-snippet:-1, max-image-preview:large, max-video-preview:-1\" \/>\n<link rel=\"canonical\" href=\"https:\/\/swiss-peak.com\/fr\/produit\/pochette-ordi-15-6-en-rpet-aware-swiss-peak-essential-noir\/\" \/>\n<meta property=\"og:locale\" content=\"fr_FR\" \/>\n<meta property=\"og:type\" content=\"article\" \/>\n<meta property=\"og:title\" content=\"Pochette ordi 15.6&#039;&#039; en rPET AWARE\u2122 Swiss Peak Essential, noir - Swiss Peak\" \/>\n<meta property=\"og:description\" content=\"Prot\u00e9gez votre ordinateur portable avec style gr\u00e2ce \u00e0 la pochette pour ordinateur portable 15,6 pouces en rPET Aware\u2122 Swiss Peak Essential. Fabriqu\u00e9e avec une doublure en rPET assortie, cette housse \u00e9l\u00e9gante et moderne garantit que votre ordinateur portable reste en s\u00e9curit\u00e9 tout en conservant un aspect professionnel. Elle est dot\u00e9e d&rsquo;une poche frontale zipp\u00e9e pour [&hellip;]\" \/>\n<meta property=\"og:url\" content=\"https:\/\/swiss-peak.com\/fr\/produit\/pochette-ordi-15-6-en-rpet-aware-swiss-peak-essential-noir\/\" \/>\n<meta property=\"og:site_name\" content=\"Swiss Peak\" \/>\n<meta property=\"article:modified_time\" content=\"2026-03-12T01:30:15+00:00\" \/>\n<meta property=\"og:image\" content=\"https:\/\/swiss-peak.com\/wp-content\/uploads\/sites\/9\/2025\/02\/P788.1601__S_0__5df5b3a1849c4830b766cea1fb31478c.jpg\" \/>\n\t<meta property=\"og:image:width\" content=\"1024\" \/>\n\t<meta property=\"og:image:height\" content=\"1024\" \/>\n\t<meta property=\"og:image:type\" content=\"image\/jpeg\" \/>\n<meta name=\"twitter:card\" content=\"summary_large_image\" \/>\n<meta name=\"twitter:label1\" content=\"Dur\u00e9e de lecture estim\u00e9e\" \/>\n\t<meta name=\"twitter:data1\" content=\"1 minute\" \/>\n<script type=\"application\/ld+json\" class=\"yoast-schema-graph\">{\"@context\":\"https:\/\/schema.org\",\"@graph\":[{\"@type\":\"WebPage\",\"@id\":\"https:\/\/swiss-peak.com\/fr\/produit\/pochette-ordi-15-6-en-rpet-aware-swiss-peak-essential-noir\/\",\"url\":\"https:\/\/swiss-peak.com\/fr\/produit\/pochette-ordi-15-6-en-rpet-aware-swiss-peak-essential-noir\/\",\"name\":\"Pochette ordi 15.6'' en rPET AWARE\u2122 Swiss Peak Essential, noir - Swiss Peak\",\"isPartOf\":{\"@id\":\"https:\/\/swiss-peak.com\/fr\/#website\"},\"primaryImageOfPage\":{\"@id\":\"https:\/\/swiss-peak.com\/fr\/produit\/pochette-ordi-15-6-en-rpet-aware-swiss-peak-essential-noir\/#primaryimage\"},\"image\":{\"@id\":\"https:\/\/swiss-peak.com\/fr\/produit\/pochette-ordi-15-6-en-rpet-aware-swiss-peak-essential-noir\/#primaryimage\"},\"thumbnailUrl\":\"https:\/\/swiss-peak.com\/wp-content\/uploads\/sites\/9\/2025\/02\/P788.1601__S_0__5df5b3a1849c4830b766cea1fb31478c.jpg\",\"datePublished\":\"2025-01-01T01:22:23+00:00\",\"dateModified\":\"2026-03-12T01:30:15+00:00\",\"breadcrumb\":{\"@id\":\"https:\/\/swiss-peak.com\/fr\/produit\/pochette-ordi-15-6-en-rpet-aware-swiss-peak-essential-noir\/#breadcrumb\"},\"inLanguage\":\"fr-FR\",\"potentialAction\":[{\"@type\":\"ReadAction\",\"target\":[\"https:\/\/swiss-peak.com\/fr\/produit\/pochette-ordi-15-6-en-rpet-aware-swiss-peak-essential-noir\/\"]}]},{\"@type\":\"ImageObject\",\"inLanguage\":\"fr-FR\",\"@id\":\"https:\/\/swiss-peak.com\/fr\/produit\/pochette-ordi-15-6-en-rpet-aware-swiss-peak-essential-noir\/#primaryimage\",\"url\":\"https:\/\/swiss-peak.com\/wp-content\/uploads\/sites\/9\/2025\/02\/P788.1601__S_0__5df5b3a1849c4830b766cea1fb31478c.jpg\",\"contentUrl\":\"https:\/\/swiss-peak.com\/wp-content\/uploads\/sites\/9\/2025\/02\/P788.1601__S_0__5df5b3a1849c4830b766cea1fb31478c.jpg\",\"width\":1024,\"height\":1024},{\"@type\":\"BreadcrumbList\",\"@id\":\"https:\/\/swiss-peak.com\/fr\/produit\/pochette-ordi-15-6-en-rpet-aware-swiss-peak-essential-noir\/#breadcrumb\",\"itemListElement\":[{\"@type\":\"ListItem\",\"position\":1,\"name\":\"Home\",\"item\":\"https:\/\/swiss-peak.com\/fr\/\"},{\"@type\":\"ListItem\",\"position\":2,\"name\":\"Collection\",\"item\":\"https:\/\/swiss-peak.com\/fr\/collection\/\"},{\"@type\":\"ListItem\",\"position\":3,\"name\":\"Pochette ordi 15.6&#8221; en rPET AWARE\u2122 Swiss Peak Essential, noir\"}]},{\"@type\":\"WebSite\",\"@id\":\"https:\/\/swiss-peak.com\/fr\/#website\",\"url\":\"https:\/\/swiss-peak.com\/fr\/\",\"name\":\"Swiss Peak\",\"description\":\"Where will today take you?\",\"potentialAction\":[{\"@type\":\"SearchAction\",\"target\":{\"@type\":\"EntryPoint\",\"urlTemplate\":\"https:\/\/swiss-peak.com\/fr\/?s={search_term_string}\"},\"query-input\":{\"@type\":\"PropertyValueSpecification\",\"valueRequired\":true,\"valueName\":\"search_term_string\"}}],\"inLanguage\":\"fr-FR\"}]}<\/script>\n<!-- \/ Yoast SEO plugin. -->","yoast_head_json":{"title":"Pochette ordi 15.6'' en rPET AWARE\u2122 Swiss Peak Essential, noir - Swiss Peak","robots":{"index":"index","follow":"follow","max-snippet":"max-snippet:-1","max-image-preview":"max-image-preview:large","max-video-preview":"max-video-preview:-1"},"canonical":"https:\/\/swiss-peak.com\/fr\/produit\/pochette-ordi-15-6-en-rpet-aware-swiss-peak-essential-noir\/","og_locale":"fr_FR","og_type":"article","og_title":"Pochette ordi 15.6'' en rPET AWARE\u2122 Swiss Peak Essential, noir - Swiss Peak","og_description":"Prot\u00e9gez votre ordinateur portable avec style gr\u00e2ce \u00e0 la pochette pour ordinateur portable 15,6 pouces en rPET Aware\u2122 Swiss Peak Essential. Fabriqu\u00e9e avec une doublure en rPET assortie, cette housse \u00e9l\u00e9gante et moderne garantit que votre ordinateur portable reste en s\u00e9curit\u00e9 tout en conservant un aspect professionnel. Elle est dot\u00e9e d&rsquo;une poche frontale zipp\u00e9e pour [&hellip;]","og_url":"https:\/\/swiss-peak.com\/fr\/produit\/pochette-ordi-15-6-en-rpet-aware-swiss-peak-essential-noir\/","og_site_name":"Swiss Peak","article_modified_time":"2026-03-12T01:30:15+00:00","og_image":[{"width":1024,"height":1024,"url":"https:\/\/swiss-peak.com\/wp-content\/uploads\/sites\/9\/2025\/02\/P788.1601__S_0__5df5b3a1849c4830b766cea1fb31478c.jpg","type":"image\/jpeg"}],"twitter_card":"summary_large_image","twitter_misc":{"Dur\u00e9e de lecture estim\u00e9e":"1 minute"},"schema":{"@context":"https:\/\/schema.org","@graph":[{"@type":"WebPage","@id":"https:\/\/swiss-peak.com\/fr\/produit\/pochette-ordi-15-6-en-rpet-aware-swiss-peak-essential-noir\/","url":"https:\/\/swiss-peak.com\/fr\/produit\/pochette-ordi-15-6-en-rpet-aware-swiss-peak-essential-noir\/","name":"Pochette ordi 15.6'' en rPET AWARE\u2122 Swiss Peak Essential, noir - Swiss Peak","isPartOf":{"@id":"https:\/\/swiss-peak.com\/fr\/#website"},"primaryImageOfPage":{"@id":"https:\/\/swiss-peak.com\/fr\/produit\/pochette-ordi-15-6-en-rpet-aware-swiss-peak-essential-noir\/#primaryimage"},"image":{"@id":"https:\/\/swiss-peak.com\/fr\/produit\/pochette-ordi-15-6-en-rpet-aware-swiss-peak-essential-noir\/#primaryimage"},"thumbnailUrl":"https:\/\/swiss-peak.com\/wp-content\/uploads\/sites\/9\/2025\/02\/P788.1601__S_0__5df5b3a1849c4830b766cea1fb31478c.jpg","datePublished":"2025-01-01T01:22:23+00:00","dateModified":"2026-03-12T01:30:15+00:00","breadcrumb":{"@id":"https:\/\/swiss-peak.com\/fr\/produit\/pochette-ordi-15-6-en-rpet-aware-swiss-peak-essential-noir\/#breadcrumb"},"inLanguage":"fr-FR","potentialAction":[{"@type":"ReadAction","target":["https:\/\/swiss-peak.com\/fr\/produit\/pochette-ordi-15-6-en-rpet-aware-swiss-peak-essential-noir\/"]}]},{"@type":"ImageObject","inLanguage":"fr-FR","@id":"https:\/\/swiss-peak.com\/fr\/produit\/pochette-ordi-15-6-en-rpet-aware-swiss-peak-essential-noir\/#primaryimage","url":"https:\/\/swiss-peak.com\/wp-content\/uploads\/sites\/9\/2025\/02\/P788.1601__S_0__5df5b3a1849c4830b766cea1fb31478c.jpg","contentUrl":"https:\/\/swiss-peak.com\/wp-content\/uploads\/sites\/9\/2025\/02\/P788.1601__S_0__5df5b3a1849c4830b766cea1fb31478c.jpg","width":1024,"height":1024},{"@type":"BreadcrumbList","@id":"https:\/\/swiss-peak.com\/fr\/produit\/pochette-ordi-15-6-en-rpet-aware-swiss-peak-essential-noir\/#breadcrumb","itemListElement":[{"@type":"ListItem","position":1,"name":"Home","item":"https:\/\/swiss-peak.com\/fr\/"},{"@type":"ListItem","position":2,"name":"Collection","item":"https:\/\/swiss-peak.com\/fr\/collection\/"},{"@type":"ListItem","position":3,"name":"Pochette ordi 15.6&#8221; en rPET AWARE\u2122 Swiss Peak Essential, noir"}]},{"@type":"WebSite","@id":"https:\/\/swiss-peak.com\/fr\/#website","url":"https:\/\/swiss-peak.com\/fr\/","name":"Swiss Peak","description":"Where will today take you?","potentialAction":[{"@type":"SearchAction","target":{"@type":"EntryPoint","urlTemplate":"https:\/\/swiss-peak.com\/fr\/?s={search_term_string}"},"query-input":{"@type":"PropertyValueSpecification","valueRequired":true,"valueName":"search_term_string"}}],"inLanguage":"fr-FR"}]}},"_links":{"self":[{"href":"https:\/\/swiss-peak.com\/fr\/wp-json\/wp\/v2\/product\/45220","targetHints":{"allow":["GET"]}}],"collection":[{"href":"https:\/\/swiss-peak.com\/fr\/wp-json\/wp\/v2\/product"}],"about":[{"href":"https:\/\/swiss-peak.com\/fr\/wp-json\/wp\/v2\/types\/product"}],"wp:featuredmedia":[{"embeddable":true,"href":"https:\/\/swiss-peak.com\/fr\/wp-json\/wp\/v2\/media\/45402"}],"wp:attachment":[{"href":"https:\/\/swiss-peak.com\/fr\/wp-json\/wp\/v2\/media?parent=45220"}],"wp:term":[{"taxonomy":"product_cat","embeddable":true,"href":"https:\/\/swiss-peak.com\/fr\/wp-json\/wp\/v2\/product_cat?post=45220"},{"taxonomy":"product_tag","embeddable":true,"href":"https:\/\/swiss-peak.com\/fr\/wp-json\/wp\/v2\/product_tag?post=45220"}],"curies":[{"name":"wp","href":"https:\/\/api.w.org\/{rel}","templated":true}]}}