{"id":45219,"date":"2025-01-01T03:04:40","date_gmt":"2025-01-01T01:22:19","guid":{"rendered":"https:\/\/swiss-peak.com\/sac-a-dos-pour-ordinateur-156-en-rpet-aware-edin-noir\/"},"modified":"2026-03-12T03:28:45","modified_gmt":"2026-03-12T01:28:45","slug":"sac-a-dos-pour-ordinateur-156-en-rpet-aware-edin-noir","status":"publish","type":"product","link":"https:\/\/swiss-peak.com\/fr\/produit\/sac-a-dos-pour-ordinateur-156-en-rpet-aware-edin-noir\/","title":{"rendered":"Sac \u00e0 dos pour ordinateur 15,6\u00a0\u00bb en rPET Aware\u2122 Edin, noir"},"content":{"rendered":"<p>Le sac \u00e0 dos pour ordinateur portable 15,6 pouces en rPET Aware\u2122  Edin allie fonctionnalit\u00e9 et durabilit\u00e9 pour vos besoins professionnels. Fabriqu\u00e9 avec une doublure en rPET assortie, ce sac \u00e0 dos est dot\u00e9 d&rsquo;un compartiment pour ordinateur portable qui convient aux ordinateurs portables de 15,6 et 16 pouces. Il comprend \u00e9galement une poche frontale zipp\u00e9e, un compartiment central zipp\u00e9 avec une poche zipp\u00e9e en filet, deux poches pour passeport et une poche ouverte pour les stylos. Dot\u00e9 d&rsquo;une sangle pour faciliter les d\u00e9placements et d&rsquo;une poign\u00e9e en sangle sur le dessus, ce sac \u00e0 dos a \u00e9t\u00e9 con\u00e7u dans un souci de commodit\u00e9. Tous les composants, de la sangle aux fermetures \u00e9clair et aux boucles, sont fabriqu\u00e9s \u00e0 partir de mat\u00e9riaux recycl\u00e9s, ce qui en fait un choix durable pour le professionnel moderne. Fabriqu\u00e9 en polyester recycl\u00e9 avec le traceur AWARE\u2122. 2 % des recettes de chaque produit vendu avec AWARE\u2122 seront revers\u00e9s \u00e0 Water.org. Sans PVC.<\/p>\n","protected":false},"excerpt":{"rendered":"<p>Le sac \u00e0 dos pour ordinateur portable 15,6 pouces en rPET Aware\u2122 Edin allie fonctionnalit\u00e9 et durabilit\u00e9 pour vos besoins professionnels. Fabriqu\u00e9 avec une doublure en rPET assortie, ce sac \u00e0 dos est dot\u00e9 d&rsquo;un compartiment pour ordinateur portable qui convient aux ordinateurs portables de 15,6 et 16 pouces. Il comprend \u00e9galement une poche frontale [&hellip;]<\/p>\n","protected":false},"featured_media":45395,"template":"","meta":{"_acf_changed":false},"product_cat":[287,291],"product_tag":[],"class_list":["post-45219","product","type-product","status-publish","has-post-thumbnail","hentry","product_cat-business-fr","product_cat-sacs-ordinateurs-portable","pa_color-black-fr"],"acf":[],"yoast_head":"<!-- This site is optimized with the Yoast SEO plugin v27.0 - https:\/\/yoast.com\/product\/yoast-seo-wordpress\/ -->\n<title>Sac \u00e0 dos pour ordinateur 15,6&#039;&#039; en rPET Aware\u2122 Edin, noir - Swiss Peak<\/title>\n<meta name=\"robots\" content=\"index, follow, max-snippet:-1, max-image-preview:large, max-video-preview:-1\" \/>\n<link rel=\"canonical\" href=\"https:\/\/swiss-peak.com\/fr\/produit\/sac-a-dos-pour-ordinateur-156-en-rpet-aware-edin-noir\/\" \/>\n<meta property=\"og:locale\" content=\"fr_FR\" \/>\n<meta property=\"og:type\" content=\"article\" \/>\n<meta property=\"og:title\" content=\"Sac \u00e0 dos pour ordinateur 15,6&#039;&#039; en rPET Aware\u2122 Edin, noir - Swiss Peak\" \/>\n<meta property=\"og:description\" content=\"Le sac \u00e0 dos pour ordinateur portable 15,6 pouces en rPET Aware\u2122 Edin allie fonctionnalit\u00e9 et durabilit\u00e9 pour vos besoins professionnels. Fabriqu\u00e9 avec une doublure en rPET assortie, ce sac \u00e0 dos est dot\u00e9 d&rsquo;un compartiment pour ordinateur portable qui convient aux ordinateurs portables de 15,6 et 16 pouces. Il comprend \u00e9galement une poche frontale [&hellip;]\" \/>\n<meta property=\"og:url\" content=\"https:\/\/swiss-peak.com\/fr\/produit\/sac-a-dos-pour-ordinateur-156-en-rpet-aware-edin-noir\/\" \/>\n<meta property=\"og:site_name\" content=\"Swiss Peak\" \/>\n<meta property=\"article:modified_time\" content=\"2026-03-12T01:28:45+00:00\" \/>\n<meta property=\"og:image\" content=\"https:\/\/swiss-peak.com\/wp-content\/uploads\/sites\/9\/2025\/02\/P763.4801__S_0__2c72b941a4074a2681477bc7ce6bdb3b.jpg\" \/>\n\t<meta property=\"og:image:width\" content=\"1024\" \/>\n\t<meta property=\"og:image:height\" content=\"1024\" \/>\n\t<meta property=\"og:image:type\" content=\"image\/jpeg\" \/>\n<meta name=\"twitter:card\" content=\"summary_large_image\" \/>\n<meta name=\"twitter:label1\" content=\"Dur\u00e9e de lecture estim\u00e9e\" \/>\n\t<meta name=\"twitter:data1\" content=\"1 minute\" \/>\n<script type=\"application\/ld+json\" class=\"yoast-schema-graph\">{\"@context\":\"https:\/\/schema.org\",\"@graph\":[{\"@type\":\"WebPage\",\"@id\":\"https:\/\/swiss-peak.com\/fr\/produit\/sac-a-dos-pour-ordinateur-156-en-rpet-aware-edin-noir\/\",\"url\":\"https:\/\/swiss-peak.com\/fr\/produit\/sac-a-dos-pour-ordinateur-156-en-rpet-aware-edin-noir\/\",\"name\":\"Sac \u00e0 dos pour ordinateur 15,6'' en rPET Aware\u2122 Edin, noir - Swiss Peak\",\"isPartOf\":{\"@id\":\"https:\/\/swiss-peak.com\/fr\/#website\"},\"primaryImageOfPage\":{\"@id\":\"https:\/\/swiss-peak.com\/fr\/produit\/sac-a-dos-pour-ordinateur-156-en-rpet-aware-edin-noir\/#primaryimage\"},\"image\":{\"@id\":\"https:\/\/swiss-peak.com\/fr\/produit\/sac-a-dos-pour-ordinateur-156-en-rpet-aware-edin-noir\/#primaryimage\"},\"thumbnailUrl\":\"https:\/\/swiss-peak.com\/wp-content\/uploads\/sites\/9\/2025\/02\/P763.4801__S_0__2c72b941a4074a2681477bc7ce6bdb3b.jpg\",\"datePublished\":\"2025-01-01T01:22:19+00:00\",\"dateModified\":\"2026-03-12T01:28:45+00:00\",\"breadcrumb\":{\"@id\":\"https:\/\/swiss-peak.com\/fr\/produit\/sac-a-dos-pour-ordinateur-156-en-rpet-aware-edin-noir\/#breadcrumb\"},\"inLanguage\":\"fr-FR\",\"potentialAction\":[{\"@type\":\"ReadAction\",\"target\":[\"https:\/\/swiss-peak.com\/fr\/produit\/sac-a-dos-pour-ordinateur-156-en-rpet-aware-edin-noir\/\"]}]},{\"@type\":\"ImageObject\",\"inLanguage\":\"fr-FR\",\"@id\":\"https:\/\/swiss-peak.com\/fr\/produit\/sac-a-dos-pour-ordinateur-156-en-rpet-aware-edin-noir\/#primaryimage\",\"url\":\"https:\/\/swiss-peak.com\/wp-content\/uploads\/sites\/9\/2025\/02\/P763.4801__S_0__2c72b941a4074a2681477bc7ce6bdb3b.jpg\",\"contentUrl\":\"https:\/\/swiss-peak.com\/wp-content\/uploads\/sites\/9\/2025\/02\/P763.4801__S_0__2c72b941a4074a2681477bc7ce6bdb3b.jpg\",\"width\":1024,\"height\":1024},{\"@type\":\"BreadcrumbList\",\"@id\":\"https:\/\/swiss-peak.com\/fr\/produit\/sac-a-dos-pour-ordinateur-156-en-rpet-aware-edin-noir\/#breadcrumb\",\"itemListElement\":[{\"@type\":\"ListItem\",\"position\":1,\"name\":\"Home\",\"item\":\"https:\/\/swiss-peak.com\/fr\/\"},{\"@type\":\"ListItem\",\"position\":2,\"name\":\"Collection\",\"item\":\"https:\/\/swiss-peak.com\/fr\/collection\/\"},{\"@type\":\"ListItem\",\"position\":3,\"name\":\"Sac \u00e0 dos pour ordinateur 15,6&#8221; en rPET Aware\u2122 Edin, noir\"}]},{\"@type\":\"WebSite\",\"@id\":\"https:\/\/swiss-peak.com\/fr\/#website\",\"url\":\"https:\/\/swiss-peak.com\/fr\/\",\"name\":\"Swiss Peak\",\"description\":\"Where will today take you?\",\"potentialAction\":[{\"@type\":\"SearchAction\",\"target\":{\"@type\":\"EntryPoint\",\"urlTemplate\":\"https:\/\/swiss-peak.com\/fr\/?s={search_term_string}\"},\"query-input\":{\"@type\":\"PropertyValueSpecification\",\"valueRequired\":true,\"valueName\":\"search_term_string\"}}],\"inLanguage\":\"fr-FR\"}]}<\/script>\n<!-- \/ Yoast SEO plugin. -->","yoast_head_json":{"title":"Sac \u00e0 dos pour ordinateur 15,6'' en rPET Aware\u2122 Edin, noir - Swiss Peak","robots":{"index":"index","follow":"follow","max-snippet":"max-snippet:-1","max-image-preview":"max-image-preview:large","max-video-preview":"max-video-preview:-1"},"canonical":"https:\/\/swiss-peak.com\/fr\/produit\/sac-a-dos-pour-ordinateur-156-en-rpet-aware-edin-noir\/","og_locale":"fr_FR","og_type":"article","og_title":"Sac \u00e0 dos pour ordinateur 15,6'' en rPET Aware\u2122 Edin, noir - Swiss Peak","og_description":"Le sac \u00e0 dos pour ordinateur portable 15,6 pouces en rPET Aware\u2122 Edin allie fonctionnalit\u00e9 et durabilit\u00e9 pour vos besoins professionnels. Fabriqu\u00e9 avec une doublure en rPET assortie, ce sac \u00e0 dos est dot\u00e9 d&rsquo;un compartiment pour ordinateur portable qui convient aux ordinateurs portables de 15,6 et 16 pouces. Il comprend \u00e9galement une poche frontale [&hellip;]","og_url":"https:\/\/swiss-peak.com\/fr\/produit\/sac-a-dos-pour-ordinateur-156-en-rpet-aware-edin-noir\/","og_site_name":"Swiss Peak","article_modified_time":"2026-03-12T01:28:45+00:00","og_image":[{"width":1024,"height":1024,"url":"https:\/\/swiss-peak.com\/wp-content\/uploads\/sites\/9\/2025\/02\/P763.4801__S_0__2c72b941a4074a2681477bc7ce6bdb3b.jpg","type":"image\/jpeg"}],"twitter_card":"summary_large_image","twitter_misc":{"Dur\u00e9e de lecture estim\u00e9e":"1 minute"},"schema":{"@context":"https:\/\/schema.org","@graph":[{"@type":"WebPage","@id":"https:\/\/swiss-peak.com\/fr\/produit\/sac-a-dos-pour-ordinateur-156-en-rpet-aware-edin-noir\/","url":"https:\/\/swiss-peak.com\/fr\/produit\/sac-a-dos-pour-ordinateur-156-en-rpet-aware-edin-noir\/","name":"Sac \u00e0 dos pour ordinateur 15,6'' en rPET Aware\u2122 Edin, noir - Swiss Peak","isPartOf":{"@id":"https:\/\/swiss-peak.com\/fr\/#website"},"primaryImageOfPage":{"@id":"https:\/\/swiss-peak.com\/fr\/produit\/sac-a-dos-pour-ordinateur-156-en-rpet-aware-edin-noir\/#primaryimage"},"image":{"@id":"https:\/\/swiss-peak.com\/fr\/produit\/sac-a-dos-pour-ordinateur-156-en-rpet-aware-edin-noir\/#primaryimage"},"thumbnailUrl":"https:\/\/swiss-peak.com\/wp-content\/uploads\/sites\/9\/2025\/02\/P763.4801__S_0__2c72b941a4074a2681477bc7ce6bdb3b.jpg","datePublished":"2025-01-01T01:22:19+00:00","dateModified":"2026-03-12T01:28:45+00:00","breadcrumb":{"@id":"https:\/\/swiss-peak.com\/fr\/produit\/sac-a-dos-pour-ordinateur-156-en-rpet-aware-edin-noir\/#breadcrumb"},"inLanguage":"fr-FR","potentialAction":[{"@type":"ReadAction","target":["https:\/\/swiss-peak.com\/fr\/produit\/sac-a-dos-pour-ordinateur-156-en-rpet-aware-edin-noir\/"]}]},{"@type":"ImageObject","inLanguage":"fr-FR","@id":"https:\/\/swiss-peak.com\/fr\/produit\/sac-a-dos-pour-ordinateur-156-en-rpet-aware-edin-noir\/#primaryimage","url":"https:\/\/swiss-peak.com\/wp-content\/uploads\/sites\/9\/2025\/02\/P763.4801__S_0__2c72b941a4074a2681477bc7ce6bdb3b.jpg","contentUrl":"https:\/\/swiss-peak.com\/wp-content\/uploads\/sites\/9\/2025\/02\/P763.4801__S_0__2c72b941a4074a2681477bc7ce6bdb3b.jpg","width":1024,"height":1024},{"@type":"BreadcrumbList","@id":"https:\/\/swiss-peak.com\/fr\/produit\/sac-a-dos-pour-ordinateur-156-en-rpet-aware-edin-noir\/#breadcrumb","itemListElement":[{"@type":"ListItem","position":1,"name":"Home","item":"https:\/\/swiss-peak.com\/fr\/"},{"@type":"ListItem","position":2,"name":"Collection","item":"https:\/\/swiss-peak.com\/fr\/collection\/"},{"@type":"ListItem","position":3,"name":"Sac \u00e0 dos pour ordinateur 15,6&#8221; en rPET Aware\u2122 Edin, noir"}]},{"@type":"WebSite","@id":"https:\/\/swiss-peak.com\/fr\/#website","url":"https:\/\/swiss-peak.com\/fr\/","name":"Swiss Peak","description":"Where will today take you?","potentialAction":[{"@type":"SearchAction","target":{"@type":"EntryPoint","urlTemplate":"https:\/\/swiss-peak.com\/fr\/?s={search_term_string}"},"query-input":{"@type":"PropertyValueSpecification","valueRequired":true,"valueName":"search_term_string"}}],"inLanguage":"fr-FR"}]}},"_links":{"self":[{"href":"https:\/\/swiss-peak.com\/fr\/wp-json\/wp\/v2\/product\/45219","targetHints":{"allow":["GET"]}}],"collection":[{"href":"https:\/\/swiss-peak.com\/fr\/wp-json\/wp\/v2\/product"}],"about":[{"href":"https:\/\/swiss-peak.com\/fr\/wp-json\/wp\/v2\/types\/product"}],"wp:featuredmedia":[{"embeddable":true,"href":"https:\/\/swiss-peak.com\/fr\/wp-json\/wp\/v2\/media\/45395"}],"wp:attachment":[{"href":"https:\/\/swiss-peak.com\/fr\/wp-json\/wp\/v2\/media?parent=45219"}],"wp:term":[{"taxonomy":"product_cat","embeddable":true,"href":"https:\/\/swiss-peak.com\/fr\/wp-json\/wp\/v2\/product_cat?post=45219"},{"taxonomy":"product_tag","embeddable":true,"href":"https:\/\/swiss-peak.com\/fr\/wp-json\/wp\/v2\/product_tag?post=45219"}],"curies":[{"name":"wp","href":"https:\/\/api.w.org\/{rel}","templated":true}]}}