{"id":45218,"date":"2025-01-01T03:04:40","date_gmt":"2025-01-01T01:22:19","guid":{"rendered":"https:\/\/swiss-peak.com\/sac-a-dos-ordi-15-6-en-rpet-aware-swiss-peak-essential-noir\/"},"modified":"2026-03-12T03:28:40","modified_gmt":"2026-03-12T01:28:40","slug":"sac-a-dos-ordi-15-6-en-rpet-aware-swiss-peak-essential-noir","status":"publish","type":"product","link":"https:\/\/swiss-peak.com\/fr\/produit\/sac-a-dos-ordi-15-6-en-rpet-aware-swiss-peak-essential-noir\/","title":{"rendered":"Sac \u00e0 dos ordi 15.6\u00a0\u00bb en rPET Aware\u2122 Swiss Peak Essential, noir"},"content":{"rendered":"<p>Le sac \u00e0 dos pour ordinateur portable 15,6 pouces en rPET Aware\u2122 Swiss Peak Essential est con\u00e7u pour r\u00e9pondre \u00e0 vos besoins professionnels quotidiens. Ce sac \u00e0 dos \u00e9l\u00e9gant et durable comporte un compartiment principal \u00e0 fermeture \u00e0 zip avec une section d\u00e9di\u00e9e aux ordinateurs portables modernes de 15,6 pouces, ainsi qu&rsquo;une poche filet \u00e0 fermeture \u00e9clair et une \u00e9tiquette d&rsquo;entretien \u00e0 l&rsquo;int\u00e9rieur. Les bretelles r\u00e9glables avec boucles garantissent un port confortable, tandis que la poche frontale \u00e0 fermeture \u00e9clair et la poche lat\u00e9rale avec porte-boisson offrent un espace de rangement suppl\u00e9mentaire. Le sac est \u00e9galement dot\u00e9 d&rsquo;une sangle de bagage pratique \u00e0 l&rsquo;arri\u00e8re et d&rsquo;une poign\u00e9e en sangle sur le dessus. Le logo Swiss Peak ton sur ton et les fermetures \u00e0 glissi\u00e8re Swiss Peak de qualit\u00e9 sup\u00e9rieure compl\u00e8tent son aspect professionnel. Fabriqu\u00e9 en polyester recycl\u00e9 int\u00e9grant le traceur AWARE\u2122. 2 % des recettes de chaque produit vendu avec AWARE\u2122 seront revers\u00e9s \u00e0 Water.org. Sans PVC.<\/p>\n","protected":false},"excerpt":{"rendered":"<p>Le sac \u00e0 dos pour ordinateur portable 15,6 pouces en rPET Aware\u2122 Swiss Peak Essential est con\u00e7u pour r\u00e9pondre \u00e0 vos besoins professionnels quotidiens. Ce sac \u00e0 dos \u00e9l\u00e9gant et durable comporte un compartiment principal \u00e0 fermeture \u00e0 zip avec une section d\u00e9di\u00e9e aux ordinateurs portables modernes de 15,6 pouces, ainsi qu&rsquo;une poche filet \u00e0 [&hellip;]<\/p>\n","protected":false},"featured_media":45388,"template":"","meta":{"_acf_changed":false},"product_cat":[287,291],"product_tag":[],"class_list":["post-45218","product","type-product","status-publish","has-post-thumbnail","hentry","product_cat-business-fr","product_cat-sacs-ordinateurs-portable","pa_color-black-fr"],"acf":[],"yoast_head":"<!-- This site is optimized with the Yoast SEO plugin v27.0 - https:\/\/yoast.com\/product\/yoast-seo-wordpress\/ -->\n<title>Sac \u00e0 dos ordi 15.6&#039;&#039; en rPET Aware\u2122 Swiss Peak Essential, noir - Swiss Peak<\/title>\n<meta name=\"robots\" content=\"index, follow, max-snippet:-1, max-image-preview:large, max-video-preview:-1\" \/>\n<link rel=\"canonical\" href=\"https:\/\/swiss-peak.com\/fr\/produit\/sac-a-dos-ordi-15-6-en-rpet-aware-swiss-peak-essential-noir\/\" \/>\n<meta property=\"og:locale\" content=\"fr_FR\" \/>\n<meta property=\"og:type\" content=\"article\" \/>\n<meta property=\"og:title\" content=\"Sac \u00e0 dos ordi 15.6&#039;&#039; en rPET Aware\u2122 Swiss Peak Essential, noir - Swiss Peak\" \/>\n<meta property=\"og:description\" content=\"Le sac \u00e0 dos pour ordinateur portable 15,6 pouces en rPET Aware\u2122 Swiss Peak Essential est con\u00e7u pour r\u00e9pondre \u00e0 vos besoins professionnels quotidiens. Ce sac \u00e0 dos \u00e9l\u00e9gant et durable comporte un compartiment principal \u00e0 fermeture \u00e0 zip avec une section d\u00e9di\u00e9e aux ordinateurs portables modernes de 15,6 pouces, ainsi qu&rsquo;une poche filet \u00e0 [&hellip;]\" \/>\n<meta property=\"og:url\" content=\"https:\/\/swiss-peak.com\/fr\/produit\/sac-a-dos-ordi-15-6-en-rpet-aware-swiss-peak-essential-noir\/\" \/>\n<meta property=\"og:site_name\" content=\"Swiss Peak\" \/>\n<meta property=\"article:modified_time\" content=\"2026-03-12T01:28:40+00:00\" \/>\n<meta property=\"og:image\" content=\"https:\/\/swiss-peak.com\/wp-content\/uploads\/sites\/9\/2025\/02\/P763.4301__S_0__e50b23c8853b4d81b08326fd2c93cf03.jpg\" \/>\n\t<meta property=\"og:image:width\" content=\"1024\" \/>\n\t<meta property=\"og:image:height\" content=\"1024\" \/>\n\t<meta property=\"og:image:type\" content=\"image\/jpeg\" \/>\n<meta name=\"twitter:card\" content=\"summary_large_image\" \/>\n<meta name=\"twitter:label1\" content=\"Dur\u00e9e de lecture estim\u00e9e\" \/>\n\t<meta name=\"twitter:data1\" content=\"1 minute\" \/>\n<script type=\"application\/ld+json\" class=\"yoast-schema-graph\">{\"@context\":\"https:\/\/schema.org\",\"@graph\":[{\"@type\":\"WebPage\",\"@id\":\"https:\/\/swiss-peak.com\/fr\/produit\/sac-a-dos-ordi-15-6-en-rpet-aware-swiss-peak-essential-noir\/\",\"url\":\"https:\/\/swiss-peak.com\/fr\/produit\/sac-a-dos-ordi-15-6-en-rpet-aware-swiss-peak-essential-noir\/\",\"name\":\"Sac \u00e0 dos ordi 15.6'' en rPET Aware\u2122 Swiss Peak Essential, noir - Swiss Peak\",\"isPartOf\":{\"@id\":\"https:\/\/swiss-peak.com\/fr\/#website\"},\"primaryImageOfPage\":{\"@id\":\"https:\/\/swiss-peak.com\/fr\/produit\/sac-a-dos-ordi-15-6-en-rpet-aware-swiss-peak-essential-noir\/#primaryimage\"},\"image\":{\"@id\":\"https:\/\/swiss-peak.com\/fr\/produit\/sac-a-dos-ordi-15-6-en-rpet-aware-swiss-peak-essential-noir\/#primaryimage\"},\"thumbnailUrl\":\"https:\/\/swiss-peak.com\/wp-content\/uploads\/sites\/9\/2025\/02\/P763.4301__S_0__e50b23c8853b4d81b08326fd2c93cf03.jpg\",\"datePublished\":\"2025-01-01T01:22:19+00:00\",\"dateModified\":\"2026-03-12T01:28:40+00:00\",\"breadcrumb\":{\"@id\":\"https:\/\/swiss-peak.com\/fr\/produit\/sac-a-dos-ordi-15-6-en-rpet-aware-swiss-peak-essential-noir\/#breadcrumb\"},\"inLanguage\":\"fr-FR\",\"potentialAction\":[{\"@type\":\"ReadAction\",\"target\":[\"https:\/\/swiss-peak.com\/fr\/produit\/sac-a-dos-ordi-15-6-en-rpet-aware-swiss-peak-essential-noir\/\"]}]},{\"@type\":\"ImageObject\",\"inLanguage\":\"fr-FR\",\"@id\":\"https:\/\/swiss-peak.com\/fr\/produit\/sac-a-dos-ordi-15-6-en-rpet-aware-swiss-peak-essential-noir\/#primaryimage\",\"url\":\"https:\/\/swiss-peak.com\/wp-content\/uploads\/sites\/9\/2025\/02\/P763.4301__S_0__e50b23c8853b4d81b08326fd2c93cf03.jpg\",\"contentUrl\":\"https:\/\/swiss-peak.com\/wp-content\/uploads\/sites\/9\/2025\/02\/P763.4301__S_0__e50b23c8853b4d81b08326fd2c93cf03.jpg\",\"width\":1024,\"height\":1024},{\"@type\":\"BreadcrumbList\",\"@id\":\"https:\/\/swiss-peak.com\/fr\/produit\/sac-a-dos-ordi-15-6-en-rpet-aware-swiss-peak-essential-noir\/#breadcrumb\",\"itemListElement\":[{\"@type\":\"ListItem\",\"position\":1,\"name\":\"Home\",\"item\":\"https:\/\/swiss-peak.com\/fr\/\"},{\"@type\":\"ListItem\",\"position\":2,\"name\":\"Collection\",\"item\":\"https:\/\/swiss-peak.com\/fr\/collection\/\"},{\"@type\":\"ListItem\",\"position\":3,\"name\":\"Sac \u00e0 dos ordi 15.6&#8221; en rPET Aware\u2122 Swiss Peak Essential, noir\"}]},{\"@type\":\"WebSite\",\"@id\":\"https:\/\/swiss-peak.com\/fr\/#website\",\"url\":\"https:\/\/swiss-peak.com\/fr\/\",\"name\":\"Swiss Peak\",\"description\":\"Where will today take you?\",\"potentialAction\":[{\"@type\":\"SearchAction\",\"target\":{\"@type\":\"EntryPoint\",\"urlTemplate\":\"https:\/\/swiss-peak.com\/fr\/?s={search_term_string}\"},\"query-input\":{\"@type\":\"PropertyValueSpecification\",\"valueRequired\":true,\"valueName\":\"search_term_string\"}}],\"inLanguage\":\"fr-FR\"}]}<\/script>\n<!-- \/ Yoast SEO plugin. -->","yoast_head_json":{"title":"Sac \u00e0 dos ordi 15.6'' en rPET Aware\u2122 Swiss Peak Essential, noir - Swiss Peak","robots":{"index":"index","follow":"follow","max-snippet":"max-snippet:-1","max-image-preview":"max-image-preview:large","max-video-preview":"max-video-preview:-1"},"canonical":"https:\/\/swiss-peak.com\/fr\/produit\/sac-a-dos-ordi-15-6-en-rpet-aware-swiss-peak-essential-noir\/","og_locale":"fr_FR","og_type":"article","og_title":"Sac \u00e0 dos ordi 15.6'' en rPET Aware\u2122 Swiss Peak Essential, noir - Swiss Peak","og_description":"Le sac \u00e0 dos pour ordinateur portable 15,6 pouces en rPET Aware\u2122 Swiss Peak Essential est con\u00e7u pour r\u00e9pondre \u00e0 vos besoins professionnels quotidiens. Ce sac \u00e0 dos \u00e9l\u00e9gant et durable comporte un compartiment principal \u00e0 fermeture \u00e0 zip avec une section d\u00e9di\u00e9e aux ordinateurs portables modernes de 15,6 pouces, ainsi qu&rsquo;une poche filet \u00e0 [&hellip;]","og_url":"https:\/\/swiss-peak.com\/fr\/produit\/sac-a-dos-ordi-15-6-en-rpet-aware-swiss-peak-essential-noir\/","og_site_name":"Swiss Peak","article_modified_time":"2026-03-12T01:28:40+00:00","og_image":[{"width":1024,"height":1024,"url":"https:\/\/swiss-peak.com\/wp-content\/uploads\/sites\/9\/2025\/02\/P763.4301__S_0__e50b23c8853b4d81b08326fd2c93cf03.jpg","type":"image\/jpeg"}],"twitter_card":"summary_large_image","twitter_misc":{"Dur\u00e9e de lecture estim\u00e9e":"1 minute"},"schema":{"@context":"https:\/\/schema.org","@graph":[{"@type":"WebPage","@id":"https:\/\/swiss-peak.com\/fr\/produit\/sac-a-dos-ordi-15-6-en-rpet-aware-swiss-peak-essential-noir\/","url":"https:\/\/swiss-peak.com\/fr\/produit\/sac-a-dos-ordi-15-6-en-rpet-aware-swiss-peak-essential-noir\/","name":"Sac \u00e0 dos ordi 15.6'' en rPET Aware\u2122 Swiss Peak Essential, noir - Swiss Peak","isPartOf":{"@id":"https:\/\/swiss-peak.com\/fr\/#website"},"primaryImageOfPage":{"@id":"https:\/\/swiss-peak.com\/fr\/produit\/sac-a-dos-ordi-15-6-en-rpet-aware-swiss-peak-essential-noir\/#primaryimage"},"image":{"@id":"https:\/\/swiss-peak.com\/fr\/produit\/sac-a-dos-ordi-15-6-en-rpet-aware-swiss-peak-essential-noir\/#primaryimage"},"thumbnailUrl":"https:\/\/swiss-peak.com\/wp-content\/uploads\/sites\/9\/2025\/02\/P763.4301__S_0__e50b23c8853b4d81b08326fd2c93cf03.jpg","datePublished":"2025-01-01T01:22:19+00:00","dateModified":"2026-03-12T01:28:40+00:00","breadcrumb":{"@id":"https:\/\/swiss-peak.com\/fr\/produit\/sac-a-dos-ordi-15-6-en-rpet-aware-swiss-peak-essential-noir\/#breadcrumb"},"inLanguage":"fr-FR","potentialAction":[{"@type":"ReadAction","target":["https:\/\/swiss-peak.com\/fr\/produit\/sac-a-dos-ordi-15-6-en-rpet-aware-swiss-peak-essential-noir\/"]}]},{"@type":"ImageObject","inLanguage":"fr-FR","@id":"https:\/\/swiss-peak.com\/fr\/produit\/sac-a-dos-ordi-15-6-en-rpet-aware-swiss-peak-essential-noir\/#primaryimage","url":"https:\/\/swiss-peak.com\/wp-content\/uploads\/sites\/9\/2025\/02\/P763.4301__S_0__e50b23c8853b4d81b08326fd2c93cf03.jpg","contentUrl":"https:\/\/swiss-peak.com\/wp-content\/uploads\/sites\/9\/2025\/02\/P763.4301__S_0__e50b23c8853b4d81b08326fd2c93cf03.jpg","width":1024,"height":1024},{"@type":"BreadcrumbList","@id":"https:\/\/swiss-peak.com\/fr\/produit\/sac-a-dos-ordi-15-6-en-rpet-aware-swiss-peak-essential-noir\/#breadcrumb","itemListElement":[{"@type":"ListItem","position":1,"name":"Home","item":"https:\/\/swiss-peak.com\/fr\/"},{"@type":"ListItem","position":2,"name":"Collection","item":"https:\/\/swiss-peak.com\/fr\/collection\/"},{"@type":"ListItem","position":3,"name":"Sac \u00e0 dos ordi 15.6&#8221; en rPET Aware\u2122 Swiss Peak Essential, noir"}]},{"@type":"WebSite","@id":"https:\/\/swiss-peak.com\/fr\/#website","url":"https:\/\/swiss-peak.com\/fr\/","name":"Swiss Peak","description":"Where will today take you?","potentialAction":[{"@type":"SearchAction","target":{"@type":"EntryPoint","urlTemplate":"https:\/\/swiss-peak.com\/fr\/?s={search_term_string}"},"query-input":{"@type":"PropertyValueSpecification","valueRequired":true,"valueName":"search_term_string"}}],"inLanguage":"fr-FR"}]}},"_links":{"self":[{"href":"https:\/\/swiss-peak.com\/fr\/wp-json\/wp\/v2\/product\/45218","targetHints":{"allow":["GET"]}}],"collection":[{"href":"https:\/\/swiss-peak.com\/fr\/wp-json\/wp\/v2\/product"}],"about":[{"href":"https:\/\/swiss-peak.com\/fr\/wp-json\/wp\/v2\/types\/product"}],"wp:featuredmedia":[{"embeddable":true,"href":"https:\/\/swiss-peak.com\/fr\/wp-json\/wp\/v2\/media\/45388"}],"wp:attachment":[{"href":"https:\/\/swiss-peak.com\/fr\/wp-json\/wp\/v2\/media?parent=45218"}],"wp:term":[{"taxonomy":"product_cat","embeddable":true,"href":"https:\/\/swiss-peak.com\/fr\/wp-json\/wp\/v2\/product_cat?post=45218"},{"taxonomy":"product_tag","embeddable":true,"href":"https:\/\/swiss-peak.com\/fr\/wp-json\/wp\/v2\/product_tag?post=45218"}],"curies":[{"name":"wp","href":"https:\/\/api.w.org\/{rel}","templated":true}]}}