{"id":45217,"date":"2025-01-01T03:04:06","date_gmt":"2025-01-01T01:22:17","guid":{"rendered":"https:\/\/swiss-peak.com\/sacoche-ordinateur-en-rpet-aware-swiss-peak-essential-noir\/"},"modified":"2026-04-29T02:22:31","modified_gmt":"2026-04-29T00:22:31","slug":"sacoche-ordinateur-en-rpet-aware-swiss-peak-essential-noir","status":"publish","type":"product","link":"https:\/\/swiss-peak.com\/fr\/produit\/sacoche-ordinateur-en-rpet-aware-swiss-peak-essential-noir\/","title":{"rendered":"Sacoche ordinateur en rPET AWARE\u2122 Swiss Peak Essential, noir"},"content":{"rendered":"<p>Transportez votre technologie avec style gr\u00e2ce au sac pour ordinateur portable 15,6 pouces  en rPET Aware\u2122 Swiss Peak Essential. Ce sac \u00e9l\u00e9gant comprend un compartiment principal avec une section d\u00e9di\u00e9e \u00e0 l&rsquo;ordinateur portable qui permet d&rsquo;accueillir les ordinateurs portables de 15,6 pouces en toute s\u00e9curit\u00e9. Le sac comprend \u00e9galement une poche frontale zipp\u00e9e pour les accessoires, deux poign\u00e9es en toile et une bandouli\u00e8re amovible et r\u00e9glable (120 cm) avec boucles pour faciliter le transport. Le logo Swiss Peak ton sur ton sur le devant ajoute une touche d&rsquo;\u00e9l\u00e9gance \u00e0 son design fonctionnel. Fabriqu\u00e9 \u00e0 partir de polyester recycl\u00e9 int\u00e9grant le traceur AWARE\u2122. 2 % des recettes de chaque produit vendu avec AWARE\u2122 seront revers\u00e9s \u00e0 Water.org. Sans PVC.<\/p>\n","protected":false},"excerpt":{"rendered":"<p>Transportez votre technologie avec style gr\u00e2ce au sac pour ordinateur portable 15,6 pouces en rPET Aware\u2122 Swiss Peak Essential. Ce sac \u00e9l\u00e9gant comprend un compartiment principal avec une section d\u00e9di\u00e9e \u00e0 l&rsquo;ordinateur portable qui permet d&rsquo;accueillir les ordinateurs portables de 15,6 pouces en toute s\u00e9curit\u00e9. Le sac comprend \u00e9galement une poche frontale zipp\u00e9e pour les [&hellip;]<\/p>\n","protected":false},"featured_media":46675,"template":"","meta":{"_acf_changed":false},"product_cat":[287,291],"product_tag":[],"class_list":["post-45217","product","type-product","status-publish","has-post-thumbnail","hentry","product_cat-business-fr","product_cat-sacs-ordinateurs-portable","pa_color-black-fr"],"acf":[],"yoast_head":"<!-- This site is optimized with the Yoast SEO plugin v27.0 - https:\/\/yoast.com\/product\/yoast-seo-wordpress\/ -->\n<title>Sacoche ordinateur en rPET AWARE\u2122 Swiss Peak Essential, noir - Swiss Peak<\/title>\n<meta name=\"robots\" content=\"index, follow, max-snippet:-1, max-image-preview:large, max-video-preview:-1\" \/>\n<link rel=\"canonical\" href=\"https:\/\/swiss-peak.com\/fr\/produit\/sacoche-ordinateur-en-rpet-aware-swiss-peak-essential-noir\/\" \/>\n<meta property=\"og:locale\" content=\"fr_FR\" \/>\n<meta property=\"og:type\" content=\"article\" \/>\n<meta property=\"og:title\" content=\"Sacoche ordinateur en rPET AWARE\u2122 Swiss Peak Essential, noir - Swiss Peak\" \/>\n<meta property=\"og:description\" content=\"Transportez votre technologie avec style gr\u00e2ce au sac pour ordinateur portable 15,6 pouces en rPET Aware\u2122 Swiss Peak Essential. Ce sac \u00e9l\u00e9gant comprend un compartiment principal avec une section d\u00e9di\u00e9e \u00e0 l&rsquo;ordinateur portable qui permet d&rsquo;accueillir les ordinateurs portables de 15,6 pouces en toute s\u00e9curit\u00e9. Le sac comprend \u00e9galement une poche frontale zipp\u00e9e pour les [&hellip;]\" \/>\n<meta property=\"og:url\" content=\"https:\/\/swiss-peak.com\/fr\/produit\/sacoche-ordinateur-en-rpet-aware-swiss-peak-essential-noir\/\" \/>\n<meta property=\"og:site_name\" content=\"Swiss Peak\" \/>\n<meta property=\"article:modified_time\" content=\"2026-04-29T00:22:31+00:00\" \/>\n<meta property=\"og:image\" content=\"https:\/\/swiss-peak.com\/wp-content\/uploads\/sites\/9\/2026\/04\/P732.2301__S_0__b38b1ee9e2894f4095bdfc78c3860040.jpg\" \/>\n\t<meta property=\"og:image:width\" content=\"1024\" \/>\n\t<meta property=\"og:image:height\" content=\"1024\" \/>\n\t<meta property=\"og:image:type\" content=\"image\/jpeg\" \/>\n<meta name=\"twitter:card\" content=\"summary_large_image\" \/>\n<meta name=\"twitter:label1\" content=\"Dur\u00e9e de lecture estim\u00e9e\" \/>\n\t<meta name=\"twitter:data1\" content=\"1 minute\" \/>\n<script type=\"application\/ld+json\" class=\"yoast-schema-graph\">{\"@context\":\"https:\/\/schema.org\",\"@graph\":[{\"@type\":\"WebPage\",\"@id\":\"https:\/\/swiss-peak.com\/fr\/produit\/sacoche-ordinateur-en-rpet-aware-swiss-peak-essential-noir\/\",\"url\":\"https:\/\/swiss-peak.com\/fr\/produit\/sacoche-ordinateur-en-rpet-aware-swiss-peak-essential-noir\/\",\"name\":\"Sacoche ordinateur en rPET AWARE\u2122 Swiss Peak Essential, noir - Swiss Peak\",\"isPartOf\":{\"@id\":\"https:\/\/swiss-peak.com\/fr\/#website\"},\"primaryImageOfPage\":{\"@id\":\"https:\/\/swiss-peak.com\/fr\/produit\/sacoche-ordinateur-en-rpet-aware-swiss-peak-essential-noir\/#primaryimage\"},\"image\":{\"@id\":\"https:\/\/swiss-peak.com\/fr\/produit\/sacoche-ordinateur-en-rpet-aware-swiss-peak-essential-noir\/#primaryimage\"},\"thumbnailUrl\":\"https:\/\/swiss-peak.com\/wp-content\/uploads\/sites\/9\/2026\/04\/P732.2301__S_0__b38b1ee9e2894f4095bdfc78c3860040.jpg\",\"datePublished\":\"2025-01-01T01:22:17+00:00\",\"dateModified\":\"2026-04-29T00:22:31+00:00\",\"breadcrumb\":{\"@id\":\"https:\/\/swiss-peak.com\/fr\/produit\/sacoche-ordinateur-en-rpet-aware-swiss-peak-essential-noir\/#breadcrumb\"},\"inLanguage\":\"fr-FR\",\"potentialAction\":[{\"@type\":\"ReadAction\",\"target\":[\"https:\/\/swiss-peak.com\/fr\/produit\/sacoche-ordinateur-en-rpet-aware-swiss-peak-essential-noir\/\"]}]},{\"@type\":\"ImageObject\",\"inLanguage\":\"fr-FR\",\"@id\":\"https:\/\/swiss-peak.com\/fr\/produit\/sacoche-ordinateur-en-rpet-aware-swiss-peak-essential-noir\/#primaryimage\",\"url\":\"https:\/\/swiss-peak.com\/wp-content\/uploads\/sites\/9\/2026\/04\/P732.2301__S_0__b38b1ee9e2894f4095bdfc78c3860040.jpg\",\"contentUrl\":\"https:\/\/swiss-peak.com\/wp-content\/uploads\/sites\/9\/2026\/04\/P732.2301__S_0__b38b1ee9e2894f4095bdfc78c3860040.jpg\",\"width\":1024,\"height\":1024},{\"@type\":\"BreadcrumbList\",\"@id\":\"https:\/\/swiss-peak.com\/fr\/produit\/sacoche-ordinateur-en-rpet-aware-swiss-peak-essential-noir\/#breadcrumb\",\"itemListElement\":[{\"@type\":\"ListItem\",\"position\":1,\"name\":\"Home\",\"item\":\"https:\/\/swiss-peak.com\/fr\/\"},{\"@type\":\"ListItem\",\"position\":2,\"name\":\"Collection\",\"item\":\"https:\/\/swiss-peak.com\/fr\/collection\/\"},{\"@type\":\"ListItem\",\"position\":3,\"name\":\"Sacoche ordinateur en rPET AWARE\u2122 Swiss Peak Essential, noir\"}]},{\"@type\":\"WebSite\",\"@id\":\"https:\/\/swiss-peak.com\/fr\/#website\",\"url\":\"https:\/\/swiss-peak.com\/fr\/\",\"name\":\"Swiss Peak\",\"description\":\"Where will today take you?\",\"potentialAction\":[{\"@type\":\"SearchAction\",\"target\":{\"@type\":\"EntryPoint\",\"urlTemplate\":\"https:\/\/swiss-peak.com\/fr\/?s={search_term_string}\"},\"query-input\":{\"@type\":\"PropertyValueSpecification\",\"valueRequired\":true,\"valueName\":\"search_term_string\"}}],\"inLanguage\":\"fr-FR\"}]}<\/script>\n<!-- \/ Yoast SEO plugin. -->","yoast_head_json":{"title":"Sacoche ordinateur en rPET AWARE\u2122 Swiss Peak Essential, noir - Swiss Peak","robots":{"index":"index","follow":"follow","max-snippet":"max-snippet:-1","max-image-preview":"max-image-preview:large","max-video-preview":"max-video-preview:-1"},"canonical":"https:\/\/swiss-peak.com\/fr\/produit\/sacoche-ordinateur-en-rpet-aware-swiss-peak-essential-noir\/","og_locale":"fr_FR","og_type":"article","og_title":"Sacoche ordinateur en rPET AWARE\u2122 Swiss Peak Essential, noir - Swiss Peak","og_description":"Transportez votre technologie avec style gr\u00e2ce au sac pour ordinateur portable 15,6 pouces en rPET Aware\u2122 Swiss Peak Essential. Ce sac \u00e9l\u00e9gant comprend un compartiment principal avec une section d\u00e9di\u00e9e \u00e0 l&rsquo;ordinateur portable qui permet d&rsquo;accueillir les ordinateurs portables de 15,6 pouces en toute s\u00e9curit\u00e9. Le sac comprend \u00e9galement une poche frontale zipp\u00e9e pour les [&hellip;]","og_url":"https:\/\/swiss-peak.com\/fr\/produit\/sacoche-ordinateur-en-rpet-aware-swiss-peak-essential-noir\/","og_site_name":"Swiss Peak","article_modified_time":"2026-04-29T00:22:31+00:00","og_image":[{"width":1024,"height":1024,"url":"https:\/\/swiss-peak.com\/wp-content\/uploads\/sites\/9\/2026\/04\/P732.2301__S_0__b38b1ee9e2894f4095bdfc78c3860040.jpg","type":"image\/jpeg"}],"twitter_card":"summary_large_image","twitter_misc":{"Dur\u00e9e de lecture estim\u00e9e":"1 minute"},"schema":{"@context":"https:\/\/schema.org","@graph":[{"@type":"WebPage","@id":"https:\/\/swiss-peak.com\/fr\/produit\/sacoche-ordinateur-en-rpet-aware-swiss-peak-essential-noir\/","url":"https:\/\/swiss-peak.com\/fr\/produit\/sacoche-ordinateur-en-rpet-aware-swiss-peak-essential-noir\/","name":"Sacoche ordinateur en rPET AWARE\u2122 Swiss Peak Essential, noir - Swiss Peak","isPartOf":{"@id":"https:\/\/swiss-peak.com\/fr\/#website"},"primaryImageOfPage":{"@id":"https:\/\/swiss-peak.com\/fr\/produit\/sacoche-ordinateur-en-rpet-aware-swiss-peak-essential-noir\/#primaryimage"},"image":{"@id":"https:\/\/swiss-peak.com\/fr\/produit\/sacoche-ordinateur-en-rpet-aware-swiss-peak-essential-noir\/#primaryimage"},"thumbnailUrl":"https:\/\/swiss-peak.com\/wp-content\/uploads\/sites\/9\/2026\/04\/P732.2301__S_0__b38b1ee9e2894f4095bdfc78c3860040.jpg","datePublished":"2025-01-01T01:22:17+00:00","dateModified":"2026-04-29T00:22:31+00:00","breadcrumb":{"@id":"https:\/\/swiss-peak.com\/fr\/produit\/sacoche-ordinateur-en-rpet-aware-swiss-peak-essential-noir\/#breadcrumb"},"inLanguage":"fr-FR","potentialAction":[{"@type":"ReadAction","target":["https:\/\/swiss-peak.com\/fr\/produit\/sacoche-ordinateur-en-rpet-aware-swiss-peak-essential-noir\/"]}]},{"@type":"ImageObject","inLanguage":"fr-FR","@id":"https:\/\/swiss-peak.com\/fr\/produit\/sacoche-ordinateur-en-rpet-aware-swiss-peak-essential-noir\/#primaryimage","url":"https:\/\/swiss-peak.com\/wp-content\/uploads\/sites\/9\/2026\/04\/P732.2301__S_0__b38b1ee9e2894f4095bdfc78c3860040.jpg","contentUrl":"https:\/\/swiss-peak.com\/wp-content\/uploads\/sites\/9\/2026\/04\/P732.2301__S_0__b38b1ee9e2894f4095bdfc78c3860040.jpg","width":1024,"height":1024},{"@type":"BreadcrumbList","@id":"https:\/\/swiss-peak.com\/fr\/produit\/sacoche-ordinateur-en-rpet-aware-swiss-peak-essential-noir\/#breadcrumb","itemListElement":[{"@type":"ListItem","position":1,"name":"Home","item":"https:\/\/swiss-peak.com\/fr\/"},{"@type":"ListItem","position":2,"name":"Collection","item":"https:\/\/swiss-peak.com\/fr\/collection\/"},{"@type":"ListItem","position":3,"name":"Sacoche ordinateur en rPET AWARE\u2122 Swiss Peak Essential, noir"}]},{"@type":"WebSite","@id":"https:\/\/swiss-peak.com\/fr\/#website","url":"https:\/\/swiss-peak.com\/fr\/","name":"Swiss Peak","description":"Where will today take you?","potentialAction":[{"@type":"SearchAction","target":{"@type":"EntryPoint","urlTemplate":"https:\/\/swiss-peak.com\/fr\/?s={search_term_string}"},"query-input":{"@type":"PropertyValueSpecification","valueRequired":true,"valueName":"search_term_string"}}],"inLanguage":"fr-FR"}]}},"_links":{"self":[{"href":"https:\/\/swiss-peak.com\/fr\/wp-json\/wp\/v2\/product\/45217","targetHints":{"allow":["GET"]}}],"collection":[{"href":"https:\/\/swiss-peak.com\/fr\/wp-json\/wp\/v2\/product"}],"about":[{"href":"https:\/\/swiss-peak.com\/fr\/wp-json\/wp\/v2\/types\/product"}],"wp:featuredmedia":[{"embeddable":true,"href":"https:\/\/swiss-peak.com\/fr\/wp-json\/wp\/v2\/media\/46675"}],"wp:attachment":[{"href":"https:\/\/swiss-peak.com\/fr\/wp-json\/wp\/v2\/media?parent=45217"}],"wp:term":[{"taxonomy":"product_cat","embeddable":true,"href":"https:\/\/swiss-peak.com\/fr\/wp-json\/wp\/v2\/product_cat?post=45217"},{"taxonomy":"product_tag","embeddable":true,"href":"https:\/\/swiss-peak.com\/fr\/wp-json\/wp\/v2\/product_tag?post=45217"}],"curies":[{"name":"wp","href":"https:\/\/api.w.org\/{rel}","templated":true}]}}