{"id":45216,"date":"2025-01-01T03:02:54","date_gmt":"2025-01-01T01:22:13","guid":{"rendered":"https:\/\/swiss-peak.com\/sac-weekend-ordinateur-15-6-en-rpet-aware-swiss-peak-noir\/"},"modified":"2026-03-12T03:25:10","modified_gmt":"2026-03-12T01:25:10","slug":"sac-weekend-ordinateur-15-6-en-rpet-aware-swiss-peak-noir","status":"publish","type":"product","link":"https:\/\/swiss-peak.com\/fr\/produit\/sac-weekend-ordinateur-15-6-en-rpet-aware-swiss-peak-noir\/","title":{"rendered":"Sac weekend ordinateur 15.6\u00a0\u00bb en rPET AWARE\u2122 Swiss Peak, noir"},"content":{"rendered":"<p>Sac weekend Swiss Peak avec compartiment pour ordinateur portable de 15&Prime;6 pouces pour tous vos courts voyages d&rsquo;affaires. Fabriqu\u00e9 en rPET 300D\/150D Aware\u2122. Le compartiment principal est dot\u00e9 de poches suppl\u00e9mentaires et d&rsquo;une poche \u00e0 fermeture \u00e9clair \u00e0 l&rsquo;int\u00e9rieur. Fermetures \u00e0 zip rigides.<\/p>\n","protected":false},"excerpt":{"rendered":"<p>Sac weekend Swiss Peak avec compartiment pour ordinateur portable de 15&Prime;6 pouces pour tous vos courts voyages d&rsquo;affaires. Fabriqu\u00e9 en rPET 300D\/150D Aware\u2122. Le compartiment principal est dot\u00e9 de poches suppl\u00e9mentaires et d&rsquo;une poche \u00e0 fermeture \u00e9clair \u00e0 l&rsquo;int\u00e9rieur. Fermetures \u00e0 zip rigides.<\/p>\n","protected":false},"featured_media":45374,"template":"","meta":{"_acf_changed":false},"product_cat":[255,283],"product_tag":[],"class_list":["post-45216","product","type-product","status-publish","has-post-thumbnail","hentry","product_cat-sacs-voyage","product_cat-sacs-weekend","pa_color-black-fr"],"acf":[],"yoast_head":"<!-- This site is optimized with the Yoast SEO plugin v27.0 - https:\/\/yoast.com\/product\/yoast-seo-wordpress\/ -->\n<title>Sac weekend ordinateur 15.6&#039;&#039; en rPET AWARE\u2122 Swiss Peak, noir - Swiss Peak<\/title>\n<meta name=\"robots\" content=\"index, follow, max-snippet:-1, max-image-preview:large, max-video-preview:-1\" \/>\n<link rel=\"canonical\" href=\"https:\/\/swiss-peak.com\/fr\/produit\/sac-weekend-ordinateur-15-6-en-rpet-aware-swiss-peak-noir\/\" \/>\n<meta property=\"og:locale\" content=\"fr_FR\" \/>\n<meta property=\"og:type\" content=\"article\" \/>\n<meta property=\"og:title\" content=\"Sac weekend ordinateur 15.6&#039;&#039; en rPET AWARE\u2122 Swiss Peak, noir - Swiss Peak\" \/>\n<meta property=\"og:description\" content=\"Sac weekend Swiss Peak avec compartiment pour ordinateur portable de 15&Prime;6 pouces pour tous vos courts voyages d&rsquo;affaires. Fabriqu\u00e9 en rPET 300D\/150D Aware\u2122. Le compartiment principal est dot\u00e9 de poches suppl\u00e9mentaires et d&rsquo;une poche \u00e0 fermeture \u00e9clair \u00e0 l&rsquo;int\u00e9rieur. Fermetures \u00e0 zip rigides.\" \/>\n<meta property=\"og:url\" content=\"https:\/\/swiss-peak.com\/fr\/produit\/sac-weekend-ordinateur-15-6-en-rpet-aware-swiss-peak-noir\/\" \/>\n<meta property=\"og:site_name\" content=\"Swiss Peak\" \/>\n<meta property=\"article:modified_time\" content=\"2026-03-12T01:25:10+00:00\" \/>\n<meta property=\"og:image\" content=\"https:\/\/swiss-peak.com\/wp-content\/uploads\/sites\/9\/2025\/02\/P707.2701__S_0__f032cc25f82647ecbe5486b52825c798.jpg\" \/>\n\t<meta property=\"og:image:width\" content=\"1024\" \/>\n\t<meta property=\"og:image:height\" content=\"1024\" \/>\n\t<meta property=\"og:image:type\" content=\"image\/jpeg\" \/>\n<meta name=\"twitter:card\" content=\"summary_large_image\" \/>\n<script type=\"application\/ld+json\" class=\"yoast-schema-graph\">{\"@context\":\"https:\/\/schema.org\",\"@graph\":[{\"@type\":\"WebPage\",\"@id\":\"https:\/\/swiss-peak.com\/fr\/produit\/sac-weekend-ordinateur-15-6-en-rpet-aware-swiss-peak-noir\/\",\"url\":\"https:\/\/swiss-peak.com\/fr\/produit\/sac-weekend-ordinateur-15-6-en-rpet-aware-swiss-peak-noir\/\",\"name\":\"Sac weekend ordinateur 15.6'' en rPET AWARE\u2122 Swiss Peak, noir - Swiss Peak\",\"isPartOf\":{\"@id\":\"https:\/\/swiss-peak.com\/fr\/#website\"},\"primaryImageOfPage\":{\"@id\":\"https:\/\/swiss-peak.com\/fr\/produit\/sac-weekend-ordinateur-15-6-en-rpet-aware-swiss-peak-noir\/#primaryimage\"},\"image\":{\"@id\":\"https:\/\/swiss-peak.com\/fr\/produit\/sac-weekend-ordinateur-15-6-en-rpet-aware-swiss-peak-noir\/#primaryimage\"},\"thumbnailUrl\":\"https:\/\/swiss-peak.com\/wp-content\/uploads\/sites\/9\/2025\/02\/P707.2701__S_0__f032cc25f82647ecbe5486b52825c798.jpg\",\"datePublished\":\"2025-01-01T01:22:13+00:00\",\"dateModified\":\"2026-03-12T01:25:10+00:00\",\"breadcrumb\":{\"@id\":\"https:\/\/swiss-peak.com\/fr\/produit\/sac-weekend-ordinateur-15-6-en-rpet-aware-swiss-peak-noir\/#breadcrumb\"},\"inLanguage\":\"fr-FR\",\"potentialAction\":[{\"@type\":\"ReadAction\",\"target\":[\"https:\/\/swiss-peak.com\/fr\/produit\/sac-weekend-ordinateur-15-6-en-rpet-aware-swiss-peak-noir\/\"]}]},{\"@type\":\"ImageObject\",\"inLanguage\":\"fr-FR\",\"@id\":\"https:\/\/swiss-peak.com\/fr\/produit\/sac-weekend-ordinateur-15-6-en-rpet-aware-swiss-peak-noir\/#primaryimage\",\"url\":\"https:\/\/swiss-peak.com\/wp-content\/uploads\/sites\/9\/2025\/02\/P707.2701__S_0__f032cc25f82647ecbe5486b52825c798.jpg\",\"contentUrl\":\"https:\/\/swiss-peak.com\/wp-content\/uploads\/sites\/9\/2025\/02\/P707.2701__S_0__f032cc25f82647ecbe5486b52825c798.jpg\",\"width\":1024,\"height\":1024},{\"@type\":\"BreadcrumbList\",\"@id\":\"https:\/\/swiss-peak.com\/fr\/produit\/sac-weekend-ordinateur-15-6-en-rpet-aware-swiss-peak-noir\/#breadcrumb\",\"itemListElement\":[{\"@type\":\"ListItem\",\"position\":1,\"name\":\"Home\",\"item\":\"https:\/\/swiss-peak.com\/fr\/\"},{\"@type\":\"ListItem\",\"position\":2,\"name\":\"Collection\",\"item\":\"https:\/\/swiss-peak.com\/fr\/collection\/\"},{\"@type\":\"ListItem\",\"position\":3,\"name\":\"Sac weekend ordinateur 15.6&#8221; en rPET AWARE\u2122 Swiss Peak, noir\"}]},{\"@type\":\"WebSite\",\"@id\":\"https:\/\/swiss-peak.com\/fr\/#website\",\"url\":\"https:\/\/swiss-peak.com\/fr\/\",\"name\":\"Swiss Peak\",\"description\":\"Where will today take you?\",\"potentialAction\":[{\"@type\":\"SearchAction\",\"target\":{\"@type\":\"EntryPoint\",\"urlTemplate\":\"https:\/\/swiss-peak.com\/fr\/?s={search_term_string}\"},\"query-input\":{\"@type\":\"PropertyValueSpecification\",\"valueRequired\":true,\"valueName\":\"search_term_string\"}}],\"inLanguage\":\"fr-FR\"}]}<\/script>\n<!-- \/ Yoast SEO plugin. -->","yoast_head_json":{"title":"Sac weekend ordinateur 15.6'' en rPET AWARE\u2122 Swiss Peak, noir - Swiss Peak","robots":{"index":"index","follow":"follow","max-snippet":"max-snippet:-1","max-image-preview":"max-image-preview:large","max-video-preview":"max-video-preview:-1"},"canonical":"https:\/\/swiss-peak.com\/fr\/produit\/sac-weekend-ordinateur-15-6-en-rpet-aware-swiss-peak-noir\/","og_locale":"fr_FR","og_type":"article","og_title":"Sac weekend ordinateur 15.6'' en rPET AWARE\u2122 Swiss Peak, noir - Swiss Peak","og_description":"Sac weekend Swiss Peak avec compartiment pour ordinateur portable de 15&Prime;6 pouces pour tous vos courts voyages d&rsquo;affaires. Fabriqu\u00e9 en rPET 300D\/150D Aware\u2122. Le compartiment principal est dot\u00e9 de poches suppl\u00e9mentaires et d&rsquo;une poche \u00e0 fermeture \u00e9clair \u00e0 l&rsquo;int\u00e9rieur. Fermetures \u00e0 zip rigides.","og_url":"https:\/\/swiss-peak.com\/fr\/produit\/sac-weekend-ordinateur-15-6-en-rpet-aware-swiss-peak-noir\/","og_site_name":"Swiss Peak","article_modified_time":"2026-03-12T01:25:10+00:00","og_image":[{"width":1024,"height":1024,"url":"https:\/\/swiss-peak.com\/wp-content\/uploads\/sites\/9\/2025\/02\/P707.2701__S_0__f032cc25f82647ecbe5486b52825c798.jpg","type":"image\/jpeg"}],"twitter_card":"summary_large_image","schema":{"@context":"https:\/\/schema.org","@graph":[{"@type":"WebPage","@id":"https:\/\/swiss-peak.com\/fr\/produit\/sac-weekend-ordinateur-15-6-en-rpet-aware-swiss-peak-noir\/","url":"https:\/\/swiss-peak.com\/fr\/produit\/sac-weekend-ordinateur-15-6-en-rpet-aware-swiss-peak-noir\/","name":"Sac weekend ordinateur 15.6'' en rPET AWARE\u2122 Swiss Peak, noir - Swiss Peak","isPartOf":{"@id":"https:\/\/swiss-peak.com\/fr\/#website"},"primaryImageOfPage":{"@id":"https:\/\/swiss-peak.com\/fr\/produit\/sac-weekend-ordinateur-15-6-en-rpet-aware-swiss-peak-noir\/#primaryimage"},"image":{"@id":"https:\/\/swiss-peak.com\/fr\/produit\/sac-weekend-ordinateur-15-6-en-rpet-aware-swiss-peak-noir\/#primaryimage"},"thumbnailUrl":"https:\/\/swiss-peak.com\/wp-content\/uploads\/sites\/9\/2025\/02\/P707.2701__S_0__f032cc25f82647ecbe5486b52825c798.jpg","datePublished":"2025-01-01T01:22:13+00:00","dateModified":"2026-03-12T01:25:10+00:00","breadcrumb":{"@id":"https:\/\/swiss-peak.com\/fr\/produit\/sac-weekend-ordinateur-15-6-en-rpet-aware-swiss-peak-noir\/#breadcrumb"},"inLanguage":"fr-FR","potentialAction":[{"@type":"ReadAction","target":["https:\/\/swiss-peak.com\/fr\/produit\/sac-weekend-ordinateur-15-6-en-rpet-aware-swiss-peak-noir\/"]}]},{"@type":"ImageObject","inLanguage":"fr-FR","@id":"https:\/\/swiss-peak.com\/fr\/produit\/sac-weekend-ordinateur-15-6-en-rpet-aware-swiss-peak-noir\/#primaryimage","url":"https:\/\/swiss-peak.com\/wp-content\/uploads\/sites\/9\/2025\/02\/P707.2701__S_0__f032cc25f82647ecbe5486b52825c798.jpg","contentUrl":"https:\/\/swiss-peak.com\/wp-content\/uploads\/sites\/9\/2025\/02\/P707.2701__S_0__f032cc25f82647ecbe5486b52825c798.jpg","width":1024,"height":1024},{"@type":"BreadcrumbList","@id":"https:\/\/swiss-peak.com\/fr\/produit\/sac-weekend-ordinateur-15-6-en-rpet-aware-swiss-peak-noir\/#breadcrumb","itemListElement":[{"@type":"ListItem","position":1,"name":"Home","item":"https:\/\/swiss-peak.com\/fr\/"},{"@type":"ListItem","position":2,"name":"Collection","item":"https:\/\/swiss-peak.com\/fr\/collection\/"},{"@type":"ListItem","position":3,"name":"Sac weekend ordinateur 15.6&#8221; en rPET AWARE\u2122 Swiss Peak, noir"}]},{"@type":"WebSite","@id":"https:\/\/swiss-peak.com\/fr\/#website","url":"https:\/\/swiss-peak.com\/fr\/","name":"Swiss Peak","description":"Where will today take you?","potentialAction":[{"@type":"SearchAction","target":{"@type":"EntryPoint","urlTemplate":"https:\/\/swiss-peak.com\/fr\/?s={search_term_string}"},"query-input":{"@type":"PropertyValueSpecification","valueRequired":true,"valueName":"search_term_string"}}],"inLanguage":"fr-FR"}]}},"_links":{"self":[{"href":"https:\/\/swiss-peak.com\/fr\/wp-json\/wp\/v2\/product\/45216","targetHints":{"allow":["GET"]}}],"collection":[{"href":"https:\/\/swiss-peak.com\/fr\/wp-json\/wp\/v2\/product"}],"about":[{"href":"https:\/\/swiss-peak.com\/fr\/wp-json\/wp\/v2\/types\/product"}],"wp:featuredmedia":[{"embeddable":true,"href":"https:\/\/swiss-peak.com\/fr\/wp-json\/wp\/v2\/media\/45374"}],"wp:attachment":[{"href":"https:\/\/swiss-peak.com\/fr\/wp-json\/wp\/v2\/media?parent=45216"}],"wp:term":[{"taxonomy":"product_cat","embeddable":true,"href":"https:\/\/swiss-peak.com\/fr\/wp-json\/wp\/v2\/product_cat?post=45216"},{"taxonomy":"product_tag","embeddable":true,"href":"https:\/\/swiss-peak.com\/fr\/wp-json\/wp\/v2\/product_tag?post=45216"}],"curies":[{"name":"wp","href":"https:\/\/api.w.org\/{rel}","templated":true}]}}