{"id":45215,"date":"2025-01-01T03:02:54","date_gmt":"2025-01-01T01:22:13","guid":{"rendered":"https:\/\/swiss-peak.com\/set-de-stylos-en-cuivre-recycle-rcs-swiss-peak-luca-noir\/"},"modified":"2026-03-12T03:24:56","modified_gmt":"2026-03-12T01:24:56","slug":"set-de-stylos-en-cuivre-recycle-rcs-swiss-peak-luca-noir","status":"publish","type":"product","link":"https:\/\/swiss-peak.com\/fr\/produit\/set-de-stylos-en-cuivre-recycle-rcs-swiss-peak-luca-noir\/","title":{"rendered":"Set de stylos en laiton recycl\u00e9 RCS Swiss Peak Luca, noir"},"content":{"rendered":"<p>Am\u00e9liorez votre exp\u00e9rience d&rsquo;\u00e9criture avec la parure de stylos de luxe Swiss Peak Luca en laiton recycl\u00e9 RCS. Con\u00e7ue dans un esprit de sophistication, cette parure comprend des stylos noirs \u00e9l\u00e9gants avec des accents dor\u00e9s, comme la partie sup\u00e9rieure, l&rsquo;anneau sup\u00e9rieur, l&rsquo;agrafe, l&rsquo;anneau central et la pointe. Fabriqu\u00e9s \u00e0 partir de 55% de laiton recycl\u00e9 RCS, ces stylos sont \u00e0 la fois \u00e9l\u00e9gants et durables. Le stylo \u00e0 bille fonctionne \u00e0 l&rsquo;aide d&rsquo;un m\u00e9canisme rotatif et comprend une recharge d&rsquo;encre bleue, d&rsquo;une largeur d&rsquo;\u00e9criture de 1,0 mm et d&rsquo;une longueur maximale de 1200 m\u00e8tres. Le stylo \u00e0 capuchon est \u00e9quip\u00e9 d&rsquo;une encre gel bleue, offrant 800 m d&rsquo;\u00e9criture fluide dans la m\u00eame largeur de 1,0 mm. Les deux stylos sont dot\u00e9s d&rsquo;un clip en acier et grav\u00e9s du logo Swiss Peak sur l&rsquo;anneau central. Pr\u00e9sent\u00e9 dans un coffret cadeau haut de gamme, cet ensemble respire le luxe et le style.<\/p>\n","protected":false},"excerpt":{"rendered":"<p>Am\u00e9liorez votre exp\u00e9rience d&rsquo;\u00e9criture avec la parure de stylos de luxe Swiss Peak Luca en laiton recycl\u00e9 RCS. Con\u00e7ue dans un esprit de sophistication, cette parure comprend des stylos noirs \u00e9l\u00e9gants avec des accents dor\u00e9s, comme la partie sup\u00e9rieure, l&rsquo;anneau sup\u00e9rieur, l&rsquo;agrafe, l&rsquo;anneau central et la pointe. Fabriqu\u00e9s \u00e0 partir de 55% de laiton recycl\u00e9 [&hellip;]<\/p>\n","protected":false},"featured_media":45367,"template":"","meta":{"_acf_changed":false},"product_cat":[297,287],"product_tag":[],"class_list":["post-45215","product","type-product","status-publish","has-post-thumbnail","hentry","product_cat-bureau-ecriture","product_cat-business-fr","pa_color-black-fr"],"acf":[],"yoast_head":"<!-- This site is optimized with the Yoast SEO plugin v27.0 - https:\/\/yoast.com\/product\/yoast-seo-wordpress\/ -->\n<title>Set de stylos en laiton recycl\u00e9 RCS Swiss Peak Luca, noir - Swiss Peak<\/title>\n<meta name=\"robots\" content=\"index, follow, max-snippet:-1, max-image-preview:large, max-video-preview:-1\" \/>\n<link rel=\"canonical\" href=\"https:\/\/swiss-peak.com\/fr\/produit\/set-de-stylos-en-cuivre-recycle-rcs-swiss-peak-luca-noir\/\" \/>\n<meta property=\"og:locale\" content=\"fr_FR\" \/>\n<meta property=\"og:type\" content=\"article\" \/>\n<meta property=\"og:title\" content=\"Set de stylos en laiton recycl\u00e9 RCS Swiss Peak Luca, noir - Swiss Peak\" \/>\n<meta property=\"og:description\" content=\"Am\u00e9liorez votre exp\u00e9rience d&rsquo;\u00e9criture avec la parure de stylos de luxe Swiss Peak Luca en laiton recycl\u00e9 RCS. Con\u00e7ue dans un esprit de sophistication, cette parure comprend des stylos noirs \u00e9l\u00e9gants avec des accents dor\u00e9s, comme la partie sup\u00e9rieure, l&rsquo;anneau sup\u00e9rieur, l&rsquo;agrafe, l&rsquo;anneau central et la pointe. Fabriqu\u00e9s \u00e0 partir de 55% de laiton recycl\u00e9 [&hellip;]\" \/>\n<meta property=\"og:url\" content=\"https:\/\/swiss-peak.com\/fr\/produit\/set-de-stylos-en-cuivre-recycle-rcs-swiss-peak-luca-noir\/\" \/>\n<meta property=\"og:site_name\" content=\"Swiss Peak\" \/>\n<meta property=\"article:modified_time\" content=\"2026-03-12T01:24:56+00:00\" \/>\n<meta property=\"og:image\" content=\"https:\/\/swiss-peak.com\/wp-content\/uploads\/sites\/9\/2025\/02\/P611.3001__S_0__df34534febed45c7a9b22f102468cebb.jpg\" \/>\n\t<meta property=\"og:image:width\" content=\"1024\" \/>\n\t<meta property=\"og:image:height\" content=\"1024\" \/>\n\t<meta property=\"og:image:type\" content=\"image\/jpeg\" \/>\n<meta name=\"twitter:card\" content=\"summary_large_image\" \/>\n<meta name=\"twitter:label1\" content=\"Dur\u00e9e de lecture estim\u00e9e\" \/>\n\t<meta name=\"twitter:data1\" content=\"1 minute\" \/>\n<script type=\"application\/ld+json\" class=\"yoast-schema-graph\">{\"@context\":\"https:\/\/schema.org\",\"@graph\":[{\"@type\":\"WebPage\",\"@id\":\"https:\/\/swiss-peak.com\/fr\/produit\/set-de-stylos-en-cuivre-recycle-rcs-swiss-peak-luca-noir\/\",\"url\":\"https:\/\/swiss-peak.com\/fr\/produit\/set-de-stylos-en-cuivre-recycle-rcs-swiss-peak-luca-noir\/\",\"name\":\"Set de stylos en laiton recycl\u00e9 RCS Swiss Peak Luca, noir - Swiss Peak\",\"isPartOf\":{\"@id\":\"https:\/\/swiss-peak.com\/fr\/#website\"},\"primaryImageOfPage\":{\"@id\":\"https:\/\/swiss-peak.com\/fr\/produit\/set-de-stylos-en-cuivre-recycle-rcs-swiss-peak-luca-noir\/#primaryimage\"},\"image\":{\"@id\":\"https:\/\/swiss-peak.com\/fr\/produit\/set-de-stylos-en-cuivre-recycle-rcs-swiss-peak-luca-noir\/#primaryimage\"},\"thumbnailUrl\":\"https:\/\/swiss-peak.com\/wp-content\/uploads\/sites\/9\/2025\/02\/P611.3001__S_0__df34534febed45c7a9b22f102468cebb.jpg\",\"datePublished\":\"2025-01-01T01:22:13+00:00\",\"dateModified\":\"2026-03-12T01:24:56+00:00\",\"breadcrumb\":{\"@id\":\"https:\/\/swiss-peak.com\/fr\/produit\/set-de-stylos-en-cuivre-recycle-rcs-swiss-peak-luca-noir\/#breadcrumb\"},\"inLanguage\":\"fr-FR\",\"potentialAction\":[{\"@type\":\"ReadAction\",\"target\":[\"https:\/\/swiss-peak.com\/fr\/produit\/set-de-stylos-en-cuivre-recycle-rcs-swiss-peak-luca-noir\/\"]}]},{\"@type\":\"ImageObject\",\"inLanguage\":\"fr-FR\",\"@id\":\"https:\/\/swiss-peak.com\/fr\/produit\/set-de-stylos-en-cuivre-recycle-rcs-swiss-peak-luca-noir\/#primaryimage\",\"url\":\"https:\/\/swiss-peak.com\/wp-content\/uploads\/sites\/9\/2025\/02\/P611.3001__S_0__df34534febed45c7a9b22f102468cebb.jpg\",\"contentUrl\":\"https:\/\/swiss-peak.com\/wp-content\/uploads\/sites\/9\/2025\/02\/P611.3001__S_0__df34534febed45c7a9b22f102468cebb.jpg\",\"width\":1024,\"height\":1024},{\"@type\":\"BreadcrumbList\",\"@id\":\"https:\/\/swiss-peak.com\/fr\/produit\/set-de-stylos-en-cuivre-recycle-rcs-swiss-peak-luca-noir\/#breadcrumb\",\"itemListElement\":[{\"@type\":\"ListItem\",\"position\":1,\"name\":\"Home\",\"item\":\"https:\/\/swiss-peak.com\/fr\/\"},{\"@type\":\"ListItem\",\"position\":2,\"name\":\"Collection\",\"item\":\"https:\/\/swiss-peak.com\/fr\/collection\/\"},{\"@type\":\"ListItem\",\"position\":3,\"name\":\"Set de stylos en laiton recycl\u00e9 RCS Swiss Peak Luca, noir\"}]},{\"@type\":\"WebSite\",\"@id\":\"https:\/\/swiss-peak.com\/fr\/#website\",\"url\":\"https:\/\/swiss-peak.com\/fr\/\",\"name\":\"Swiss Peak\",\"description\":\"Where will today take you?\",\"potentialAction\":[{\"@type\":\"SearchAction\",\"target\":{\"@type\":\"EntryPoint\",\"urlTemplate\":\"https:\/\/swiss-peak.com\/fr\/?s={search_term_string}\"},\"query-input\":{\"@type\":\"PropertyValueSpecification\",\"valueRequired\":true,\"valueName\":\"search_term_string\"}}],\"inLanguage\":\"fr-FR\"}]}<\/script>\n<!-- \/ Yoast SEO plugin. -->","yoast_head_json":{"title":"Set de stylos en laiton recycl\u00e9 RCS Swiss Peak Luca, noir - Swiss Peak","robots":{"index":"index","follow":"follow","max-snippet":"max-snippet:-1","max-image-preview":"max-image-preview:large","max-video-preview":"max-video-preview:-1"},"canonical":"https:\/\/swiss-peak.com\/fr\/produit\/set-de-stylos-en-cuivre-recycle-rcs-swiss-peak-luca-noir\/","og_locale":"fr_FR","og_type":"article","og_title":"Set de stylos en laiton recycl\u00e9 RCS Swiss Peak Luca, noir - Swiss Peak","og_description":"Am\u00e9liorez votre exp\u00e9rience d&rsquo;\u00e9criture avec la parure de stylos de luxe Swiss Peak Luca en laiton recycl\u00e9 RCS. Con\u00e7ue dans un esprit de sophistication, cette parure comprend des stylos noirs \u00e9l\u00e9gants avec des accents dor\u00e9s, comme la partie sup\u00e9rieure, l&rsquo;anneau sup\u00e9rieur, l&rsquo;agrafe, l&rsquo;anneau central et la pointe. Fabriqu\u00e9s \u00e0 partir de 55% de laiton recycl\u00e9 [&hellip;]","og_url":"https:\/\/swiss-peak.com\/fr\/produit\/set-de-stylos-en-cuivre-recycle-rcs-swiss-peak-luca-noir\/","og_site_name":"Swiss Peak","article_modified_time":"2026-03-12T01:24:56+00:00","og_image":[{"width":1024,"height":1024,"url":"https:\/\/swiss-peak.com\/wp-content\/uploads\/sites\/9\/2025\/02\/P611.3001__S_0__df34534febed45c7a9b22f102468cebb.jpg","type":"image\/jpeg"}],"twitter_card":"summary_large_image","twitter_misc":{"Dur\u00e9e de lecture estim\u00e9e":"1 minute"},"schema":{"@context":"https:\/\/schema.org","@graph":[{"@type":"WebPage","@id":"https:\/\/swiss-peak.com\/fr\/produit\/set-de-stylos-en-cuivre-recycle-rcs-swiss-peak-luca-noir\/","url":"https:\/\/swiss-peak.com\/fr\/produit\/set-de-stylos-en-cuivre-recycle-rcs-swiss-peak-luca-noir\/","name":"Set de stylos en laiton recycl\u00e9 RCS Swiss Peak Luca, noir - Swiss Peak","isPartOf":{"@id":"https:\/\/swiss-peak.com\/fr\/#website"},"primaryImageOfPage":{"@id":"https:\/\/swiss-peak.com\/fr\/produit\/set-de-stylos-en-cuivre-recycle-rcs-swiss-peak-luca-noir\/#primaryimage"},"image":{"@id":"https:\/\/swiss-peak.com\/fr\/produit\/set-de-stylos-en-cuivre-recycle-rcs-swiss-peak-luca-noir\/#primaryimage"},"thumbnailUrl":"https:\/\/swiss-peak.com\/wp-content\/uploads\/sites\/9\/2025\/02\/P611.3001__S_0__df34534febed45c7a9b22f102468cebb.jpg","datePublished":"2025-01-01T01:22:13+00:00","dateModified":"2026-03-12T01:24:56+00:00","breadcrumb":{"@id":"https:\/\/swiss-peak.com\/fr\/produit\/set-de-stylos-en-cuivre-recycle-rcs-swiss-peak-luca-noir\/#breadcrumb"},"inLanguage":"fr-FR","potentialAction":[{"@type":"ReadAction","target":["https:\/\/swiss-peak.com\/fr\/produit\/set-de-stylos-en-cuivre-recycle-rcs-swiss-peak-luca-noir\/"]}]},{"@type":"ImageObject","inLanguage":"fr-FR","@id":"https:\/\/swiss-peak.com\/fr\/produit\/set-de-stylos-en-cuivre-recycle-rcs-swiss-peak-luca-noir\/#primaryimage","url":"https:\/\/swiss-peak.com\/wp-content\/uploads\/sites\/9\/2025\/02\/P611.3001__S_0__df34534febed45c7a9b22f102468cebb.jpg","contentUrl":"https:\/\/swiss-peak.com\/wp-content\/uploads\/sites\/9\/2025\/02\/P611.3001__S_0__df34534febed45c7a9b22f102468cebb.jpg","width":1024,"height":1024},{"@type":"BreadcrumbList","@id":"https:\/\/swiss-peak.com\/fr\/produit\/set-de-stylos-en-cuivre-recycle-rcs-swiss-peak-luca-noir\/#breadcrumb","itemListElement":[{"@type":"ListItem","position":1,"name":"Home","item":"https:\/\/swiss-peak.com\/fr\/"},{"@type":"ListItem","position":2,"name":"Collection","item":"https:\/\/swiss-peak.com\/fr\/collection\/"},{"@type":"ListItem","position":3,"name":"Set de stylos en laiton recycl\u00e9 RCS Swiss Peak Luca, noir"}]},{"@type":"WebSite","@id":"https:\/\/swiss-peak.com\/fr\/#website","url":"https:\/\/swiss-peak.com\/fr\/","name":"Swiss Peak","description":"Where will today take you?","potentialAction":[{"@type":"SearchAction","target":{"@type":"EntryPoint","urlTemplate":"https:\/\/swiss-peak.com\/fr\/?s={search_term_string}"},"query-input":{"@type":"PropertyValueSpecification","valueRequired":true,"valueName":"search_term_string"}}],"inLanguage":"fr-FR"}]}},"_links":{"self":[{"href":"https:\/\/swiss-peak.com\/fr\/wp-json\/wp\/v2\/product\/45215","targetHints":{"allow":["GET"]}}],"collection":[{"href":"https:\/\/swiss-peak.com\/fr\/wp-json\/wp\/v2\/product"}],"about":[{"href":"https:\/\/swiss-peak.com\/fr\/wp-json\/wp\/v2\/types\/product"}],"wp:featuredmedia":[{"embeddable":true,"href":"https:\/\/swiss-peak.com\/fr\/wp-json\/wp\/v2\/media\/45367"}],"wp:attachment":[{"href":"https:\/\/swiss-peak.com\/fr\/wp-json\/wp\/v2\/media?parent=45215"}],"wp:term":[{"taxonomy":"product_cat","embeddable":true,"href":"https:\/\/swiss-peak.com\/fr\/wp-json\/wp\/v2\/product_cat?post=45215"},{"taxonomy":"product_tag","embeddable":true,"href":"https:\/\/swiss-peak.com\/fr\/wp-json\/wp\/v2\/product_tag?post=45215"}],"curies":[{"name":"wp","href":"https:\/\/api.w.org\/{rel}","templated":true}]}}