{"id":44344,"date":"2024-08-03T02:02:34","date_gmt":"2024-08-03T00:22:14","guid":{"rendered":"https:\/\/swiss-peak.com\/coffret-cadeau-3-pcs-en-pu-recycle-rcs-swiss-peak-tula-noir\/"},"modified":"2026-03-20T03:22:20","modified_gmt":"2026-03-20T01:22:20","slug":"coffret-cadeau-3-pcs-en-pu-recycle-rcs-swiss-peak-tula-noir","status":"publish","type":"product","link":"https:\/\/swiss-peak.com\/fr\/produit\/coffret-cadeau-3-pcs-en-pu-recycle-rcs-swiss-peak-tula-noir\/","title":{"rendered":"Coffret cadeau 3 pcs en PU recycl\u00e9 RCS Tula, noir"},"content":{"rendered":"<p>Set contenant un organisateur de cl\u00e9s Swiss Peak Tula certifi\u00e9 RCS, le pratique Support AirTag et le stylo en aluminium recycl\u00e9. Con\u00e7u pour l&rsquo;efficacit\u00e9 et le style, l&rsquo;organiseur de cl\u00e9s garde vos cl\u00e9s \u00e0 port\u00e9e de main (pour 4 cl\u00e9s maximum), tandis que le support AirTag vous assure de ne jamais perdre la trace de vos objets de valeur. De plus, prenez des notes avec le stylo en aluminium recycl\u00e9. Cet ensemble parfait vous permettra d&rsquo;am\u00e9liorer vos d\u00e9placements quotidiens. Fabriqu\u00e9 avec des mat\u00e9riaux recycl\u00e9s certifi\u00e9s RCS (Recycled Claim Standard). La certification RCS garantit une cha\u00eene d&rsquo;approvisionnement enti\u00e8rement certifi\u00e9e pour les mat\u00e9riaux recycl\u00e9s. Ce produit contient 7% de PU recycl\u00e9 certifi\u00e9 RCS et 8% d&rsquo;aluminium recycl\u00e9 certifi\u00e9 RCS.<\/p>\n","protected":false},"excerpt":{"rendered":"<p>Set contenant un organisateur de cl\u00e9s Swiss Peak Tula certifi\u00e9 RCS, le pratique Support AirTag et le stylo en aluminium recycl\u00e9. Con\u00e7u pour l&rsquo;efficacit\u00e9 et le style, l&rsquo;organiseur de cl\u00e9s garde vos cl\u00e9s \u00e0 port\u00e9e de main (pour 4 cl\u00e9s maximum), tandis que le support AirTag vous assure de ne jamais perdre la trace de [&hellip;]<\/p>\n","protected":false},"featured_media":44266,"template":"","meta":{"_acf_changed":false},"product_cat":[297,287],"product_tag":[],"class_list":["post-44344","product","type-product","status-publish","has-post-thumbnail","hentry","product_cat-bureau-ecriture","product_cat-business-fr","pa_color-black-fr"],"acf":[],"yoast_head":"<!-- This site is optimized with the Yoast SEO plugin v27.0 - https:\/\/yoast.com\/product\/yoast-seo-wordpress\/ -->\n<title>Coffret cadeau 3 pcs en PU recycl\u00e9 RCS Tula, noir - Swiss Peak<\/title>\n<meta name=\"robots\" content=\"index, follow, max-snippet:-1, max-image-preview:large, max-video-preview:-1\" \/>\n<link rel=\"canonical\" href=\"https:\/\/swiss-peak.com\/fr\/produit\/coffret-cadeau-3-pcs-en-pu-recycle-rcs-swiss-peak-tula-noir\/\" \/>\n<meta property=\"og:locale\" content=\"fr_FR\" \/>\n<meta property=\"og:type\" content=\"article\" \/>\n<meta property=\"og:title\" content=\"Coffret cadeau 3 pcs en PU recycl\u00e9 RCS Tula, noir - Swiss Peak\" \/>\n<meta property=\"og:description\" content=\"Set contenant un organisateur de cl\u00e9s Swiss Peak Tula certifi\u00e9 RCS, le pratique Support AirTag et le stylo en aluminium recycl\u00e9. Con\u00e7u pour l&rsquo;efficacit\u00e9 et le style, l&rsquo;organiseur de cl\u00e9s garde vos cl\u00e9s \u00e0 port\u00e9e de main (pour 4 cl\u00e9s maximum), tandis que le support AirTag vous assure de ne jamais perdre la trace de [&hellip;]\" \/>\n<meta property=\"og:url\" content=\"https:\/\/swiss-peak.com\/fr\/produit\/coffret-cadeau-3-pcs-en-pu-recycle-rcs-swiss-peak-tula-noir\/\" \/>\n<meta property=\"og:site_name\" content=\"Swiss Peak\" \/>\n<meta property=\"article:modified_time\" content=\"2026-03-20T01:22:20+00:00\" \/>\n<meta property=\"og:image\" content=\"https:\/\/swiss-peak.com\/wp-content\/uploads\/sites\/9\/2024\/08\/P820.9801__S_0__008a8eca8d3c48dda73199edc436d21f.jpg\" \/>\n\t<meta property=\"og:image:width\" content=\"1024\" \/>\n\t<meta property=\"og:image:height\" content=\"1024\" \/>\n\t<meta property=\"og:image:type\" content=\"image\/jpeg\" \/>\n<meta name=\"twitter:card\" content=\"summary_large_image\" \/>\n<meta name=\"twitter:label1\" content=\"Dur\u00e9e de lecture estim\u00e9e\" \/>\n\t<meta name=\"twitter:data1\" content=\"1 minute\" \/>\n<script type=\"application\/ld+json\" class=\"yoast-schema-graph\">{\"@context\":\"https:\/\/schema.org\",\"@graph\":[{\"@type\":\"WebPage\",\"@id\":\"https:\/\/swiss-peak.com\/fr\/produit\/coffret-cadeau-3-pcs-en-pu-recycle-rcs-swiss-peak-tula-noir\/\",\"url\":\"https:\/\/swiss-peak.com\/fr\/produit\/coffret-cadeau-3-pcs-en-pu-recycle-rcs-swiss-peak-tula-noir\/\",\"name\":\"Coffret cadeau 3 pcs en PU recycl\u00e9 RCS Tula, noir - Swiss Peak\",\"isPartOf\":{\"@id\":\"https:\/\/swiss-peak.com\/fr\/#website\"},\"primaryImageOfPage\":{\"@id\":\"https:\/\/swiss-peak.com\/fr\/produit\/coffret-cadeau-3-pcs-en-pu-recycle-rcs-swiss-peak-tula-noir\/#primaryimage\"},\"image\":{\"@id\":\"https:\/\/swiss-peak.com\/fr\/produit\/coffret-cadeau-3-pcs-en-pu-recycle-rcs-swiss-peak-tula-noir\/#primaryimage\"},\"thumbnailUrl\":\"https:\/\/swiss-peak.com\/wp-content\/uploads\/sites\/9\/2024\/08\/P820.9801__S_0__008a8eca8d3c48dda73199edc436d21f.jpg\",\"datePublished\":\"2024-08-03T00:22:14+00:00\",\"dateModified\":\"2026-03-20T01:22:20+00:00\",\"breadcrumb\":{\"@id\":\"https:\/\/swiss-peak.com\/fr\/produit\/coffret-cadeau-3-pcs-en-pu-recycle-rcs-swiss-peak-tula-noir\/#breadcrumb\"},\"inLanguage\":\"fr-FR\",\"potentialAction\":[{\"@type\":\"ReadAction\",\"target\":[\"https:\/\/swiss-peak.com\/fr\/produit\/coffret-cadeau-3-pcs-en-pu-recycle-rcs-swiss-peak-tula-noir\/\"]}]},{\"@type\":\"ImageObject\",\"inLanguage\":\"fr-FR\",\"@id\":\"https:\/\/swiss-peak.com\/fr\/produit\/coffret-cadeau-3-pcs-en-pu-recycle-rcs-swiss-peak-tula-noir\/#primaryimage\",\"url\":\"https:\/\/swiss-peak.com\/wp-content\/uploads\/sites\/9\/2024\/08\/P820.9801__S_0__008a8eca8d3c48dda73199edc436d21f.jpg\",\"contentUrl\":\"https:\/\/swiss-peak.com\/wp-content\/uploads\/sites\/9\/2024\/08\/P820.9801__S_0__008a8eca8d3c48dda73199edc436d21f.jpg\",\"width\":1024,\"height\":1024},{\"@type\":\"BreadcrumbList\",\"@id\":\"https:\/\/swiss-peak.com\/fr\/produit\/coffret-cadeau-3-pcs-en-pu-recycle-rcs-swiss-peak-tula-noir\/#breadcrumb\",\"itemListElement\":[{\"@type\":\"ListItem\",\"position\":1,\"name\":\"Home\",\"item\":\"https:\/\/swiss-peak.com\/fr\/\"},{\"@type\":\"ListItem\",\"position\":2,\"name\":\"Collection\",\"item\":\"https:\/\/swiss-peak.com\/fr\/collection\/\"},{\"@type\":\"ListItem\",\"position\":3,\"name\":\"Coffret cadeau 3 pcs en PU recycl\u00e9 RCS Tula, noir\"}]},{\"@type\":\"WebSite\",\"@id\":\"https:\/\/swiss-peak.com\/fr\/#website\",\"url\":\"https:\/\/swiss-peak.com\/fr\/\",\"name\":\"Swiss Peak\",\"description\":\"Where will today take you?\",\"potentialAction\":[{\"@type\":\"SearchAction\",\"target\":{\"@type\":\"EntryPoint\",\"urlTemplate\":\"https:\/\/swiss-peak.com\/fr\/?s={search_term_string}\"},\"query-input\":{\"@type\":\"PropertyValueSpecification\",\"valueRequired\":true,\"valueName\":\"search_term_string\"}}],\"inLanguage\":\"fr-FR\"}]}<\/script>\n<!-- \/ Yoast SEO plugin. -->","yoast_head_json":{"title":"Coffret cadeau 3 pcs en PU recycl\u00e9 RCS Tula, noir - Swiss Peak","robots":{"index":"index","follow":"follow","max-snippet":"max-snippet:-1","max-image-preview":"max-image-preview:large","max-video-preview":"max-video-preview:-1"},"canonical":"https:\/\/swiss-peak.com\/fr\/produit\/coffret-cadeau-3-pcs-en-pu-recycle-rcs-swiss-peak-tula-noir\/","og_locale":"fr_FR","og_type":"article","og_title":"Coffret cadeau 3 pcs en PU recycl\u00e9 RCS Tula, noir - Swiss Peak","og_description":"Set contenant un organisateur de cl\u00e9s Swiss Peak Tula certifi\u00e9 RCS, le pratique Support AirTag et le stylo en aluminium recycl\u00e9. Con\u00e7u pour l&rsquo;efficacit\u00e9 et le style, l&rsquo;organiseur de cl\u00e9s garde vos cl\u00e9s \u00e0 port\u00e9e de main (pour 4 cl\u00e9s maximum), tandis que le support AirTag vous assure de ne jamais perdre la trace de [&hellip;]","og_url":"https:\/\/swiss-peak.com\/fr\/produit\/coffret-cadeau-3-pcs-en-pu-recycle-rcs-swiss-peak-tula-noir\/","og_site_name":"Swiss Peak","article_modified_time":"2026-03-20T01:22:20+00:00","og_image":[{"width":1024,"height":1024,"url":"https:\/\/swiss-peak.com\/wp-content\/uploads\/sites\/9\/2024\/08\/P820.9801__S_0__008a8eca8d3c48dda73199edc436d21f.jpg","type":"image\/jpeg"}],"twitter_card":"summary_large_image","twitter_misc":{"Dur\u00e9e de lecture estim\u00e9e":"1 minute"},"schema":{"@context":"https:\/\/schema.org","@graph":[{"@type":"WebPage","@id":"https:\/\/swiss-peak.com\/fr\/produit\/coffret-cadeau-3-pcs-en-pu-recycle-rcs-swiss-peak-tula-noir\/","url":"https:\/\/swiss-peak.com\/fr\/produit\/coffret-cadeau-3-pcs-en-pu-recycle-rcs-swiss-peak-tula-noir\/","name":"Coffret cadeau 3 pcs en PU recycl\u00e9 RCS Tula, noir - Swiss Peak","isPartOf":{"@id":"https:\/\/swiss-peak.com\/fr\/#website"},"primaryImageOfPage":{"@id":"https:\/\/swiss-peak.com\/fr\/produit\/coffret-cadeau-3-pcs-en-pu-recycle-rcs-swiss-peak-tula-noir\/#primaryimage"},"image":{"@id":"https:\/\/swiss-peak.com\/fr\/produit\/coffret-cadeau-3-pcs-en-pu-recycle-rcs-swiss-peak-tula-noir\/#primaryimage"},"thumbnailUrl":"https:\/\/swiss-peak.com\/wp-content\/uploads\/sites\/9\/2024\/08\/P820.9801__S_0__008a8eca8d3c48dda73199edc436d21f.jpg","datePublished":"2024-08-03T00:22:14+00:00","dateModified":"2026-03-20T01:22:20+00:00","breadcrumb":{"@id":"https:\/\/swiss-peak.com\/fr\/produit\/coffret-cadeau-3-pcs-en-pu-recycle-rcs-swiss-peak-tula-noir\/#breadcrumb"},"inLanguage":"fr-FR","potentialAction":[{"@type":"ReadAction","target":["https:\/\/swiss-peak.com\/fr\/produit\/coffret-cadeau-3-pcs-en-pu-recycle-rcs-swiss-peak-tula-noir\/"]}]},{"@type":"ImageObject","inLanguage":"fr-FR","@id":"https:\/\/swiss-peak.com\/fr\/produit\/coffret-cadeau-3-pcs-en-pu-recycle-rcs-swiss-peak-tula-noir\/#primaryimage","url":"https:\/\/swiss-peak.com\/wp-content\/uploads\/sites\/9\/2024\/08\/P820.9801__S_0__008a8eca8d3c48dda73199edc436d21f.jpg","contentUrl":"https:\/\/swiss-peak.com\/wp-content\/uploads\/sites\/9\/2024\/08\/P820.9801__S_0__008a8eca8d3c48dda73199edc436d21f.jpg","width":1024,"height":1024},{"@type":"BreadcrumbList","@id":"https:\/\/swiss-peak.com\/fr\/produit\/coffret-cadeau-3-pcs-en-pu-recycle-rcs-swiss-peak-tula-noir\/#breadcrumb","itemListElement":[{"@type":"ListItem","position":1,"name":"Home","item":"https:\/\/swiss-peak.com\/fr\/"},{"@type":"ListItem","position":2,"name":"Collection","item":"https:\/\/swiss-peak.com\/fr\/collection\/"},{"@type":"ListItem","position":3,"name":"Coffret cadeau 3 pcs en PU recycl\u00e9 RCS Tula, noir"}]},{"@type":"WebSite","@id":"https:\/\/swiss-peak.com\/fr\/#website","url":"https:\/\/swiss-peak.com\/fr\/","name":"Swiss Peak","description":"Where will today take you?","potentialAction":[{"@type":"SearchAction","target":{"@type":"EntryPoint","urlTemplate":"https:\/\/swiss-peak.com\/fr\/?s={search_term_string}"},"query-input":{"@type":"PropertyValueSpecification","valueRequired":true,"valueName":"search_term_string"}}],"inLanguage":"fr-FR"}]}},"_links":{"self":[{"href":"https:\/\/swiss-peak.com\/fr\/wp-json\/wp\/v2\/product\/44344","targetHints":{"allow":["GET"]}}],"collection":[{"href":"https:\/\/swiss-peak.com\/fr\/wp-json\/wp\/v2\/product"}],"about":[{"href":"https:\/\/swiss-peak.com\/fr\/wp-json\/wp\/v2\/types\/product"}],"wp:featuredmedia":[{"embeddable":true,"href":"https:\/\/swiss-peak.com\/fr\/wp-json\/wp\/v2\/media\/44266"}],"wp:attachment":[{"href":"https:\/\/swiss-peak.com\/fr\/wp-json\/wp\/v2\/media?parent=44344"}],"wp:term":[{"taxonomy":"product_cat","embeddable":true,"href":"https:\/\/swiss-peak.com\/fr\/wp-json\/wp\/v2\/product_cat?post=44344"},{"taxonomy":"product_tag","embeddable":true,"href":"https:\/\/swiss-peak.com\/fr\/wp-json\/wp\/v2\/product_tag?post=44344"}],"curies":[{"name":"wp","href":"https:\/\/api.w.org\/{rel}","templated":true}]}}