{"id":44194,"date":"2024-07-02T02:02:08","date_gmt":"2024-07-02T00:20:10","guid":{"rendered":"https:\/\/swiss-peak.com\/portefeuille-magnetique-en-pu-recycle-magstand-rcs-noir\/"},"modified":"2026-03-12T03:22:12","modified_gmt":"2026-03-12T01:22:12","slug":"portefeuille-magnetique-en-pu-recycle-magstand-rcs-noir","status":"publish","type":"product","link":"https:\/\/swiss-peak.com\/fr\/produit\/portefeuille-magnetique-en-pu-recycle-magstand-rcs-noir\/","title":{"rendered":"Portefeuille magn\u00e9tique en PU recycl\u00e9 Magstand RCS, noir"},"content":{"rendered":"<p>Portefeuille magn\u00e9tique avec support pour t\u00e9l\u00e9phone fabriqu\u00e9 en PU recycl\u00e9 RCS et con\u00e7u pour les styles de vie modernes con\u00e7u pour s&rsquo;adapter parfaitement aux t\u00e9l\u00e9phones dot\u00e9s de fonctions magn\u00e9tiques. Voici la fusion ultime de la commodit\u00e9 et du style. Dites adieu aux poches encombrantes et \u00e0 la recherche de cartes &#8211; cet accessoire \u00e9l\u00e9gant vous permet de garder vos objets essentiels \u00e0 port\u00e9e de main tout en se transformant sans effort en support pour une utilisation mains libres. Avec son design minimaliste, il peut accueillir deux cartes, offrant juste ce qu&rsquo;il faut de rangement sans sacrifier l&rsquo;\u00e9l\u00e9gance. Que vous soyez en d\u00e9placement ou que vous vous d\u00e9tendiez \u00e0 la maison, cet accessoire polyvalent vous permet d&rsquo;avoir toujours votre t\u00e9l\u00e9phone et vos cartes \u00e0 port\u00e9e de main. Il suffit de retourner le portefeuille pour le transformer en un support solide, offrant un angle de vision parfait pour votre appareil. Contenu recycl\u00e9 total : 5 % sur la base du poids total de l&rsquo;article. La cert<\/p>\n","protected":false},"excerpt":{"rendered":"<p>Portefeuille magn\u00e9tique avec support pour t\u00e9l\u00e9phone fabriqu\u00e9 en PU recycl\u00e9 RCS et con\u00e7u pour les styles de vie modernes con\u00e7u pour s&rsquo;adapter parfaitement aux t\u00e9l\u00e9phones dot\u00e9s de fonctions magn\u00e9tiques. Voici la fusion ultime de la commodit\u00e9 et du style. Dites adieu aux poches encombrantes et \u00e0 la recherche de cartes &#8211; cet accessoire \u00e9l\u00e9gant vous [&hellip;]<\/p>\n","protected":false},"featured_media":44201,"template":"","meta":{"_acf_changed":false},"product_cat":[287,302],"product_tag":[],"class_list":["post-44194","product","type-product","status-publish","has-post-thumbnail","hentry","product_cat-business-fr","product_cat-technologie","pa_color-black-fr"],"acf":[],"yoast_head":"<!-- This site is optimized with the Yoast SEO plugin v27.0 - https:\/\/yoast.com\/product\/yoast-seo-wordpress\/ -->\n<title>Portefeuille magn\u00e9tique en PU recycl\u00e9 Magstand RCS, noir - Swiss Peak<\/title>\n<meta name=\"robots\" content=\"index, follow, max-snippet:-1, max-image-preview:large, max-video-preview:-1\" \/>\n<link rel=\"canonical\" href=\"https:\/\/swiss-peak.com\/fr\/produit\/portefeuille-magnetique-en-pu-recycle-magstand-rcs-noir\/\" \/>\n<meta property=\"og:locale\" content=\"fr_FR\" \/>\n<meta property=\"og:type\" content=\"article\" \/>\n<meta property=\"og:title\" content=\"Portefeuille magn\u00e9tique en PU recycl\u00e9 Magstand RCS, noir - Swiss Peak\" \/>\n<meta property=\"og:description\" content=\"Portefeuille magn\u00e9tique avec support pour t\u00e9l\u00e9phone fabriqu\u00e9 en PU recycl\u00e9 RCS et con\u00e7u pour les styles de vie modernes con\u00e7u pour s&rsquo;adapter parfaitement aux t\u00e9l\u00e9phones dot\u00e9s de fonctions magn\u00e9tiques. Voici la fusion ultime de la commodit\u00e9 et du style. Dites adieu aux poches encombrantes et \u00e0 la recherche de cartes &#8211; cet accessoire \u00e9l\u00e9gant vous [&hellip;]\" \/>\n<meta property=\"og:url\" content=\"https:\/\/swiss-peak.com\/fr\/produit\/portefeuille-magnetique-en-pu-recycle-magstand-rcs-noir\/\" \/>\n<meta property=\"og:site_name\" content=\"Swiss Peak\" \/>\n<meta property=\"article:modified_time\" content=\"2026-03-12T01:22:12+00:00\" \/>\n<meta property=\"og:image\" content=\"https:\/\/swiss-peak.com\/wp-content\/uploads\/sites\/9\/2024\/07\/P301.7501__S_0__bdc01cce230943b2b37ad307607643de.jpg\" \/>\n\t<meta property=\"og:image:width\" content=\"1024\" \/>\n\t<meta property=\"og:image:height\" content=\"1024\" \/>\n\t<meta property=\"og:image:type\" content=\"image\/jpeg\" \/>\n<meta name=\"twitter:card\" content=\"summary_large_image\" \/>\n<meta name=\"twitter:label1\" content=\"Dur\u00e9e de lecture estim\u00e9e\" \/>\n\t<meta name=\"twitter:data1\" content=\"1 minute\" \/>\n<script type=\"application\/ld+json\" class=\"yoast-schema-graph\">{\"@context\":\"https:\/\/schema.org\",\"@graph\":[{\"@type\":\"WebPage\",\"@id\":\"https:\/\/swiss-peak.com\/fr\/produit\/portefeuille-magnetique-en-pu-recycle-magstand-rcs-noir\/\",\"url\":\"https:\/\/swiss-peak.com\/fr\/produit\/portefeuille-magnetique-en-pu-recycle-magstand-rcs-noir\/\",\"name\":\"Portefeuille magn\u00e9tique en PU recycl\u00e9 Magstand RCS, noir - Swiss Peak\",\"isPartOf\":{\"@id\":\"https:\/\/swiss-peak.com\/fr\/#website\"},\"primaryImageOfPage\":{\"@id\":\"https:\/\/swiss-peak.com\/fr\/produit\/portefeuille-magnetique-en-pu-recycle-magstand-rcs-noir\/#primaryimage\"},\"image\":{\"@id\":\"https:\/\/swiss-peak.com\/fr\/produit\/portefeuille-magnetique-en-pu-recycle-magstand-rcs-noir\/#primaryimage\"},\"thumbnailUrl\":\"https:\/\/swiss-peak.com\/wp-content\/uploads\/sites\/9\/2024\/07\/P301.7501__S_0__bdc01cce230943b2b37ad307607643de.jpg\",\"datePublished\":\"2024-07-02T00:20:10+00:00\",\"dateModified\":\"2026-03-12T01:22:12+00:00\",\"breadcrumb\":{\"@id\":\"https:\/\/swiss-peak.com\/fr\/produit\/portefeuille-magnetique-en-pu-recycle-magstand-rcs-noir\/#breadcrumb\"},\"inLanguage\":\"fr-FR\",\"potentialAction\":[{\"@type\":\"ReadAction\",\"target\":[\"https:\/\/swiss-peak.com\/fr\/produit\/portefeuille-magnetique-en-pu-recycle-magstand-rcs-noir\/\"]}]},{\"@type\":\"ImageObject\",\"inLanguage\":\"fr-FR\",\"@id\":\"https:\/\/swiss-peak.com\/fr\/produit\/portefeuille-magnetique-en-pu-recycle-magstand-rcs-noir\/#primaryimage\",\"url\":\"https:\/\/swiss-peak.com\/wp-content\/uploads\/sites\/9\/2024\/07\/P301.7501__S_0__bdc01cce230943b2b37ad307607643de.jpg\",\"contentUrl\":\"https:\/\/swiss-peak.com\/wp-content\/uploads\/sites\/9\/2024\/07\/P301.7501__S_0__bdc01cce230943b2b37ad307607643de.jpg\",\"width\":1024,\"height\":1024},{\"@type\":\"BreadcrumbList\",\"@id\":\"https:\/\/swiss-peak.com\/fr\/produit\/portefeuille-magnetique-en-pu-recycle-magstand-rcs-noir\/#breadcrumb\",\"itemListElement\":[{\"@type\":\"ListItem\",\"position\":1,\"name\":\"Home\",\"item\":\"https:\/\/swiss-peak.com\/fr\/\"},{\"@type\":\"ListItem\",\"position\":2,\"name\":\"Collection\",\"item\":\"https:\/\/swiss-peak.com\/fr\/collection\/\"},{\"@type\":\"ListItem\",\"position\":3,\"name\":\"Portefeuille magn\u00e9tique en PU recycl\u00e9 Magstand RCS, noir\"}]},{\"@type\":\"WebSite\",\"@id\":\"https:\/\/swiss-peak.com\/fr\/#website\",\"url\":\"https:\/\/swiss-peak.com\/fr\/\",\"name\":\"Swiss Peak\",\"description\":\"Where will today take you?\",\"potentialAction\":[{\"@type\":\"SearchAction\",\"target\":{\"@type\":\"EntryPoint\",\"urlTemplate\":\"https:\/\/swiss-peak.com\/fr\/?s={search_term_string}\"},\"query-input\":{\"@type\":\"PropertyValueSpecification\",\"valueRequired\":true,\"valueName\":\"search_term_string\"}}],\"inLanguage\":\"fr-FR\"}]}<\/script>\n<!-- \/ Yoast SEO plugin. -->","yoast_head_json":{"title":"Portefeuille magn\u00e9tique en PU recycl\u00e9 Magstand RCS, noir - Swiss Peak","robots":{"index":"index","follow":"follow","max-snippet":"max-snippet:-1","max-image-preview":"max-image-preview:large","max-video-preview":"max-video-preview:-1"},"canonical":"https:\/\/swiss-peak.com\/fr\/produit\/portefeuille-magnetique-en-pu-recycle-magstand-rcs-noir\/","og_locale":"fr_FR","og_type":"article","og_title":"Portefeuille magn\u00e9tique en PU recycl\u00e9 Magstand RCS, noir - Swiss Peak","og_description":"Portefeuille magn\u00e9tique avec support pour t\u00e9l\u00e9phone fabriqu\u00e9 en PU recycl\u00e9 RCS et con\u00e7u pour les styles de vie modernes con\u00e7u pour s&rsquo;adapter parfaitement aux t\u00e9l\u00e9phones dot\u00e9s de fonctions magn\u00e9tiques. Voici la fusion ultime de la commodit\u00e9 et du style. Dites adieu aux poches encombrantes et \u00e0 la recherche de cartes &#8211; cet accessoire \u00e9l\u00e9gant vous [&hellip;]","og_url":"https:\/\/swiss-peak.com\/fr\/produit\/portefeuille-magnetique-en-pu-recycle-magstand-rcs-noir\/","og_site_name":"Swiss Peak","article_modified_time":"2026-03-12T01:22:12+00:00","og_image":[{"width":1024,"height":1024,"url":"https:\/\/swiss-peak.com\/wp-content\/uploads\/sites\/9\/2024\/07\/P301.7501__S_0__bdc01cce230943b2b37ad307607643de.jpg","type":"image\/jpeg"}],"twitter_card":"summary_large_image","twitter_misc":{"Dur\u00e9e de lecture estim\u00e9e":"1 minute"},"schema":{"@context":"https:\/\/schema.org","@graph":[{"@type":"WebPage","@id":"https:\/\/swiss-peak.com\/fr\/produit\/portefeuille-magnetique-en-pu-recycle-magstand-rcs-noir\/","url":"https:\/\/swiss-peak.com\/fr\/produit\/portefeuille-magnetique-en-pu-recycle-magstand-rcs-noir\/","name":"Portefeuille magn\u00e9tique en PU recycl\u00e9 Magstand RCS, noir - Swiss Peak","isPartOf":{"@id":"https:\/\/swiss-peak.com\/fr\/#website"},"primaryImageOfPage":{"@id":"https:\/\/swiss-peak.com\/fr\/produit\/portefeuille-magnetique-en-pu-recycle-magstand-rcs-noir\/#primaryimage"},"image":{"@id":"https:\/\/swiss-peak.com\/fr\/produit\/portefeuille-magnetique-en-pu-recycle-magstand-rcs-noir\/#primaryimage"},"thumbnailUrl":"https:\/\/swiss-peak.com\/wp-content\/uploads\/sites\/9\/2024\/07\/P301.7501__S_0__bdc01cce230943b2b37ad307607643de.jpg","datePublished":"2024-07-02T00:20:10+00:00","dateModified":"2026-03-12T01:22:12+00:00","breadcrumb":{"@id":"https:\/\/swiss-peak.com\/fr\/produit\/portefeuille-magnetique-en-pu-recycle-magstand-rcs-noir\/#breadcrumb"},"inLanguage":"fr-FR","potentialAction":[{"@type":"ReadAction","target":["https:\/\/swiss-peak.com\/fr\/produit\/portefeuille-magnetique-en-pu-recycle-magstand-rcs-noir\/"]}]},{"@type":"ImageObject","inLanguage":"fr-FR","@id":"https:\/\/swiss-peak.com\/fr\/produit\/portefeuille-magnetique-en-pu-recycle-magstand-rcs-noir\/#primaryimage","url":"https:\/\/swiss-peak.com\/wp-content\/uploads\/sites\/9\/2024\/07\/P301.7501__S_0__bdc01cce230943b2b37ad307607643de.jpg","contentUrl":"https:\/\/swiss-peak.com\/wp-content\/uploads\/sites\/9\/2024\/07\/P301.7501__S_0__bdc01cce230943b2b37ad307607643de.jpg","width":1024,"height":1024},{"@type":"BreadcrumbList","@id":"https:\/\/swiss-peak.com\/fr\/produit\/portefeuille-magnetique-en-pu-recycle-magstand-rcs-noir\/#breadcrumb","itemListElement":[{"@type":"ListItem","position":1,"name":"Home","item":"https:\/\/swiss-peak.com\/fr\/"},{"@type":"ListItem","position":2,"name":"Collection","item":"https:\/\/swiss-peak.com\/fr\/collection\/"},{"@type":"ListItem","position":3,"name":"Portefeuille magn\u00e9tique en PU recycl\u00e9 Magstand RCS, noir"}]},{"@type":"WebSite","@id":"https:\/\/swiss-peak.com\/fr\/#website","url":"https:\/\/swiss-peak.com\/fr\/","name":"Swiss Peak","description":"Where will today take you?","potentialAction":[{"@type":"SearchAction","target":{"@type":"EntryPoint","urlTemplate":"https:\/\/swiss-peak.com\/fr\/?s={search_term_string}"},"query-input":{"@type":"PropertyValueSpecification","valueRequired":true,"valueName":"search_term_string"}}],"inLanguage":"fr-FR"}]}},"_links":{"self":[{"href":"https:\/\/swiss-peak.com\/fr\/wp-json\/wp\/v2\/product\/44194","targetHints":{"allow":["GET"]}}],"collection":[{"href":"https:\/\/swiss-peak.com\/fr\/wp-json\/wp\/v2\/product"}],"about":[{"href":"https:\/\/swiss-peak.com\/fr\/wp-json\/wp\/v2\/types\/product"}],"wp:featuredmedia":[{"embeddable":true,"href":"https:\/\/swiss-peak.com\/fr\/wp-json\/wp\/v2\/media\/44201"}],"wp:attachment":[{"href":"https:\/\/swiss-peak.com\/fr\/wp-json\/wp\/v2\/media?parent=44194"}],"wp:term":[{"taxonomy":"product_cat","embeddable":true,"href":"https:\/\/swiss-peak.com\/fr\/wp-json\/wp\/v2\/product_cat?post=44194"},{"taxonomy":"product_tag","embeddable":true,"href":"https:\/\/swiss-peak.com\/fr\/wp-json\/wp\/v2\/product_tag?post=44194"}],"curies":[{"name":"wp","href":"https:\/\/api.w.org\/{rel}","templated":true}]}}