{"id":22532,"date":"2024-01-03T03:02:07","date_gmt":"2024-01-03T01:20:15","guid":{"rendered":"https:\/\/swiss-peak.com\/conferencier-a4-aware-swiss-peak-script-noir\/"},"modified":"2026-04-16T02:26:53","modified_gmt":"2026-04-16T00:26:53","slug":"conferencier-a4-aware-swiss-peak-script-noir","status":"publish","type":"product","link":"https:\/\/swiss-peak.com\/fr\/produit\/conferencier-a4-aware-swiss-peak-script-noir\/","title":{"rendered":"Conf\u00e9rencier A4 AWARE\u2122 Script, noir"},"content":{"rendered":"<p>Porte-documents fabriqu\u00e9 en polyester recycl\u00e9 AWARE 300D et en PU recycl\u00e9 certifi\u00e9 RCS, allie style et faible impact. Il comporte des fentes pour cartes de visite, un passant stylo et une pochette A4 spacieuse. Restez organis\u00e9 gr\u00e2ce au bloc-notes A4 lign\u00e9 rechargeable (20 pages 70 g\/m\u00b2) fabriqu\u00e9 \u00e0 partir de papier cr\u00e8me FSC\u00ae mix. Fabriqu\u00e9 \u00e0 partir de polyester 100 % recycl\u00e9 avec le traceur AWARE\u2122. Emball\u00e9 dans une bo\u00eete cadeau FSC\u00ae.<\/p>\n","protected":false},"excerpt":{"rendered":"<p>Porte-documents fabriqu\u00e9 en polyester recycl\u00e9 AWARE 300D et en PU recycl\u00e9 certifi\u00e9 RCS, allie style et faible impact. Il comporte des fentes pour cartes de visite, un passant stylo et une pochette A4 spacieuse. Restez organis\u00e9 gr\u00e2ce au bloc-notes A4 lign\u00e9 rechargeable (20 pages 70 g\/m\u00b2) fabriqu\u00e9 \u00e0 partir de papier cr\u00e8me FSC\u00ae mix. Fabriqu\u00e9 [&hellip;]<\/p>\n","protected":false},"featured_media":46507,"template":"","meta":{"_acf_changed":false},"product_cat":[297,287],"product_tag":[],"class_list":["post-22532","product","type-product","status-publish","has-post-thumbnail","hentry","product_cat-bureau-ecriture","product_cat-business-fr","pa_color-black-fr"],"acf":[],"yoast_head":"<!-- This site is optimized with the Yoast SEO plugin v27.0 - https:\/\/yoast.com\/product\/yoast-seo-wordpress\/ -->\n<title>Conf\u00e9rencier A4 AWARE\u2122 Script, noir - Swiss Peak<\/title>\n<meta name=\"robots\" content=\"index, follow, max-snippet:-1, max-image-preview:large, max-video-preview:-1\" \/>\n<link rel=\"canonical\" href=\"https:\/\/swiss-peak.com\/fr\/produit\/conferencier-a4-aware-swiss-peak-script-noir\/\" \/>\n<meta property=\"og:locale\" content=\"fr_FR\" \/>\n<meta property=\"og:type\" content=\"article\" \/>\n<meta property=\"og:title\" content=\"Conf\u00e9rencier A4 AWARE\u2122 Script, noir - Swiss Peak\" \/>\n<meta property=\"og:description\" content=\"Porte-documents fabriqu\u00e9 en polyester recycl\u00e9 AWARE 300D et en PU recycl\u00e9 certifi\u00e9 RCS, allie style et faible impact. Il comporte des fentes pour cartes de visite, un passant stylo et une pochette A4 spacieuse. Restez organis\u00e9 gr\u00e2ce au bloc-notes A4 lign\u00e9 rechargeable (20 pages 70 g\/m\u00b2) fabriqu\u00e9 \u00e0 partir de papier cr\u00e8me FSC\u00ae mix. Fabriqu\u00e9 [&hellip;]\" \/>\n<meta property=\"og:url\" content=\"https:\/\/swiss-peak.com\/fr\/produit\/conferencier-a4-aware-swiss-peak-script-noir\/\" \/>\n<meta property=\"og:site_name\" content=\"Swiss Peak\" \/>\n<meta property=\"article:modified_time\" content=\"2026-04-16T00:26:53+00:00\" \/>\n<meta property=\"og:image\" content=\"https:\/\/swiss-peak.com\/wp-content\/uploads\/sites\/9\/2026\/04\/P774.501__S_0__7e2aa08ccfe74ba6b1c2580e17f531cd.jpg\" \/>\n\t<meta property=\"og:image:width\" content=\"1024\" \/>\n\t<meta property=\"og:image:height\" content=\"1024\" \/>\n\t<meta property=\"og:image:type\" content=\"image\/jpeg\" \/>\n<meta name=\"twitter:card\" content=\"summary_large_image\" \/>\n<script type=\"application\/ld+json\" class=\"yoast-schema-graph\">{\"@context\":\"https:\/\/schema.org\",\"@graph\":[{\"@type\":\"WebPage\",\"@id\":\"https:\/\/swiss-peak.com\/fr\/produit\/conferencier-a4-aware-swiss-peak-script-noir\/\",\"url\":\"https:\/\/swiss-peak.com\/fr\/produit\/conferencier-a4-aware-swiss-peak-script-noir\/\",\"name\":\"Conf\u00e9rencier A4 AWARE\u2122 Script, noir - Swiss Peak\",\"isPartOf\":{\"@id\":\"https:\/\/swiss-peak.com\/fr\/#website\"},\"primaryImageOfPage\":{\"@id\":\"https:\/\/swiss-peak.com\/fr\/produit\/conferencier-a4-aware-swiss-peak-script-noir\/#primaryimage\"},\"image\":{\"@id\":\"https:\/\/swiss-peak.com\/fr\/produit\/conferencier-a4-aware-swiss-peak-script-noir\/#primaryimage\"},\"thumbnailUrl\":\"https:\/\/swiss-peak.com\/wp-content\/uploads\/sites\/9\/2026\/04\/P774.501__S_0__7e2aa08ccfe74ba6b1c2580e17f531cd.jpg\",\"datePublished\":\"2024-01-03T01:20:15+00:00\",\"dateModified\":\"2026-04-16T00:26:53+00:00\",\"breadcrumb\":{\"@id\":\"https:\/\/swiss-peak.com\/fr\/produit\/conferencier-a4-aware-swiss-peak-script-noir\/#breadcrumb\"},\"inLanguage\":\"fr-FR\",\"potentialAction\":[{\"@type\":\"ReadAction\",\"target\":[\"https:\/\/swiss-peak.com\/fr\/produit\/conferencier-a4-aware-swiss-peak-script-noir\/\"]}]},{\"@type\":\"ImageObject\",\"inLanguage\":\"fr-FR\",\"@id\":\"https:\/\/swiss-peak.com\/fr\/produit\/conferencier-a4-aware-swiss-peak-script-noir\/#primaryimage\",\"url\":\"https:\/\/swiss-peak.com\/wp-content\/uploads\/sites\/9\/2026\/04\/P774.501__S_0__7e2aa08ccfe74ba6b1c2580e17f531cd.jpg\",\"contentUrl\":\"https:\/\/swiss-peak.com\/wp-content\/uploads\/sites\/9\/2026\/04\/P774.501__S_0__7e2aa08ccfe74ba6b1c2580e17f531cd.jpg\",\"width\":1024,\"height\":1024},{\"@type\":\"BreadcrumbList\",\"@id\":\"https:\/\/swiss-peak.com\/fr\/produit\/conferencier-a4-aware-swiss-peak-script-noir\/#breadcrumb\",\"itemListElement\":[{\"@type\":\"ListItem\",\"position\":1,\"name\":\"Home\",\"item\":\"https:\/\/swiss-peak.com\/fr\/\"},{\"@type\":\"ListItem\",\"position\":2,\"name\":\"Collection\",\"item\":\"https:\/\/swiss-peak.com\/fr\/collection\/\"},{\"@type\":\"ListItem\",\"position\":3,\"name\":\"Conf\u00e9rencier A4 AWARE\u2122 Script, noir\"}]},{\"@type\":\"WebSite\",\"@id\":\"https:\/\/swiss-peak.com\/fr\/#website\",\"url\":\"https:\/\/swiss-peak.com\/fr\/\",\"name\":\"Swiss Peak\",\"description\":\"Where will today take you?\",\"potentialAction\":[{\"@type\":\"SearchAction\",\"target\":{\"@type\":\"EntryPoint\",\"urlTemplate\":\"https:\/\/swiss-peak.com\/fr\/?s={search_term_string}\"},\"query-input\":{\"@type\":\"PropertyValueSpecification\",\"valueRequired\":true,\"valueName\":\"search_term_string\"}}],\"inLanguage\":\"fr-FR\"}]}<\/script>\n<!-- \/ Yoast SEO plugin. -->","yoast_head_json":{"title":"Conf\u00e9rencier A4 AWARE\u2122 Script, noir - Swiss Peak","robots":{"index":"index","follow":"follow","max-snippet":"max-snippet:-1","max-image-preview":"max-image-preview:large","max-video-preview":"max-video-preview:-1"},"canonical":"https:\/\/swiss-peak.com\/fr\/produit\/conferencier-a4-aware-swiss-peak-script-noir\/","og_locale":"fr_FR","og_type":"article","og_title":"Conf\u00e9rencier A4 AWARE\u2122 Script, noir - Swiss Peak","og_description":"Porte-documents fabriqu\u00e9 en polyester recycl\u00e9 AWARE 300D et en PU recycl\u00e9 certifi\u00e9 RCS, allie style et faible impact. Il comporte des fentes pour cartes de visite, un passant stylo et une pochette A4 spacieuse. Restez organis\u00e9 gr\u00e2ce au bloc-notes A4 lign\u00e9 rechargeable (20 pages 70 g\/m\u00b2) fabriqu\u00e9 \u00e0 partir de papier cr\u00e8me FSC\u00ae mix. Fabriqu\u00e9 [&hellip;]","og_url":"https:\/\/swiss-peak.com\/fr\/produit\/conferencier-a4-aware-swiss-peak-script-noir\/","og_site_name":"Swiss Peak","article_modified_time":"2026-04-16T00:26:53+00:00","og_image":[{"width":1024,"height":1024,"url":"https:\/\/swiss-peak.com\/wp-content\/uploads\/sites\/9\/2026\/04\/P774.501__S_0__7e2aa08ccfe74ba6b1c2580e17f531cd.jpg","type":"image\/jpeg"}],"twitter_card":"summary_large_image","schema":{"@context":"https:\/\/schema.org","@graph":[{"@type":"WebPage","@id":"https:\/\/swiss-peak.com\/fr\/produit\/conferencier-a4-aware-swiss-peak-script-noir\/","url":"https:\/\/swiss-peak.com\/fr\/produit\/conferencier-a4-aware-swiss-peak-script-noir\/","name":"Conf\u00e9rencier A4 AWARE\u2122 Script, noir - Swiss Peak","isPartOf":{"@id":"https:\/\/swiss-peak.com\/fr\/#website"},"primaryImageOfPage":{"@id":"https:\/\/swiss-peak.com\/fr\/produit\/conferencier-a4-aware-swiss-peak-script-noir\/#primaryimage"},"image":{"@id":"https:\/\/swiss-peak.com\/fr\/produit\/conferencier-a4-aware-swiss-peak-script-noir\/#primaryimage"},"thumbnailUrl":"https:\/\/swiss-peak.com\/wp-content\/uploads\/sites\/9\/2026\/04\/P774.501__S_0__7e2aa08ccfe74ba6b1c2580e17f531cd.jpg","datePublished":"2024-01-03T01:20:15+00:00","dateModified":"2026-04-16T00:26:53+00:00","breadcrumb":{"@id":"https:\/\/swiss-peak.com\/fr\/produit\/conferencier-a4-aware-swiss-peak-script-noir\/#breadcrumb"},"inLanguage":"fr-FR","potentialAction":[{"@type":"ReadAction","target":["https:\/\/swiss-peak.com\/fr\/produit\/conferencier-a4-aware-swiss-peak-script-noir\/"]}]},{"@type":"ImageObject","inLanguage":"fr-FR","@id":"https:\/\/swiss-peak.com\/fr\/produit\/conferencier-a4-aware-swiss-peak-script-noir\/#primaryimage","url":"https:\/\/swiss-peak.com\/wp-content\/uploads\/sites\/9\/2026\/04\/P774.501__S_0__7e2aa08ccfe74ba6b1c2580e17f531cd.jpg","contentUrl":"https:\/\/swiss-peak.com\/wp-content\/uploads\/sites\/9\/2026\/04\/P774.501__S_0__7e2aa08ccfe74ba6b1c2580e17f531cd.jpg","width":1024,"height":1024},{"@type":"BreadcrumbList","@id":"https:\/\/swiss-peak.com\/fr\/produit\/conferencier-a4-aware-swiss-peak-script-noir\/#breadcrumb","itemListElement":[{"@type":"ListItem","position":1,"name":"Home","item":"https:\/\/swiss-peak.com\/fr\/"},{"@type":"ListItem","position":2,"name":"Collection","item":"https:\/\/swiss-peak.com\/fr\/collection\/"},{"@type":"ListItem","position":3,"name":"Conf\u00e9rencier A4 AWARE\u2122 Script, noir"}]},{"@type":"WebSite","@id":"https:\/\/swiss-peak.com\/fr\/#website","url":"https:\/\/swiss-peak.com\/fr\/","name":"Swiss Peak","description":"Where will today take you?","potentialAction":[{"@type":"SearchAction","target":{"@type":"EntryPoint","urlTemplate":"https:\/\/swiss-peak.com\/fr\/?s={search_term_string}"},"query-input":{"@type":"PropertyValueSpecification","valueRequired":true,"valueName":"search_term_string"}}],"inLanguage":"fr-FR"}]}},"_links":{"self":[{"href":"https:\/\/swiss-peak.com\/fr\/wp-json\/wp\/v2\/product\/22532","targetHints":{"allow":["GET"]}}],"collection":[{"href":"https:\/\/swiss-peak.com\/fr\/wp-json\/wp\/v2\/product"}],"about":[{"href":"https:\/\/swiss-peak.com\/fr\/wp-json\/wp\/v2\/types\/product"}],"wp:featuredmedia":[{"embeddable":true,"href":"https:\/\/swiss-peak.com\/fr\/wp-json\/wp\/v2\/media\/46507"}],"wp:attachment":[{"href":"https:\/\/swiss-peak.com\/fr\/wp-json\/wp\/v2\/media?parent=22532"}],"wp:term":[{"taxonomy":"product_cat","embeddable":true,"href":"https:\/\/swiss-peak.com\/fr\/wp-json\/wp\/v2\/product_cat?post=22532"},{"taxonomy":"product_tag","embeddable":true,"href":"https:\/\/swiss-peak.com\/fr\/wp-json\/wp\/v2\/product_tag?post=22532"}],"curies":[{"name":"wp","href":"https:\/\/api.w.org\/{rel}","templated":true}]}}