{"id":22531,"date":"2024-01-03T03:00:30","date_gmt":"2024-01-03T01:20:10","guid":{"rendered":"https:\/\/swiss-peak.com\/stylo-a-double-pointe-en-aluminium-rcs-swiss-peak-storm-noir\/"},"modified":"2026-03-12T03:24:54","modified_gmt":"2026-03-12T01:24:54","slug":"stylo-a-double-pointe-en-aluminium-rcs-swiss-peak-storm-noir","status":"publish","type":"product","link":"https:\/\/swiss-peak.com\/fr\/produit\/stylo-a-double-pointe-en-aluminium-rcs-swiss-peak-storm-noir\/","title":{"rendered":"Stylo \u00e0 double pointe en aluminium RCS Storm, noir"},"content":{"rendered":"<p>Stylo exceptionnel fabriqu\u00e9 \u00e0 partir d&rsquo;aluminium recycl\u00e9 certifi\u00e9 RCS. Il allie style et faible impact avec 83 % d&rsquo;aluminium recycl\u00e9 certifi\u00e9 RCS. Le stylo poss\u00e8de deux pointes &#8211; une pointe graphite d&rsquo;un c\u00f4t\u00e9 et un stylo-bille de l&rsquo;autre, assurant une \u00e9criture douce et pr\u00e9cise \u00e0 l&rsquo;encre bleue. Largeur d&rsquo;\u00e9criture 1 mm, longueur d&rsquo;\u00e9criture 1200 m\u00e8tres. Son design unique respire la sophistication. Emball\u00e9 dans une bo\u00eete cadeau Swiss Peak noire FSC\u00ae mix. Contenu recycl\u00e9 total bas\u00e9 sur le poids de l&rsquo;article : 83%.<\/p>\n","protected":false},"excerpt":{"rendered":"<p>Stylo exceptionnel fabriqu\u00e9 \u00e0 partir d&rsquo;aluminium recycl\u00e9 certifi\u00e9 RCS. Il allie style et faible impact avec 83 % d&rsquo;aluminium recycl\u00e9 certifi\u00e9 RCS. Le stylo poss\u00e8de deux pointes &#8211; une pointe graphite d&rsquo;un c\u00f4t\u00e9 et un stylo-bille de l&rsquo;autre, assurant une \u00e9criture douce et pr\u00e9cise \u00e0 l&rsquo;encre bleue. Largeur d&rsquo;\u00e9criture 1 mm, longueur d&rsquo;\u00e9criture 1200 m\u00e8tres. [&hellip;]<\/p>\n","protected":false},"featured_media":28991,"template":"","meta":{"_acf_changed":false},"product_cat":[297,287],"product_tag":[],"class_list":["post-22531","product","type-product","status-publish","has-post-thumbnail","hentry","product_cat-bureau-ecriture","product_cat-business-fr","pa_color-black-fr"],"acf":[],"yoast_head":"<!-- This site is optimized with the Yoast SEO plugin v27.0 - https:\/\/yoast.com\/product\/yoast-seo-wordpress\/ -->\n<title>Stylo \u00e0 double pointe en aluminium RCS Storm, noir - Swiss Peak<\/title>\n<meta name=\"robots\" content=\"index, follow, max-snippet:-1, max-image-preview:large, max-video-preview:-1\" \/>\n<link rel=\"canonical\" href=\"https:\/\/swiss-peak.com\/fr\/produit\/stylo-a-double-pointe-en-aluminium-rcs-swiss-peak-storm-noir\/\" \/>\n<meta property=\"og:locale\" content=\"fr_FR\" \/>\n<meta property=\"og:type\" content=\"article\" \/>\n<meta property=\"og:title\" content=\"Stylo \u00e0 double pointe en aluminium RCS Storm, noir - Swiss Peak\" \/>\n<meta property=\"og:description\" content=\"Stylo exceptionnel fabriqu\u00e9 \u00e0 partir d&rsquo;aluminium recycl\u00e9 certifi\u00e9 RCS. Il allie style et faible impact avec 83 % d&rsquo;aluminium recycl\u00e9 certifi\u00e9 RCS. Le stylo poss\u00e8de deux pointes &#8211; une pointe graphite d&rsquo;un c\u00f4t\u00e9 et un stylo-bille de l&rsquo;autre, assurant une \u00e9criture douce et pr\u00e9cise \u00e0 l&rsquo;encre bleue. Largeur d&rsquo;\u00e9criture 1 mm, longueur d&rsquo;\u00e9criture 1200 m\u00e8tres. [&hellip;]\" \/>\n<meta property=\"og:url\" content=\"https:\/\/swiss-peak.com\/fr\/produit\/stylo-a-double-pointe-en-aluminium-rcs-swiss-peak-storm-noir\/\" \/>\n<meta property=\"og:site_name\" content=\"Swiss Peak\" \/>\n<meta property=\"article:modified_time\" content=\"2026-03-12T01:24:54+00:00\" \/>\n<meta property=\"og:image\" content=\"https:\/\/swiss-peak.com\/wp-content\/uploads\/sites\/9\/2024\/02\/P611.251__S_0__c3c3b2d921dd4937839884e466a1e0fd.jpg\" \/>\n\t<meta property=\"og:image:width\" content=\"1024\" \/>\n\t<meta property=\"og:image:height\" content=\"1024\" \/>\n\t<meta property=\"og:image:type\" content=\"image\/jpeg\" \/>\n<meta name=\"twitter:card\" content=\"summary_large_image\" \/>\n<script type=\"application\/ld+json\" class=\"yoast-schema-graph\">{\"@context\":\"https:\/\/schema.org\",\"@graph\":[{\"@type\":\"WebPage\",\"@id\":\"https:\/\/swiss-peak.com\/fr\/produit\/stylo-a-double-pointe-en-aluminium-rcs-swiss-peak-storm-noir\/\",\"url\":\"https:\/\/swiss-peak.com\/fr\/produit\/stylo-a-double-pointe-en-aluminium-rcs-swiss-peak-storm-noir\/\",\"name\":\"Stylo \u00e0 double pointe en aluminium RCS Storm, noir - Swiss Peak\",\"isPartOf\":{\"@id\":\"https:\/\/swiss-peak.com\/fr\/#website\"},\"primaryImageOfPage\":{\"@id\":\"https:\/\/swiss-peak.com\/fr\/produit\/stylo-a-double-pointe-en-aluminium-rcs-swiss-peak-storm-noir\/#primaryimage\"},\"image\":{\"@id\":\"https:\/\/swiss-peak.com\/fr\/produit\/stylo-a-double-pointe-en-aluminium-rcs-swiss-peak-storm-noir\/#primaryimage\"},\"thumbnailUrl\":\"https:\/\/swiss-peak.com\/wp-content\/uploads\/sites\/9\/2024\/02\/P611.251__S_0__c3c3b2d921dd4937839884e466a1e0fd.jpg\",\"datePublished\":\"2024-01-03T01:20:10+00:00\",\"dateModified\":\"2026-03-12T01:24:54+00:00\",\"breadcrumb\":{\"@id\":\"https:\/\/swiss-peak.com\/fr\/produit\/stylo-a-double-pointe-en-aluminium-rcs-swiss-peak-storm-noir\/#breadcrumb\"},\"inLanguage\":\"fr-FR\",\"potentialAction\":[{\"@type\":\"ReadAction\",\"target\":[\"https:\/\/swiss-peak.com\/fr\/produit\/stylo-a-double-pointe-en-aluminium-rcs-swiss-peak-storm-noir\/\"]}]},{\"@type\":\"ImageObject\",\"inLanguage\":\"fr-FR\",\"@id\":\"https:\/\/swiss-peak.com\/fr\/produit\/stylo-a-double-pointe-en-aluminium-rcs-swiss-peak-storm-noir\/#primaryimage\",\"url\":\"https:\/\/swiss-peak.com\/wp-content\/uploads\/sites\/9\/2024\/02\/P611.251__S_0__c3c3b2d921dd4937839884e466a1e0fd.jpg\",\"contentUrl\":\"https:\/\/swiss-peak.com\/wp-content\/uploads\/sites\/9\/2024\/02\/P611.251__S_0__c3c3b2d921dd4937839884e466a1e0fd.jpg\",\"width\":1024,\"height\":1024},{\"@type\":\"BreadcrumbList\",\"@id\":\"https:\/\/swiss-peak.com\/fr\/produit\/stylo-a-double-pointe-en-aluminium-rcs-swiss-peak-storm-noir\/#breadcrumb\",\"itemListElement\":[{\"@type\":\"ListItem\",\"position\":1,\"name\":\"Home\",\"item\":\"https:\/\/swiss-peak.com\/fr\/\"},{\"@type\":\"ListItem\",\"position\":2,\"name\":\"Collection\",\"item\":\"https:\/\/swiss-peak.com\/fr\/collection\/\"},{\"@type\":\"ListItem\",\"position\":3,\"name\":\"Stylo \u00e0 double pointe en aluminium RCS Storm, noir\"}]},{\"@type\":\"WebSite\",\"@id\":\"https:\/\/swiss-peak.com\/fr\/#website\",\"url\":\"https:\/\/swiss-peak.com\/fr\/\",\"name\":\"Swiss Peak\",\"description\":\"Where will today take you?\",\"potentialAction\":[{\"@type\":\"SearchAction\",\"target\":{\"@type\":\"EntryPoint\",\"urlTemplate\":\"https:\/\/swiss-peak.com\/fr\/?s={search_term_string}\"},\"query-input\":{\"@type\":\"PropertyValueSpecification\",\"valueRequired\":true,\"valueName\":\"search_term_string\"}}],\"inLanguage\":\"fr-FR\"}]}<\/script>\n<!-- \/ Yoast SEO plugin. -->","yoast_head_json":{"title":"Stylo \u00e0 double pointe en aluminium RCS Storm, noir - Swiss Peak","robots":{"index":"index","follow":"follow","max-snippet":"max-snippet:-1","max-image-preview":"max-image-preview:large","max-video-preview":"max-video-preview:-1"},"canonical":"https:\/\/swiss-peak.com\/fr\/produit\/stylo-a-double-pointe-en-aluminium-rcs-swiss-peak-storm-noir\/","og_locale":"fr_FR","og_type":"article","og_title":"Stylo \u00e0 double pointe en aluminium RCS Storm, noir - Swiss Peak","og_description":"Stylo exceptionnel fabriqu\u00e9 \u00e0 partir d&rsquo;aluminium recycl\u00e9 certifi\u00e9 RCS. Il allie style et faible impact avec 83 % d&rsquo;aluminium recycl\u00e9 certifi\u00e9 RCS. Le stylo poss\u00e8de deux pointes &#8211; une pointe graphite d&rsquo;un c\u00f4t\u00e9 et un stylo-bille de l&rsquo;autre, assurant une \u00e9criture douce et pr\u00e9cise \u00e0 l&rsquo;encre bleue. Largeur d&rsquo;\u00e9criture 1 mm, longueur d&rsquo;\u00e9criture 1200 m\u00e8tres. [&hellip;]","og_url":"https:\/\/swiss-peak.com\/fr\/produit\/stylo-a-double-pointe-en-aluminium-rcs-swiss-peak-storm-noir\/","og_site_name":"Swiss Peak","article_modified_time":"2026-03-12T01:24:54+00:00","og_image":[{"width":1024,"height":1024,"url":"https:\/\/swiss-peak.com\/wp-content\/uploads\/sites\/9\/2024\/02\/P611.251__S_0__c3c3b2d921dd4937839884e466a1e0fd.jpg","type":"image\/jpeg"}],"twitter_card":"summary_large_image","schema":{"@context":"https:\/\/schema.org","@graph":[{"@type":"WebPage","@id":"https:\/\/swiss-peak.com\/fr\/produit\/stylo-a-double-pointe-en-aluminium-rcs-swiss-peak-storm-noir\/","url":"https:\/\/swiss-peak.com\/fr\/produit\/stylo-a-double-pointe-en-aluminium-rcs-swiss-peak-storm-noir\/","name":"Stylo \u00e0 double pointe en aluminium RCS Storm, noir - Swiss Peak","isPartOf":{"@id":"https:\/\/swiss-peak.com\/fr\/#website"},"primaryImageOfPage":{"@id":"https:\/\/swiss-peak.com\/fr\/produit\/stylo-a-double-pointe-en-aluminium-rcs-swiss-peak-storm-noir\/#primaryimage"},"image":{"@id":"https:\/\/swiss-peak.com\/fr\/produit\/stylo-a-double-pointe-en-aluminium-rcs-swiss-peak-storm-noir\/#primaryimage"},"thumbnailUrl":"https:\/\/swiss-peak.com\/wp-content\/uploads\/sites\/9\/2024\/02\/P611.251__S_0__c3c3b2d921dd4937839884e466a1e0fd.jpg","datePublished":"2024-01-03T01:20:10+00:00","dateModified":"2026-03-12T01:24:54+00:00","breadcrumb":{"@id":"https:\/\/swiss-peak.com\/fr\/produit\/stylo-a-double-pointe-en-aluminium-rcs-swiss-peak-storm-noir\/#breadcrumb"},"inLanguage":"fr-FR","potentialAction":[{"@type":"ReadAction","target":["https:\/\/swiss-peak.com\/fr\/produit\/stylo-a-double-pointe-en-aluminium-rcs-swiss-peak-storm-noir\/"]}]},{"@type":"ImageObject","inLanguage":"fr-FR","@id":"https:\/\/swiss-peak.com\/fr\/produit\/stylo-a-double-pointe-en-aluminium-rcs-swiss-peak-storm-noir\/#primaryimage","url":"https:\/\/swiss-peak.com\/wp-content\/uploads\/sites\/9\/2024\/02\/P611.251__S_0__c3c3b2d921dd4937839884e466a1e0fd.jpg","contentUrl":"https:\/\/swiss-peak.com\/wp-content\/uploads\/sites\/9\/2024\/02\/P611.251__S_0__c3c3b2d921dd4937839884e466a1e0fd.jpg","width":1024,"height":1024},{"@type":"BreadcrumbList","@id":"https:\/\/swiss-peak.com\/fr\/produit\/stylo-a-double-pointe-en-aluminium-rcs-swiss-peak-storm-noir\/#breadcrumb","itemListElement":[{"@type":"ListItem","position":1,"name":"Home","item":"https:\/\/swiss-peak.com\/fr\/"},{"@type":"ListItem","position":2,"name":"Collection","item":"https:\/\/swiss-peak.com\/fr\/collection\/"},{"@type":"ListItem","position":3,"name":"Stylo \u00e0 double pointe en aluminium RCS Storm, noir"}]},{"@type":"WebSite","@id":"https:\/\/swiss-peak.com\/fr\/#website","url":"https:\/\/swiss-peak.com\/fr\/","name":"Swiss Peak","description":"Where will today take you?","potentialAction":[{"@type":"SearchAction","target":{"@type":"EntryPoint","urlTemplate":"https:\/\/swiss-peak.com\/fr\/?s={search_term_string}"},"query-input":{"@type":"PropertyValueSpecification","valueRequired":true,"valueName":"search_term_string"}}],"inLanguage":"fr-FR"}]}},"_links":{"self":[{"href":"https:\/\/swiss-peak.com\/fr\/wp-json\/wp\/v2\/product\/22531","targetHints":{"allow":["GET"]}}],"collection":[{"href":"https:\/\/swiss-peak.com\/fr\/wp-json\/wp\/v2\/product"}],"about":[{"href":"https:\/\/swiss-peak.com\/fr\/wp-json\/wp\/v2\/types\/product"}],"wp:featuredmedia":[{"embeddable":true,"href":"https:\/\/swiss-peak.com\/fr\/wp-json\/wp\/v2\/media\/28991"}],"wp:attachment":[{"href":"https:\/\/swiss-peak.com\/fr\/wp-json\/wp\/v2\/media?parent=22531"}],"wp:term":[{"taxonomy":"product_cat","embeddable":true,"href":"https:\/\/swiss-peak.com\/fr\/wp-json\/wp\/v2\/product_cat?post=22531"},{"taxonomy":"product_tag","embeddable":true,"href":"https:\/\/swiss-peak.com\/fr\/wp-json\/wp\/v2\/product_tag?post=22531"}],"curies":[{"name":"wp","href":"https:\/\/api.w.org\/{rel}","templated":true}]}}