{"id":19998,"date":"2023-08-09T02:00:17","date_gmt":"2023-08-09T00:22:07","guid":{"rendered":"https:\/\/swiss-peak.com\/chargeur-sans-fil-15w-en-plastique-recycle-rcs-swiss-peak-gris\/"},"modified":"2026-03-12T03:22:15","modified_gmt":"2026-03-12T01:22:15","slug":"chargeur-sans-fil-15w-en-plastique-recycle-rcs-swiss-peak-gris","status":"publish","type":"product","link":"https:\/\/swiss-peak.com\/fr\/produit\/chargeur-sans-fil-15w-en-plastique-recycle-rcs-swiss-peak-gris\/","title":{"rendered":"Chargeur sans fil 15W en plastique recycl\u00e9 RCS, gris"},"content":{"rendered":"<p>Chargeur sans fil 3 en 1, luxueux et pliable, fabriqu\u00e9 en ABS recycl\u00e9 RCS Contenu recycl\u00e9 total : 46 % sur la base du poids total de l&rsquo;article. La certification RCS garantit une cha\u00eene d&rsquo;approvisionnement enti\u00e8rement certifi\u00e9e pour les mat\u00e9riaux recycl\u00e9s. Le chargeur sans fil est \u00e9quip\u00e9 d&rsquo;un chargeur sans fil magn\u00e9tique de 15W et d&rsquo;un chargeur sans fil suppl\u00e9mentaire de 5W adapt\u00e9 aux bo\u00eetiers d&rsquo;\u00e9couteurs ou autres petits appareils rechargeables sans fil, ainsi que d&rsquo;un chargeur sans fil de 2,5W pour les smartwatches (montres Apple uniquement). C\u00e2ble TPE recycl\u00e9 de 120 cm certifi\u00e9 RCS inclus. Emball\u00e9 dans un emballage kraft FSC\u00ae mix. Article et accessoires 100% sans PVC. Entr\u00e9e : 9V\/3A pour une utilisation optimale. Sortie : T\u00e9l\u00e9phone : 9V\/1.1A ; 9V\/1.67 A\/(15W), Ecouteurs : 5V\/1A (5W), Montre : 5V\/0.5A.<\/p>\n","protected":false},"excerpt":{"rendered":"<p>Chargeur sans fil 3 en 1, luxueux et pliable, fabriqu\u00e9 en ABS recycl\u00e9 RCS Contenu recycl\u00e9 total : 46 % sur la base du poids total de l&rsquo;article. La certification RCS garantit une cha\u00eene d&rsquo;approvisionnement enti\u00e8rement certifi\u00e9e pour les mat\u00e9riaux recycl\u00e9s. Le chargeur sans fil est \u00e9quip\u00e9 d&rsquo;un chargeur sans fil magn\u00e9tique de 15W et [&hellip;]<\/p>\n","protected":false},"featured_media":22964,"template":"","meta":{"_acf_changed":false},"product_cat":[287,302],"product_tag":[],"class_list":["post-19998","product","type-product","status-publish","has-post-thumbnail","hentry","product_cat-business-fr","product_cat-technologie","pa_color-black-fr","pa_color-grey-fr"],"acf":[],"yoast_head":"<!-- This site is optimized with the Yoast SEO plugin v27.0 - https:\/\/yoast.com\/product\/yoast-seo-wordpress\/ -->\n<title>Chargeur sans fil 15W en plastique recycl\u00e9 RCS, gris - Swiss Peak<\/title>\n<meta name=\"robots\" content=\"index, follow, max-snippet:-1, max-image-preview:large, max-video-preview:-1\" \/>\n<link rel=\"canonical\" href=\"https:\/\/swiss-peak.com\/fr\/produit\/chargeur-sans-fil-15w-en-plastique-recycle-rcs-swiss-peak-gris\/\" \/>\n<meta property=\"og:locale\" content=\"fr_FR\" \/>\n<meta property=\"og:type\" content=\"article\" \/>\n<meta property=\"og:title\" content=\"Chargeur sans fil 15W en plastique recycl\u00e9 RCS, gris - Swiss Peak\" \/>\n<meta property=\"og:description\" content=\"Chargeur sans fil 3 en 1, luxueux et pliable, fabriqu\u00e9 en ABS recycl\u00e9 RCS Contenu recycl\u00e9 total : 46 % sur la base du poids total de l&rsquo;article. La certification RCS garantit une cha\u00eene d&rsquo;approvisionnement enti\u00e8rement certifi\u00e9e pour les mat\u00e9riaux recycl\u00e9s. Le chargeur sans fil est \u00e9quip\u00e9 d&rsquo;un chargeur sans fil magn\u00e9tique de 15W et [&hellip;]\" \/>\n<meta property=\"og:url\" content=\"https:\/\/swiss-peak.com\/fr\/produit\/chargeur-sans-fil-15w-en-plastique-recycle-rcs-swiss-peak-gris\/\" \/>\n<meta property=\"og:site_name\" content=\"Swiss Peak\" \/>\n<meta property=\"article:modified_time\" content=\"2026-03-12T01:22:15+00:00\" \/>\n<meta property=\"og:image\" content=\"https:\/\/swiss-peak.com\/wp-content\/uploads\/sites\/9\/2024\/02\/P308.531__S_0__1ffd691bdf6240daa7083520a9153ee7.jpg\" \/>\n\t<meta property=\"og:image:width\" content=\"1024\" \/>\n\t<meta property=\"og:image:height\" content=\"1024\" \/>\n\t<meta property=\"og:image:type\" content=\"image\/jpeg\" \/>\n<meta name=\"twitter:card\" content=\"summary_large_image\" \/>\n<meta name=\"twitter:label1\" content=\"Dur\u00e9e de lecture estim\u00e9e\" \/>\n\t<meta name=\"twitter:data1\" content=\"1 minute\" \/>\n<script type=\"application\/ld+json\" class=\"yoast-schema-graph\">{\"@context\":\"https:\/\/schema.org\",\"@graph\":[{\"@type\":\"WebPage\",\"@id\":\"https:\/\/swiss-peak.com\/fr\/produit\/chargeur-sans-fil-15w-en-plastique-recycle-rcs-swiss-peak-gris\/\",\"url\":\"https:\/\/swiss-peak.com\/fr\/produit\/chargeur-sans-fil-15w-en-plastique-recycle-rcs-swiss-peak-gris\/\",\"name\":\"Chargeur sans fil 15W en plastique recycl\u00e9 RCS, gris - Swiss Peak\",\"isPartOf\":{\"@id\":\"https:\/\/swiss-peak.com\/fr\/#website\"},\"primaryImageOfPage\":{\"@id\":\"https:\/\/swiss-peak.com\/fr\/produit\/chargeur-sans-fil-15w-en-plastique-recycle-rcs-swiss-peak-gris\/#primaryimage\"},\"image\":{\"@id\":\"https:\/\/swiss-peak.com\/fr\/produit\/chargeur-sans-fil-15w-en-plastique-recycle-rcs-swiss-peak-gris\/#primaryimage\"},\"thumbnailUrl\":\"https:\/\/swiss-peak.com\/wp-content\/uploads\/sites\/9\/2024\/02\/P308.531__S_0__1ffd691bdf6240daa7083520a9153ee7.jpg\",\"datePublished\":\"2023-08-09T00:22:07+00:00\",\"dateModified\":\"2026-03-12T01:22:15+00:00\",\"breadcrumb\":{\"@id\":\"https:\/\/swiss-peak.com\/fr\/produit\/chargeur-sans-fil-15w-en-plastique-recycle-rcs-swiss-peak-gris\/#breadcrumb\"},\"inLanguage\":\"fr-FR\",\"potentialAction\":[{\"@type\":\"ReadAction\",\"target\":[\"https:\/\/swiss-peak.com\/fr\/produit\/chargeur-sans-fil-15w-en-plastique-recycle-rcs-swiss-peak-gris\/\"]}]},{\"@type\":\"ImageObject\",\"inLanguage\":\"fr-FR\",\"@id\":\"https:\/\/swiss-peak.com\/fr\/produit\/chargeur-sans-fil-15w-en-plastique-recycle-rcs-swiss-peak-gris\/#primaryimage\",\"url\":\"https:\/\/swiss-peak.com\/wp-content\/uploads\/sites\/9\/2024\/02\/P308.531__S_0__1ffd691bdf6240daa7083520a9153ee7.jpg\",\"contentUrl\":\"https:\/\/swiss-peak.com\/wp-content\/uploads\/sites\/9\/2024\/02\/P308.531__S_0__1ffd691bdf6240daa7083520a9153ee7.jpg\",\"width\":1024,\"height\":1024},{\"@type\":\"BreadcrumbList\",\"@id\":\"https:\/\/swiss-peak.com\/fr\/produit\/chargeur-sans-fil-15w-en-plastique-recycle-rcs-swiss-peak-gris\/#breadcrumb\",\"itemListElement\":[{\"@type\":\"ListItem\",\"position\":1,\"name\":\"Home\",\"item\":\"https:\/\/swiss-peak.com\/fr\/\"},{\"@type\":\"ListItem\",\"position\":2,\"name\":\"Collection\",\"item\":\"https:\/\/swiss-peak.com\/fr\/collection\/\"},{\"@type\":\"ListItem\",\"position\":3,\"name\":\"Chargeur sans fil 15W en plastique recycl\u00e9 RCS, gris\"}]},{\"@type\":\"WebSite\",\"@id\":\"https:\/\/swiss-peak.com\/fr\/#website\",\"url\":\"https:\/\/swiss-peak.com\/fr\/\",\"name\":\"Swiss Peak\",\"description\":\"Where will today take you?\",\"potentialAction\":[{\"@type\":\"SearchAction\",\"target\":{\"@type\":\"EntryPoint\",\"urlTemplate\":\"https:\/\/swiss-peak.com\/fr\/?s={search_term_string}\"},\"query-input\":{\"@type\":\"PropertyValueSpecification\",\"valueRequired\":true,\"valueName\":\"search_term_string\"}}],\"inLanguage\":\"fr-FR\"}]}<\/script>\n<!-- \/ Yoast SEO plugin. -->","yoast_head_json":{"title":"Chargeur sans fil 15W en plastique recycl\u00e9 RCS, gris - Swiss Peak","robots":{"index":"index","follow":"follow","max-snippet":"max-snippet:-1","max-image-preview":"max-image-preview:large","max-video-preview":"max-video-preview:-1"},"canonical":"https:\/\/swiss-peak.com\/fr\/produit\/chargeur-sans-fil-15w-en-plastique-recycle-rcs-swiss-peak-gris\/","og_locale":"fr_FR","og_type":"article","og_title":"Chargeur sans fil 15W en plastique recycl\u00e9 RCS, gris - Swiss Peak","og_description":"Chargeur sans fil 3 en 1, luxueux et pliable, fabriqu\u00e9 en ABS recycl\u00e9 RCS Contenu recycl\u00e9 total : 46 % sur la base du poids total de l&rsquo;article. La certification RCS garantit une cha\u00eene d&rsquo;approvisionnement enti\u00e8rement certifi\u00e9e pour les mat\u00e9riaux recycl\u00e9s. Le chargeur sans fil est \u00e9quip\u00e9 d&rsquo;un chargeur sans fil magn\u00e9tique de 15W et [&hellip;]","og_url":"https:\/\/swiss-peak.com\/fr\/produit\/chargeur-sans-fil-15w-en-plastique-recycle-rcs-swiss-peak-gris\/","og_site_name":"Swiss Peak","article_modified_time":"2026-03-12T01:22:15+00:00","og_image":[{"width":1024,"height":1024,"url":"https:\/\/swiss-peak.com\/wp-content\/uploads\/sites\/9\/2024\/02\/P308.531__S_0__1ffd691bdf6240daa7083520a9153ee7.jpg","type":"image\/jpeg"}],"twitter_card":"summary_large_image","twitter_misc":{"Dur\u00e9e de lecture estim\u00e9e":"1 minute"},"schema":{"@context":"https:\/\/schema.org","@graph":[{"@type":"WebPage","@id":"https:\/\/swiss-peak.com\/fr\/produit\/chargeur-sans-fil-15w-en-plastique-recycle-rcs-swiss-peak-gris\/","url":"https:\/\/swiss-peak.com\/fr\/produit\/chargeur-sans-fil-15w-en-plastique-recycle-rcs-swiss-peak-gris\/","name":"Chargeur sans fil 15W en plastique recycl\u00e9 RCS, gris - Swiss Peak","isPartOf":{"@id":"https:\/\/swiss-peak.com\/fr\/#website"},"primaryImageOfPage":{"@id":"https:\/\/swiss-peak.com\/fr\/produit\/chargeur-sans-fil-15w-en-plastique-recycle-rcs-swiss-peak-gris\/#primaryimage"},"image":{"@id":"https:\/\/swiss-peak.com\/fr\/produit\/chargeur-sans-fil-15w-en-plastique-recycle-rcs-swiss-peak-gris\/#primaryimage"},"thumbnailUrl":"https:\/\/swiss-peak.com\/wp-content\/uploads\/sites\/9\/2024\/02\/P308.531__S_0__1ffd691bdf6240daa7083520a9153ee7.jpg","datePublished":"2023-08-09T00:22:07+00:00","dateModified":"2026-03-12T01:22:15+00:00","breadcrumb":{"@id":"https:\/\/swiss-peak.com\/fr\/produit\/chargeur-sans-fil-15w-en-plastique-recycle-rcs-swiss-peak-gris\/#breadcrumb"},"inLanguage":"fr-FR","potentialAction":[{"@type":"ReadAction","target":["https:\/\/swiss-peak.com\/fr\/produit\/chargeur-sans-fil-15w-en-plastique-recycle-rcs-swiss-peak-gris\/"]}]},{"@type":"ImageObject","inLanguage":"fr-FR","@id":"https:\/\/swiss-peak.com\/fr\/produit\/chargeur-sans-fil-15w-en-plastique-recycle-rcs-swiss-peak-gris\/#primaryimage","url":"https:\/\/swiss-peak.com\/wp-content\/uploads\/sites\/9\/2024\/02\/P308.531__S_0__1ffd691bdf6240daa7083520a9153ee7.jpg","contentUrl":"https:\/\/swiss-peak.com\/wp-content\/uploads\/sites\/9\/2024\/02\/P308.531__S_0__1ffd691bdf6240daa7083520a9153ee7.jpg","width":1024,"height":1024},{"@type":"BreadcrumbList","@id":"https:\/\/swiss-peak.com\/fr\/produit\/chargeur-sans-fil-15w-en-plastique-recycle-rcs-swiss-peak-gris\/#breadcrumb","itemListElement":[{"@type":"ListItem","position":1,"name":"Home","item":"https:\/\/swiss-peak.com\/fr\/"},{"@type":"ListItem","position":2,"name":"Collection","item":"https:\/\/swiss-peak.com\/fr\/collection\/"},{"@type":"ListItem","position":3,"name":"Chargeur sans fil 15W en plastique recycl\u00e9 RCS, gris"}]},{"@type":"WebSite","@id":"https:\/\/swiss-peak.com\/fr\/#website","url":"https:\/\/swiss-peak.com\/fr\/","name":"Swiss Peak","description":"Where will today take you?","potentialAction":[{"@type":"SearchAction","target":{"@type":"EntryPoint","urlTemplate":"https:\/\/swiss-peak.com\/fr\/?s={search_term_string}"},"query-input":{"@type":"PropertyValueSpecification","valueRequired":true,"valueName":"search_term_string"}}],"inLanguage":"fr-FR"}]}},"_links":{"self":[{"href":"https:\/\/swiss-peak.com\/fr\/wp-json\/wp\/v2\/product\/19998","targetHints":{"allow":["GET"]}}],"collection":[{"href":"https:\/\/swiss-peak.com\/fr\/wp-json\/wp\/v2\/product"}],"about":[{"href":"https:\/\/swiss-peak.com\/fr\/wp-json\/wp\/v2\/types\/product"}],"wp:featuredmedia":[{"embeddable":true,"href":"https:\/\/swiss-peak.com\/fr\/wp-json\/wp\/v2\/media\/22964"}],"wp:attachment":[{"href":"https:\/\/swiss-peak.com\/fr\/wp-json\/wp\/v2\/media?parent=19998"}],"wp:term":[{"taxonomy":"product_cat","embeddable":true,"href":"https:\/\/swiss-peak.com\/fr\/wp-json\/wp\/v2\/product_cat?post=19998"},{"taxonomy":"product_tag","embeddable":true,"href":"https:\/\/swiss-peak.com\/fr\/wp-json\/wp\/v2\/product_tag?post=19998"}],"curies":[{"name":"wp","href":"https:\/\/api.w.org\/{rel}","templated":true}]}}