{"id":19763,"date":"2023-07-18T02:00:14","date_gmt":"2023-07-18T00:22:11","guid":{"rendered":"https:\/\/swiss-peak.com\/chargeur-magnetique-15w-en-pu-recycle-rcs-swiss-peak-noir\/"},"modified":"2026-04-16T02:22:15","modified_gmt":"2026-04-16T00:22:15","slug":"chargeur-magnetique-15w-en-pu-recycle-rcs-swiss-peak-noir","status":"publish","type":"product","link":"https:\/\/swiss-peak.com\/fr\/produit\/chargeur-magnetique-15w-en-pu-recycle-rcs-swiss-peak-noir\/","title":{"rendered":"Chargeur magn\u00e9tique 15W en PU recycl\u00e9 RCS, noir"},"content":{"rendered":"<p>Chargeur sans fil 3 en 1 luxueux et pliable, fabriqu\u00e9 en PU recycl\u00e9 certifi\u00e9 RCS. Contenu recycl\u00e9 total : 5 % par rapport au poids total de l&rsquo;article. La certification RCS garantit une cha\u00eene d&rsquo;approvisionnement enti\u00e8rement certifi\u00e9e pour les mat\u00e9riaux recycl\u00e9s. Le chargeur est \u00e9quip\u00e9 d&rsquo;un chargeur magn\u00e9tique 15 W \u00e0 l&rsquo;avant. Au dos se trouve un chargeur sans fil suppl\u00e9mentaire de 5W adapt\u00e9 aux bo\u00eetiers d&rsquo;\u00e9couteurs ou \u00e0 d&rsquo;autres petits appareils rechargeables sans fil, ainsi qu&rsquo;un chargeur sans fil de 2,5W pour les smartwatches (montres Apple uniquement). C\u00e2ble TPE recycl\u00e9 de 120 cm certifi\u00e9 RCS inclus. Emball\u00e9 dans un emballage kraft FSC\u00ae mix. Article et accessoires 100% sans PVC. Entr\u00e9e : 9V\/3A pour une utilisation optimale. Sortie : Avant : 9V\/1.1A ; 9V\/1.67 A\/(15W), Ecouteurs : 5V\/1A (5W), Montre : 5V\/0.5A.<\/p>\n","protected":false},"excerpt":{"rendered":"<p>Chargeur sans fil 3 en 1 luxueux et pliable, fabriqu\u00e9 en PU recycl\u00e9 certifi\u00e9 RCS. Contenu recycl\u00e9 total : 5 % par rapport au poids total de l&rsquo;article. La certification RCS garantit une cha\u00eene d&rsquo;approvisionnement enti\u00e8rement certifi\u00e9e pour les mat\u00e9riaux recycl\u00e9s. Le chargeur est \u00e9quip\u00e9 d&rsquo;un chargeur magn\u00e9tique 15 W \u00e0 l&rsquo;avant. Au dos se [&hellip;]<\/p>\n","protected":false},"featured_media":46101,"template":"","meta":{"_acf_changed":false},"product_cat":[287,302],"product_tag":[],"class_list":["post-19763","product","type-product","status-publish","has-post-thumbnail","hentry","product_cat-business-fr","product_cat-technologie","pa_color-black-fr"],"acf":[],"yoast_head":"<!-- This site is optimized with the Yoast SEO plugin v27.0 - https:\/\/yoast.com\/product\/yoast-seo-wordpress\/ -->\n<title>Chargeur magn\u00e9tique 15W en PU recycl\u00e9 RCS, noir - Swiss Peak<\/title>\n<meta name=\"robots\" content=\"index, follow, max-snippet:-1, max-image-preview:large, max-video-preview:-1\" \/>\n<link rel=\"canonical\" href=\"https:\/\/swiss-peak.com\/fr\/produit\/chargeur-magnetique-15w-en-pu-recycle-rcs-swiss-peak-noir\/\" \/>\n<meta property=\"og:locale\" content=\"fr_FR\" \/>\n<meta property=\"og:type\" content=\"article\" \/>\n<meta property=\"og:title\" content=\"Chargeur magn\u00e9tique 15W en PU recycl\u00e9 RCS, noir - Swiss Peak\" \/>\n<meta property=\"og:description\" content=\"Chargeur sans fil 3 en 1 luxueux et pliable, fabriqu\u00e9 en PU recycl\u00e9 certifi\u00e9 RCS. Contenu recycl\u00e9 total : 5 % par rapport au poids total de l&rsquo;article. La certification RCS garantit une cha\u00eene d&rsquo;approvisionnement enti\u00e8rement certifi\u00e9e pour les mat\u00e9riaux recycl\u00e9s. Le chargeur est \u00e9quip\u00e9 d&rsquo;un chargeur magn\u00e9tique 15 W \u00e0 l&rsquo;avant. Au dos se [&hellip;]\" \/>\n<meta property=\"og:url\" content=\"https:\/\/swiss-peak.com\/fr\/produit\/chargeur-magnetique-15w-en-pu-recycle-rcs-swiss-peak-noir\/\" \/>\n<meta property=\"og:site_name\" content=\"Swiss Peak\" \/>\n<meta property=\"article:modified_time\" content=\"2026-04-16T00:22:15+00:00\" \/>\n<meta property=\"og:image\" content=\"https:\/\/swiss-peak.com\/wp-content\/uploads\/sites\/9\/2026\/04\/P308.541__S_0__056545e7fe9d4d22a40ea843b5d77e36.jpg\" \/>\n\t<meta property=\"og:image:width\" content=\"1024\" \/>\n\t<meta property=\"og:image:height\" content=\"1024\" \/>\n\t<meta property=\"og:image:type\" content=\"image\/jpeg\" \/>\n<meta name=\"twitter:card\" content=\"summary_large_image\" \/>\n<meta name=\"twitter:label1\" content=\"Dur\u00e9e de lecture estim\u00e9e\" \/>\n\t<meta name=\"twitter:data1\" content=\"1 minute\" \/>\n<script type=\"application\/ld+json\" class=\"yoast-schema-graph\">{\"@context\":\"https:\/\/schema.org\",\"@graph\":[{\"@type\":\"WebPage\",\"@id\":\"https:\/\/swiss-peak.com\/fr\/produit\/chargeur-magnetique-15w-en-pu-recycle-rcs-swiss-peak-noir\/\",\"url\":\"https:\/\/swiss-peak.com\/fr\/produit\/chargeur-magnetique-15w-en-pu-recycle-rcs-swiss-peak-noir\/\",\"name\":\"Chargeur magn\u00e9tique 15W en PU recycl\u00e9 RCS, noir - Swiss Peak\",\"isPartOf\":{\"@id\":\"https:\/\/swiss-peak.com\/fr\/#website\"},\"primaryImageOfPage\":{\"@id\":\"https:\/\/swiss-peak.com\/fr\/produit\/chargeur-magnetique-15w-en-pu-recycle-rcs-swiss-peak-noir\/#primaryimage\"},\"image\":{\"@id\":\"https:\/\/swiss-peak.com\/fr\/produit\/chargeur-magnetique-15w-en-pu-recycle-rcs-swiss-peak-noir\/#primaryimage\"},\"thumbnailUrl\":\"https:\/\/swiss-peak.com\/wp-content\/uploads\/sites\/9\/2026\/04\/P308.541__S_0__056545e7fe9d4d22a40ea843b5d77e36.jpg\",\"datePublished\":\"2023-07-18T00:22:11+00:00\",\"dateModified\":\"2026-04-16T00:22:15+00:00\",\"breadcrumb\":{\"@id\":\"https:\/\/swiss-peak.com\/fr\/produit\/chargeur-magnetique-15w-en-pu-recycle-rcs-swiss-peak-noir\/#breadcrumb\"},\"inLanguage\":\"fr-FR\",\"potentialAction\":[{\"@type\":\"ReadAction\",\"target\":[\"https:\/\/swiss-peak.com\/fr\/produit\/chargeur-magnetique-15w-en-pu-recycle-rcs-swiss-peak-noir\/\"]}]},{\"@type\":\"ImageObject\",\"inLanguage\":\"fr-FR\",\"@id\":\"https:\/\/swiss-peak.com\/fr\/produit\/chargeur-magnetique-15w-en-pu-recycle-rcs-swiss-peak-noir\/#primaryimage\",\"url\":\"https:\/\/swiss-peak.com\/wp-content\/uploads\/sites\/9\/2026\/04\/P308.541__S_0__056545e7fe9d4d22a40ea843b5d77e36.jpg\",\"contentUrl\":\"https:\/\/swiss-peak.com\/wp-content\/uploads\/sites\/9\/2026\/04\/P308.541__S_0__056545e7fe9d4d22a40ea843b5d77e36.jpg\",\"width\":1024,\"height\":1024},{\"@type\":\"BreadcrumbList\",\"@id\":\"https:\/\/swiss-peak.com\/fr\/produit\/chargeur-magnetique-15w-en-pu-recycle-rcs-swiss-peak-noir\/#breadcrumb\",\"itemListElement\":[{\"@type\":\"ListItem\",\"position\":1,\"name\":\"Home\",\"item\":\"https:\/\/swiss-peak.com\/fr\/\"},{\"@type\":\"ListItem\",\"position\":2,\"name\":\"Collection\",\"item\":\"https:\/\/swiss-peak.com\/fr\/collection\/\"},{\"@type\":\"ListItem\",\"position\":3,\"name\":\"Chargeur magn\u00e9tique 15W en PU recycl\u00e9 RCS, noir\"}]},{\"@type\":\"WebSite\",\"@id\":\"https:\/\/swiss-peak.com\/fr\/#website\",\"url\":\"https:\/\/swiss-peak.com\/fr\/\",\"name\":\"Swiss Peak\",\"description\":\"Where will today take you?\",\"potentialAction\":[{\"@type\":\"SearchAction\",\"target\":{\"@type\":\"EntryPoint\",\"urlTemplate\":\"https:\/\/swiss-peak.com\/fr\/?s={search_term_string}\"},\"query-input\":{\"@type\":\"PropertyValueSpecification\",\"valueRequired\":true,\"valueName\":\"search_term_string\"}}],\"inLanguage\":\"fr-FR\"}]}<\/script>\n<!-- \/ Yoast SEO plugin. -->","yoast_head_json":{"title":"Chargeur magn\u00e9tique 15W en PU recycl\u00e9 RCS, noir - Swiss Peak","robots":{"index":"index","follow":"follow","max-snippet":"max-snippet:-1","max-image-preview":"max-image-preview:large","max-video-preview":"max-video-preview:-1"},"canonical":"https:\/\/swiss-peak.com\/fr\/produit\/chargeur-magnetique-15w-en-pu-recycle-rcs-swiss-peak-noir\/","og_locale":"fr_FR","og_type":"article","og_title":"Chargeur magn\u00e9tique 15W en PU recycl\u00e9 RCS, noir - Swiss Peak","og_description":"Chargeur sans fil 3 en 1 luxueux et pliable, fabriqu\u00e9 en PU recycl\u00e9 certifi\u00e9 RCS. Contenu recycl\u00e9 total : 5 % par rapport au poids total de l&rsquo;article. La certification RCS garantit une cha\u00eene d&rsquo;approvisionnement enti\u00e8rement certifi\u00e9e pour les mat\u00e9riaux recycl\u00e9s. Le chargeur est \u00e9quip\u00e9 d&rsquo;un chargeur magn\u00e9tique 15 W \u00e0 l&rsquo;avant. Au dos se [&hellip;]","og_url":"https:\/\/swiss-peak.com\/fr\/produit\/chargeur-magnetique-15w-en-pu-recycle-rcs-swiss-peak-noir\/","og_site_name":"Swiss Peak","article_modified_time":"2026-04-16T00:22:15+00:00","og_image":[{"width":1024,"height":1024,"url":"https:\/\/swiss-peak.com\/wp-content\/uploads\/sites\/9\/2026\/04\/P308.541__S_0__056545e7fe9d4d22a40ea843b5d77e36.jpg","type":"image\/jpeg"}],"twitter_card":"summary_large_image","twitter_misc":{"Dur\u00e9e de lecture estim\u00e9e":"1 minute"},"schema":{"@context":"https:\/\/schema.org","@graph":[{"@type":"WebPage","@id":"https:\/\/swiss-peak.com\/fr\/produit\/chargeur-magnetique-15w-en-pu-recycle-rcs-swiss-peak-noir\/","url":"https:\/\/swiss-peak.com\/fr\/produit\/chargeur-magnetique-15w-en-pu-recycle-rcs-swiss-peak-noir\/","name":"Chargeur magn\u00e9tique 15W en PU recycl\u00e9 RCS, noir - Swiss Peak","isPartOf":{"@id":"https:\/\/swiss-peak.com\/fr\/#website"},"primaryImageOfPage":{"@id":"https:\/\/swiss-peak.com\/fr\/produit\/chargeur-magnetique-15w-en-pu-recycle-rcs-swiss-peak-noir\/#primaryimage"},"image":{"@id":"https:\/\/swiss-peak.com\/fr\/produit\/chargeur-magnetique-15w-en-pu-recycle-rcs-swiss-peak-noir\/#primaryimage"},"thumbnailUrl":"https:\/\/swiss-peak.com\/wp-content\/uploads\/sites\/9\/2026\/04\/P308.541__S_0__056545e7fe9d4d22a40ea843b5d77e36.jpg","datePublished":"2023-07-18T00:22:11+00:00","dateModified":"2026-04-16T00:22:15+00:00","breadcrumb":{"@id":"https:\/\/swiss-peak.com\/fr\/produit\/chargeur-magnetique-15w-en-pu-recycle-rcs-swiss-peak-noir\/#breadcrumb"},"inLanguage":"fr-FR","potentialAction":[{"@type":"ReadAction","target":["https:\/\/swiss-peak.com\/fr\/produit\/chargeur-magnetique-15w-en-pu-recycle-rcs-swiss-peak-noir\/"]}]},{"@type":"ImageObject","inLanguage":"fr-FR","@id":"https:\/\/swiss-peak.com\/fr\/produit\/chargeur-magnetique-15w-en-pu-recycle-rcs-swiss-peak-noir\/#primaryimage","url":"https:\/\/swiss-peak.com\/wp-content\/uploads\/sites\/9\/2026\/04\/P308.541__S_0__056545e7fe9d4d22a40ea843b5d77e36.jpg","contentUrl":"https:\/\/swiss-peak.com\/wp-content\/uploads\/sites\/9\/2026\/04\/P308.541__S_0__056545e7fe9d4d22a40ea843b5d77e36.jpg","width":1024,"height":1024},{"@type":"BreadcrumbList","@id":"https:\/\/swiss-peak.com\/fr\/produit\/chargeur-magnetique-15w-en-pu-recycle-rcs-swiss-peak-noir\/#breadcrumb","itemListElement":[{"@type":"ListItem","position":1,"name":"Home","item":"https:\/\/swiss-peak.com\/fr\/"},{"@type":"ListItem","position":2,"name":"Collection","item":"https:\/\/swiss-peak.com\/fr\/collection\/"},{"@type":"ListItem","position":3,"name":"Chargeur magn\u00e9tique 15W en PU recycl\u00e9 RCS, noir"}]},{"@type":"WebSite","@id":"https:\/\/swiss-peak.com\/fr\/#website","url":"https:\/\/swiss-peak.com\/fr\/","name":"Swiss Peak","description":"Where will today take you?","potentialAction":[{"@type":"SearchAction","target":{"@type":"EntryPoint","urlTemplate":"https:\/\/swiss-peak.com\/fr\/?s={search_term_string}"},"query-input":{"@type":"PropertyValueSpecification","valueRequired":true,"valueName":"search_term_string"}}],"inLanguage":"fr-FR"}]}},"_links":{"self":[{"href":"https:\/\/swiss-peak.com\/fr\/wp-json\/wp\/v2\/product\/19763","targetHints":{"allow":["GET"]}}],"collection":[{"href":"https:\/\/swiss-peak.com\/fr\/wp-json\/wp\/v2\/product"}],"about":[{"href":"https:\/\/swiss-peak.com\/fr\/wp-json\/wp\/v2\/types\/product"}],"wp:featuredmedia":[{"embeddable":true,"href":"https:\/\/swiss-peak.com\/fr\/wp-json\/wp\/v2\/media\/46101"}],"wp:attachment":[{"href":"https:\/\/swiss-peak.com\/fr\/wp-json\/wp\/v2\/media?parent=19763"}],"wp:term":[{"taxonomy":"product_cat","embeddable":true,"href":"https:\/\/swiss-peak.com\/fr\/wp-json\/wp\/v2\/product_cat?post=19763"},{"taxonomy":"product_tag","embeddable":true,"href":"https:\/\/swiss-peak.com\/fr\/wp-json\/wp\/v2\/product_tag?post=19763"}],"curies":[{"name":"wp","href":"https:\/\/api.w.org\/{rel}","templated":true}]}}