{"id":19473,"date":"2023-07-12T02:02:18","date_gmt":"2023-07-12T00:20:15","guid":{"rendered":"https:\/\/swiss-peak.com\/set-de-stylos-en-aluminium-recycle-rcs-swiss-peak-cedar-noir\/"},"modified":"2026-03-12T03:24:51","modified_gmt":"2026-03-12T01:24:51","slug":"set-de-stylos-en-aluminium-recycle-rcs-swiss-peak-cedar-noir","status":"publish","type":"product","link":"https:\/\/swiss-peak.com\/fr\/produit\/set-de-stylos-en-aluminium-recycle-rcs-swiss-peak-cedar-noir\/","title":{"rendered":"Set de stylos en aluminium recycl\u00e9 RCS Cedar, noir"},"content":{"rendered":"<p>Parure de stylos Cedar en aluminium recycl\u00e9 certifi\u00e9e RCS : la combinaison parfaite de l&rsquo;impact environnemental et du style. Fabriqu\u00e9 \u00e0 partir d&rsquo;aluminium recycl\u00e9, ce stylo n&rsquo;est pas seulement esth\u00e9tique, il contribue \u00e9galement \u00e0 r\u00e9duire l&rsquo;impact sur l&rsquo;environnement. Son design \u00e9l\u00e9gant et moderne ne manquera pas d&rsquo;impressionner, ce qui en fait l&rsquo;instrument d&rsquo;\u00e9criture id\u00e9al pour toutes les occasions. L&rsquo;encre bleue Dokumental garantit une exp\u00e9rience d&rsquo;\u00e9criture fluide de 1200 m\u00e8tres. Le roller a une longueur d&rsquo;\u00e9criture de 400 m\u00e8tres. Fabriqu\u00e9 avec des mat\u00e9riaux recycl\u00e9s certifi\u00e9s RCS (Recycled Claim Standard). La certification RCS garantit une cha\u00eene d&rsquo;approvisionnement enti\u00e8rement certifi\u00e9e pour les mat\u00e9riaux recycl\u00e9s. Contenu recycl\u00e9 total : 17% sur la base du poids total de l&rsquo;article. Livr\u00e9 dans une bo\u00eete certifi\u00e9e FSC\u00ae.<\/p>\n","protected":false},"excerpt":{"rendered":"<p>Parure de stylos Cedar en aluminium recycl\u00e9 certifi\u00e9e RCS : la combinaison parfaite de l&rsquo;impact environnemental et du style. Fabriqu\u00e9 \u00e0 partir d&rsquo;aluminium recycl\u00e9, ce stylo n&rsquo;est pas seulement esth\u00e9tique, il contribue \u00e9galement \u00e0 r\u00e9duire l&rsquo;impact sur l&rsquo;environnement. Son design \u00e9l\u00e9gant et moderne ne manquera pas d&rsquo;impressionner, ce qui en fait l&rsquo;instrument d&rsquo;\u00e9criture id\u00e9al pour [&hellip;]<\/p>\n","protected":false},"featured_media":28636,"template":"","meta":{"_acf_changed":false},"product_cat":[297,287],"product_tag":[],"class_list":["post-19473","product","type-product","status-publish","has-post-thumbnail","hentry","product_cat-bureau-ecriture","product_cat-business-fr","pa_color-black-fr"],"acf":[],"yoast_head":"<!-- This site is optimized with the Yoast SEO plugin v27.0 - https:\/\/yoast.com\/product\/yoast-seo-wordpress\/ -->\n<title>Set de stylos en aluminium recycl\u00e9 RCS Cedar, noir - Swiss Peak<\/title>\n<meta name=\"robots\" content=\"index, follow, max-snippet:-1, max-image-preview:large, max-video-preview:-1\" \/>\n<link rel=\"canonical\" href=\"https:\/\/swiss-peak.com\/fr\/produit\/set-de-stylos-en-aluminium-recycle-rcs-swiss-peak-cedar-noir\/\" \/>\n<meta property=\"og:locale\" content=\"fr_FR\" \/>\n<meta property=\"og:type\" content=\"article\" \/>\n<meta property=\"og:title\" content=\"Set de stylos en aluminium recycl\u00e9 RCS Cedar, noir - Swiss Peak\" \/>\n<meta property=\"og:description\" content=\"Parure de stylos Cedar en aluminium recycl\u00e9 certifi\u00e9e RCS : la combinaison parfaite de l&rsquo;impact environnemental et du style. Fabriqu\u00e9 \u00e0 partir d&rsquo;aluminium recycl\u00e9, ce stylo n&rsquo;est pas seulement esth\u00e9tique, il contribue \u00e9galement \u00e0 r\u00e9duire l&rsquo;impact sur l&rsquo;environnement. Son design \u00e9l\u00e9gant et moderne ne manquera pas d&rsquo;impressionner, ce qui en fait l&rsquo;instrument d&rsquo;\u00e9criture id\u00e9al pour [&hellip;]\" \/>\n<meta property=\"og:url\" content=\"https:\/\/swiss-peak.com\/fr\/produit\/set-de-stylos-en-aluminium-recycle-rcs-swiss-peak-cedar-noir\/\" \/>\n<meta property=\"og:site_name\" content=\"Swiss Peak\" \/>\n<meta property=\"article:modified_time\" content=\"2026-03-12T01:24:51+00:00\" \/>\n<meta property=\"og:image\" content=\"https:\/\/swiss-peak.com\/wp-content\/uploads\/sites\/9\/2024\/02\/P611.161__S_0__4c093c824ee74ba48033e722e3d7e38c.jpg\" \/>\n\t<meta property=\"og:image:width\" content=\"1024\" \/>\n\t<meta property=\"og:image:height\" content=\"1024\" \/>\n\t<meta property=\"og:image:type\" content=\"image\/jpeg\" \/>\n<meta name=\"twitter:card\" content=\"summary_large_image\" \/>\n<meta name=\"twitter:label1\" content=\"Dur\u00e9e de lecture estim\u00e9e\" \/>\n\t<meta name=\"twitter:data1\" content=\"1 minute\" \/>\n<script type=\"application\/ld+json\" class=\"yoast-schema-graph\">{\"@context\":\"https:\/\/schema.org\",\"@graph\":[{\"@type\":\"WebPage\",\"@id\":\"https:\/\/swiss-peak.com\/fr\/produit\/set-de-stylos-en-aluminium-recycle-rcs-swiss-peak-cedar-noir\/\",\"url\":\"https:\/\/swiss-peak.com\/fr\/produit\/set-de-stylos-en-aluminium-recycle-rcs-swiss-peak-cedar-noir\/\",\"name\":\"Set de stylos en aluminium recycl\u00e9 RCS Cedar, noir - Swiss Peak\",\"isPartOf\":{\"@id\":\"https:\/\/swiss-peak.com\/fr\/#website\"},\"primaryImageOfPage\":{\"@id\":\"https:\/\/swiss-peak.com\/fr\/produit\/set-de-stylos-en-aluminium-recycle-rcs-swiss-peak-cedar-noir\/#primaryimage\"},\"image\":{\"@id\":\"https:\/\/swiss-peak.com\/fr\/produit\/set-de-stylos-en-aluminium-recycle-rcs-swiss-peak-cedar-noir\/#primaryimage\"},\"thumbnailUrl\":\"https:\/\/swiss-peak.com\/wp-content\/uploads\/sites\/9\/2024\/02\/P611.161__S_0__4c093c824ee74ba48033e722e3d7e38c.jpg\",\"datePublished\":\"2023-07-12T00:20:15+00:00\",\"dateModified\":\"2026-03-12T01:24:51+00:00\",\"breadcrumb\":{\"@id\":\"https:\/\/swiss-peak.com\/fr\/produit\/set-de-stylos-en-aluminium-recycle-rcs-swiss-peak-cedar-noir\/#breadcrumb\"},\"inLanguage\":\"fr-FR\",\"potentialAction\":[{\"@type\":\"ReadAction\",\"target\":[\"https:\/\/swiss-peak.com\/fr\/produit\/set-de-stylos-en-aluminium-recycle-rcs-swiss-peak-cedar-noir\/\"]}]},{\"@type\":\"ImageObject\",\"inLanguage\":\"fr-FR\",\"@id\":\"https:\/\/swiss-peak.com\/fr\/produit\/set-de-stylos-en-aluminium-recycle-rcs-swiss-peak-cedar-noir\/#primaryimage\",\"url\":\"https:\/\/swiss-peak.com\/wp-content\/uploads\/sites\/9\/2024\/02\/P611.161__S_0__4c093c824ee74ba48033e722e3d7e38c.jpg\",\"contentUrl\":\"https:\/\/swiss-peak.com\/wp-content\/uploads\/sites\/9\/2024\/02\/P611.161__S_0__4c093c824ee74ba48033e722e3d7e38c.jpg\",\"width\":1024,\"height\":1024},{\"@type\":\"BreadcrumbList\",\"@id\":\"https:\/\/swiss-peak.com\/fr\/produit\/set-de-stylos-en-aluminium-recycle-rcs-swiss-peak-cedar-noir\/#breadcrumb\",\"itemListElement\":[{\"@type\":\"ListItem\",\"position\":1,\"name\":\"Home\",\"item\":\"https:\/\/swiss-peak.com\/fr\/\"},{\"@type\":\"ListItem\",\"position\":2,\"name\":\"Collection\",\"item\":\"https:\/\/swiss-peak.com\/fr\/collection\/\"},{\"@type\":\"ListItem\",\"position\":3,\"name\":\"Set de stylos en aluminium recycl\u00e9 RCS Cedar, noir\"}]},{\"@type\":\"WebSite\",\"@id\":\"https:\/\/swiss-peak.com\/fr\/#website\",\"url\":\"https:\/\/swiss-peak.com\/fr\/\",\"name\":\"Swiss Peak\",\"description\":\"Where will today take you?\",\"potentialAction\":[{\"@type\":\"SearchAction\",\"target\":{\"@type\":\"EntryPoint\",\"urlTemplate\":\"https:\/\/swiss-peak.com\/fr\/?s={search_term_string}\"},\"query-input\":{\"@type\":\"PropertyValueSpecification\",\"valueRequired\":true,\"valueName\":\"search_term_string\"}}],\"inLanguage\":\"fr-FR\"}]}<\/script>\n<!-- \/ Yoast SEO plugin. -->","yoast_head_json":{"title":"Set de stylos en aluminium recycl\u00e9 RCS Cedar, noir - Swiss Peak","robots":{"index":"index","follow":"follow","max-snippet":"max-snippet:-1","max-image-preview":"max-image-preview:large","max-video-preview":"max-video-preview:-1"},"canonical":"https:\/\/swiss-peak.com\/fr\/produit\/set-de-stylos-en-aluminium-recycle-rcs-swiss-peak-cedar-noir\/","og_locale":"fr_FR","og_type":"article","og_title":"Set de stylos en aluminium recycl\u00e9 RCS Cedar, noir - Swiss Peak","og_description":"Parure de stylos Cedar en aluminium recycl\u00e9 certifi\u00e9e RCS : la combinaison parfaite de l&rsquo;impact environnemental et du style. Fabriqu\u00e9 \u00e0 partir d&rsquo;aluminium recycl\u00e9, ce stylo n&rsquo;est pas seulement esth\u00e9tique, il contribue \u00e9galement \u00e0 r\u00e9duire l&rsquo;impact sur l&rsquo;environnement. Son design \u00e9l\u00e9gant et moderne ne manquera pas d&rsquo;impressionner, ce qui en fait l&rsquo;instrument d&rsquo;\u00e9criture id\u00e9al pour [&hellip;]","og_url":"https:\/\/swiss-peak.com\/fr\/produit\/set-de-stylos-en-aluminium-recycle-rcs-swiss-peak-cedar-noir\/","og_site_name":"Swiss Peak","article_modified_time":"2026-03-12T01:24:51+00:00","og_image":[{"width":1024,"height":1024,"url":"https:\/\/swiss-peak.com\/wp-content\/uploads\/sites\/9\/2024\/02\/P611.161__S_0__4c093c824ee74ba48033e722e3d7e38c.jpg","type":"image\/jpeg"}],"twitter_card":"summary_large_image","twitter_misc":{"Dur\u00e9e de lecture estim\u00e9e":"1 minute"},"schema":{"@context":"https:\/\/schema.org","@graph":[{"@type":"WebPage","@id":"https:\/\/swiss-peak.com\/fr\/produit\/set-de-stylos-en-aluminium-recycle-rcs-swiss-peak-cedar-noir\/","url":"https:\/\/swiss-peak.com\/fr\/produit\/set-de-stylos-en-aluminium-recycle-rcs-swiss-peak-cedar-noir\/","name":"Set de stylos en aluminium recycl\u00e9 RCS Cedar, noir - Swiss Peak","isPartOf":{"@id":"https:\/\/swiss-peak.com\/fr\/#website"},"primaryImageOfPage":{"@id":"https:\/\/swiss-peak.com\/fr\/produit\/set-de-stylos-en-aluminium-recycle-rcs-swiss-peak-cedar-noir\/#primaryimage"},"image":{"@id":"https:\/\/swiss-peak.com\/fr\/produit\/set-de-stylos-en-aluminium-recycle-rcs-swiss-peak-cedar-noir\/#primaryimage"},"thumbnailUrl":"https:\/\/swiss-peak.com\/wp-content\/uploads\/sites\/9\/2024\/02\/P611.161__S_0__4c093c824ee74ba48033e722e3d7e38c.jpg","datePublished":"2023-07-12T00:20:15+00:00","dateModified":"2026-03-12T01:24:51+00:00","breadcrumb":{"@id":"https:\/\/swiss-peak.com\/fr\/produit\/set-de-stylos-en-aluminium-recycle-rcs-swiss-peak-cedar-noir\/#breadcrumb"},"inLanguage":"fr-FR","potentialAction":[{"@type":"ReadAction","target":["https:\/\/swiss-peak.com\/fr\/produit\/set-de-stylos-en-aluminium-recycle-rcs-swiss-peak-cedar-noir\/"]}]},{"@type":"ImageObject","inLanguage":"fr-FR","@id":"https:\/\/swiss-peak.com\/fr\/produit\/set-de-stylos-en-aluminium-recycle-rcs-swiss-peak-cedar-noir\/#primaryimage","url":"https:\/\/swiss-peak.com\/wp-content\/uploads\/sites\/9\/2024\/02\/P611.161__S_0__4c093c824ee74ba48033e722e3d7e38c.jpg","contentUrl":"https:\/\/swiss-peak.com\/wp-content\/uploads\/sites\/9\/2024\/02\/P611.161__S_0__4c093c824ee74ba48033e722e3d7e38c.jpg","width":1024,"height":1024},{"@type":"BreadcrumbList","@id":"https:\/\/swiss-peak.com\/fr\/produit\/set-de-stylos-en-aluminium-recycle-rcs-swiss-peak-cedar-noir\/#breadcrumb","itemListElement":[{"@type":"ListItem","position":1,"name":"Home","item":"https:\/\/swiss-peak.com\/fr\/"},{"@type":"ListItem","position":2,"name":"Collection","item":"https:\/\/swiss-peak.com\/fr\/collection\/"},{"@type":"ListItem","position":3,"name":"Set de stylos en aluminium recycl\u00e9 RCS Cedar, noir"}]},{"@type":"WebSite","@id":"https:\/\/swiss-peak.com\/fr\/#website","url":"https:\/\/swiss-peak.com\/fr\/","name":"Swiss Peak","description":"Where will today take you?","potentialAction":[{"@type":"SearchAction","target":{"@type":"EntryPoint","urlTemplate":"https:\/\/swiss-peak.com\/fr\/?s={search_term_string}"},"query-input":{"@type":"PropertyValueSpecification","valueRequired":true,"valueName":"search_term_string"}}],"inLanguage":"fr-FR"}]}},"_links":{"self":[{"href":"https:\/\/swiss-peak.com\/fr\/wp-json\/wp\/v2\/product\/19473","targetHints":{"allow":["GET"]}}],"collection":[{"href":"https:\/\/swiss-peak.com\/fr\/wp-json\/wp\/v2\/product"}],"about":[{"href":"https:\/\/swiss-peak.com\/fr\/wp-json\/wp\/v2\/types\/product"}],"wp:featuredmedia":[{"embeddable":true,"href":"https:\/\/swiss-peak.com\/fr\/wp-json\/wp\/v2\/media\/28636"}],"wp:attachment":[{"href":"https:\/\/swiss-peak.com\/fr\/wp-json\/wp\/v2\/media?parent=19473"}],"wp:term":[{"taxonomy":"product_cat","embeddable":true,"href":"https:\/\/swiss-peak.com\/fr\/wp-json\/wp\/v2\/product_cat?post=19473"},{"taxonomy":"product_tag","embeddable":true,"href":"https:\/\/swiss-peak.com\/fr\/wp-json\/wp\/v2\/product_tag?post=19473"}],"curies":[{"name":"wp","href":"https:\/\/api.w.org\/{rel}","templated":true}]}}