{"id":16323,"date":"2023-06-21T02:02:17","date_gmt":"2023-06-21T00:22:14","guid":{"rendered":"https:\/\/swiss-peak.com\/parapluie-extensible-de-23-a-27-pouces-swiss-peak-aware-noir\/"},"modified":"2026-03-12T03:30:56","modified_gmt":"2026-03-12T01:30:56","slug":"parapluie-extensible-de-23-a-27-pouces-swiss-peak-aware-noir","status":"publish","type":"product","link":"https:\/\/swiss-peak.com\/fr\/produit\/parapluie-extensible-de-23-a-27-pouces-swiss-peak-aware-noir\/","title":{"rendered":"Parapluie extensible de 23 \u00e0 27 pouces AWARE\u2122, noir"},"content":{"rendered":"<p>Parapluie \u00e0 ouverture automatique et fermeture manuelle con\u00e7u pour \u00eatre \u00e0 la fois compact et spacieux, offrant une protection suffisante contre la pluie. Lorsqu&rsquo;il est pli\u00e9, il est aussi petit et l\u00e9ger qu&rsquo;un parapluie de taille 23&Prime;, ce qui le rend facile \u00e0 transporter. Lorsqu&rsquo;il est ouvert, le parapluie se d\u00e9ploie automatiquement pour atteindre une taille de 27 pouces, offrant ainsi une protection suffisante pour deux personnes. Il est dot\u00e9 d&rsquo;un manche en m\u00e9tal, de baleines en fibre de verre et d&#8217;embouts en PP, ainsi que d&rsquo;une poign\u00e9e noire mate. La fonction anti-temp\u00eate garantit que vous resterez au sec. Fabriqu\u00e9 avec le traceur AWARE\u2122 qui valide l&rsquo;utilisation authentique de mat\u00e9riaux recycl\u00e9s. 100 % polyester recycl\u00e9 190T pong\u00e9. 2 % des recettes de chaque produit Aware\u2122 vendu seront revers\u00e9s \u00e0 Water.org.<\/p>\n","protected":false},"excerpt":{"rendered":"<p>Parapluie \u00e0 ouverture automatique et fermeture manuelle con\u00e7u pour \u00eatre \u00e0 la fois compact et spacieux, offrant une protection suffisante contre la pluie. Lorsqu&rsquo;il est pli\u00e9, il est aussi petit et l\u00e9ger qu&rsquo;un parapluie de taille 23&Prime;, ce qui le rend facile \u00e0 transporter. Lorsqu&rsquo;il est ouvert, le parapluie se d\u00e9ploie automatiquement pour atteindre une [&hellip;]<\/p>\n","protected":false},"featured_media":45754,"template":"","meta":{"_acf_changed":false},"product_cat":[307,324],"product_tag":[],"class_list":["post-16323","product","type-product","status-publish","has-post-thumbnail","hentry","product_cat-loisirs-sports","product_cat-parapluies","pa_color-black-fr","pa_color-grey-fr"],"acf":[],"yoast_head":"<!-- This site is optimized with the Yoast SEO plugin v27.0 - https:\/\/yoast.com\/product\/yoast-seo-wordpress\/ -->\n<title>Parapluie extensible de 23 \u00e0 27 pouces AWARE\u2122, noir - Swiss Peak<\/title>\n<meta name=\"robots\" content=\"index, follow, max-snippet:-1, max-image-preview:large, max-video-preview:-1\" \/>\n<link rel=\"canonical\" href=\"https:\/\/swiss-peak.com\/fr\/produit\/parapluie-extensible-de-23-a-27-pouces-swiss-peak-aware-noir\/\" \/>\n<meta property=\"og:locale\" content=\"fr_FR\" \/>\n<meta property=\"og:type\" content=\"article\" \/>\n<meta property=\"og:title\" content=\"Parapluie extensible de 23 \u00e0 27 pouces AWARE\u2122, noir - Swiss Peak\" \/>\n<meta property=\"og:description\" content=\"Parapluie \u00e0 ouverture automatique et fermeture manuelle con\u00e7u pour \u00eatre \u00e0 la fois compact et spacieux, offrant une protection suffisante contre la pluie. Lorsqu&rsquo;il est pli\u00e9, il est aussi petit et l\u00e9ger qu&rsquo;un parapluie de taille 23&Prime;, ce qui le rend facile \u00e0 transporter. Lorsqu&rsquo;il est ouvert, le parapluie se d\u00e9ploie automatiquement pour atteindre une [&hellip;]\" \/>\n<meta property=\"og:url\" content=\"https:\/\/swiss-peak.com\/fr\/produit\/parapluie-extensible-de-23-a-27-pouces-swiss-peak-aware-noir\/\" \/>\n<meta property=\"og:site_name\" content=\"Swiss Peak\" \/>\n<meta property=\"article:modified_time\" content=\"2026-03-12T01:30:56+00:00\" \/>\n<meta property=\"og:image\" content=\"https:\/\/swiss-peak.com\/wp-content\/uploads\/sites\/9\/2025\/11\/P850.451__S_0__409d780ef1fc4abe9d2afce54132b39c.jpg\" \/>\n\t<meta property=\"og:image:width\" content=\"1024\" \/>\n\t<meta property=\"og:image:height\" content=\"1024\" \/>\n\t<meta property=\"og:image:type\" content=\"image\/jpeg\" \/>\n<meta name=\"twitter:card\" content=\"summary_large_image\" \/>\n<meta name=\"twitter:label1\" content=\"Dur\u00e9e de lecture estim\u00e9e\" \/>\n\t<meta name=\"twitter:data1\" content=\"1 minute\" \/>\n<script type=\"application\/ld+json\" class=\"yoast-schema-graph\">{\"@context\":\"https:\/\/schema.org\",\"@graph\":[{\"@type\":\"WebPage\",\"@id\":\"https:\/\/swiss-peak.com\/fr\/produit\/parapluie-extensible-de-23-a-27-pouces-swiss-peak-aware-noir\/\",\"url\":\"https:\/\/swiss-peak.com\/fr\/produit\/parapluie-extensible-de-23-a-27-pouces-swiss-peak-aware-noir\/\",\"name\":\"Parapluie extensible de 23 \u00e0 27 pouces AWARE\u2122, noir - Swiss Peak\",\"isPartOf\":{\"@id\":\"https:\/\/swiss-peak.com\/fr\/#website\"},\"primaryImageOfPage\":{\"@id\":\"https:\/\/swiss-peak.com\/fr\/produit\/parapluie-extensible-de-23-a-27-pouces-swiss-peak-aware-noir\/#primaryimage\"},\"image\":{\"@id\":\"https:\/\/swiss-peak.com\/fr\/produit\/parapluie-extensible-de-23-a-27-pouces-swiss-peak-aware-noir\/#primaryimage\"},\"thumbnailUrl\":\"https:\/\/swiss-peak.com\/wp-content\/uploads\/sites\/9\/2025\/11\/P850.451__S_0__409d780ef1fc4abe9d2afce54132b39c.jpg\",\"datePublished\":\"2023-06-21T00:22:14+00:00\",\"dateModified\":\"2026-03-12T01:30:56+00:00\",\"breadcrumb\":{\"@id\":\"https:\/\/swiss-peak.com\/fr\/produit\/parapluie-extensible-de-23-a-27-pouces-swiss-peak-aware-noir\/#breadcrumb\"},\"inLanguage\":\"fr-FR\",\"potentialAction\":[{\"@type\":\"ReadAction\",\"target\":[\"https:\/\/swiss-peak.com\/fr\/produit\/parapluie-extensible-de-23-a-27-pouces-swiss-peak-aware-noir\/\"]}]},{\"@type\":\"ImageObject\",\"inLanguage\":\"fr-FR\",\"@id\":\"https:\/\/swiss-peak.com\/fr\/produit\/parapluie-extensible-de-23-a-27-pouces-swiss-peak-aware-noir\/#primaryimage\",\"url\":\"https:\/\/swiss-peak.com\/wp-content\/uploads\/sites\/9\/2025\/11\/P850.451__S_0__409d780ef1fc4abe9d2afce54132b39c.jpg\",\"contentUrl\":\"https:\/\/swiss-peak.com\/wp-content\/uploads\/sites\/9\/2025\/11\/P850.451__S_0__409d780ef1fc4abe9d2afce54132b39c.jpg\",\"width\":1024,\"height\":1024},{\"@type\":\"BreadcrumbList\",\"@id\":\"https:\/\/swiss-peak.com\/fr\/produit\/parapluie-extensible-de-23-a-27-pouces-swiss-peak-aware-noir\/#breadcrumb\",\"itemListElement\":[{\"@type\":\"ListItem\",\"position\":1,\"name\":\"Home\",\"item\":\"https:\/\/swiss-peak.com\/fr\/\"},{\"@type\":\"ListItem\",\"position\":2,\"name\":\"Collection\",\"item\":\"https:\/\/swiss-peak.com\/fr\/collection\/\"},{\"@type\":\"ListItem\",\"position\":3,\"name\":\"Parapluie extensible de 23 \u00e0 27 pouces AWARE\u2122, noir\"}]},{\"@type\":\"WebSite\",\"@id\":\"https:\/\/swiss-peak.com\/fr\/#website\",\"url\":\"https:\/\/swiss-peak.com\/fr\/\",\"name\":\"Swiss Peak\",\"description\":\"Where will today take you?\",\"potentialAction\":[{\"@type\":\"SearchAction\",\"target\":{\"@type\":\"EntryPoint\",\"urlTemplate\":\"https:\/\/swiss-peak.com\/fr\/?s={search_term_string}\"},\"query-input\":{\"@type\":\"PropertyValueSpecification\",\"valueRequired\":true,\"valueName\":\"search_term_string\"}}],\"inLanguage\":\"fr-FR\"}]}<\/script>\n<!-- \/ Yoast SEO plugin. -->","yoast_head_json":{"title":"Parapluie extensible de 23 \u00e0 27 pouces AWARE\u2122, noir - Swiss Peak","robots":{"index":"index","follow":"follow","max-snippet":"max-snippet:-1","max-image-preview":"max-image-preview:large","max-video-preview":"max-video-preview:-1"},"canonical":"https:\/\/swiss-peak.com\/fr\/produit\/parapluie-extensible-de-23-a-27-pouces-swiss-peak-aware-noir\/","og_locale":"fr_FR","og_type":"article","og_title":"Parapluie extensible de 23 \u00e0 27 pouces AWARE\u2122, noir - Swiss Peak","og_description":"Parapluie \u00e0 ouverture automatique et fermeture manuelle con\u00e7u pour \u00eatre \u00e0 la fois compact et spacieux, offrant une protection suffisante contre la pluie. Lorsqu&rsquo;il est pli\u00e9, il est aussi petit et l\u00e9ger qu&rsquo;un parapluie de taille 23&Prime;, ce qui le rend facile \u00e0 transporter. Lorsqu&rsquo;il est ouvert, le parapluie se d\u00e9ploie automatiquement pour atteindre une [&hellip;]","og_url":"https:\/\/swiss-peak.com\/fr\/produit\/parapluie-extensible-de-23-a-27-pouces-swiss-peak-aware-noir\/","og_site_name":"Swiss Peak","article_modified_time":"2026-03-12T01:30:56+00:00","og_image":[{"width":1024,"height":1024,"url":"https:\/\/swiss-peak.com\/wp-content\/uploads\/sites\/9\/2025\/11\/P850.451__S_0__409d780ef1fc4abe9d2afce54132b39c.jpg","type":"image\/jpeg"}],"twitter_card":"summary_large_image","twitter_misc":{"Dur\u00e9e de lecture estim\u00e9e":"1 minute"},"schema":{"@context":"https:\/\/schema.org","@graph":[{"@type":"WebPage","@id":"https:\/\/swiss-peak.com\/fr\/produit\/parapluie-extensible-de-23-a-27-pouces-swiss-peak-aware-noir\/","url":"https:\/\/swiss-peak.com\/fr\/produit\/parapluie-extensible-de-23-a-27-pouces-swiss-peak-aware-noir\/","name":"Parapluie extensible de 23 \u00e0 27 pouces AWARE\u2122, noir - Swiss Peak","isPartOf":{"@id":"https:\/\/swiss-peak.com\/fr\/#website"},"primaryImageOfPage":{"@id":"https:\/\/swiss-peak.com\/fr\/produit\/parapluie-extensible-de-23-a-27-pouces-swiss-peak-aware-noir\/#primaryimage"},"image":{"@id":"https:\/\/swiss-peak.com\/fr\/produit\/parapluie-extensible-de-23-a-27-pouces-swiss-peak-aware-noir\/#primaryimage"},"thumbnailUrl":"https:\/\/swiss-peak.com\/wp-content\/uploads\/sites\/9\/2025\/11\/P850.451__S_0__409d780ef1fc4abe9d2afce54132b39c.jpg","datePublished":"2023-06-21T00:22:14+00:00","dateModified":"2026-03-12T01:30:56+00:00","breadcrumb":{"@id":"https:\/\/swiss-peak.com\/fr\/produit\/parapluie-extensible-de-23-a-27-pouces-swiss-peak-aware-noir\/#breadcrumb"},"inLanguage":"fr-FR","potentialAction":[{"@type":"ReadAction","target":["https:\/\/swiss-peak.com\/fr\/produit\/parapluie-extensible-de-23-a-27-pouces-swiss-peak-aware-noir\/"]}]},{"@type":"ImageObject","inLanguage":"fr-FR","@id":"https:\/\/swiss-peak.com\/fr\/produit\/parapluie-extensible-de-23-a-27-pouces-swiss-peak-aware-noir\/#primaryimage","url":"https:\/\/swiss-peak.com\/wp-content\/uploads\/sites\/9\/2025\/11\/P850.451__S_0__409d780ef1fc4abe9d2afce54132b39c.jpg","contentUrl":"https:\/\/swiss-peak.com\/wp-content\/uploads\/sites\/9\/2025\/11\/P850.451__S_0__409d780ef1fc4abe9d2afce54132b39c.jpg","width":1024,"height":1024},{"@type":"BreadcrumbList","@id":"https:\/\/swiss-peak.com\/fr\/produit\/parapluie-extensible-de-23-a-27-pouces-swiss-peak-aware-noir\/#breadcrumb","itemListElement":[{"@type":"ListItem","position":1,"name":"Home","item":"https:\/\/swiss-peak.com\/fr\/"},{"@type":"ListItem","position":2,"name":"Collection","item":"https:\/\/swiss-peak.com\/fr\/collection\/"},{"@type":"ListItem","position":3,"name":"Parapluie extensible de 23 \u00e0 27 pouces AWARE\u2122, noir"}]},{"@type":"WebSite","@id":"https:\/\/swiss-peak.com\/fr\/#website","url":"https:\/\/swiss-peak.com\/fr\/","name":"Swiss Peak","description":"Where will today take you?","potentialAction":[{"@type":"SearchAction","target":{"@type":"EntryPoint","urlTemplate":"https:\/\/swiss-peak.com\/fr\/?s={search_term_string}"},"query-input":{"@type":"PropertyValueSpecification","valueRequired":true,"valueName":"search_term_string"}}],"inLanguage":"fr-FR"}]}},"_links":{"self":[{"href":"https:\/\/swiss-peak.com\/fr\/wp-json\/wp\/v2\/product\/16323","targetHints":{"allow":["GET"]}}],"collection":[{"href":"https:\/\/swiss-peak.com\/fr\/wp-json\/wp\/v2\/product"}],"about":[{"href":"https:\/\/swiss-peak.com\/fr\/wp-json\/wp\/v2\/types\/product"}],"wp:featuredmedia":[{"embeddable":true,"href":"https:\/\/swiss-peak.com\/fr\/wp-json\/wp\/v2\/media\/45754"}],"wp:attachment":[{"href":"https:\/\/swiss-peak.com\/fr\/wp-json\/wp\/v2\/media?parent=16323"}],"wp:term":[{"taxonomy":"product_cat","embeddable":true,"href":"https:\/\/swiss-peak.com\/fr\/wp-json\/wp\/v2\/product_cat?post=16323"},{"taxonomy":"product_tag","embeddable":true,"href":"https:\/\/swiss-peak.com\/fr\/wp-json\/wp\/v2\/product_tag?post=16323"}],"curies":[{"name":"wp","href":"https:\/\/api.w.org\/{rel}","templated":true}]}}