{"id":16272,"date":"2023-06-10T02:02:17","date_gmt":"2023-06-10T00:22:14","guid":{"rendered":"https:\/\/swiss-peak.com\/parapluie-tempete-23-swiss-peak-aware-tornado-noir\/"},"modified":"2026-03-12T03:31:03","modified_gmt":"2026-03-12T01:31:03","slug":"parapluie-tempete-23-swiss-peak-aware-tornado-noir","status":"publish","type":"product","link":"https:\/\/swiss-peak.com\/fr\/produit\/parapluie-tempete-23-swiss-peak-aware-tornado-noir\/","title":{"rendered":"Parapluie temp\u00eate 23&Prime; AWARE\u2122 Tornado, noir"},"content":{"rendered":"<p>Parapluie temp\u00eate 23 pouces Swiss Peak AWARE\u2122 Tornado en rPET pong\u00e9 190T. Son ouverture automatique\/fermeture manuelle et son syst\u00e8me coupe-vent offrent facilit\u00e9 d&rsquo;utilisation et fiabilit\u00e9. Avec un manche en m\u00e9tal et une armature en fibre de verre, ce parapluie est solide et durable. La poign\u00e9e droite en caoutchouc ABS offre une prise en main confortable, et il est livr\u00e9 dans une bo\u00eete cadeau Swiss Peak FSC kraft. Avec le traceur AWARE\u2122 qui valide l&rsquo;utilisation authentique de mat\u00e9riaux recycl\u00e9s. 2% des recettes de chaque produit Aware\u2122 vendu seront revers\u00e9s \u00e0 Water.org.<\/p>\n","protected":false},"excerpt":{"rendered":"<p>Parapluie temp\u00eate 23 pouces Swiss Peak AWARE\u2122 Tornado en rPET pong\u00e9 190T. Son ouverture automatique\/fermeture manuelle et son syst\u00e8me coupe-vent offrent facilit\u00e9 d&rsquo;utilisation et fiabilit\u00e9. Avec un manche en m\u00e9tal et une armature en fibre de verre, ce parapluie est solide et durable. La poign\u00e9e droite en caoutchouc ABS offre une prise en main confortable, [&hellip;]<\/p>\n","protected":false},"featured_media":43495,"template":"","meta":{"_acf_changed":false},"product_cat":[307,324],"product_tag":[],"class_list":["post-16272","product","type-product","status-publish","has-post-thumbnail","hentry","product_cat-loisirs-sports","product_cat-parapluies","pa_color-black-fr"],"acf":[],"yoast_head":"<!-- This site is optimized with the Yoast SEO plugin v27.0 - https:\/\/yoast.com\/product\/yoast-seo-wordpress\/ -->\n<title>Parapluie temp\u00eate 23&quot; AWARE\u2122 Tornado, noir - Swiss Peak<\/title>\n<meta name=\"robots\" content=\"index, follow, max-snippet:-1, max-image-preview:large, max-video-preview:-1\" \/>\n<link rel=\"canonical\" href=\"https:\/\/swiss-peak.com\/fr\/produit\/parapluie-tempete-23-swiss-peak-aware-tornado-noir\/\" \/>\n<meta property=\"og:locale\" content=\"fr_FR\" \/>\n<meta property=\"og:type\" content=\"article\" \/>\n<meta property=\"og:title\" content=\"Parapluie temp\u00eate 23&quot; AWARE\u2122 Tornado, noir - Swiss Peak\" \/>\n<meta property=\"og:description\" content=\"Parapluie temp\u00eate 23 pouces Swiss Peak AWARE\u2122 Tornado en rPET pong\u00e9 190T. Son ouverture automatique\/fermeture manuelle et son syst\u00e8me coupe-vent offrent facilit\u00e9 d&rsquo;utilisation et fiabilit\u00e9. Avec un manche en m\u00e9tal et une armature en fibre de verre, ce parapluie est solide et durable. La poign\u00e9e droite en caoutchouc ABS offre une prise en main confortable, [&hellip;]\" \/>\n<meta property=\"og:url\" content=\"https:\/\/swiss-peak.com\/fr\/produit\/parapluie-tempete-23-swiss-peak-aware-tornado-noir\/\" \/>\n<meta property=\"og:site_name\" content=\"Swiss Peak\" \/>\n<meta property=\"article:modified_time\" content=\"2026-03-12T01:31:03+00:00\" \/>\n<meta property=\"og:image\" content=\"https:\/\/swiss-peak.com\/wp-content\/uploads\/sites\/9\/2024\/02\/P850.471__S_0__3a733bb3dbb141abbfb442173535f307.jpg\" \/>\n\t<meta property=\"og:image:width\" content=\"1024\" \/>\n\t<meta property=\"og:image:height\" content=\"1024\" \/>\n\t<meta property=\"og:image:type\" content=\"image\/jpeg\" \/>\n<meta name=\"twitter:card\" content=\"summary_large_image\" \/>\n<script type=\"application\/ld+json\" class=\"yoast-schema-graph\">{\"@context\":\"https:\/\/schema.org\",\"@graph\":[{\"@type\":\"WebPage\",\"@id\":\"https:\/\/swiss-peak.com\/fr\/produit\/parapluie-tempete-23-swiss-peak-aware-tornado-noir\/\",\"url\":\"https:\/\/swiss-peak.com\/fr\/produit\/parapluie-tempete-23-swiss-peak-aware-tornado-noir\/\",\"name\":\"Parapluie temp\u00eate 23\\\" AWARE\u2122 Tornado, noir - Swiss Peak\",\"isPartOf\":{\"@id\":\"https:\/\/swiss-peak.com\/fr\/#website\"},\"primaryImageOfPage\":{\"@id\":\"https:\/\/swiss-peak.com\/fr\/produit\/parapluie-tempete-23-swiss-peak-aware-tornado-noir\/#primaryimage\"},\"image\":{\"@id\":\"https:\/\/swiss-peak.com\/fr\/produit\/parapluie-tempete-23-swiss-peak-aware-tornado-noir\/#primaryimage\"},\"thumbnailUrl\":\"https:\/\/swiss-peak.com\/wp-content\/uploads\/sites\/9\/2024\/02\/P850.471__S_0__3a733bb3dbb141abbfb442173535f307.jpg\",\"datePublished\":\"2023-06-10T00:22:14+00:00\",\"dateModified\":\"2026-03-12T01:31:03+00:00\",\"breadcrumb\":{\"@id\":\"https:\/\/swiss-peak.com\/fr\/produit\/parapluie-tempete-23-swiss-peak-aware-tornado-noir\/#breadcrumb\"},\"inLanguage\":\"fr-FR\",\"potentialAction\":[{\"@type\":\"ReadAction\",\"target\":[\"https:\/\/swiss-peak.com\/fr\/produit\/parapluie-tempete-23-swiss-peak-aware-tornado-noir\/\"]}]},{\"@type\":\"ImageObject\",\"inLanguage\":\"fr-FR\",\"@id\":\"https:\/\/swiss-peak.com\/fr\/produit\/parapluie-tempete-23-swiss-peak-aware-tornado-noir\/#primaryimage\",\"url\":\"https:\/\/swiss-peak.com\/wp-content\/uploads\/sites\/9\/2024\/02\/P850.471__S_0__3a733bb3dbb141abbfb442173535f307.jpg\",\"contentUrl\":\"https:\/\/swiss-peak.com\/wp-content\/uploads\/sites\/9\/2024\/02\/P850.471__S_0__3a733bb3dbb141abbfb442173535f307.jpg\",\"width\":1024,\"height\":1024},{\"@type\":\"BreadcrumbList\",\"@id\":\"https:\/\/swiss-peak.com\/fr\/produit\/parapluie-tempete-23-swiss-peak-aware-tornado-noir\/#breadcrumb\",\"itemListElement\":[{\"@type\":\"ListItem\",\"position\":1,\"name\":\"Home\",\"item\":\"https:\/\/swiss-peak.com\/fr\/\"},{\"@type\":\"ListItem\",\"position\":2,\"name\":\"Collection\",\"item\":\"https:\/\/swiss-peak.com\/fr\/collection\/\"},{\"@type\":\"ListItem\",\"position\":3,\"name\":\"Parapluie temp\u00eate 23&#8243; AWARE\u2122 Tornado, noir\"}]},{\"@type\":\"WebSite\",\"@id\":\"https:\/\/swiss-peak.com\/fr\/#website\",\"url\":\"https:\/\/swiss-peak.com\/fr\/\",\"name\":\"Swiss Peak\",\"description\":\"Where will today take you?\",\"potentialAction\":[{\"@type\":\"SearchAction\",\"target\":{\"@type\":\"EntryPoint\",\"urlTemplate\":\"https:\/\/swiss-peak.com\/fr\/?s={search_term_string}\"},\"query-input\":{\"@type\":\"PropertyValueSpecification\",\"valueRequired\":true,\"valueName\":\"search_term_string\"}}],\"inLanguage\":\"fr-FR\"}]}<\/script>\n<!-- \/ Yoast SEO plugin. -->","yoast_head_json":{"title":"Parapluie temp\u00eate 23\" AWARE\u2122 Tornado, noir - Swiss Peak","robots":{"index":"index","follow":"follow","max-snippet":"max-snippet:-1","max-image-preview":"max-image-preview:large","max-video-preview":"max-video-preview:-1"},"canonical":"https:\/\/swiss-peak.com\/fr\/produit\/parapluie-tempete-23-swiss-peak-aware-tornado-noir\/","og_locale":"fr_FR","og_type":"article","og_title":"Parapluie temp\u00eate 23\" AWARE\u2122 Tornado, noir - Swiss Peak","og_description":"Parapluie temp\u00eate 23 pouces Swiss Peak AWARE\u2122 Tornado en rPET pong\u00e9 190T. Son ouverture automatique\/fermeture manuelle et son syst\u00e8me coupe-vent offrent facilit\u00e9 d&rsquo;utilisation et fiabilit\u00e9. Avec un manche en m\u00e9tal et une armature en fibre de verre, ce parapluie est solide et durable. La poign\u00e9e droite en caoutchouc ABS offre une prise en main confortable, [&hellip;]","og_url":"https:\/\/swiss-peak.com\/fr\/produit\/parapluie-tempete-23-swiss-peak-aware-tornado-noir\/","og_site_name":"Swiss Peak","article_modified_time":"2026-03-12T01:31:03+00:00","og_image":[{"width":1024,"height":1024,"url":"https:\/\/swiss-peak.com\/wp-content\/uploads\/sites\/9\/2024\/02\/P850.471__S_0__3a733bb3dbb141abbfb442173535f307.jpg","type":"image\/jpeg"}],"twitter_card":"summary_large_image","schema":{"@context":"https:\/\/schema.org","@graph":[{"@type":"WebPage","@id":"https:\/\/swiss-peak.com\/fr\/produit\/parapluie-tempete-23-swiss-peak-aware-tornado-noir\/","url":"https:\/\/swiss-peak.com\/fr\/produit\/parapluie-tempete-23-swiss-peak-aware-tornado-noir\/","name":"Parapluie temp\u00eate 23\" AWARE\u2122 Tornado, noir - Swiss Peak","isPartOf":{"@id":"https:\/\/swiss-peak.com\/fr\/#website"},"primaryImageOfPage":{"@id":"https:\/\/swiss-peak.com\/fr\/produit\/parapluie-tempete-23-swiss-peak-aware-tornado-noir\/#primaryimage"},"image":{"@id":"https:\/\/swiss-peak.com\/fr\/produit\/parapluie-tempete-23-swiss-peak-aware-tornado-noir\/#primaryimage"},"thumbnailUrl":"https:\/\/swiss-peak.com\/wp-content\/uploads\/sites\/9\/2024\/02\/P850.471__S_0__3a733bb3dbb141abbfb442173535f307.jpg","datePublished":"2023-06-10T00:22:14+00:00","dateModified":"2026-03-12T01:31:03+00:00","breadcrumb":{"@id":"https:\/\/swiss-peak.com\/fr\/produit\/parapluie-tempete-23-swiss-peak-aware-tornado-noir\/#breadcrumb"},"inLanguage":"fr-FR","potentialAction":[{"@type":"ReadAction","target":["https:\/\/swiss-peak.com\/fr\/produit\/parapluie-tempete-23-swiss-peak-aware-tornado-noir\/"]}]},{"@type":"ImageObject","inLanguage":"fr-FR","@id":"https:\/\/swiss-peak.com\/fr\/produit\/parapluie-tempete-23-swiss-peak-aware-tornado-noir\/#primaryimage","url":"https:\/\/swiss-peak.com\/wp-content\/uploads\/sites\/9\/2024\/02\/P850.471__S_0__3a733bb3dbb141abbfb442173535f307.jpg","contentUrl":"https:\/\/swiss-peak.com\/wp-content\/uploads\/sites\/9\/2024\/02\/P850.471__S_0__3a733bb3dbb141abbfb442173535f307.jpg","width":1024,"height":1024},{"@type":"BreadcrumbList","@id":"https:\/\/swiss-peak.com\/fr\/produit\/parapluie-tempete-23-swiss-peak-aware-tornado-noir\/#breadcrumb","itemListElement":[{"@type":"ListItem","position":1,"name":"Home","item":"https:\/\/swiss-peak.com\/fr\/"},{"@type":"ListItem","position":2,"name":"Collection","item":"https:\/\/swiss-peak.com\/fr\/collection\/"},{"@type":"ListItem","position":3,"name":"Parapluie temp\u00eate 23&#8243; AWARE\u2122 Tornado, noir"}]},{"@type":"WebSite","@id":"https:\/\/swiss-peak.com\/fr\/#website","url":"https:\/\/swiss-peak.com\/fr\/","name":"Swiss Peak","description":"Where will today take you?","potentialAction":[{"@type":"SearchAction","target":{"@type":"EntryPoint","urlTemplate":"https:\/\/swiss-peak.com\/fr\/?s={search_term_string}"},"query-input":{"@type":"PropertyValueSpecification","valueRequired":true,"valueName":"search_term_string"}}],"inLanguage":"fr-FR"}]}},"_links":{"self":[{"href":"https:\/\/swiss-peak.com\/fr\/wp-json\/wp\/v2\/product\/16272","targetHints":{"allow":["GET"]}}],"collection":[{"href":"https:\/\/swiss-peak.com\/fr\/wp-json\/wp\/v2\/product"}],"about":[{"href":"https:\/\/swiss-peak.com\/fr\/wp-json\/wp\/v2\/types\/product"}],"wp:featuredmedia":[{"embeddable":true,"href":"https:\/\/swiss-peak.com\/fr\/wp-json\/wp\/v2\/media\/43495"}],"wp:attachment":[{"href":"https:\/\/swiss-peak.com\/fr\/wp-json\/wp\/v2\/media?parent=16272"}],"wp:term":[{"taxonomy":"product_cat","embeddable":true,"href":"https:\/\/swiss-peak.com\/fr\/wp-json\/wp\/v2\/product_cat?post=16272"},{"taxonomy":"product_tag","embeddable":true,"href":"https:\/\/swiss-peak.com\/fr\/wp-json\/wp\/v2\/product_tag?post=16272"}],"curies":[{"name":"wp","href":"https:\/\/api.w.org\/{rel}","templated":true}]}}