{"id":16271,"date":"2023-06-10T02:02:17","date_gmt":"2023-06-10T00:22:14","guid":{"rendered":"https:\/\/swiss-peak.com\/parapluie-reversible-pliable-23-automatique-sp-aware-noir\/"},"modified":"2026-03-12T03:30:59","modified_gmt":"2026-03-12T01:30:59","slug":"parapluie-reversible-pliable-23-automatique-sp-aware-noir","status":"publish","type":"product","link":"https:\/\/swiss-peak.com\/fr\/produit\/parapluie-reversible-pliable-23-automatique-sp-aware-noir\/","title":{"rendered":"Parapluie r\u00e9versible pliable 23&prime; automatique AWARE\u2122, noir"},"content":{"rendered":"<p>Parapluie r\u00e9versible \u00e0 ouverture\/fermeture automatique en 3 sections de 23 pouces est un accessoire pratique et \u00e9l\u00e9gant pour se prot\u00e9ger de la pluie. Fabriqu\u00e9 en pong\u00e9 rPET 190T, avec des baleines en fibre de verre et un manche en acier chrom\u00e9, il est solide et durable. Le parapluie est dot\u00e9 d&rsquo;une conception unique d&rsquo;ouverture invers\u00e9e, qui maintient les \u00e9coulements d&rsquo;eau \u00e0 l&rsquo;int\u00e9rieur et \u00e9vite de se mouiller en entrant ou en sortant d&rsquo;une voiture ou d&rsquo;un b\u00e2timent. Avec le traceur AWARE\u2122 qui valide l&rsquo;utilisation authentique de mat\u00e9riaux recycl\u00e9s. 2 % des recettes de chaque produit Aware\u2122 vendu seront revers\u00e9s \u00e0 Water.org.<\/p>\n","protected":false},"excerpt":{"rendered":"<p>Parapluie r\u00e9versible \u00e0 ouverture\/fermeture automatique en 3 sections de 23 pouces est un accessoire pratique et \u00e9l\u00e9gant pour se prot\u00e9ger de la pluie. Fabriqu\u00e9 en pong\u00e9 rPET 190T, avec des baleines en fibre de verre et un manche en acier chrom\u00e9, il est solide et durable. Le parapluie est dot\u00e9 d&rsquo;une conception unique d&rsquo;ouverture invers\u00e9e, [&hellip;]<\/p>\n","protected":false},"featured_media":43347,"template":"","meta":{"_acf_changed":false},"product_cat":[307,324],"product_tag":[],"class_list":["post-16271","product","type-product","status-publish","has-post-thumbnail","hentry","product_cat-loisirs-sports","product_cat-parapluies","pa_color-black-fr"],"acf":[],"yoast_head":"<!-- This site is optimized with the Yoast SEO plugin v27.0 - https:\/\/yoast.com\/product\/yoast-seo-wordpress\/ -->\n<title>Parapluie r\u00e9versible pliable 23&#039; automatique AWARE\u2122, noir - Swiss Peak<\/title>\n<meta name=\"robots\" content=\"index, follow, max-snippet:-1, max-image-preview:large, max-video-preview:-1\" \/>\n<link rel=\"canonical\" href=\"https:\/\/swiss-peak.com\/fr\/produit\/parapluie-reversible-pliable-23-automatique-sp-aware-noir\/\" \/>\n<meta property=\"og:locale\" content=\"fr_FR\" \/>\n<meta property=\"og:type\" content=\"article\" \/>\n<meta property=\"og:title\" content=\"Parapluie r\u00e9versible pliable 23&#039; automatique AWARE\u2122, noir - Swiss Peak\" \/>\n<meta property=\"og:description\" content=\"Parapluie r\u00e9versible \u00e0 ouverture\/fermeture automatique en 3 sections de 23 pouces est un accessoire pratique et \u00e9l\u00e9gant pour se prot\u00e9ger de la pluie. Fabriqu\u00e9 en pong\u00e9 rPET 190T, avec des baleines en fibre de verre et un manche en acier chrom\u00e9, il est solide et durable. Le parapluie est dot\u00e9 d&rsquo;une conception unique d&rsquo;ouverture invers\u00e9e, [&hellip;]\" \/>\n<meta property=\"og:url\" content=\"https:\/\/swiss-peak.com\/fr\/produit\/parapluie-reversible-pliable-23-automatique-sp-aware-noir\/\" \/>\n<meta property=\"og:site_name\" content=\"Swiss Peak\" \/>\n<meta property=\"article:modified_time\" content=\"2026-03-12T01:30:59+00:00\" \/>\n<meta property=\"og:image\" content=\"https:\/\/swiss-peak.com\/wp-content\/uploads\/sites\/9\/2024\/02\/P850.461__S_0__210a13a4edbf409b96ae217ec3c07f98.jpg\" \/>\n\t<meta property=\"og:image:width\" content=\"1024\" \/>\n\t<meta property=\"og:image:height\" content=\"1024\" \/>\n\t<meta property=\"og:image:type\" content=\"image\/jpeg\" \/>\n<meta name=\"twitter:card\" content=\"summary_large_image\" \/>\n<meta name=\"twitter:label1\" content=\"Dur\u00e9e de lecture estim\u00e9e\" \/>\n\t<meta name=\"twitter:data1\" content=\"1 minute\" \/>\n<script type=\"application\/ld+json\" class=\"yoast-schema-graph\">{\"@context\":\"https:\/\/schema.org\",\"@graph\":[{\"@type\":\"WebPage\",\"@id\":\"https:\/\/swiss-peak.com\/fr\/produit\/parapluie-reversible-pliable-23-automatique-sp-aware-noir\/\",\"url\":\"https:\/\/swiss-peak.com\/fr\/produit\/parapluie-reversible-pliable-23-automatique-sp-aware-noir\/\",\"name\":\"Parapluie r\u00e9versible pliable 23' automatique AWARE\u2122, noir - Swiss Peak\",\"isPartOf\":{\"@id\":\"https:\/\/swiss-peak.com\/fr\/#website\"},\"primaryImageOfPage\":{\"@id\":\"https:\/\/swiss-peak.com\/fr\/produit\/parapluie-reversible-pliable-23-automatique-sp-aware-noir\/#primaryimage\"},\"image\":{\"@id\":\"https:\/\/swiss-peak.com\/fr\/produit\/parapluie-reversible-pliable-23-automatique-sp-aware-noir\/#primaryimage\"},\"thumbnailUrl\":\"https:\/\/swiss-peak.com\/wp-content\/uploads\/sites\/9\/2024\/02\/P850.461__S_0__210a13a4edbf409b96ae217ec3c07f98.jpg\",\"datePublished\":\"2023-06-10T00:22:14+00:00\",\"dateModified\":\"2026-03-12T01:30:59+00:00\",\"breadcrumb\":{\"@id\":\"https:\/\/swiss-peak.com\/fr\/produit\/parapluie-reversible-pliable-23-automatique-sp-aware-noir\/#breadcrumb\"},\"inLanguage\":\"fr-FR\",\"potentialAction\":[{\"@type\":\"ReadAction\",\"target\":[\"https:\/\/swiss-peak.com\/fr\/produit\/parapluie-reversible-pliable-23-automatique-sp-aware-noir\/\"]}]},{\"@type\":\"ImageObject\",\"inLanguage\":\"fr-FR\",\"@id\":\"https:\/\/swiss-peak.com\/fr\/produit\/parapluie-reversible-pliable-23-automatique-sp-aware-noir\/#primaryimage\",\"url\":\"https:\/\/swiss-peak.com\/wp-content\/uploads\/sites\/9\/2024\/02\/P850.461__S_0__210a13a4edbf409b96ae217ec3c07f98.jpg\",\"contentUrl\":\"https:\/\/swiss-peak.com\/wp-content\/uploads\/sites\/9\/2024\/02\/P850.461__S_0__210a13a4edbf409b96ae217ec3c07f98.jpg\",\"width\":1024,\"height\":1024},{\"@type\":\"BreadcrumbList\",\"@id\":\"https:\/\/swiss-peak.com\/fr\/produit\/parapluie-reversible-pliable-23-automatique-sp-aware-noir\/#breadcrumb\",\"itemListElement\":[{\"@type\":\"ListItem\",\"position\":1,\"name\":\"Home\",\"item\":\"https:\/\/swiss-peak.com\/fr\/\"},{\"@type\":\"ListItem\",\"position\":2,\"name\":\"Collection\",\"item\":\"https:\/\/swiss-peak.com\/fr\/collection\/\"},{\"@type\":\"ListItem\",\"position\":3,\"name\":\"Parapluie r\u00e9versible pliable 23&#8242; automatique AWARE\u2122, noir\"}]},{\"@type\":\"WebSite\",\"@id\":\"https:\/\/swiss-peak.com\/fr\/#website\",\"url\":\"https:\/\/swiss-peak.com\/fr\/\",\"name\":\"Swiss Peak\",\"description\":\"Where will today take you?\",\"potentialAction\":[{\"@type\":\"SearchAction\",\"target\":{\"@type\":\"EntryPoint\",\"urlTemplate\":\"https:\/\/swiss-peak.com\/fr\/?s={search_term_string}\"},\"query-input\":{\"@type\":\"PropertyValueSpecification\",\"valueRequired\":true,\"valueName\":\"search_term_string\"}}],\"inLanguage\":\"fr-FR\"}]}<\/script>\n<!-- \/ Yoast SEO plugin. -->","yoast_head_json":{"title":"Parapluie r\u00e9versible pliable 23' automatique AWARE\u2122, noir - Swiss Peak","robots":{"index":"index","follow":"follow","max-snippet":"max-snippet:-1","max-image-preview":"max-image-preview:large","max-video-preview":"max-video-preview:-1"},"canonical":"https:\/\/swiss-peak.com\/fr\/produit\/parapluie-reversible-pliable-23-automatique-sp-aware-noir\/","og_locale":"fr_FR","og_type":"article","og_title":"Parapluie r\u00e9versible pliable 23' automatique AWARE\u2122, noir - Swiss Peak","og_description":"Parapluie r\u00e9versible \u00e0 ouverture\/fermeture automatique en 3 sections de 23 pouces est un accessoire pratique et \u00e9l\u00e9gant pour se prot\u00e9ger de la pluie. Fabriqu\u00e9 en pong\u00e9 rPET 190T, avec des baleines en fibre de verre et un manche en acier chrom\u00e9, il est solide et durable. Le parapluie est dot\u00e9 d&rsquo;une conception unique d&rsquo;ouverture invers\u00e9e, [&hellip;]","og_url":"https:\/\/swiss-peak.com\/fr\/produit\/parapluie-reversible-pliable-23-automatique-sp-aware-noir\/","og_site_name":"Swiss Peak","article_modified_time":"2026-03-12T01:30:59+00:00","og_image":[{"width":1024,"height":1024,"url":"https:\/\/swiss-peak.com\/wp-content\/uploads\/sites\/9\/2024\/02\/P850.461__S_0__210a13a4edbf409b96ae217ec3c07f98.jpg","type":"image\/jpeg"}],"twitter_card":"summary_large_image","twitter_misc":{"Dur\u00e9e de lecture estim\u00e9e":"1 minute"},"schema":{"@context":"https:\/\/schema.org","@graph":[{"@type":"WebPage","@id":"https:\/\/swiss-peak.com\/fr\/produit\/parapluie-reversible-pliable-23-automatique-sp-aware-noir\/","url":"https:\/\/swiss-peak.com\/fr\/produit\/parapluie-reversible-pliable-23-automatique-sp-aware-noir\/","name":"Parapluie r\u00e9versible pliable 23' automatique AWARE\u2122, noir - Swiss Peak","isPartOf":{"@id":"https:\/\/swiss-peak.com\/fr\/#website"},"primaryImageOfPage":{"@id":"https:\/\/swiss-peak.com\/fr\/produit\/parapluie-reversible-pliable-23-automatique-sp-aware-noir\/#primaryimage"},"image":{"@id":"https:\/\/swiss-peak.com\/fr\/produit\/parapluie-reversible-pliable-23-automatique-sp-aware-noir\/#primaryimage"},"thumbnailUrl":"https:\/\/swiss-peak.com\/wp-content\/uploads\/sites\/9\/2024\/02\/P850.461__S_0__210a13a4edbf409b96ae217ec3c07f98.jpg","datePublished":"2023-06-10T00:22:14+00:00","dateModified":"2026-03-12T01:30:59+00:00","breadcrumb":{"@id":"https:\/\/swiss-peak.com\/fr\/produit\/parapluie-reversible-pliable-23-automatique-sp-aware-noir\/#breadcrumb"},"inLanguage":"fr-FR","potentialAction":[{"@type":"ReadAction","target":["https:\/\/swiss-peak.com\/fr\/produit\/parapluie-reversible-pliable-23-automatique-sp-aware-noir\/"]}]},{"@type":"ImageObject","inLanguage":"fr-FR","@id":"https:\/\/swiss-peak.com\/fr\/produit\/parapluie-reversible-pliable-23-automatique-sp-aware-noir\/#primaryimage","url":"https:\/\/swiss-peak.com\/wp-content\/uploads\/sites\/9\/2024\/02\/P850.461__S_0__210a13a4edbf409b96ae217ec3c07f98.jpg","contentUrl":"https:\/\/swiss-peak.com\/wp-content\/uploads\/sites\/9\/2024\/02\/P850.461__S_0__210a13a4edbf409b96ae217ec3c07f98.jpg","width":1024,"height":1024},{"@type":"BreadcrumbList","@id":"https:\/\/swiss-peak.com\/fr\/produit\/parapluie-reversible-pliable-23-automatique-sp-aware-noir\/#breadcrumb","itemListElement":[{"@type":"ListItem","position":1,"name":"Home","item":"https:\/\/swiss-peak.com\/fr\/"},{"@type":"ListItem","position":2,"name":"Collection","item":"https:\/\/swiss-peak.com\/fr\/collection\/"},{"@type":"ListItem","position":3,"name":"Parapluie r\u00e9versible pliable 23&#8242; automatique AWARE\u2122, noir"}]},{"@type":"WebSite","@id":"https:\/\/swiss-peak.com\/fr\/#website","url":"https:\/\/swiss-peak.com\/fr\/","name":"Swiss Peak","description":"Where will today take you?","potentialAction":[{"@type":"SearchAction","target":{"@type":"EntryPoint","urlTemplate":"https:\/\/swiss-peak.com\/fr\/?s={search_term_string}"},"query-input":{"@type":"PropertyValueSpecification","valueRequired":true,"valueName":"search_term_string"}}],"inLanguage":"fr-FR"}]}},"_links":{"self":[{"href":"https:\/\/swiss-peak.com\/fr\/wp-json\/wp\/v2\/product\/16271","targetHints":{"allow":["GET"]}}],"collection":[{"href":"https:\/\/swiss-peak.com\/fr\/wp-json\/wp\/v2\/product"}],"about":[{"href":"https:\/\/swiss-peak.com\/fr\/wp-json\/wp\/v2\/types\/product"}],"wp:featuredmedia":[{"embeddable":true,"href":"https:\/\/swiss-peak.com\/fr\/wp-json\/wp\/v2\/media\/43347"}],"wp:attachment":[{"href":"https:\/\/swiss-peak.com\/fr\/wp-json\/wp\/v2\/media?parent=16271"}],"wp:term":[{"taxonomy":"product_cat","embeddable":true,"href":"https:\/\/swiss-peak.com\/fr\/wp-json\/wp\/v2\/product_cat?post=16271"},{"taxonomy":"product_tag","embeddable":true,"href":"https:\/\/swiss-peak.com\/fr\/wp-json\/wp\/v2\/product_tag?post=16271"}],"curies":[{"name":"wp","href":"https:\/\/api.w.org\/{rel}","templated":true}]}}