{"id":15934,"date":"2023-05-24T02:00:16","date_gmt":"2023-05-24T00:20:15","guid":{"rendered":"https:\/\/swiss-peak.com\/sac-a-dos-15-en-rpet-aware-swiss-peak-fern-noir\/"},"modified":"2026-04-16T02:25:33","modified_gmt":"2026-04-16T00:25:33","slug":"sac-a-dos-15-en-rpet-aware-swiss-peak-fern-noir","status":"publish","type":"product","link":"https:\/\/swiss-peak.com\/fr\/produit\/sac-a-dos-15-en-rpet-aware-swiss-peak-fern-noir\/","title":{"rendered":"Sac \u00e0 dos 15&Prime; en rPET AWARE\u2122 Fern, noir"},"content":{"rendered":"<p>Sac \u00e0 dos fabriqu\u00e9 en rPET AWARE\u2122 est le choix ultime pour ceux qui privil\u00e9gient \u00e0 la fois le style et la durabilit\u00e9. Ce sac \u00e0 dos pr\u00e9sente un design unique \u00e0 fermeture \u00e0 zip tout autour, ce qui le rend facile \u00e0 emballer et \u00e0 ranger lorsqu&rsquo;il n&rsquo;est pas utilis\u00e9. Il est \u00e9quip\u00e9 d&rsquo;un compartiment principal spacieux pour un ordinateur portable de 15 pouces, ainsi que de plusieurs poches pour garder vos objets essentiels organis\u00e9s. Avec le traceur AWARE\u2122 qui valide l&rsquo;utilisation authentique de mat\u00e9riaux recycl\u00e9s.  2 % des recettes de chaque produit AWARE\u2122 vendu seront revers\u00e9s \u00e0 Water.org.<\/p>\n","protected":false},"excerpt":{"rendered":"<p>Sac \u00e0 dos fabriqu\u00e9 en rPET AWARE\u2122 est le choix ultime pour ceux qui privil\u00e9gient \u00e0 la fois le style et la durabilit\u00e9. Ce sac \u00e0 dos pr\u00e9sente un design unique \u00e0 fermeture \u00e0 zip tout autour, ce qui le rend facile \u00e0 emballer et \u00e0 ranger lorsqu&rsquo;il n&rsquo;est pas utilis\u00e9. Il est \u00e9quip\u00e9 d&rsquo;un [&hellip;]<\/p>\n","protected":false},"featured_media":46409,"template":"","meta":{"_acf_changed":false},"product_cat":[287,255,259,291],"product_tag":[],"class_list":["post-15934","product","type-product","status-publish","has-post-thumbnail","hentry","product_cat-business-fr","product_cat-sacs-voyage","product_cat-sacs-a-dos","product_cat-sacs-ordinateurs-portable","pa_color-black-fr"],"acf":[],"yoast_head":"<!-- This site is optimized with the Yoast SEO plugin v27.0 - https:\/\/yoast.com\/product\/yoast-seo-wordpress\/ -->\n<title>Sac \u00e0 dos 15&quot; en rPET AWARE\u2122 Fern, noir - Swiss Peak<\/title>\n<meta name=\"robots\" content=\"index, follow, max-snippet:-1, max-image-preview:large, max-video-preview:-1\" \/>\n<link rel=\"canonical\" href=\"https:\/\/swiss-peak.com\/fr\/produit\/sac-a-dos-15-en-rpet-aware-swiss-peak-fern-noir\/\" \/>\n<meta property=\"og:locale\" content=\"fr_FR\" \/>\n<meta property=\"og:type\" content=\"article\" \/>\n<meta property=\"og:title\" content=\"Sac \u00e0 dos 15&quot; en rPET AWARE\u2122 Fern, noir - Swiss Peak\" \/>\n<meta property=\"og:description\" content=\"Sac \u00e0 dos fabriqu\u00e9 en rPET AWARE\u2122 est le choix ultime pour ceux qui privil\u00e9gient \u00e0 la fois le style et la durabilit\u00e9. Ce sac \u00e0 dos pr\u00e9sente un design unique \u00e0 fermeture \u00e0 zip tout autour, ce qui le rend facile \u00e0 emballer et \u00e0 ranger lorsqu&rsquo;il n&rsquo;est pas utilis\u00e9. Il est \u00e9quip\u00e9 d&rsquo;un [&hellip;]\" \/>\n<meta property=\"og:url\" content=\"https:\/\/swiss-peak.com\/fr\/produit\/sac-a-dos-15-en-rpet-aware-swiss-peak-fern-noir\/\" \/>\n<meta property=\"og:site_name\" content=\"Swiss Peak\" \/>\n<meta property=\"article:modified_time\" content=\"2026-04-16T00:25:33+00:00\" \/>\n<meta property=\"og:image\" content=\"https:\/\/swiss-peak.com\/wp-content\/uploads\/sites\/9\/2026\/04\/P763.041__S_0__a2b021e4d0094ed994c12ab459b5b82d.jpg\" \/>\n\t<meta property=\"og:image:width\" content=\"1024\" \/>\n\t<meta property=\"og:image:height\" content=\"1024\" \/>\n\t<meta property=\"og:image:type\" content=\"image\/jpeg\" \/>\n<meta name=\"twitter:card\" content=\"summary_large_image\" \/>\n<script type=\"application\/ld+json\" class=\"yoast-schema-graph\">{\"@context\":\"https:\/\/schema.org\",\"@graph\":[{\"@type\":\"WebPage\",\"@id\":\"https:\/\/swiss-peak.com\/fr\/produit\/sac-a-dos-15-en-rpet-aware-swiss-peak-fern-noir\/\",\"url\":\"https:\/\/swiss-peak.com\/fr\/produit\/sac-a-dos-15-en-rpet-aware-swiss-peak-fern-noir\/\",\"name\":\"Sac \u00e0 dos 15\\\" en rPET AWARE\u2122 Fern, noir - Swiss Peak\",\"isPartOf\":{\"@id\":\"https:\/\/swiss-peak.com\/fr\/#website\"},\"primaryImageOfPage\":{\"@id\":\"https:\/\/swiss-peak.com\/fr\/produit\/sac-a-dos-15-en-rpet-aware-swiss-peak-fern-noir\/#primaryimage\"},\"image\":{\"@id\":\"https:\/\/swiss-peak.com\/fr\/produit\/sac-a-dos-15-en-rpet-aware-swiss-peak-fern-noir\/#primaryimage\"},\"thumbnailUrl\":\"https:\/\/swiss-peak.com\/wp-content\/uploads\/sites\/9\/2026\/04\/P763.041__S_0__a2b021e4d0094ed994c12ab459b5b82d.jpg\",\"datePublished\":\"2023-05-24T00:20:15+00:00\",\"dateModified\":\"2026-04-16T00:25:33+00:00\",\"breadcrumb\":{\"@id\":\"https:\/\/swiss-peak.com\/fr\/produit\/sac-a-dos-15-en-rpet-aware-swiss-peak-fern-noir\/#breadcrumb\"},\"inLanguage\":\"fr-FR\",\"potentialAction\":[{\"@type\":\"ReadAction\",\"target\":[\"https:\/\/swiss-peak.com\/fr\/produit\/sac-a-dos-15-en-rpet-aware-swiss-peak-fern-noir\/\"]}]},{\"@type\":\"ImageObject\",\"inLanguage\":\"fr-FR\",\"@id\":\"https:\/\/swiss-peak.com\/fr\/produit\/sac-a-dos-15-en-rpet-aware-swiss-peak-fern-noir\/#primaryimage\",\"url\":\"https:\/\/swiss-peak.com\/wp-content\/uploads\/sites\/9\/2026\/04\/P763.041__S_0__a2b021e4d0094ed994c12ab459b5b82d.jpg\",\"contentUrl\":\"https:\/\/swiss-peak.com\/wp-content\/uploads\/sites\/9\/2026\/04\/P763.041__S_0__a2b021e4d0094ed994c12ab459b5b82d.jpg\",\"width\":1024,\"height\":1024},{\"@type\":\"BreadcrumbList\",\"@id\":\"https:\/\/swiss-peak.com\/fr\/produit\/sac-a-dos-15-en-rpet-aware-swiss-peak-fern-noir\/#breadcrumb\",\"itemListElement\":[{\"@type\":\"ListItem\",\"position\":1,\"name\":\"Home\",\"item\":\"https:\/\/swiss-peak.com\/fr\/\"},{\"@type\":\"ListItem\",\"position\":2,\"name\":\"Collection\",\"item\":\"https:\/\/swiss-peak.com\/fr\/collection\/\"},{\"@type\":\"ListItem\",\"position\":3,\"name\":\"Sac \u00e0 dos 15&#8243; en rPET AWARE\u2122 Fern, noir\"}]},{\"@type\":\"WebSite\",\"@id\":\"https:\/\/swiss-peak.com\/fr\/#website\",\"url\":\"https:\/\/swiss-peak.com\/fr\/\",\"name\":\"Swiss Peak\",\"description\":\"Where will today take you?\",\"potentialAction\":[{\"@type\":\"SearchAction\",\"target\":{\"@type\":\"EntryPoint\",\"urlTemplate\":\"https:\/\/swiss-peak.com\/fr\/?s={search_term_string}\"},\"query-input\":{\"@type\":\"PropertyValueSpecification\",\"valueRequired\":true,\"valueName\":\"search_term_string\"}}],\"inLanguage\":\"fr-FR\"}]}<\/script>\n<!-- \/ Yoast SEO plugin. -->","yoast_head_json":{"title":"Sac \u00e0 dos 15\" en rPET AWARE\u2122 Fern, noir - Swiss Peak","robots":{"index":"index","follow":"follow","max-snippet":"max-snippet:-1","max-image-preview":"max-image-preview:large","max-video-preview":"max-video-preview:-1"},"canonical":"https:\/\/swiss-peak.com\/fr\/produit\/sac-a-dos-15-en-rpet-aware-swiss-peak-fern-noir\/","og_locale":"fr_FR","og_type":"article","og_title":"Sac \u00e0 dos 15\" en rPET AWARE\u2122 Fern, noir - Swiss Peak","og_description":"Sac \u00e0 dos fabriqu\u00e9 en rPET AWARE\u2122 est le choix ultime pour ceux qui privil\u00e9gient \u00e0 la fois le style et la durabilit\u00e9. Ce sac \u00e0 dos pr\u00e9sente un design unique \u00e0 fermeture \u00e0 zip tout autour, ce qui le rend facile \u00e0 emballer et \u00e0 ranger lorsqu&rsquo;il n&rsquo;est pas utilis\u00e9. Il est \u00e9quip\u00e9 d&rsquo;un [&hellip;]","og_url":"https:\/\/swiss-peak.com\/fr\/produit\/sac-a-dos-15-en-rpet-aware-swiss-peak-fern-noir\/","og_site_name":"Swiss Peak","article_modified_time":"2026-04-16T00:25:33+00:00","og_image":[{"width":1024,"height":1024,"url":"https:\/\/swiss-peak.com\/wp-content\/uploads\/sites\/9\/2026\/04\/P763.041__S_0__a2b021e4d0094ed994c12ab459b5b82d.jpg","type":"image\/jpeg"}],"twitter_card":"summary_large_image","schema":{"@context":"https:\/\/schema.org","@graph":[{"@type":"WebPage","@id":"https:\/\/swiss-peak.com\/fr\/produit\/sac-a-dos-15-en-rpet-aware-swiss-peak-fern-noir\/","url":"https:\/\/swiss-peak.com\/fr\/produit\/sac-a-dos-15-en-rpet-aware-swiss-peak-fern-noir\/","name":"Sac \u00e0 dos 15\" en rPET AWARE\u2122 Fern, noir - Swiss Peak","isPartOf":{"@id":"https:\/\/swiss-peak.com\/fr\/#website"},"primaryImageOfPage":{"@id":"https:\/\/swiss-peak.com\/fr\/produit\/sac-a-dos-15-en-rpet-aware-swiss-peak-fern-noir\/#primaryimage"},"image":{"@id":"https:\/\/swiss-peak.com\/fr\/produit\/sac-a-dos-15-en-rpet-aware-swiss-peak-fern-noir\/#primaryimage"},"thumbnailUrl":"https:\/\/swiss-peak.com\/wp-content\/uploads\/sites\/9\/2026\/04\/P763.041__S_0__a2b021e4d0094ed994c12ab459b5b82d.jpg","datePublished":"2023-05-24T00:20:15+00:00","dateModified":"2026-04-16T00:25:33+00:00","breadcrumb":{"@id":"https:\/\/swiss-peak.com\/fr\/produit\/sac-a-dos-15-en-rpet-aware-swiss-peak-fern-noir\/#breadcrumb"},"inLanguage":"fr-FR","potentialAction":[{"@type":"ReadAction","target":["https:\/\/swiss-peak.com\/fr\/produit\/sac-a-dos-15-en-rpet-aware-swiss-peak-fern-noir\/"]}]},{"@type":"ImageObject","inLanguage":"fr-FR","@id":"https:\/\/swiss-peak.com\/fr\/produit\/sac-a-dos-15-en-rpet-aware-swiss-peak-fern-noir\/#primaryimage","url":"https:\/\/swiss-peak.com\/wp-content\/uploads\/sites\/9\/2026\/04\/P763.041__S_0__a2b021e4d0094ed994c12ab459b5b82d.jpg","contentUrl":"https:\/\/swiss-peak.com\/wp-content\/uploads\/sites\/9\/2026\/04\/P763.041__S_0__a2b021e4d0094ed994c12ab459b5b82d.jpg","width":1024,"height":1024},{"@type":"BreadcrumbList","@id":"https:\/\/swiss-peak.com\/fr\/produit\/sac-a-dos-15-en-rpet-aware-swiss-peak-fern-noir\/#breadcrumb","itemListElement":[{"@type":"ListItem","position":1,"name":"Home","item":"https:\/\/swiss-peak.com\/fr\/"},{"@type":"ListItem","position":2,"name":"Collection","item":"https:\/\/swiss-peak.com\/fr\/collection\/"},{"@type":"ListItem","position":3,"name":"Sac \u00e0 dos 15&#8243; en rPET AWARE\u2122 Fern, noir"}]},{"@type":"WebSite","@id":"https:\/\/swiss-peak.com\/fr\/#website","url":"https:\/\/swiss-peak.com\/fr\/","name":"Swiss Peak","description":"Where will today take you?","potentialAction":[{"@type":"SearchAction","target":{"@type":"EntryPoint","urlTemplate":"https:\/\/swiss-peak.com\/fr\/?s={search_term_string}"},"query-input":{"@type":"PropertyValueSpecification","valueRequired":true,"valueName":"search_term_string"}}],"inLanguage":"fr-FR"}]}},"_links":{"self":[{"href":"https:\/\/swiss-peak.com\/fr\/wp-json\/wp\/v2\/product\/15934","targetHints":{"allow":["GET"]}}],"collection":[{"href":"https:\/\/swiss-peak.com\/fr\/wp-json\/wp\/v2\/product"}],"about":[{"href":"https:\/\/swiss-peak.com\/fr\/wp-json\/wp\/v2\/types\/product"}],"wp:featuredmedia":[{"embeddable":true,"href":"https:\/\/swiss-peak.com\/fr\/wp-json\/wp\/v2\/media\/46409"}],"wp:attachment":[{"href":"https:\/\/swiss-peak.com\/fr\/wp-json\/wp\/v2\/media?parent=15934"}],"wp:term":[{"taxonomy":"product_cat","embeddable":true,"href":"https:\/\/swiss-peak.com\/fr\/wp-json\/wp\/v2\/product_cat?post=15934"},{"taxonomy":"product_tag","embeddable":true,"href":"https:\/\/swiss-peak.com\/fr\/wp-json\/wp\/v2\/product_tag?post=15934"}],"curies":[{"name":"wp","href":"https:\/\/api.w.org\/{rel}","templated":true}]}}