{"id":15933,"date":"2023-05-24T02:00:16","date_gmt":"2023-05-24T00:20:15","guid":{"rendered":"https:\/\/swiss-peak.com\/sac-a-dos-ordinateur-15-6-swiss-peak-brooke-en-rpet-aware-noir\/"},"modified":"2026-04-16T02:25:29","modified_gmt":"2026-04-16T00:25:29","slug":"sac-a-dos-ordinateur-15-6-swiss-peak-brooke-en-rpet-aware-noir","status":"publish","type":"product","link":"https:\/\/swiss-peak.com\/fr\/produit\/sac-a-dos-ordinateur-15-6-swiss-peak-brooke-en-rpet-aware-noir\/","title":{"rendered":"Sac \u00e0 dos ordinateur 15.6&Prime; Brooke en rPET AWARE\u2122, noir"},"content":{"rendered":"<p>Sac \u00e0 dos \u00e9l\u00e9gant en polyester 100% recycl\u00e9, avec de nombreux compartiments de rangement, est l&rsquo;accessoire id\u00e9al pour les personnes en d\u00e9placement, que ce soit pour se rendre au travail ou pour sillonner la ville. Avec son design \u00e9l\u00e9gant et ses caract\u00e9ristiques pratiques, ce sac \u00e0 dos est un excellent choix pour tous . Avec le traceur AWARE\u2122 qui valide l&rsquo;utilisation authentique de mat\u00e9riaux recycl\u00e9s. 2 % des recettes de chaque produit AWARE\u2122 vendu seront revers\u00e9s \u00e0 Water.org.<\/p>\n","protected":false},"excerpt":{"rendered":"<p>Sac \u00e0 dos \u00e9l\u00e9gant en polyester 100% recycl\u00e9, avec de nombreux compartiments de rangement, est l&rsquo;accessoire id\u00e9al pour les personnes en d\u00e9placement, que ce soit pour se rendre au travail ou pour sillonner la ville. Avec son design \u00e9l\u00e9gant et ses caract\u00e9ristiques pratiques, ce sac \u00e0 dos est un excellent choix pour tous . Avec [&hellip;]<\/p>\n","protected":false},"featured_media":46402,"template":"","meta":{"_acf_changed":false},"product_cat":[287,255,259,291],"product_tag":[],"class_list":["post-15933","product","type-product","status-publish","has-post-thumbnail","hentry","product_cat-business-fr","product_cat-sacs-voyage","product_cat-sacs-a-dos","product_cat-sacs-ordinateurs-portable","pa_color-black-fr"],"acf":[],"yoast_head":"<!-- This site is optimized with the Yoast SEO plugin v27.0 - https:\/\/yoast.com\/product\/yoast-seo-wordpress\/ -->\n<title>Sac \u00e0 dos ordinateur 15.6&quot; Brooke en rPET AWARE\u2122, noir - Swiss Peak<\/title>\n<meta name=\"robots\" content=\"index, follow, max-snippet:-1, max-image-preview:large, max-video-preview:-1\" \/>\n<link rel=\"canonical\" href=\"https:\/\/swiss-peak.com\/fr\/produit\/sac-a-dos-ordinateur-15-6-swiss-peak-brooke-en-rpet-aware-noir\/\" \/>\n<meta property=\"og:locale\" content=\"fr_FR\" \/>\n<meta property=\"og:type\" content=\"article\" \/>\n<meta property=\"og:title\" content=\"Sac \u00e0 dos ordinateur 15.6&quot; Brooke en rPET AWARE\u2122, noir - Swiss Peak\" \/>\n<meta property=\"og:description\" content=\"Sac \u00e0 dos \u00e9l\u00e9gant en polyester 100% recycl\u00e9, avec de nombreux compartiments de rangement, est l&rsquo;accessoire id\u00e9al pour les personnes en d\u00e9placement, que ce soit pour se rendre au travail ou pour sillonner la ville. Avec son design \u00e9l\u00e9gant et ses caract\u00e9ristiques pratiques, ce sac \u00e0 dos est un excellent choix pour tous . Avec [&hellip;]\" \/>\n<meta property=\"og:url\" content=\"https:\/\/swiss-peak.com\/fr\/produit\/sac-a-dos-ordinateur-15-6-swiss-peak-brooke-en-rpet-aware-noir\/\" \/>\n<meta property=\"og:site_name\" content=\"Swiss Peak\" \/>\n<meta property=\"article:modified_time\" content=\"2026-04-16T00:25:29+00:00\" \/>\n<meta property=\"og:image\" content=\"https:\/\/swiss-peak.com\/wp-content\/uploads\/sites\/9\/2026\/04\/P763.031__S_0__94e1a99d0aba4782b1e37315d721a9e8.jpg\" \/>\n\t<meta property=\"og:image:width\" content=\"1024\" \/>\n\t<meta property=\"og:image:height\" content=\"1024\" \/>\n\t<meta property=\"og:image:type\" content=\"image\/jpeg\" \/>\n<meta name=\"twitter:card\" content=\"summary_large_image\" \/>\n<script type=\"application\/ld+json\" class=\"yoast-schema-graph\">{\"@context\":\"https:\/\/schema.org\",\"@graph\":[{\"@type\":\"WebPage\",\"@id\":\"https:\/\/swiss-peak.com\/fr\/produit\/sac-a-dos-ordinateur-15-6-swiss-peak-brooke-en-rpet-aware-noir\/\",\"url\":\"https:\/\/swiss-peak.com\/fr\/produit\/sac-a-dos-ordinateur-15-6-swiss-peak-brooke-en-rpet-aware-noir\/\",\"name\":\"Sac \u00e0 dos ordinateur 15.6\\\" Brooke en rPET AWARE\u2122, noir - Swiss Peak\",\"isPartOf\":{\"@id\":\"https:\/\/swiss-peak.com\/fr\/#website\"},\"primaryImageOfPage\":{\"@id\":\"https:\/\/swiss-peak.com\/fr\/produit\/sac-a-dos-ordinateur-15-6-swiss-peak-brooke-en-rpet-aware-noir\/#primaryimage\"},\"image\":{\"@id\":\"https:\/\/swiss-peak.com\/fr\/produit\/sac-a-dos-ordinateur-15-6-swiss-peak-brooke-en-rpet-aware-noir\/#primaryimage\"},\"thumbnailUrl\":\"https:\/\/swiss-peak.com\/wp-content\/uploads\/sites\/9\/2026\/04\/P763.031__S_0__94e1a99d0aba4782b1e37315d721a9e8.jpg\",\"datePublished\":\"2023-05-24T00:20:15+00:00\",\"dateModified\":\"2026-04-16T00:25:29+00:00\",\"breadcrumb\":{\"@id\":\"https:\/\/swiss-peak.com\/fr\/produit\/sac-a-dos-ordinateur-15-6-swiss-peak-brooke-en-rpet-aware-noir\/#breadcrumb\"},\"inLanguage\":\"fr-FR\",\"potentialAction\":[{\"@type\":\"ReadAction\",\"target\":[\"https:\/\/swiss-peak.com\/fr\/produit\/sac-a-dos-ordinateur-15-6-swiss-peak-brooke-en-rpet-aware-noir\/\"]}]},{\"@type\":\"ImageObject\",\"inLanguage\":\"fr-FR\",\"@id\":\"https:\/\/swiss-peak.com\/fr\/produit\/sac-a-dos-ordinateur-15-6-swiss-peak-brooke-en-rpet-aware-noir\/#primaryimage\",\"url\":\"https:\/\/swiss-peak.com\/wp-content\/uploads\/sites\/9\/2026\/04\/P763.031__S_0__94e1a99d0aba4782b1e37315d721a9e8.jpg\",\"contentUrl\":\"https:\/\/swiss-peak.com\/wp-content\/uploads\/sites\/9\/2026\/04\/P763.031__S_0__94e1a99d0aba4782b1e37315d721a9e8.jpg\",\"width\":1024,\"height\":1024},{\"@type\":\"BreadcrumbList\",\"@id\":\"https:\/\/swiss-peak.com\/fr\/produit\/sac-a-dos-ordinateur-15-6-swiss-peak-brooke-en-rpet-aware-noir\/#breadcrumb\",\"itemListElement\":[{\"@type\":\"ListItem\",\"position\":1,\"name\":\"Home\",\"item\":\"https:\/\/swiss-peak.com\/fr\/\"},{\"@type\":\"ListItem\",\"position\":2,\"name\":\"Collection\",\"item\":\"https:\/\/swiss-peak.com\/fr\/collection\/\"},{\"@type\":\"ListItem\",\"position\":3,\"name\":\"Sac \u00e0 dos ordinateur 15.6&#8243; Brooke en rPET AWARE\u2122, noir\"}]},{\"@type\":\"WebSite\",\"@id\":\"https:\/\/swiss-peak.com\/fr\/#website\",\"url\":\"https:\/\/swiss-peak.com\/fr\/\",\"name\":\"Swiss Peak\",\"description\":\"Where will today take you?\",\"potentialAction\":[{\"@type\":\"SearchAction\",\"target\":{\"@type\":\"EntryPoint\",\"urlTemplate\":\"https:\/\/swiss-peak.com\/fr\/?s={search_term_string}\"},\"query-input\":{\"@type\":\"PropertyValueSpecification\",\"valueRequired\":true,\"valueName\":\"search_term_string\"}}],\"inLanguage\":\"fr-FR\"}]}<\/script>\n<!-- \/ Yoast SEO plugin. -->","yoast_head_json":{"title":"Sac \u00e0 dos ordinateur 15.6\" Brooke en rPET AWARE\u2122, noir - Swiss Peak","robots":{"index":"index","follow":"follow","max-snippet":"max-snippet:-1","max-image-preview":"max-image-preview:large","max-video-preview":"max-video-preview:-1"},"canonical":"https:\/\/swiss-peak.com\/fr\/produit\/sac-a-dos-ordinateur-15-6-swiss-peak-brooke-en-rpet-aware-noir\/","og_locale":"fr_FR","og_type":"article","og_title":"Sac \u00e0 dos ordinateur 15.6\" Brooke en rPET AWARE\u2122, noir - Swiss Peak","og_description":"Sac \u00e0 dos \u00e9l\u00e9gant en polyester 100% recycl\u00e9, avec de nombreux compartiments de rangement, est l&rsquo;accessoire id\u00e9al pour les personnes en d\u00e9placement, que ce soit pour se rendre au travail ou pour sillonner la ville. Avec son design \u00e9l\u00e9gant et ses caract\u00e9ristiques pratiques, ce sac \u00e0 dos est un excellent choix pour tous . Avec [&hellip;]","og_url":"https:\/\/swiss-peak.com\/fr\/produit\/sac-a-dos-ordinateur-15-6-swiss-peak-brooke-en-rpet-aware-noir\/","og_site_name":"Swiss Peak","article_modified_time":"2026-04-16T00:25:29+00:00","og_image":[{"width":1024,"height":1024,"url":"https:\/\/swiss-peak.com\/wp-content\/uploads\/sites\/9\/2026\/04\/P763.031__S_0__94e1a99d0aba4782b1e37315d721a9e8.jpg","type":"image\/jpeg"}],"twitter_card":"summary_large_image","schema":{"@context":"https:\/\/schema.org","@graph":[{"@type":"WebPage","@id":"https:\/\/swiss-peak.com\/fr\/produit\/sac-a-dos-ordinateur-15-6-swiss-peak-brooke-en-rpet-aware-noir\/","url":"https:\/\/swiss-peak.com\/fr\/produit\/sac-a-dos-ordinateur-15-6-swiss-peak-brooke-en-rpet-aware-noir\/","name":"Sac \u00e0 dos ordinateur 15.6\" Brooke en rPET AWARE\u2122, noir - Swiss Peak","isPartOf":{"@id":"https:\/\/swiss-peak.com\/fr\/#website"},"primaryImageOfPage":{"@id":"https:\/\/swiss-peak.com\/fr\/produit\/sac-a-dos-ordinateur-15-6-swiss-peak-brooke-en-rpet-aware-noir\/#primaryimage"},"image":{"@id":"https:\/\/swiss-peak.com\/fr\/produit\/sac-a-dos-ordinateur-15-6-swiss-peak-brooke-en-rpet-aware-noir\/#primaryimage"},"thumbnailUrl":"https:\/\/swiss-peak.com\/wp-content\/uploads\/sites\/9\/2026\/04\/P763.031__S_0__94e1a99d0aba4782b1e37315d721a9e8.jpg","datePublished":"2023-05-24T00:20:15+00:00","dateModified":"2026-04-16T00:25:29+00:00","breadcrumb":{"@id":"https:\/\/swiss-peak.com\/fr\/produit\/sac-a-dos-ordinateur-15-6-swiss-peak-brooke-en-rpet-aware-noir\/#breadcrumb"},"inLanguage":"fr-FR","potentialAction":[{"@type":"ReadAction","target":["https:\/\/swiss-peak.com\/fr\/produit\/sac-a-dos-ordinateur-15-6-swiss-peak-brooke-en-rpet-aware-noir\/"]}]},{"@type":"ImageObject","inLanguage":"fr-FR","@id":"https:\/\/swiss-peak.com\/fr\/produit\/sac-a-dos-ordinateur-15-6-swiss-peak-brooke-en-rpet-aware-noir\/#primaryimage","url":"https:\/\/swiss-peak.com\/wp-content\/uploads\/sites\/9\/2026\/04\/P763.031__S_0__94e1a99d0aba4782b1e37315d721a9e8.jpg","contentUrl":"https:\/\/swiss-peak.com\/wp-content\/uploads\/sites\/9\/2026\/04\/P763.031__S_0__94e1a99d0aba4782b1e37315d721a9e8.jpg","width":1024,"height":1024},{"@type":"BreadcrumbList","@id":"https:\/\/swiss-peak.com\/fr\/produit\/sac-a-dos-ordinateur-15-6-swiss-peak-brooke-en-rpet-aware-noir\/#breadcrumb","itemListElement":[{"@type":"ListItem","position":1,"name":"Home","item":"https:\/\/swiss-peak.com\/fr\/"},{"@type":"ListItem","position":2,"name":"Collection","item":"https:\/\/swiss-peak.com\/fr\/collection\/"},{"@type":"ListItem","position":3,"name":"Sac \u00e0 dos ordinateur 15.6&#8243; Brooke en rPET AWARE\u2122, noir"}]},{"@type":"WebSite","@id":"https:\/\/swiss-peak.com\/fr\/#website","url":"https:\/\/swiss-peak.com\/fr\/","name":"Swiss Peak","description":"Where will today take you?","potentialAction":[{"@type":"SearchAction","target":{"@type":"EntryPoint","urlTemplate":"https:\/\/swiss-peak.com\/fr\/?s={search_term_string}"},"query-input":{"@type":"PropertyValueSpecification","valueRequired":true,"valueName":"search_term_string"}}],"inLanguage":"fr-FR"}]}},"_links":{"self":[{"href":"https:\/\/swiss-peak.com\/fr\/wp-json\/wp\/v2\/product\/15933","targetHints":{"allow":["GET"]}}],"collection":[{"href":"https:\/\/swiss-peak.com\/fr\/wp-json\/wp\/v2\/product"}],"about":[{"href":"https:\/\/swiss-peak.com\/fr\/wp-json\/wp\/v2\/types\/product"}],"wp:featuredmedia":[{"embeddable":true,"href":"https:\/\/swiss-peak.com\/fr\/wp-json\/wp\/v2\/media\/46402"}],"wp:attachment":[{"href":"https:\/\/swiss-peak.com\/fr\/wp-json\/wp\/v2\/media?parent=15933"}],"wp:term":[{"taxonomy":"product_cat","embeddable":true,"href":"https:\/\/swiss-peak.com\/fr\/wp-json\/wp\/v2\/product_cat?post=15933"},{"taxonomy":"product_tag","embeddable":true,"href":"https:\/\/swiss-peak.com\/fr\/wp-json\/wp\/v2\/product_tag?post=15933"}],"curies":[{"name":"wp","href":"https:\/\/api.w.org\/{rel}","templated":true}]}}