{"id":15817,"date":"2023-05-20T02:00:11","date_gmt":"2023-05-20T00:22:08","guid":{"rendered":"https:\/\/swiss-peak.com\/enceinte-3w-aluminium-recycle-rcs-swiss-peak-gris\/"},"modified":"2026-03-12T03:22:45","modified_gmt":"2026-03-12T01:22:45","slug":"enceinte-3w-aluminium-recycle-rcs-swiss-peak-gris","status":"publish","type":"product","link":"https:\/\/swiss-peak.com\/fr\/produit\/enceinte-3w-aluminium-recycle-rcs-swiss-peak-gris\/","title":{"rendered":"Enceinte 3W aluminium recycl\u00e9 RCS, gris"},"content":{"rendered":"<p>Haut-parleur sans fil 3W petit mais puissant fabriqu\u00e9 avec de l&rsquo;aluminium recycl\u00e9 certifi\u00e9 RCS (Recycled Claim Standard) et de l&rsquo;ABS recycl\u00e9. Contenu recycl\u00e9 total\u00a0: 28\u00a0% bas\u00e9 sur le poids total de l&rsquo;article. La certification RCS garantit une cha\u00eene d&rsquo;approvisionnement enti\u00e8rement certifi\u00e9e des mat\u00e9riaux recycl\u00e9s. L&rsquo;aluminium ne perd pas ses caract\u00e9ristiques lors du processus de recyclage et peut \u00eatre recycl\u00e9 \u00e0 l&rsquo;infini. C\u00e2ble de charge recycl\u00e9 de type C fabriqu\u00e9 \u00e0 partir de TPE recycl\u00e9 certifi\u00e9 RCS inclus. Livr\u00e9 dans un emballage FSC\u00ae mix. La batterie de 500 mAh permet une autonomie allant jusqu&rsquo;\u00e0 4 heures et peut \u00eatre enti\u00e8rement recharg\u00e9e en 2 heures. Avec BT 5.0 pour une connexion fluide jusqu&rsquo;\u00e0 10 m\u00e8tres. Article et accessoires sans PVC.<\/p>\n","protected":false},"excerpt":{"rendered":"<p>Haut-parleur sans fil 3W petit mais puissant fabriqu\u00e9 avec de l&rsquo;aluminium recycl\u00e9 certifi\u00e9 RCS (Recycled Claim Standard) et de l&rsquo;ABS recycl\u00e9. Contenu recycl\u00e9 total\u00a0: 28\u00a0% bas\u00e9 sur le poids total de l&rsquo;article. La certification RCS garantit une cha\u00eene d&rsquo;approvisionnement enti\u00e8rement certifi\u00e9e des mat\u00e9riaux recycl\u00e9s. L&rsquo;aluminium ne perd pas ses caract\u00e9ristiques lors du processus de recyclage [&hellip;]<\/p>\n","protected":false},"featured_media":24530,"template":"","meta":{"_acf_changed":false},"product_cat":[313,307],"product_tag":[],"class_list":["post-15817","product","type-product","status-publish","has-post-thumbnail","hentry","product_cat-audio-fr","product_cat-loisirs-sports","pa_color-grey-fr"],"acf":[],"yoast_head":"<!-- This site is optimized with the Yoast SEO plugin v27.0 - https:\/\/yoast.com\/product\/yoast-seo-wordpress\/ -->\n<title>Enceinte 3W aluminium recycl\u00e9 RCS, gris - Swiss Peak<\/title>\n<meta name=\"robots\" content=\"index, follow, max-snippet:-1, max-image-preview:large, max-video-preview:-1\" \/>\n<link rel=\"canonical\" href=\"https:\/\/swiss-peak.com\/fr\/produit\/enceinte-3w-aluminium-recycle-rcs-swiss-peak-gris\/\" \/>\n<meta property=\"og:locale\" content=\"fr_FR\" \/>\n<meta property=\"og:type\" content=\"article\" \/>\n<meta property=\"og:title\" content=\"Enceinte 3W aluminium recycl\u00e9 RCS, gris - Swiss Peak\" \/>\n<meta property=\"og:description\" content=\"Haut-parleur sans fil 3W petit mais puissant fabriqu\u00e9 avec de l&rsquo;aluminium recycl\u00e9 certifi\u00e9 RCS (Recycled Claim Standard) et de l&rsquo;ABS recycl\u00e9. Contenu recycl\u00e9 total\u00a0: 28\u00a0% bas\u00e9 sur le poids total de l&rsquo;article. La certification RCS garantit une cha\u00eene d&rsquo;approvisionnement enti\u00e8rement certifi\u00e9e des mat\u00e9riaux recycl\u00e9s. L&rsquo;aluminium ne perd pas ses caract\u00e9ristiques lors du processus de recyclage [&hellip;]\" \/>\n<meta property=\"og:url\" content=\"https:\/\/swiss-peak.com\/fr\/produit\/enceinte-3w-aluminium-recycle-rcs-swiss-peak-gris\/\" \/>\n<meta property=\"og:site_name\" content=\"Swiss Peak\" \/>\n<meta property=\"article:modified_time\" content=\"2026-03-12T01:22:45+00:00\" \/>\n<meta property=\"og:image\" content=\"https:\/\/swiss-peak.com\/wp-content\/uploads\/sites\/9\/2024\/02\/P331.002__S_0__ea0ac5be37f943a192dc0da5b2ca0294.jpg\" \/>\n\t<meta property=\"og:image:width\" content=\"1024\" \/>\n\t<meta property=\"og:image:height\" content=\"1024\" \/>\n\t<meta property=\"og:image:type\" content=\"image\/jpeg\" \/>\n<meta name=\"twitter:card\" content=\"summary_large_image\" \/>\n<meta name=\"twitter:label1\" content=\"Dur\u00e9e de lecture estim\u00e9e\" \/>\n\t<meta name=\"twitter:data1\" content=\"1 minute\" \/>\n<script type=\"application\/ld+json\" class=\"yoast-schema-graph\">{\"@context\":\"https:\/\/schema.org\",\"@graph\":[{\"@type\":\"WebPage\",\"@id\":\"https:\/\/swiss-peak.com\/fr\/produit\/enceinte-3w-aluminium-recycle-rcs-swiss-peak-gris\/\",\"url\":\"https:\/\/swiss-peak.com\/fr\/produit\/enceinte-3w-aluminium-recycle-rcs-swiss-peak-gris\/\",\"name\":\"Enceinte 3W aluminium recycl\u00e9 RCS, gris - Swiss Peak\",\"isPartOf\":{\"@id\":\"https:\/\/swiss-peak.com\/fr\/#website\"},\"primaryImageOfPage\":{\"@id\":\"https:\/\/swiss-peak.com\/fr\/produit\/enceinte-3w-aluminium-recycle-rcs-swiss-peak-gris\/#primaryimage\"},\"image\":{\"@id\":\"https:\/\/swiss-peak.com\/fr\/produit\/enceinte-3w-aluminium-recycle-rcs-swiss-peak-gris\/#primaryimage\"},\"thumbnailUrl\":\"https:\/\/swiss-peak.com\/wp-content\/uploads\/sites\/9\/2024\/02\/P331.002__S_0__ea0ac5be37f943a192dc0da5b2ca0294.jpg\",\"datePublished\":\"2023-05-20T00:22:08+00:00\",\"dateModified\":\"2026-03-12T01:22:45+00:00\",\"breadcrumb\":{\"@id\":\"https:\/\/swiss-peak.com\/fr\/produit\/enceinte-3w-aluminium-recycle-rcs-swiss-peak-gris\/#breadcrumb\"},\"inLanguage\":\"fr-FR\",\"potentialAction\":[{\"@type\":\"ReadAction\",\"target\":[\"https:\/\/swiss-peak.com\/fr\/produit\/enceinte-3w-aluminium-recycle-rcs-swiss-peak-gris\/\"]}]},{\"@type\":\"ImageObject\",\"inLanguage\":\"fr-FR\",\"@id\":\"https:\/\/swiss-peak.com\/fr\/produit\/enceinte-3w-aluminium-recycle-rcs-swiss-peak-gris\/#primaryimage\",\"url\":\"https:\/\/swiss-peak.com\/wp-content\/uploads\/sites\/9\/2024\/02\/P331.002__S_0__ea0ac5be37f943a192dc0da5b2ca0294.jpg\",\"contentUrl\":\"https:\/\/swiss-peak.com\/wp-content\/uploads\/sites\/9\/2024\/02\/P331.002__S_0__ea0ac5be37f943a192dc0da5b2ca0294.jpg\",\"width\":1024,\"height\":1024},{\"@type\":\"BreadcrumbList\",\"@id\":\"https:\/\/swiss-peak.com\/fr\/produit\/enceinte-3w-aluminium-recycle-rcs-swiss-peak-gris\/#breadcrumb\",\"itemListElement\":[{\"@type\":\"ListItem\",\"position\":1,\"name\":\"Home\",\"item\":\"https:\/\/swiss-peak.com\/fr\/\"},{\"@type\":\"ListItem\",\"position\":2,\"name\":\"Collection\",\"item\":\"https:\/\/swiss-peak.com\/fr\/collection\/\"},{\"@type\":\"ListItem\",\"position\":3,\"name\":\"Enceinte 3W aluminium recycl\u00e9 RCS, gris\"}]},{\"@type\":\"WebSite\",\"@id\":\"https:\/\/swiss-peak.com\/fr\/#website\",\"url\":\"https:\/\/swiss-peak.com\/fr\/\",\"name\":\"Swiss Peak\",\"description\":\"Where will today take you?\",\"potentialAction\":[{\"@type\":\"SearchAction\",\"target\":{\"@type\":\"EntryPoint\",\"urlTemplate\":\"https:\/\/swiss-peak.com\/fr\/?s={search_term_string}\"},\"query-input\":{\"@type\":\"PropertyValueSpecification\",\"valueRequired\":true,\"valueName\":\"search_term_string\"}}],\"inLanguage\":\"fr-FR\"}]}<\/script>\n<!-- \/ Yoast SEO plugin. -->","yoast_head_json":{"title":"Enceinte 3W aluminium recycl\u00e9 RCS, gris - Swiss Peak","robots":{"index":"index","follow":"follow","max-snippet":"max-snippet:-1","max-image-preview":"max-image-preview:large","max-video-preview":"max-video-preview:-1"},"canonical":"https:\/\/swiss-peak.com\/fr\/produit\/enceinte-3w-aluminium-recycle-rcs-swiss-peak-gris\/","og_locale":"fr_FR","og_type":"article","og_title":"Enceinte 3W aluminium recycl\u00e9 RCS, gris - Swiss Peak","og_description":"Haut-parleur sans fil 3W petit mais puissant fabriqu\u00e9 avec de l&rsquo;aluminium recycl\u00e9 certifi\u00e9 RCS (Recycled Claim Standard) et de l&rsquo;ABS recycl\u00e9. Contenu recycl\u00e9 total\u00a0: 28\u00a0% bas\u00e9 sur le poids total de l&rsquo;article. La certification RCS garantit une cha\u00eene d&rsquo;approvisionnement enti\u00e8rement certifi\u00e9e des mat\u00e9riaux recycl\u00e9s. L&rsquo;aluminium ne perd pas ses caract\u00e9ristiques lors du processus de recyclage [&hellip;]","og_url":"https:\/\/swiss-peak.com\/fr\/produit\/enceinte-3w-aluminium-recycle-rcs-swiss-peak-gris\/","og_site_name":"Swiss Peak","article_modified_time":"2026-03-12T01:22:45+00:00","og_image":[{"width":1024,"height":1024,"url":"https:\/\/swiss-peak.com\/wp-content\/uploads\/sites\/9\/2024\/02\/P331.002__S_0__ea0ac5be37f943a192dc0da5b2ca0294.jpg","type":"image\/jpeg"}],"twitter_card":"summary_large_image","twitter_misc":{"Dur\u00e9e de lecture estim\u00e9e":"1 minute"},"schema":{"@context":"https:\/\/schema.org","@graph":[{"@type":"WebPage","@id":"https:\/\/swiss-peak.com\/fr\/produit\/enceinte-3w-aluminium-recycle-rcs-swiss-peak-gris\/","url":"https:\/\/swiss-peak.com\/fr\/produit\/enceinte-3w-aluminium-recycle-rcs-swiss-peak-gris\/","name":"Enceinte 3W aluminium recycl\u00e9 RCS, gris - Swiss Peak","isPartOf":{"@id":"https:\/\/swiss-peak.com\/fr\/#website"},"primaryImageOfPage":{"@id":"https:\/\/swiss-peak.com\/fr\/produit\/enceinte-3w-aluminium-recycle-rcs-swiss-peak-gris\/#primaryimage"},"image":{"@id":"https:\/\/swiss-peak.com\/fr\/produit\/enceinte-3w-aluminium-recycle-rcs-swiss-peak-gris\/#primaryimage"},"thumbnailUrl":"https:\/\/swiss-peak.com\/wp-content\/uploads\/sites\/9\/2024\/02\/P331.002__S_0__ea0ac5be37f943a192dc0da5b2ca0294.jpg","datePublished":"2023-05-20T00:22:08+00:00","dateModified":"2026-03-12T01:22:45+00:00","breadcrumb":{"@id":"https:\/\/swiss-peak.com\/fr\/produit\/enceinte-3w-aluminium-recycle-rcs-swiss-peak-gris\/#breadcrumb"},"inLanguage":"fr-FR","potentialAction":[{"@type":"ReadAction","target":["https:\/\/swiss-peak.com\/fr\/produit\/enceinte-3w-aluminium-recycle-rcs-swiss-peak-gris\/"]}]},{"@type":"ImageObject","inLanguage":"fr-FR","@id":"https:\/\/swiss-peak.com\/fr\/produit\/enceinte-3w-aluminium-recycle-rcs-swiss-peak-gris\/#primaryimage","url":"https:\/\/swiss-peak.com\/wp-content\/uploads\/sites\/9\/2024\/02\/P331.002__S_0__ea0ac5be37f943a192dc0da5b2ca0294.jpg","contentUrl":"https:\/\/swiss-peak.com\/wp-content\/uploads\/sites\/9\/2024\/02\/P331.002__S_0__ea0ac5be37f943a192dc0da5b2ca0294.jpg","width":1024,"height":1024},{"@type":"BreadcrumbList","@id":"https:\/\/swiss-peak.com\/fr\/produit\/enceinte-3w-aluminium-recycle-rcs-swiss-peak-gris\/#breadcrumb","itemListElement":[{"@type":"ListItem","position":1,"name":"Home","item":"https:\/\/swiss-peak.com\/fr\/"},{"@type":"ListItem","position":2,"name":"Collection","item":"https:\/\/swiss-peak.com\/fr\/collection\/"},{"@type":"ListItem","position":3,"name":"Enceinte 3W aluminium recycl\u00e9 RCS, gris"}]},{"@type":"WebSite","@id":"https:\/\/swiss-peak.com\/fr\/#website","url":"https:\/\/swiss-peak.com\/fr\/","name":"Swiss Peak","description":"Where will today take you?","potentialAction":[{"@type":"SearchAction","target":{"@type":"EntryPoint","urlTemplate":"https:\/\/swiss-peak.com\/fr\/?s={search_term_string}"},"query-input":{"@type":"PropertyValueSpecification","valueRequired":true,"valueName":"search_term_string"}}],"inLanguage":"fr-FR"}]}},"_links":{"self":[{"href":"https:\/\/swiss-peak.com\/fr\/wp-json\/wp\/v2\/product\/15817","targetHints":{"allow":["GET"]}}],"collection":[{"href":"https:\/\/swiss-peak.com\/fr\/wp-json\/wp\/v2\/product"}],"about":[{"href":"https:\/\/swiss-peak.com\/fr\/wp-json\/wp\/v2\/types\/product"}],"wp:featuredmedia":[{"embeddable":true,"href":"https:\/\/swiss-peak.com\/fr\/wp-json\/wp\/v2\/media\/24530"}],"wp:attachment":[{"href":"https:\/\/swiss-peak.com\/fr\/wp-json\/wp\/v2\/media?parent=15817"}],"wp:term":[{"taxonomy":"product_cat","embeddable":true,"href":"https:\/\/swiss-peak.com\/fr\/wp-json\/wp\/v2\/product_cat?post=15817"},{"taxonomy":"product_tag","embeddable":true,"href":"https:\/\/swiss-peak.com\/fr\/wp-json\/wp\/v2\/product_tag?post=15817"}],"curies":[{"name":"wp","href":"https:\/\/api.w.org\/{rel}","templated":true}]}}