{"id":15061,"date":"2023-03-14T11:52:57","date_gmt":"2023-03-14T09:52:57","guid":{"rendered":"https:\/\/xdsomename.tempurl.host\/swisspeak-website\/collection\/non%20class\u00e9\/parapluie-20-5ultra-leger-et-auto-rpet-aware-noir\/"},"modified":"2026-03-12T03:30:44","modified_gmt":"2026-03-12T01:30:44","slug":"parapluie-20-5ultra-leger-et-auto-rpet-aware-noir","status":"publish","type":"product","link":"https:\/\/swiss-peak.com\/fr\/produit\/parapluie-20-5ultra-leger-et-auto-rpet-aware-noir\/","title":{"rendered":"Parapluie 20.5&Prime;ultra l\u00e9ger et auto rPET Aware\u2122, noir"},"content":{"rendered":"<p>Parapluie  20,5&Prime; Swiss Peak Aware\u2122 rPET Ultra-light full auto offre une protection durable contre les intemp\u00e9ries sous une forme ultral\u00e9g\u00e8re et pliable. Ce mini parapluie portable \u00e0 3 sections \u00e0 ouverture\/fermeture automatique est parfait pour tenir dans un sac \u00e0 main. Armature en aluminium, baleines en fibre de verre et poign\u00e9e en ABS. Avec le traceur AWARE\u2122 qui valide l&rsquo;utilisation authentique de mat\u00e9riaux recycl\u00e9s. La toile du parapluie a permis d&rsquo;\u00e9conomiser 3,2 litres d&rsquo;eau, elle est compos\u00e9e de 5,4 bouteilles PET (500ml). 2 % des recettes de chaque produit Impact vendu seront revers\u00e9s \u00e0 Water.org.<\/p>\n","protected":false},"excerpt":{"rendered":"<p>Parapluie 20,5&Prime; Swiss Peak Aware\u2122 rPET Ultra-light full auto offre une protection durable contre les intemp\u00e9ries sous une forme ultral\u00e9g\u00e8re et pliable. Ce mini parapluie portable \u00e0 3 sections \u00e0 ouverture\/fermeture automatique est parfait pour tenir dans un sac \u00e0 main. Armature en aluminium, baleines en fibre de verre et poign\u00e9e en ABS. Avec le [&hellip;]<\/p>\n","protected":false},"featured_media":42534,"template":"","meta":{"_acf_changed":false},"product_cat":[307,324],"product_tag":[],"class_list":["post-15061","product","type-product","status-publish","has-post-thumbnail","hentry","product_cat-loisirs-sports","product_cat-parapluies","pa_color-black-fr"],"acf":[],"yoast_head":"<!-- This site is optimized with the Yoast SEO plugin v27.0 - https:\/\/yoast.com\/product\/yoast-seo-wordpress\/ -->\n<title>Parapluie 20.5&quot;ultra l\u00e9ger et auto rPET Aware\u2122, noir - Swiss Peak<\/title>\n<meta name=\"robots\" content=\"index, follow, max-snippet:-1, max-image-preview:large, max-video-preview:-1\" \/>\n<link rel=\"canonical\" href=\"https:\/\/swiss-peak.com\/fr\/produit\/parapluie-20-5ultra-leger-et-auto-rpet-aware-noir\/\" \/>\n<meta property=\"og:locale\" content=\"fr_FR\" \/>\n<meta property=\"og:type\" content=\"article\" \/>\n<meta property=\"og:title\" content=\"Parapluie 20.5&quot;ultra l\u00e9ger et auto rPET Aware\u2122, noir - Swiss Peak\" \/>\n<meta property=\"og:description\" content=\"Parapluie 20,5&Prime; Swiss Peak Aware\u2122 rPET Ultra-light full auto offre une protection durable contre les intemp\u00e9ries sous une forme ultral\u00e9g\u00e8re et pliable. Ce mini parapluie portable \u00e0 3 sections \u00e0 ouverture\/fermeture automatique est parfait pour tenir dans un sac \u00e0 main. Armature en aluminium, baleines en fibre de verre et poign\u00e9e en ABS. Avec le [&hellip;]\" \/>\n<meta property=\"og:url\" content=\"https:\/\/swiss-peak.com\/fr\/produit\/parapluie-20-5ultra-leger-et-auto-rpet-aware-noir\/\" \/>\n<meta property=\"og:site_name\" content=\"Swiss Peak\" \/>\n<meta property=\"article:modified_time\" content=\"2026-03-12T01:30:44+00:00\" \/>\n<meta property=\"og:image\" content=\"https:\/\/swiss-peak.com\/wp-content\/uploads\/sites\/9\/2024\/02\/P850.321__S_0__e54af3d728e3454fb42162f7b24f8a25.jpg\" \/>\n\t<meta property=\"og:image:width\" content=\"1024\" \/>\n\t<meta property=\"og:image:height\" content=\"1024\" \/>\n\t<meta property=\"og:image:type\" content=\"image\/jpeg\" \/>\n<meta name=\"twitter:card\" content=\"summary_large_image\" \/>\n<script type=\"application\/ld+json\" class=\"yoast-schema-graph\">{\"@context\":\"https:\/\/schema.org\",\"@graph\":[{\"@type\":\"WebPage\",\"@id\":\"https:\/\/swiss-peak.com\/fr\/produit\/parapluie-20-5ultra-leger-et-auto-rpet-aware-noir\/\",\"url\":\"https:\/\/swiss-peak.com\/fr\/produit\/parapluie-20-5ultra-leger-et-auto-rpet-aware-noir\/\",\"name\":\"Parapluie 20.5\\\"ultra l\u00e9ger et auto rPET Aware\u2122, noir - Swiss Peak\",\"isPartOf\":{\"@id\":\"https:\/\/swiss-peak.com\/fr\/#website\"},\"primaryImageOfPage\":{\"@id\":\"https:\/\/swiss-peak.com\/fr\/produit\/parapluie-20-5ultra-leger-et-auto-rpet-aware-noir\/#primaryimage\"},\"image\":{\"@id\":\"https:\/\/swiss-peak.com\/fr\/produit\/parapluie-20-5ultra-leger-et-auto-rpet-aware-noir\/#primaryimage\"},\"thumbnailUrl\":\"https:\/\/swiss-peak.com\/wp-content\/uploads\/sites\/9\/2024\/02\/P850.321__S_0__e54af3d728e3454fb42162f7b24f8a25.jpg\",\"datePublished\":\"2023-03-14T09:52:57+00:00\",\"dateModified\":\"2026-03-12T01:30:44+00:00\",\"breadcrumb\":{\"@id\":\"https:\/\/swiss-peak.com\/fr\/produit\/parapluie-20-5ultra-leger-et-auto-rpet-aware-noir\/#breadcrumb\"},\"inLanguage\":\"fr-FR\",\"potentialAction\":[{\"@type\":\"ReadAction\",\"target\":[\"https:\/\/swiss-peak.com\/fr\/produit\/parapluie-20-5ultra-leger-et-auto-rpet-aware-noir\/\"]}]},{\"@type\":\"ImageObject\",\"inLanguage\":\"fr-FR\",\"@id\":\"https:\/\/swiss-peak.com\/fr\/produit\/parapluie-20-5ultra-leger-et-auto-rpet-aware-noir\/#primaryimage\",\"url\":\"https:\/\/swiss-peak.com\/wp-content\/uploads\/sites\/9\/2024\/02\/P850.321__S_0__e54af3d728e3454fb42162f7b24f8a25.jpg\",\"contentUrl\":\"https:\/\/swiss-peak.com\/wp-content\/uploads\/sites\/9\/2024\/02\/P850.321__S_0__e54af3d728e3454fb42162f7b24f8a25.jpg\",\"width\":1024,\"height\":1024},{\"@type\":\"BreadcrumbList\",\"@id\":\"https:\/\/swiss-peak.com\/fr\/produit\/parapluie-20-5ultra-leger-et-auto-rpet-aware-noir\/#breadcrumb\",\"itemListElement\":[{\"@type\":\"ListItem\",\"position\":1,\"name\":\"Home\",\"item\":\"https:\/\/swiss-peak.com\/fr\/\"},{\"@type\":\"ListItem\",\"position\":2,\"name\":\"Collection\",\"item\":\"https:\/\/swiss-peak.com\/fr\/collection\/\"},{\"@type\":\"ListItem\",\"position\":3,\"name\":\"Parapluie 20.5&#8243;ultra l\u00e9ger et auto rPET Aware\u2122, noir\"}]},{\"@type\":\"WebSite\",\"@id\":\"https:\/\/swiss-peak.com\/fr\/#website\",\"url\":\"https:\/\/swiss-peak.com\/fr\/\",\"name\":\"Swiss Peak\",\"description\":\"Where will today take you?\",\"potentialAction\":[{\"@type\":\"SearchAction\",\"target\":{\"@type\":\"EntryPoint\",\"urlTemplate\":\"https:\/\/swiss-peak.com\/fr\/?s={search_term_string}\"},\"query-input\":{\"@type\":\"PropertyValueSpecification\",\"valueRequired\":true,\"valueName\":\"search_term_string\"}}],\"inLanguage\":\"fr-FR\"}]}<\/script>\n<!-- \/ Yoast SEO plugin. -->","yoast_head_json":{"title":"Parapluie 20.5\"ultra l\u00e9ger et auto rPET Aware\u2122, noir - Swiss Peak","robots":{"index":"index","follow":"follow","max-snippet":"max-snippet:-1","max-image-preview":"max-image-preview:large","max-video-preview":"max-video-preview:-1"},"canonical":"https:\/\/swiss-peak.com\/fr\/produit\/parapluie-20-5ultra-leger-et-auto-rpet-aware-noir\/","og_locale":"fr_FR","og_type":"article","og_title":"Parapluie 20.5\"ultra l\u00e9ger et auto rPET Aware\u2122, noir - Swiss Peak","og_description":"Parapluie 20,5&Prime; Swiss Peak Aware\u2122 rPET Ultra-light full auto offre une protection durable contre les intemp\u00e9ries sous une forme ultral\u00e9g\u00e8re et pliable. Ce mini parapluie portable \u00e0 3 sections \u00e0 ouverture\/fermeture automatique est parfait pour tenir dans un sac \u00e0 main. Armature en aluminium, baleines en fibre de verre et poign\u00e9e en ABS. Avec le [&hellip;]","og_url":"https:\/\/swiss-peak.com\/fr\/produit\/parapluie-20-5ultra-leger-et-auto-rpet-aware-noir\/","og_site_name":"Swiss Peak","article_modified_time":"2026-03-12T01:30:44+00:00","og_image":[{"width":1024,"height":1024,"url":"https:\/\/swiss-peak.com\/wp-content\/uploads\/sites\/9\/2024\/02\/P850.321__S_0__e54af3d728e3454fb42162f7b24f8a25.jpg","type":"image\/jpeg"}],"twitter_card":"summary_large_image","schema":{"@context":"https:\/\/schema.org","@graph":[{"@type":"WebPage","@id":"https:\/\/swiss-peak.com\/fr\/produit\/parapluie-20-5ultra-leger-et-auto-rpet-aware-noir\/","url":"https:\/\/swiss-peak.com\/fr\/produit\/parapluie-20-5ultra-leger-et-auto-rpet-aware-noir\/","name":"Parapluie 20.5\"ultra l\u00e9ger et auto rPET Aware\u2122, noir - Swiss Peak","isPartOf":{"@id":"https:\/\/swiss-peak.com\/fr\/#website"},"primaryImageOfPage":{"@id":"https:\/\/swiss-peak.com\/fr\/produit\/parapluie-20-5ultra-leger-et-auto-rpet-aware-noir\/#primaryimage"},"image":{"@id":"https:\/\/swiss-peak.com\/fr\/produit\/parapluie-20-5ultra-leger-et-auto-rpet-aware-noir\/#primaryimage"},"thumbnailUrl":"https:\/\/swiss-peak.com\/wp-content\/uploads\/sites\/9\/2024\/02\/P850.321__S_0__e54af3d728e3454fb42162f7b24f8a25.jpg","datePublished":"2023-03-14T09:52:57+00:00","dateModified":"2026-03-12T01:30:44+00:00","breadcrumb":{"@id":"https:\/\/swiss-peak.com\/fr\/produit\/parapluie-20-5ultra-leger-et-auto-rpet-aware-noir\/#breadcrumb"},"inLanguage":"fr-FR","potentialAction":[{"@type":"ReadAction","target":["https:\/\/swiss-peak.com\/fr\/produit\/parapluie-20-5ultra-leger-et-auto-rpet-aware-noir\/"]}]},{"@type":"ImageObject","inLanguage":"fr-FR","@id":"https:\/\/swiss-peak.com\/fr\/produit\/parapluie-20-5ultra-leger-et-auto-rpet-aware-noir\/#primaryimage","url":"https:\/\/swiss-peak.com\/wp-content\/uploads\/sites\/9\/2024\/02\/P850.321__S_0__e54af3d728e3454fb42162f7b24f8a25.jpg","contentUrl":"https:\/\/swiss-peak.com\/wp-content\/uploads\/sites\/9\/2024\/02\/P850.321__S_0__e54af3d728e3454fb42162f7b24f8a25.jpg","width":1024,"height":1024},{"@type":"BreadcrumbList","@id":"https:\/\/swiss-peak.com\/fr\/produit\/parapluie-20-5ultra-leger-et-auto-rpet-aware-noir\/#breadcrumb","itemListElement":[{"@type":"ListItem","position":1,"name":"Home","item":"https:\/\/swiss-peak.com\/fr\/"},{"@type":"ListItem","position":2,"name":"Collection","item":"https:\/\/swiss-peak.com\/fr\/collection\/"},{"@type":"ListItem","position":3,"name":"Parapluie 20.5&#8243;ultra l\u00e9ger et auto rPET Aware\u2122, noir"}]},{"@type":"WebSite","@id":"https:\/\/swiss-peak.com\/fr\/#website","url":"https:\/\/swiss-peak.com\/fr\/","name":"Swiss Peak","description":"Where will today take you?","potentialAction":[{"@type":"SearchAction","target":{"@type":"EntryPoint","urlTemplate":"https:\/\/swiss-peak.com\/fr\/?s={search_term_string}"},"query-input":{"@type":"PropertyValueSpecification","valueRequired":true,"valueName":"search_term_string"}}],"inLanguage":"fr-FR"}]}},"_links":{"self":[{"href":"https:\/\/swiss-peak.com\/fr\/wp-json\/wp\/v2\/product\/15061","targetHints":{"allow":["GET"]}}],"collection":[{"href":"https:\/\/swiss-peak.com\/fr\/wp-json\/wp\/v2\/product"}],"about":[{"href":"https:\/\/swiss-peak.com\/fr\/wp-json\/wp\/v2\/types\/product"}],"wp:featuredmedia":[{"embeddable":true,"href":"https:\/\/swiss-peak.com\/fr\/wp-json\/wp\/v2\/media\/42534"}],"wp:attachment":[{"href":"https:\/\/swiss-peak.com\/fr\/wp-json\/wp\/v2\/media?parent=15061"}],"wp:term":[{"taxonomy":"product_cat","embeddable":true,"href":"https:\/\/swiss-peak.com\/fr\/wp-json\/wp\/v2\/product_cat?post=15061"},{"taxonomy":"product_tag","embeddable":true,"href":"https:\/\/swiss-peak.com\/fr\/wp-json\/wp\/v2\/product_tag?post=15061"}],"curies":[{"name":"wp","href":"https:\/\/api.w.org\/{rel}","templated":true}]}}