{"id":15047,"date":"2023-03-14T11:52:33","date_gmt":"2023-03-14T09:52:33","guid":{"rendered":"https:\/\/xdsomename.tempurl.host\/swisspeak-website\/collection\/non%20class\u00e9\/set-de-voyage-en-pu-recycle-grs-swiss-peak-noir\/"},"modified":"2026-03-12T03:30:33","modified_gmt":"2026-03-12T01:30:33","slug":"set-de-voyage-en-pu-recycle-grs-swiss-peak-noir","status":"publish","type":"product","link":"https:\/\/swiss-peak.com\/fr\/produit\/set-de-voyage-en-pu-recycle-grs-swiss-peak-noir\/","title":{"rendered":"Set de voyage en PU recycl\u00e9 GRS, noir"},"content":{"rendered":"<p>Gardez votre passeport en s\u00e9curit\u00e9 mais facilement accessible avec cet \u00e9l\u00e9gant porte-passeport en PU recycl\u00e9 Swiss Peak. Pour faciliter votre voyage, des compartiments suppl\u00e9mentaires vous permettent de conserver votre carte de transport public et vos cartes de cr\u00e9dit au m\u00eame endroit. Le porte-passeport est assorti \u00e0 l&rsquo;\u00e9tiquette de bagage. Livr\u00e9 dans une bo\u00eete cadeau. Fabriqu\u00e9 avec des mat\u00e9riaux recycl\u00e9s certifi\u00e9s GRS (Recycled Claim Standard). La certification GRS garantit une cha\u00eene d&rsquo;approvisionnement enti\u00e8rement certifi\u00e9e des mat\u00e9riaux recycl\u00e9s. Contenu recycl\u00e9 total\u00a0: 70\u00a0% bas\u00e9 sur le poids total de l&rsquo;article. Emball\u00e9 dans une bo\u00eete cadeau certifi\u00e9e FSC\u00ae.<\/p>\n","protected":false},"excerpt":{"rendered":"<p>Gardez votre passeport en s\u00e9curit\u00e9 mais facilement accessible avec cet \u00e9l\u00e9gant porte-passeport en PU recycl\u00e9 Swiss Peak. Pour faciliter votre voyage, des compartiments suppl\u00e9mentaires vous permettent de conserver votre carte de transport public et vos cartes de cr\u00e9dit au m\u00eame endroit. Le porte-passeport est assorti \u00e0 l&rsquo;\u00e9tiquette de bagage. Livr\u00e9 dans une bo\u00eete cadeau. Fabriqu\u00e9 [&hellip;]<\/p>\n","protected":false},"featured_media":42226,"template":"","meta":{"_acf_changed":false},"product_cat":[271,255],"product_tag":[],"class_list":["post-15047","product","type-product","status-publish","has-post-thumbnail","hentry","product_cat-accessoires-de-voyage","product_cat-sacs-voyage","pa_color-black-fr"],"acf":[],"yoast_head":"<!-- This site is optimized with the Yoast SEO plugin v27.0 - https:\/\/yoast.com\/product\/yoast-seo-wordpress\/ -->\n<title>Set de voyage en PU recycl\u00e9 GRS, noir - Swiss Peak<\/title>\n<meta name=\"robots\" content=\"index, follow, max-snippet:-1, max-image-preview:large, max-video-preview:-1\" \/>\n<link rel=\"canonical\" href=\"https:\/\/swiss-peak.com\/fr\/produit\/set-de-voyage-en-pu-recycle-grs-swiss-peak-noir\/\" \/>\n<meta property=\"og:locale\" content=\"fr_FR\" \/>\n<meta property=\"og:type\" content=\"article\" \/>\n<meta property=\"og:title\" content=\"Set de voyage en PU recycl\u00e9 GRS, noir - Swiss Peak\" \/>\n<meta property=\"og:description\" content=\"Gardez votre passeport en s\u00e9curit\u00e9 mais facilement accessible avec cet \u00e9l\u00e9gant porte-passeport en PU recycl\u00e9 Swiss Peak. Pour faciliter votre voyage, des compartiments suppl\u00e9mentaires vous permettent de conserver votre carte de transport public et vos cartes de cr\u00e9dit au m\u00eame endroit. Le porte-passeport est assorti \u00e0 l&rsquo;\u00e9tiquette de bagage. Livr\u00e9 dans une bo\u00eete cadeau. Fabriqu\u00e9 [&hellip;]\" \/>\n<meta property=\"og:url\" content=\"https:\/\/swiss-peak.com\/fr\/produit\/set-de-voyage-en-pu-recycle-grs-swiss-peak-noir\/\" \/>\n<meta property=\"og:site_name\" content=\"Swiss Peak\" \/>\n<meta property=\"article:modified_time\" content=\"2026-03-12T01:30:33+00:00\" \/>\n<meta property=\"og:image\" content=\"https:\/\/swiss-peak.com\/wp-content\/uploads\/sites\/9\/2024\/02\/P820.731__S_0__7796abb5709d4472b9b0b95d07d95686.jpg\" \/>\n\t<meta property=\"og:image:width\" content=\"1024\" \/>\n\t<meta property=\"og:image:height\" content=\"1024\" \/>\n\t<meta property=\"og:image:type\" content=\"image\/jpeg\" \/>\n<meta name=\"twitter:card\" content=\"summary_large_image\" \/>\n<meta name=\"twitter:label1\" content=\"Dur\u00e9e de lecture estim\u00e9e\" \/>\n\t<meta name=\"twitter:data1\" content=\"1 minute\" \/>\n<script type=\"application\/ld+json\" class=\"yoast-schema-graph\">{\"@context\":\"https:\/\/schema.org\",\"@graph\":[{\"@type\":\"WebPage\",\"@id\":\"https:\/\/swiss-peak.com\/fr\/produit\/set-de-voyage-en-pu-recycle-grs-swiss-peak-noir\/\",\"url\":\"https:\/\/swiss-peak.com\/fr\/produit\/set-de-voyage-en-pu-recycle-grs-swiss-peak-noir\/\",\"name\":\"Set de voyage en PU recycl\u00e9 GRS, noir - Swiss Peak\",\"isPartOf\":{\"@id\":\"https:\/\/swiss-peak.com\/fr\/#website\"},\"primaryImageOfPage\":{\"@id\":\"https:\/\/swiss-peak.com\/fr\/produit\/set-de-voyage-en-pu-recycle-grs-swiss-peak-noir\/#primaryimage\"},\"image\":{\"@id\":\"https:\/\/swiss-peak.com\/fr\/produit\/set-de-voyage-en-pu-recycle-grs-swiss-peak-noir\/#primaryimage\"},\"thumbnailUrl\":\"https:\/\/swiss-peak.com\/wp-content\/uploads\/sites\/9\/2024\/02\/P820.731__S_0__7796abb5709d4472b9b0b95d07d95686.jpg\",\"datePublished\":\"2023-03-14T09:52:33+00:00\",\"dateModified\":\"2026-03-12T01:30:33+00:00\",\"breadcrumb\":{\"@id\":\"https:\/\/swiss-peak.com\/fr\/produit\/set-de-voyage-en-pu-recycle-grs-swiss-peak-noir\/#breadcrumb\"},\"inLanguage\":\"fr-FR\",\"potentialAction\":[{\"@type\":\"ReadAction\",\"target\":[\"https:\/\/swiss-peak.com\/fr\/produit\/set-de-voyage-en-pu-recycle-grs-swiss-peak-noir\/\"]}]},{\"@type\":\"ImageObject\",\"inLanguage\":\"fr-FR\",\"@id\":\"https:\/\/swiss-peak.com\/fr\/produit\/set-de-voyage-en-pu-recycle-grs-swiss-peak-noir\/#primaryimage\",\"url\":\"https:\/\/swiss-peak.com\/wp-content\/uploads\/sites\/9\/2024\/02\/P820.731__S_0__7796abb5709d4472b9b0b95d07d95686.jpg\",\"contentUrl\":\"https:\/\/swiss-peak.com\/wp-content\/uploads\/sites\/9\/2024\/02\/P820.731__S_0__7796abb5709d4472b9b0b95d07d95686.jpg\",\"width\":1024,\"height\":1024},{\"@type\":\"BreadcrumbList\",\"@id\":\"https:\/\/swiss-peak.com\/fr\/produit\/set-de-voyage-en-pu-recycle-grs-swiss-peak-noir\/#breadcrumb\",\"itemListElement\":[{\"@type\":\"ListItem\",\"position\":1,\"name\":\"Home\",\"item\":\"https:\/\/swiss-peak.com\/fr\/\"},{\"@type\":\"ListItem\",\"position\":2,\"name\":\"Collection\",\"item\":\"https:\/\/swiss-peak.com\/fr\/collection\/\"},{\"@type\":\"ListItem\",\"position\":3,\"name\":\"Set de voyage en PU recycl\u00e9 GRS, noir\"}]},{\"@type\":\"WebSite\",\"@id\":\"https:\/\/swiss-peak.com\/fr\/#website\",\"url\":\"https:\/\/swiss-peak.com\/fr\/\",\"name\":\"Swiss Peak\",\"description\":\"Where will today take you?\",\"potentialAction\":[{\"@type\":\"SearchAction\",\"target\":{\"@type\":\"EntryPoint\",\"urlTemplate\":\"https:\/\/swiss-peak.com\/fr\/?s={search_term_string}\"},\"query-input\":{\"@type\":\"PropertyValueSpecification\",\"valueRequired\":true,\"valueName\":\"search_term_string\"}}],\"inLanguage\":\"fr-FR\"}]}<\/script>\n<!-- \/ Yoast SEO plugin. -->","yoast_head_json":{"title":"Set de voyage en PU recycl\u00e9 GRS, noir - Swiss Peak","robots":{"index":"index","follow":"follow","max-snippet":"max-snippet:-1","max-image-preview":"max-image-preview:large","max-video-preview":"max-video-preview:-1"},"canonical":"https:\/\/swiss-peak.com\/fr\/produit\/set-de-voyage-en-pu-recycle-grs-swiss-peak-noir\/","og_locale":"fr_FR","og_type":"article","og_title":"Set de voyage en PU recycl\u00e9 GRS, noir - Swiss Peak","og_description":"Gardez votre passeport en s\u00e9curit\u00e9 mais facilement accessible avec cet \u00e9l\u00e9gant porte-passeport en PU recycl\u00e9 Swiss Peak. Pour faciliter votre voyage, des compartiments suppl\u00e9mentaires vous permettent de conserver votre carte de transport public et vos cartes de cr\u00e9dit au m\u00eame endroit. Le porte-passeport est assorti \u00e0 l&rsquo;\u00e9tiquette de bagage. Livr\u00e9 dans une bo\u00eete cadeau. Fabriqu\u00e9 [&hellip;]","og_url":"https:\/\/swiss-peak.com\/fr\/produit\/set-de-voyage-en-pu-recycle-grs-swiss-peak-noir\/","og_site_name":"Swiss Peak","article_modified_time":"2026-03-12T01:30:33+00:00","og_image":[{"width":1024,"height":1024,"url":"https:\/\/swiss-peak.com\/wp-content\/uploads\/sites\/9\/2024\/02\/P820.731__S_0__7796abb5709d4472b9b0b95d07d95686.jpg","type":"image\/jpeg"}],"twitter_card":"summary_large_image","twitter_misc":{"Dur\u00e9e de lecture estim\u00e9e":"1 minute"},"schema":{"@context":"https:\/\/schema.org","@graph":[{"@type":"WebPage","@id":"https:\/\/swiss-peak.com\/fr\/produit\/set-de-voyage-en-pu-recycle-grs-swiss-peak-noir\/","url":"https:\/\/swiss-peak.com\/fr\/produit\/set-de-voyage-en-pu-recycle-grs-swiss-peak-noir\/","name":"Set de voyage en PU recycl\u00e9 GRS, noir - Swiss Peak","isPartOf":{"@id":"https:\/\/swiss-peak.com\/fr\/#website"},"primaryImageOfPage":{"@id":"https:\/\/swiss-peak.com\/fr\/produit\/set-de-voyage-en-pu-recycle-grs-swiss-peak-noir\/#primaryimage"},"image":{"@id":"https:\/\/swiss-peak.com\/fr\/produit\/set-de-voyage-en-pu-recycle-grs-swiss-peak-noir\/#primaryimage"},"thumbnailUrl":"https:\/\/swiss-peak.com\/wp-content\/uploads\/sites\/9\/2024\/02\/P820.731__S_0__7796abb5709d4472b9b0b95d07d95686.jpg","datePublished":"2023-03-14T09:52:33+00:00","dateModified":"2026-03-12T01:30:33+00:00","breadcrumb":{"@id":"https:\/\/swiss-peak.com\/fr\/produit\/set-de-voyage-en-pu-recycle-grs-swiss-peak-noir\/#breadcrumb"},"inLanguage":"fr-FR","potentialAction":[{"@type":"ReadAction","target":["https:\/\/swiss-peak.com\/fr\/produit\/set-de-voyage-en-pu-recycle-grs-swiss-peak-noir\/"]}]},{"@type":"ImageObject","inLanguage":"fr-FR","@id":"https:\/\/swiss-peak.com\/fr\/produit\/set-de-voyage-en-pu-recycle-grs-swiss-peak-noir\/#primaryimage","url":"https:\/\/swiss-peak.com\/wp-content\/uploads\/sites\/9\/2024\/02\/P820.731__S_0__7796abb5709d4472b9b0b95d07d95686.jpg","contentUrl":"https:\/\/swiss-peak.com\/wp-content\/uploads\/sites\/9\/2024\/02\/P820.731__S_0__7796abb5709d4472b9b0b95d07d95686.jpg","width":1024,"height":1024},{"@type":"BreadcrumbList","@id":"https:\/\/swiss-peak.com\/fr\/produit\/set-de-voyage-en-pu-recycle-grs-swiss-peak-noir\/#breadcrumb","itemListElement":[{"@type":"ListItem","position":1,"name":"Home","item":"https:\/\/swiss-peak.com\/fr\/"},{"@type":"ListItem","position":2,"name":"Collection","item":"https:\/\/swiss-peak.com\/fr\/collection\/"},{"@type":"ListItem","position":3,"name":"Set de voyage en PU recycl\u00e9 GRS, noir"}]},{"@type":"WebSite","@id":"https:\/\/swiss-peak.com\/fr\/#website","url":"https:\/\/swiss-peak.com\/fr\/","name":"Swiss Peak","description":"Where will today take you?","potentialAction":[{"@type":"SearchAction","target":{"@type":"EntryPoint","urlTemplate":"https:\/\/swiss-peak.com\/fr\/?s={search_term_string}"},"query-input":{"@type":"PropertyValueSpecification","valueRequired":true,"valueName":"search_term_string"}}],"inLanguage":"fr-FR"}]}},"_links":{"self":[{"href":"https:\/\/swiss-peak.com\/fr\/wp-json\/wp\/v2\/product\/15047","targetHints":{"allow":["GET"]}}],"collection":[{"href":"https:\/\/swiss-peak.com\/fr\/wp-json\/wp\/v2\/product"}],"about":[{"href":"https:\/\/swiss-peak.com\/fr\/wp-json\/wp\/v2\/types\/product"}],"wp:featuredmedia":[{"embeddable":true,"href":"https:\/\/swiss-peak.com\/fr\/wp-json\/wp\/v2\/media\/42226"}],"wp:attachment":[{"href":"https:\/\/swiss-peak.com\/fr\/wp-json\/wp\/v2\/media?parent=15047"}],"wp:term":[{"taxonomy":"product_cat","embeddable":true,"href":"https:\/\/swiss-peak.com\/fr\/wp-json\/wp\/v2\/product_cat?post=15047"},{"taxonomy":"product_tag","embeddable":true,"href":"https:\/\/swiss-peak.com\/fr\/wp-json\/wp\/v2\/product_tag?post=15047"}],"curies":[{"name":"wp","href":"https:\/\/api.w.org\/{rel}","templated":true}]}}