{"id":15040,"date":"2023-03-14T11:52:33","date_gmt":"2023-03-14T09:52:33","guid":{"rendered":"https:\/\/xdsomename.tempurl.host\/swisspeak-website\/collection\/non%20class\u00e9\/pochette-technique-swiss-peak-aware-sans-pvc-noir\/"},"modified":"2026-03-12T03:30:21","modified_gmt":"2026-03-12T01:30:21","slug":"pochette-technique-swiss-peak-aware-sans-pvc-noir","status":"publish","type":"product","link":"https:\/\/swiss-peak.com\/fr\/produit\/pochette-technique-swiss-peak-aware-sans-pvc-noir\/","title":{"rendered":"Pochette technique AWARE\u2122 sans PVC, noir"},"content":{"rendered":"<p>Pochette avec une organisation parfaite et un acc\u00e8s facile pour ranger des c\u00e2bles, des accessoires de tous les jours ou des \u00e9l\u00e9ments essentiels pour le voyage. Les poches de style origami cr\u00e9ent une efficacit\u00e9 d\u2019espace \u00e9norme, vous permettant d&#8217;emballer plus dans un espace plus petit tout en gardant vos articles bien organis\u00e9s et faciles \u00e0 trouver. Des boucles \u00e9lastiques pour accessoires permettent de garder des objets comme les stylos toujours \u00e0 port\u00e9e de main. Des poign\u00e9es ext\u00e9rieures et une ouverture de type clapet rendent cette pochette facile d&rsquo;acc\u00e8s. La poche ext\u00e9rieure zipp\u00e9e est dot\u00e9e d&rsquo;un passe-c\u00e2ble pour faciliter le chargement des appareils. Sans PVC. Chaque pochette a r\u00e9utilis\u00e9 8,5 bouteilles PET. 2 % du produit de la vente de chaque produit Aware\u2122 sera revers\u00e9 \u00e0 Water.org.<\/p>\n","protected":false},"excerpt":{"rendered":"<p>Pochette avec une organisation parfaite et un acc\u00e8s facile pour ranger des c\u00e2bles, des accessoires de tous les jours ou des \u00e9l\u00e9ments essentiels pour le voyage. Les poches de style origami cr\u00e9ent une efficacit\u00e9 d\u2019espace \u00e9norme, vous permettant d&#8217;emballer plus dans un espace plus petit tout en gardant vos articles bien organis\u00e9s et faciles \u00e0 [&hellip;]<\/p>\n","protected":false},"featured_media":41119,"template":"","meta":{"_acf_changed":false},"product_cat":[271,287,255,302],"product_tag":[],"class_list":["post-15040","product","type-product","status-publish","has-post-thumbnail","hentry","product_cat-accessoires-de-voyage","product_cat-business-fr","product_cat-sacs-voyage","product_cat-technologie","pa_color-black-fr"],"acf":[],"yoast_head":"<!-- This site is optimized with the Yoast SEO plugin v27.0 - https:\/\/yoast.com\/product\/yoast-seo-wordpress\/ -->\n<title>Pochette technique AWARE\u2122 sans PVC, noir - Swiss Peak<\/title>\n<meta name=\"robots\" content=\"index, follow, max-snippet:-1, max-image-preview:large, max-video-preview:-1\" \/>\n<link rel=\"canonical\" href=\"https:\/\/swiss-peak.com\/fr\/produit\/pochette-technique-swiss-peak-aware-sans-pvc-noir\/\" \/>\n<meta property=\"og:locale\" content=\"fr_FR\" \/>\n<meta property=\"og:type\" content=\"article\" \/>\n<meta property=\"og:title\" content=\"Pochette technique AWARE\u2122 sans PVC, noir - Swiss Peak\" \/>\n<meta property=\"og:description\" content=\"Pochette avec une organisation parfaite et un acc\u00e8s facile pour ranger des c\u00e2bles, des accessoires de tous les jours ou des \u00e9l\u00e9ments essentiels pour le voyage. Les poches de style origami cr\u00e9ent une efficacit\u00e9 d\u2019espace \u00e9norme, vous permettant d&#8217;emballer plus dans un espace plus petit tout en gardant vos articles bien organis\u00e9s et faciles \u00e0 [&hellip;]\" \/>\n<meta property=\"og:url\" content=\"https:\/\/swiss-peak.com\/fr\/produit\/pochette-technique-swiss-peak-aware-sans-pvc-noir\/\" \/>\n<meta property=\"og:site_name\" content=\"Swiss Peak\" \/>\n<meta property=\"article:modified_time\" content=\"2026-03-12T01:30:21+00:00\" \/>\n<meta property=\"og:image\" content=\"https:\/\/swiss-peak.com\/wp-content\/uploads\/sites\/9\/2024\/02\/P820.391__S_0__f279205340314f54b42058a75ad464f5.jpg\" \/>\n\t<meta property=\"og:image:width\" content=\"1024\" \/>\n\t<meta property=\"og:image:height\" content=\"1024\" \/>\n\t<meta property=\"og:image:type\" content=\"image\/jpeg\" \/>\n<meta name=\"twitter:card\" content=\"summary_large_image\" \/>\n<meta name=\"twitter:label1\" content=\"Dur\u00e9e de lecture estim\u00e9e\" \/>\n\t<meta name=\"twitter:data1\" content=\"1 minute\" \/>\n<script type=\"application\/ld+json\" class=\"yoast-schema-graph\">{\"@context\":\"https:\/\/schema.org\",\"@graph\":[{\"@type\":\"WebPage\",\"@id\":\"https:\/\/swiss-peak.com\/fr\/produit\/pochette-technique-swiss-peak-aware-sans-pvc-noir\/\",\"url\":\"https:\/\/swiss-peak.com\/fr\/produit\/pochette-technique-swiss-peak-aware-sans-pvc-noir\/\",\"name\":\"Pochette technique AWARE\u2122 sans PVC, noir - Swiss Peak\",\"isPartOf\":{\"@id\":\"https:\/\/swiss-peak.com\/fr\/#website\"},\"primaryImageOfPage\":{\"@id\":\"https:\/\/swiss-peak.com\/fr\/produit\/pochette-technique-swiss-peak-aware-sans-pvc-noir\/#primaryimage\"},\"image\":{\"@id\":\"https:\/\/swiss-peak.com\/fr\/produit\/pochette-technique-swiss-peak-aware-sans-pvc-noir\/#primaryimage\"},\"thumbnailUrl\":\"https:\/\/swiss-peak.com\/wp-content\/uploads\/sites\/9\/2024\/02\/P820.391__S_0__f279205340314f54b42058a75ad464f5.jpg\",\"datePublished\":\"2023-03-14T09:52:33+00:00\",\"dateModified\":\"2026-03-12T01:30:21+00:00\",\"breadcrumb\":{\"@id\":\"https:\/\/swiss-peak.com\/fr\/produit\/pochette-technique-swiss-peak-aware-sans-pvc-noir\/#breadcrumb\"},\"inLanguage\":\"fr-FR\",\"potentialAction\":[{\"@type\":\"ReadAction\",\"target\":[\"https:\/\/swiss-peak.com\/fr\/produit\/pochette-technique-swiss-peak-aware-sans-pvc-noir\/\"]}]},{\"@type\":\"ImageObject\",\"inLanguage\":\"fr-FR\",\"@id\":\"https:\/\/swiss-peak.com\/fr\/produit\/pochette-technique-swiss-peak-aware-sans-pvc-noir\/#primaryimage\",\"url\":\"https:\/\/swiss-peak.com\/wp-content\/uploads\/sites\/9\/2024\/02\/P820.391__S_0__f279205340314f54b42058a75ad464f5.jpg\",\"contentUrl\":\"https:\/\/swiss-peak.com\/wp-content\/uploads\/sites\/9\/2024\/02\/P820.391__S_0__f279205340314f54b42058a75ad464f5.jpg\",\"width\":1024,\"height\":1024},{\"@type\":\"BreadcrumbList\",\"@id\":\"https:\/\/swiss-peak.com\/fr\/produit\/pochette-technique-swiss-peak-aware-sans-pvc-noir\/#breadcrumb\",\"itemListElement\":[{\"@type\":\"ListItem\",\"position\":1,\"name\":\"Home\",\"item\":\"https:\/\/swiss-peak.com\/fr\/\"},{\"@type\":\"ListItem\",\"position\":2,\"name\":\"Collection\",\"item\":\"https:\/\/swiss-peak.com\/fr\/collection\/\"},{\"@type\":\"ListItem\",\"position\":3,\"name\":\"Pochette technique AWARE\u2122 sans PVC, noir\"}]},{\"@type\":\"WebSite\",\"@id\":\"https:\/\/swiss-peak.com\/fr\/#website\",\"url\":\"https:\/\/swiss-peak.com\/fr\/\",\"name\":\"Swiss Peak\",\"description\":\"Where will today take you?\",\"potentialAction\":[{\"@type\":\"SearchAction\",\"target\":{\"@type\":\"EntryPoint\",\"urlTemplate\":\"https:\/\/swiss-peak.com\/fr\/?s={search_term_string}\"},\"query-input\":{\"@type\":\"PropertyValueSpecification\",\"valueRequired\":true,\"valueName\":\"search_term_string\"}}],\"inLanguage\":\"fr-FR\"}]}<\/script>\n<!-- \/ Yoast SEO plugin. -->","yoast_head_json":{"title":"Pochette technique AWARE\u2122 sans PVC, noir - Swiss Peak","robots":{"index":"index","follow":"follow","max-snippet":"max-snippet:-1","max-image-preview":"max-image-preview:large","max-video-preview":"max-video-preview:-1"},"canonical":"https:\/\/swiss-peak.com\/fr\/produit\/pochette-technique-swiss-peak-aware-sans-pvc-noir\/","og_locale":"fr_FR","og_type":"article","og_title":"Pochette technique AWARE\u2122 sans PVC, noir - Swiss Peak","og_description":"Pochette avec une organisation parfaite et un acc\u00e8s facile pour ranger des c\u00e2bles, des accessoires de tous les jours ou des \u00e9l\u00e9ments essentiels pour le voyage. Les poches de style origami cr\u00e9ent une efficacit\u00e9 d\u2019espace \u00e9norme, vous permettant d&#8217;emballer plus dans un espace plus petit tout en gardant vos articles bien organis\u00e9s et faciles \u00e0 [&hellip;]","og_url":"https:\/\/swiss-peak.com\/fr\/produit\/pochette-technique-swiss-peak-aware-sans-pvc-noir\/","og_site_name":"Swiss Peak","article_modified_time":"2026-03-12T01:30:21+00:00","og_image":[{"width":1024,"height":1024,"url":"https:\/\/swiss-peak.com\/wp-content\/uploads\/sites\/9\/2024\/02\/P820.391__S_0__f279205340314f54b42058a75ad464f5.jpg","type":"image\/jpeg"}],"twitter_card":"summary_large_image","twitter_misc":{"Dur\u00e9e de lecture estim\u00e9e":"1 minute"},"schema":{"@context":"https:\/\/schema.org","@graph":[{"@type":"WebPage","@id":"https:\/\/swiss-peak.com\/fr\/produit\/pochette-technique-swiss-peak-aware-sans-pvc-noir\/","url":"https:\/\/swiss-peak.com\/fr\/produit\/pochette-technique-swiss-peak-aware-sans-pvc-noir\/","name":"Pochette technique AWARE\u2122 sans PVC, noir - Swiss Peak","isPartOf":{"@id":"https:\/\/swiss-peak.com\/fr\/#website"},"primaryImageOfPage":{"@id":"https:\/\/swiss-peak.com\/fr\/produit\/pochette-technique-swiss-peak-aware-sans-pvc-noir\/#primaryimage"},"image":{"@id":"https:\/\/swiss-peak.com\/fr\/produit\/pochette-technique-swiss-peak-aware-sans-pvc-noir\/#primaryimage"},"thumbnailUrl":"https:\/\/swiss-peak.com\/wp-content\/uploads\/sites\/9\/2024\/02\/P820.391__S_0__f279205340314f54b42058a75ad464f5.jpg","datePublished":"2023-03-14T09:52:33+00:00","dateModified":"2026-03-12T01:30:21+00:00","breadcrumb":{"@id":"https:\/\/swiss-peak.com\/fr\/produit\/pochette-technique-swiss-peak-aware-sans-pvc-noir\/#breadcrumb"},"inLanguage":"fr-FR","potentialAction":[{"@type":"ReadAction","target":["https:\/\/swiss-peak.com\/fr\/produit\/pochette-technique-swiss-peak-aware-sans-pvc-noir\/"]}]},{"@type":"ImageObject","inLanguage":"fr-FR","@id":"https:\/\/swiss-peak.com\/fr\/produit\/pochette-technique-swiss-peak-aware-sans-pvc-noir\/#primaryimage","url":"https:\/\/swiss-peak.com\/wp-content\/uploads\/sites\/9\/2024\/02\/P820.391__S_0__f279205340314f54b42058a75ad464f5.jpg","contentUrl":"https:\/\/swiss-peak.com\/wp-content\/uploads\/sites\/9\/2024\/02\/P820.391__S_0__f279205340314f54b42058a75ad464f5.jpg","width":1024,"height":1024},{"@type":"BreadcrumbList","@id":"https:\/\/swiss-peak.com\/fr\/produit\/pochette-technique-swiss-peak-aware-sans-pvc-noir\/#breadcrumb","itemListElement":[{"@type":"ListItem","position":1,"name":"Home","item":"https:\/\/swiss-peak.com\/fr\/"},{"@type":"ListItem","position":2,"name":"Collection","item":"https:\/\/swiss-peak.com\/fr\/collection\/"},{"@type":"ListItem","position":3,"name":"Pochette technique AWARE\u2122 sans PVC, noir"}]},{"@type":"WebSite","@id":"https:\/\/swiss-peak.com\/fr\/#website","url":"https:\/\/swiss-peak.com\/fr\/","name":"Swiss Peak","description":"Where will today take you?","potentialAction":[{"@type":"SearchAction","target":{"@type":"EntryPoint","urlTemplate":"https:\/\/swiss-peak.com\/fr\/?s={search_term_string}"},"query-input":{"@type":"PropertyValueSpecification","valueRequired":true,"valueName":"search_term_string"}}],"inLanguage":"fr-FR"}]}},"_links":{"self":[{"href":"https:\/\/swiss-peak.com\/fr\/wp-json\/wp\/v2\/product\/15040","targetHints":{"allow":["GET"]}}],"collection":[{"href":"https:\/\/swiss-peak.com\/fr\/wp-json\/wp\/v2\/product"}],"about":[{"href":"https:\/\/swiss-peak.com\/fr\/wp-json\/wp\/v2\/types\/product"}],"wp:featuredmedia":[{"embeddable":true,"href":"https:\/\/swiss-peak.com\/fr\/wp-json\/wp\/v2\/media\/41119"}],"wp:attachment":[{"href":"https:\/\/swiss-peak.com\/fr\/wp-json\/wp\/v2\/media?parent=15040"}],"wp:term":[{"taxonomy":"product_cat","embeddable":true,"href":"https:\/\/swiss-peak.com\/fr\/wp-json\/wp\/v2\/product_cat?post=15040"},{"taxonomy":"product_tag","embeddable":true,"href":"https:\/\/swiss-peak.com\/fr\/wp-json\/wp\/v2\/product_tag?post=15040"}],"curies":[{"name":"wp","href":"https:\/\/api.w.org\/{rel}","templated":true}]}}