{"id":15028,"date":"2023-03-14T11:51:50","date_gmt":"2023-03-14T09:51:50","guid":{"rendered":"https:\/\/xdsomename.tempurl.host\/swisspeak-website\/collection\/non%20class\u00e9\/conferencier-a4-heritage-en-rpu-rcs-noir\/"},"modified":"2026-03-12T03:29:00","modified_gmt":"2026-03-12T01:29:00","slug":"conferencier-a4-heritage-en-rpu-rcs-noir","status":"publish","type":"product","link":"https:\/\/swiss-peak.com\/fr\/produit\/conferencier-a4-heritage-en-rpu-rcs-noir\/","title":{"rendered":"Conf\u00e9rencier A4 Heritage en rPU RCS, noir"},"content":{"rendered":"<p>La collection Swiss Peak H\u00e9ritage refl\u00e8te \u00e9l\u00e9gance et modernit\u00e9. Livr\u00e9 avec une housse zipp\u00e9e en PU recycl\u00e9. Support pour tablette\/t\u00e9l\u00e9phone, Emplacements pour cartes de visite, rangements pour notes et papiers et un passant stylo. Avec un bloc-notes de 20 feuilles A4 lign\u00e9es en papier min\u00e9ral. Fabriqu\u00e9 avec des mat\u00e9riaux recycl\u00e9s certifi\u00e9s RCS (Recycled Claim Standard). La certification RCS garantit une cha\u00eene d&rsquo;approvisionnement enti\u00e8rement certifi\u00e9e des mat\u00e9riaux recycl\u00e9s. PU recycl\u00e9 certifi\u00e9 RCS. Contenu recycl\u00e9 total : 9% sur la base du poids total de l&rsquo;article. Sans PVC.<\/p>\n","protected":false},"excerpt":{"rendered":"<p>La collection Swiss Peak H\u00e9ritage refl\u00e8te \u00e9l\u00e9gance et modernit\u00e9. Livr\u00e9 avec une housse zipp\u00e9e en PU recycl\u00e9. Support pour tablette\/t\u00e9l\u00e9phone, Emplacements pour cartes de visite, rangements pour notes et papiers et un passant stylo. Avec un bloc-notes de 20 feuilles A4 lign\u00e9es en papier min\u00e9ral. Fabriqu\u00e9 avec des mat\u00e9riaux recycl\u00e9s certifi\u00e9s RCS (Recycled Claim Standard). [&hellip;]<\/p>\n","protected":false},"featured_media":38730,"template":"","meta":{"_acf_changed":false},"product_cat":[297,287],"product_tag":[],"class_list":["post-15028","product","type-product","status-publish","has-post-thumbnail","hentry","product_cat-bureau-ecriture","product_cat-business-fr","pa_color-black-fr"],"acf":[],"yoast_head":"<!-- This site is optimized with the Yoast SEO plugin v27.0 - https:\/\/yoast.com\/product\/yoast-seo-wordpress\/ -->\n<title>Conf\u00e9rencier A4 Heritage en rPU RCS, noir - Swiss Peak<\/title>\n<meta name=\"robots\" content=\"index, follow, max-snippet:-1, max-image-preview:large, max-video-preview:-1\" \/>\n<link rel=\"canonical\" href=\"https:\/\/swiss-peak.com\/fr\/produit\/conferencier-a4-heritage-en-rpu-rcs-noir\/\" \/>\n<meta property=\"og:locale\" content=\"fr_FR\" \/>\n<meta property=\"og:type\" content=\"article\" \/>\n<meta property=\"og:title\" content=\"Conf\u00e9rencier A4 Heritage en rPU RCS, noir - Swiss Peak\" \/>\n<meta property=\"og:description\" content=\"La collection Swiss Peak H\u00e9ritage refl\u00e8te \u00e9l\u00e9gance et modernit\u00e9. Livr\u00e9 avec une housse zipp\u00e9e en PU recycl\u00e9. Support pour tablette\/t\u00e9l\u00e9phone, Emplacements pour cartes de visite, rangements pour notes et papiers et un passant stylo. Avec un bloc-notes de 20 feuilles A4 lign\u00e9es en papier min\u00e9ral. Fabriqu\u00e9 avec des mat\u00e9riaux recycl\u00e9s certifi\u00e9s RCS (Recycled Claim Standard). [&hellip;]\" \/>\n<meta property=\"og:url\" content=\"https:\/\/swiss-peak.com\/fr\/produit\/conferencier-a4-heritage-en-rpu-rcs-noir\/\" \/>\n<meta property=\"og:site_name\" content=\"Swiss Peak\" \/>\n<meta property=\"article:modified_time\" content=\"2026-03-12T01:29:00+00:00\" \/>\n<meta property=\"og:image\" content=\"https:\/\/swiss-peak.com\/wp-content\/uploads\/sites\/9\/2024\/02\/P774.411__S_0__d54593019f7a4412b1b22b0615470149.jpg\" \/>\n\t<meta property=\"og:image:width\" content=\"1024\" \/>\n\t<meta property=\"og:image:height\" content=\"1024\" \/>\n\t<meta property=\"og:image:type\" content=\"image\/jpeg\" \/>\n<meta name=\"twitter:card\" content=\"summary_large_image\" \/>\n<meta name=\"twitter:label1\" content=\"Dur\u00e9e de lecture estim\u00e9e\" \/>\n\t<meta name=\"twitter:data1\" content=\"1 minute\" \/>\n<script type=\"application\/ld+json\" class=\"yoast-schema-graph\">{\"@context\":\"https:\/\/schema.org\",\"@graph\":[{\"@type\":\"WebPage\",\"@id\":\"https:\/\/swiss-peak.com\/fr\/produit\/conferencier-a4-heritage-en-rpu-rcs-noir\/\",\"url\":\"https:\/\/swiss-peak.com\/fr\/produit\/conferencier-a4-heritage-en-rpu-rcs-noir\/\",\"name\":\"Conf\u00e9rencier A4 Heritage en rPU RCS, noir - Swiss Peak\",\"isPartOf\":{\"@id\":\"https:\/\/swiss-peak.com\/fr\/#website\"},\"primaryImageOfPage\":{\"@id\":\"https:\/\/swiss-peak.com\/fr\/produit\/conferencier-a4-heritage-en-rpu-rcs-noir\/#primaryimage\"},\"image\":{\"@id\":\"https:\/\/swiss-peak.com\/fr\/produit\/conferencier-a4-heritage-en-rpu-rcs-noir\/#primaryimage\"},\"thumbnailUrl\":\"https:\/\/swiss-peak.com\/wp-content\/uploads\/sites\/9\/2024\/02\/P774.411__S_0__d54593019f7a4412b1b22b0615470149.jpg\",\"datePublished\":\"2023-03-14T09:51:50+00:00\",\"dateModified\":\"2026-03-12T01:29:00+00:00\",\"breadcrumb\":{\"@id\":\"https:\/\/swiss-peak.com\/fr\/produit\/conferencier-a4-heritage-en-rpu-rcs-noir\/#breadcrumb\"},\"inLanguage\":\"fr-FR\",\"potentialAction\":[{\"@type\":\"ReadAction\",\"target\":[\"https:\/\/swiss-peak.com\/fr\/produit\/conferencier-a4-heritage-en-rpu-rcs-noir\/\"]}]},{\"@type\":\"ImageObject\",\"inLanguage\":\"fr-FR\",\"@id\":\"https:\/\/swiss-peak.com\/fr\/produit\/conferencier-a4-heritage-en-rpu-rcs-noir\/#primaryimage\",\"url\":\"https:\/\/swiss-peak.com\/wp-content\/uploads\/sites\/9\/2024\/02\/P774.411__S_0__d54593019f7a4412b1b22b0615470149.jpg\",\"contentUrl\":\"https:\/\/swiss-peak.com\/wp-content\/uploads\/sites\/9\/2024\/02\/P774.411__S_0__d54593019f7a4412b1b22b0615470149.jpg\",\"width\":1024,\"height\":1024},{\"@type\":\"BreadcrumbList\",\"@id\":\"https:\/\/swiss-peak.com\/fr\/produit\/conferencier-a4-heritage-en-rpu-rcs-noir\/#breadcrumb\",\"itemListElement\":[{\"@type\":\"ListItem\",\"position\":1,\"name\":\"Home\",\"item\":\"https:\/\/swiss-peak.com\/fr\/\"},{\"@type\":\"ListItem\",\"position\":2,\"name\":\"Collection\",\"item\":\"https:\/\/swiss-peak.com\/fr\/collection\/\"},{\"@type\":\"ListItem\",\"position\":3,\"name\":\"Conf\u00e9rencier A4 Heritage en rPU RCS, noir\"}]},{\"@type\":\"WebSite\",\"@id\":\"https:\/\/swiss-peak.com\/fr\/#website\",\"url\":\"https:\/\/swiss-peak.com\/fr\/\",\"name\":\"Swiss Peak\",\"description\":\"Where will today take you?\",\"potentialAction\":[{\"@type\":\"SearchAction\",\"target\":{\"@type\":\"EntryPoint\",\"urlTemplate\":\"https:\/\/swiss-peak.com\/fr\/?s={search_term_string}\"},\"query-input\":{\"@type\":\"PropertyValueSpecification\",\"valueRequired\":true,\"valueName\":\"search_term_string\"}}],\"inLanguage\":\"fr-FR\"}]}<\/script>\n<!-- \/ Yoast SEO plugin. -->","yoast_head_json":{"title":"Conf\u00e9rencier A4 Heritage en rPU RCS, noir - Swiss Peak","robots":{"index":"index","follow":"follow","max-snippet":"max-snippet:-1","max-image-preview":"max-image-preview:large","max-video-preview":"max-video-preview:-1"},"canonical":"https:\/\/swiss-peak.com\/fr\/produit\/conferencier-a4-heritage-en-rpu-rcs-noir\/","og_locale":"fr_FR","og_type":"article","og_title":"Conf\u00e9rencier A4 Heritage en rPU RCS, noir - Swiss Peak","og_description":"La collection Swiss Peak H\u00e9ritage refl\u00e8te \u00e9l\u00e9gance et modernit\u00e9. Livr\u00e9 avec une housse zipp\u00e9e en PU recycl\u00e9. Support pour tablette\/t\u00e9l\u00e9phone, Emplacements pour cartes de visite, rangements pour notes et papiers et un passant stylo. Avec un bloc-notes de 20 feuilles A4 lign\u00e9es en papier min\u00e9ral. Fabriqu\u00e9 avec des mat\u00e9riaux recycl\u00e9s certifi\u00e9s RCS (Recycled Claim Standard). [&hellip;]","og_url":"https:\/\/swiss-peak.com\/fr\/produit\/conferencier-a4-heritage-en-rpu-rcs-noir\/","og_site_name":"Swiss Peak","article_modified_time":"2026-03-12T01:29:00+00:00","og_image":[{"width":1024,"height":1024,"url":"https:\/\/swiss-peak.com\/wp-content\/uploads\/sites\/9\/2024\/02\/P774.411__S_0__d54593019f7a4412b1b22b0615470149.jpg","type":"image\/jpeg"}],"twitter_card":"summary_large_image","twitter_misc":{"Dur\u00e9e de lecture estim\u00e9e":"1 minute"},"schema":{"@context":"https:\/\/schema.org","@graph":[{"@type":"WebPage","@id":"https:\/\/swiss-peak.com\/fr\/produit\/conferencier-a4-heritage-en-rpu-rcs-noir\/","url":"https:\/\/swiss-peak.com\/fr\/produit\/conferencier-a4-heritage-en-rpu-rcs-noir\/","name":"Conf\u00e9rencier A4 Heritage en rPU RCS, noir - Swiss Peak","isPartOf":{"@id":"https:\/\/swiss-peak.com\/fr\/#website"},"primaryImageOfPage":{"@id":"https:\/\/swiss-peak.com\/fr\/produit\/conferencier-a4-heritage-en-rpu-rcs-noir\/#primaryimage"},"image":{"@id":"https:\/\/swiss-peak.com\/fr\/produit\/conferencier-a4-heritage-en-rpu-rcs-noir\/#primaryimage"},"thumbnailUrl":"https:\/\/swiss-peak.com\/wp-content\/uploads\/sites\/9\/2024\/02\/P774.411__S_0__d54593019f7a4412b1b22b0615470149.jpg","datePublished":"2023-03-14T09:51:50+00:00","dateModified":"2026-03-12T01:29:00+00:00","breadcrumb":{"@id":"https:\/\/swiss-peak.com\/fr\/produit\/conferencier-a4-heritage-en-rpu-rcs-noir\/#breadcrumb"},"inLanguage":"fr-FR","potentialAction":[{"@type":"ReadAction","target":["https:\/\/swiss-peak.com\/fr\/produit\/conferencier-a4-heritage-en-rpu-rcs-noir\/"]}]},{"@type":"ImageObject","inLanguage":"fr-FR","@id":"https:\/\/swiss-peak.com\/fr\/produit\/conferencier-a4-heritage-en-rpu-rcs-noir\/#primaryimage","url":"https:\/\/swiss-peak.com\/wp-content\/uploads\/sites\/9\/2024\/02\/P774.411__S_0__d54593019f7a4412b1b22b0615470149.jpg","contentUrl":"https:\/\/swiss-peak.com\/wp-content\/uploads\/sites\/9\/2024\/02\/P774.411__S_0__d54593019f7a4412b1b22b0615470149.jpg","width":1024,"height":1024},{"@type":"BreadcrumbList","@id":"https:\/\/swiss-peak.com\/fr\/produit\/conferencier-a4-heritage-en-rpu-rcs-noir\/#breadcrumb","itemListElement":[{"@type":"ListItem","position":1,"name":"Home","item":"https:\/\/swiss-peak.com\/fr\/"},{"@type":"ListItem","position":2,"name":"Collection","item":"https:\/\/swiss-peak.com\/fr\/collection\/"},{"@type":"ListItem","position":3,"name":"Conf\u00e9rencier A4 Heritage en rPU RCS, noir"}]},{"@type":"WebSite","@id":"https:\/\/swiss-peak.com\/fr\/#website","url":"https:\/\/swiss-peak.com\/fr\/","name":"Swiss Peak","description":"Where will today take you?","potentialAction":[{"@type":"SearchAction","target":{"@type":"EntryPoint","urlTemplate":"https:\/\/swiss-peak.com\/fr\/?s={search_term_string}"},"query-input":{"@type":"PropertyValueSpecification","valueRequired":true,"valueName":"search_term_string"}}],"inLanguage":"fr-FR"}]}},"_links":{"self":[{"href":"https:\/\/swiss-peak.com\/fr\/wp-json\/wp\/v2\/product\/15028","targetHints":{"allow":["GET"]}}],"collection":[{"href":"https:\/\/swiss-peak.com\/fr\/wp-json\/wp\/v2\/product"}],"about":[{"href":"https:\/\/swiss-peak.com\/fr\/wp-json\/wp\/v2\/types\/product"}],"wp:featuredmedia":[{"embeddable":true,"href":"https:\/\/swiss-peak.com\/fr\/wp-json\/wp\/v2\/media\/38730"}],"wp:attachment":[{"href":"https:\/\/swiss-peak.com\/fr\/wp-json\/wp\/v2\/media?parent=15028"}],"wp:term":[{"taxonomy":"product_cat","embeddable":true,"href":"https:\/\/swiss-peak.com\/fr\/wp-json\/wp\/v2\/product_cat?post=15028"},{"taxonomy":"product_tag","embeddable":true,"href":"https:\/\/swiss-peak.com\/fr\/wp-json\/wp\/v2\/product_tag?post=15028"}],"curies":[{"name":"wp","href":"https:\/\/api.w.org\/{rel}","templated":true}]}}