{"id":15020,"date":"2023-03-14T11:51:50","date_gmt":"2023-03-14T09:51:50","guid":{"rendered":"https:\/\/xdsomename.tempurl.host\/swisspeak-website\/collection\/non%20class\u00e9\/sac-a-dos-antivol-pour-ordinateur-15-swiss-peak-aware-noir\/"},"modified":"2026-04-16T02:26:16","modified_gmt":"2026-04-16T00:26:16","slug":"sac-a-dos-antivol-pour-ordinateur-15-swiss-peak-aware-noir","status":"publish","type":"product","link":"https:\/\/swiss-peak.com\/fr\/produit\/sac-a-dos-antivol-pour-ordinateur-15-swiss-peak-aware-noir\/","title":{"rendered":"Sac \u00e0 dos antivol pour ordinateur 15.6&Prime;  Swiss Peak AWARE\u2122, noir"},"content":{"rendered":"<p>Sac \u00e0 dos Swiss Peak AWARE\u2122 pour ordinateur portable 15,6&Prime; avec ouverture arri\u00e8re antivol permet de transporter facilement vos gadgets technologiques et vos objets personnels lors de vos d\u00e9placements. L&rsquo;int\u00e9rieur comporte un compartiment pour ordinateur portable et tablette. Des poches \u00e0 s\u00e9curit\u00e9 anti-RFID (13.56 MHz) pour votre portefeuille et votre passeport. Connectez facilement votre batterie de secours au port de charge USB int\u00e9gr\u00e9 et rechargez votre t\u00e9l\u00e9phone ou votre tablette lors de vos d\u00e9placements. Poche arri\u00e8re cach\u00e9e \u00e0 acc\u00e8s facile. Avec le traceur AWARE\u2122 qui valide l&rsquo;utilisation authentique de mat\u00e9riaux recycl\u00e9s. Chaque sac permet a r\u00e9utilis\u00e9 20,8 bouteilles PET. 2 % des recettes de chaque produit Aware\u2122 vendu seront revers\u00e9s \u00e0 Water.org.<\/p>\n","protected":false},"excerpt":{"rendered":"<p>Sac \u00e0 dos Swiss Peak AWARE\u2122 pour ordinateur portable 15,6&Prime; avec ouverture arri\u00e8re antivol permet de transporter facilement vos gadgets technologiques et vos objets personnels lors de vos d\u00e9placements. L&rsquo;int\u00e9rieur comporte un compartiment pour ordinateur portable et tablette. Des poches \u00e0 s\u00e9curit\u00e9 anti-RFID (13.56 MHz) pour votre portefeuille et votre passeport. Connectez facilement votre batterie [&hellip;]<\/p>\n","protected":false},"featured_media":46444,"template":"","meta":{"_acf_changed":false},"product_cat":[255,259],"product_tag":[],"class_list":["post-15020","product","type-product","status-publish","has-post-thumbnail","hentry","product_cat-sacs-voyage","product_cat-sacs-a-dos","pa_color-black-fr"],"acf":[],"yoast_head":"<!-- This site is optimized with the Yoast SEO plugin v27.0 - https:\/\/yoast.com\/product\/yoast-seo-wordpress\/ -->\n<title>Sac \u00e0 dos antivol pour ordinateur 15.6&quot; Swiss Peak AWARE\u2122, noir - Swiss Peak<\/title>\n<meta name=\"robots\" content=\"index, follow, max-snippet:-1, max-image-preview:large, max-video-preview:-1\" \/>\n<link rel=\"canonical\" href=\"https:\/\/swiss-peak.com\/fr\/produit\/sac-a-dos-antivol-pour-ordinateur-15-swiss-peak-aware-noir\/\" \/>\n<meta property=\"og:locale\" content=\"fr_FR\" \/>\n<meta property=\"og:type\" content=\"article\" \/>\n<meta property=\"og:title\" content=\"Sac \u00e0 dos antivol pour ordinateur 15.6&quot; Swiss Peak AWARE\u2122, noir - Swiss Peak\" \/>\n<meta property=\"og:description\" content=\"Sac \u00e0 dos Swiss Peak AWARE\u2122 pour ordinateur portable 15,6&Prime; avec ouverture arri\u00e8re antivol permet de transporter facilement vos gadgets technologiques et vos objets personnels lors de vos d\u00e9placements. L&rsquo;int\u00e9rieur comporte un compartiment pour ordinateur portable et tablette. Des poches \u00e0 s\u00e9curit\u00e9 anti-RFID (13.56 MHz) pour votre portefeuille et votre passeport. Connectez facilement votre batterie [&hellip;]\" \/>\n<meta property=\"og:url\" content=\"https:\/\/swiss-peak.com\/fr\/produit\/sac-a-dos-antivol-pour-ordinateur-15-swiss-peak-aware-noir\/\" \/>\n<meta property=\"og:site_name\" content=\"Swiss Peak\" \/>\n<meta property=\"article:modified_time\" content=\"2026-04-16T00:26:16+00:00\" \/>\n<meta property=\"og:image\" content=\"https:\/\/swiss-peak.com\/wp-content\/uploads\/sites\/9\/2026\/04\/P763.131__S_0__1a7b9f3866b54f6380e458909a7b064a.jpg\" \/>\n\t<meta property=\"og:image:width\" content=\"1024\" \/>\n\t<meta property=\"og:image:height\" content=\"1024\" \/>\n\t<meta property=\"og:image:type\" content=\"image\/jpeg\" \/>\n<meta name=\"twitter:card\" content=\"summary_large_image\" \/>\n<meta name=\"twitter:label1\" content=\"Dur\u00e9e de lecture estim\u00e9e\" \/>\n\t<meta name=\"twitter:data1\" content=\"1 minute\" \/>\n<script type=\"application\/ld+json\" class=\"yoast-schema-graph\">{\"@context\":\"https:\/\/schema.org\",\"@graph\":[{\"@type\":\"WebPage\",\"@id\":\"https:\/\/swiss-peak.com\/fr\/produit\/sac-a-dos-antivol-pour-ordinateur-15-swiss-peak-aware-noir\/\",\"url\":\"https:\/\/swiss-peak.com\/fr\/produit\/sac-a-dos-antivol-pour-ordinateur-15-swiss-peak-aware-noir\/\",\"name\":\"Sac \u00e0 dos antivol pour ordinateur 15.6\\\" Swiss Peak AWARE\u2122, noir - Swiss Peak\",\"isPartOf\":{\"@id\":\"https:\/\/swiss-peak.com\/fr\/#website\"},\"primaryImageOfPage\":{\"@id\":\"https:\/\/swiss-peak.com\/fr\/produit\/sac-a-dos-antivol-pour-ordinateur-15-swiss-peak-aware-noir\/#primaryimage\"},\"image\":{\"@id\":\"https:\/\/swiss-peak.com\/fr\/produit\/sac-a-dos-antivol-pour-ordinateur-15-swiss-peak-aware-noir\/#primaryimage\"},\"thumbnailUrl\":\"https:\/\/swiss-peak.com\/wp-content\/uploads\/sites\/9\/2026\/04\/P763.131__S_0__1a7b9f3866b54f6380e458909a7b064a.jpg\",\"datePublished\":\"2023-03-14T09:51:50+00:00\",\"dateModified\":\"2026-04-16T00:26:16+00:00\",\"breadcrumb\":{\"@id\":\"https:\/\/swiss-peak.com\/fr\/produit\/sac-a-dos-antivol-pour-ordinateur-15-swiss-peak-aware-noir\/#breadcrumb\"},\"inLanguage\":\"fr-FR\",\"potentialAction\":[{\"@type\":\"ReadAction\",\"target\":[\"https:\/\/swiss-peak.com\/fr\/produit\/sac-a-dos-antivol-pour-ordinateur-15-swiss-peak-aware-noir\/\"]}]},{\"@type\":\"ImageObject\",\"inLanguage\":\"fr-FR\",\"@id\":\"https:\/\/swiss-peak.com\/fr\/produit\/sac-a-dos-antivol-pour-ordinateur-15-swiss-peak-aware-noir\/#primaryimage\",\"url\":\"https:\/\/swiss-peak.com\/wp-content\/uploads\/sites\/9\/2026\/04\/P763.131__S_0__1a7b9f3866b54f6380e458909a7b064a.jpg\",\"contentUrl\":\"https:\/\/swiss-peak.com\/wp-content\/uploads\/sites\/9\/2026\/04\/P763.131__S_0__1a7b9f3866b54f6380e458909a7b064a.jpg\",\"width\":1024,\"height\":1024},{\"@type\":\"BreadcrumbList\",\"@id\":\"https:\/\/swiss-peak.com\/fr\/produit\/sac-a-dos-antivol-pour-ordinateur-15-swiss-peak-aware-noir\/#breadcrumb\",\"itemListElement\":[{\"@type\":\"ListItem\",\"position\":1,\"name\":\"Home\",\"item\":\"https:\/\/swiss-peak.com\/fr\/\"},{\"@type\":\"ListItem\",\"position\":2,\"name\":\"Collection\",\"item\":\"https:\/\/swiss-peak.com\/fr\/collection\/\"},{\"@type\":\"ListItem\",\"position\":3,\"name\":\"Sac \u00e0 dos antivol pour ordinateur 15.6&#8243; Swiss Peak AWARE\u2122, noir\"}]},{\"@type\":\"WebSite\",\"@id\":\"https:\/\/swiss-peak.com\/fr\/#website\",\"url\":\"https:\/\/swiss-peak.com\/fr\/\",\"name\":\"Swiss Peak\",\"description\":\"Where will today take you?\",\"potentialAction\":[{\"@type\":\"SearchAction\",\"target\":{\"@type\":\"EntryPoint\",\"urlTemplate\":\"https:\/\/swiss-peak.com\/fr\/?s={search_term_string}\"},\"query-input\":{\"@type\":\"PropertyValueSpecification\",\"valueRequired\":true,\"valueName\":\"search_term_string\"}}],\"inLanguage\":\"fr-FR\"}]}<\/script>\n<!-- \/ Yoast SEO plugin. -->","yoast_head_json":{"title":"Sac \u00e0 dos antivol pour ordinateur 15.6\" Swiss Peak AWARE\u2122, noir - Swiss Peak","robots":{"index":"index","follow":"follow","max-snippet":"max-snippet:-1","max-image-preview":"max-image-preview:large","max-video-preview":"max-video-preview:-1"},"canonical":"https:\/\/swiss-peak.com\/fr\/produit\/sac-a-dos-antivol-pour-ordinateur-15-swiss-peak-aware-noir\/","og_locale":"fr_FR","og_type":"article","og_title":"Sac \u00e0 dos antivol pour ordinateur 15.6\" Swiss Peak AWARE\u2122, noir - Swiss Peak","og_description":"Sac \u00e0 dos Swiss Peak AWARE\u2122 pour ordinateur portable 15,6&Prime; avec ouverture arri\u00e8re antivol permet de transporter facilement vos gadgets technologiques et vos objets personnels lors de vos d\u00e9placements. L&rsquo;int\u00e9rieur comporte un compartiment pour ordinateur portable et tablette. Des poches \u00e0 s\u00e9curit\u00e9 anti-RFID (13.56 MHz) pour votre portefeuille et votre passeport. Connectez facilement votre batterie [&hellip;]","og_url":"https:\/\/swiss-peak.com\/fr\/produit\/sac-a-dos-antivol-pour-ordinateur-15-swiss-peak-aware-noir\/","og_site_name":"Swiss Peak","article_modified_time":"2026-04-16T00:26:16+00:00","og_image":[{"width":1024,"height":1024,"url":"https:\/\/swiss-peak.com\/wp-content\/uploads\/sites\/9\/2026\/04\/P763.131__S_0__1a7b9f3866b54f6380e458909a7b064a.jpg","type":"image\/jpeg"}],"twitter_card":"summary_large_image","twitter_misc":{"Dur\u00e9e de lecture estim\u00e9e":"1 minute"},"schema":{"@context":"https:\/\/schema.org","@graph":[{"@type":"WebPage","@id":"https:\/\/swiss-peak.com\/fr\/produit\/sac-a-dos-antivol-pour-ordinateur-15-swiss-peak-aware-noir\/","url":"https:\/\/swiss-peak.com\/fr\/produit\/sac-a-dos-antivol-pour-ordinateur-15-swiss-peak-aware-noir\/","name":"Sac \u00e0 dos antivol pour ordinateur 15.6\" Swiss Peak AWARE\u2122, noir - Swiss Peak","isPartOf":{"@id":"https:\/\/swiss-peak.com\/fr\/#website"},"primaryImageOfPage":{"@id":"https:\/\/swiss-peak.com\/fr\/produit\/sac-a-dos-antivol-pour-ordinateur-15-swiss-peak-aware-noir\/#primaryimage"},"image":{"@id":"https:\/\/swiss-peak.com\/fr\/produit\/sac-a-dos-antivol-pour-ordinateur-15-swiss-peak-aware-noir\/#primaryimage"},"thumbnailUrl":"https:\/\/swiss-peak.com\/wp-content\/uploads\/sites\/9\/2026\/04\/P763.131__S_0__1a7b9f3866b54f6380e458909a7b064a.jpg","datePublished":"2023-03-14T09:51:50+00:00","dateModified":"2026-04-16T00:26:16+00:00","breadcrumb":{"@id":"https:\/\/swiss-peak.com\/fr\/produit\/sac-a-dos-antivol-pour-ordinateur-15-swiss-peak-aware-noir\/#breadcrumb"},"inLanguage":"fr-FR","potentialAction":[{"@type":"ReadAction","target":["https:\/\/swiss-peak.com\/fr\/produit\/sac-a-dos-antivol-pour-ordinateur-15-swiss-peak-aware-noir\/"]}]},{"@type":"ImageObject","inLanguage":"fr-FR","@id":"https:\/\/swiss-peak.com\/fr\/produit\/sac-a-dos-antivol-pour-ordinateur-15-swiss-peak-aware-noir\/#primaryimage","url":"https:\/\/swiss-peak.com\/wp-content\/uploads\/sites\/9\/2026\/04\/P763.131__S_0__1a7b9f3866b54f6380e458909a7b064a.jpg","contentUrl":"https:\/\/swiss-peak.com\/wp-content\/uploads\/sites\/9\/2026\/04\/P763.131__S_0__1a7b9f3866b54f6380e458909a7b064a.jpg","width":1024,"height":1024},{"@type":"BreadcrumbList","@id":"https:\/\/swiss-peak.com\/fr\/produit\/sac-a-dos-antivol-pour-ordinateur-15-swiss-peak-aware-noir\/#breadcrumb","itemListElement":[{"@type":"ListItem","position":1,"name":"Home","item":"https:\/\/swiss-peak.com\/fr\/"},{"@type":"ListItem","position":2,"name":"Collection","item":"https:\/\/swiss-peak.com\/fr\/collection\/"},{"@type":"ListItem","position":3,"name":"Sac \u00e0 dos antivol pour ordinateur 15.6&#8243; Swiss Peak AWARE\u2122, noir"}]},{"@type":"WebSite","@id":"https:\/\/swiss-peak.com\/fr\/#website","url":"https:\/\/swiss-peak.com\/fr\/","name":"Swiss Peak","description":"Where will today take you?","potentialAction":[{"@type":"SearchAction","target":{"@type":"EntryPoint","urlTemplate":"https:\/\/swiss-peak.com\/fr\/?s={search_term_string}"},"query-input":{"@type":"PropertyValueSpecification","valueRequired":true,"valueName":"search_term_string"}}],"inLanguage":"fr-FR"}]}},"_links":{"self":[{"href":"https:\/\/swiss-peak.com\/fr\/wp-json\/wp\/v2\/product\/15020","targetHints":{"allow":["GET"]}}],"collection":[{"href":"https:\/\/swiss-peak.com\/fr\/wp-json\/wp\/v2\/product"}],"about":[{"href":"https:\/\/swiss-peak.com\/fr\/wp-json\/wp\/v2\/types\/product"}],"wp:featuredmedia":[{"embeddable":true,"href":"https:\/\/swiss-peak.com\/fr\/wp-json\/wp\/v2\/media\/46444"}],"wp:attachment":[{"href":"https:\/\/swiss-peak.com\/fr\/wp-json\/wp\/v2\/media?parent=15020"}],"wp:term":[{"taxonomy":"product_cat","embeddable":true,"href":"https:\/\/swiss-peak.com\/fr\/wp-json\/wp\/v2\/product_cat?post=15020"},{"taxonomy":"product_tag","embeddable":true,"href":"https:\/\/swiss-peak.com\/fr\/wp-json\/wp\/v2\/product_tag?post=15020"}],"curies":[{"name":"wp","href":"https:\/\/api.w.org\/{rel}","templated":true}]}}