{"id":15019,"date":"2023-03-14T11:51:26","date_gmt":"2023-03-14T09:51:26","guid":{"rendered":"https:\/\/xdsomename.tempurl.host\/swisspeak-website\/collection\/non%20class\u00e9\/sacoche-pour-ordinateur-156-swiss-peak-aware-gris\/"},"modified":"2026-04-16T02:26:13","modified_gmt":"2026-04-16T00:26:13","slug":"sacoche-pour-ordinateur-156-swiss-peak-aware-gris","status":"publish","type":"product","link":"https:\/\/swiss-peak.com\/fr\/produit\/sacoche-pour-ordinateur-156-swiss-peak-aware-gris\/","title":{"rendered":"Sacoche pour ordinateur 15,6&Prime; AWARE\u2122, gris"},"content":{"rendered":"<p>Sacoche Swiss Peak AWARE\u2122 pour ordinateur portable 15,6&Prime; offre un style unique et un espace de rangement pour votre ordinateur portable et votre tablette. Avec des poches pour organiser tous vos gadgets technologiques et vos accessoires personnels. Des poches anti RFID (NFC 13.56 MHz) pour votre portefeuille et votre passeport. Le dos comprend une poche zipp\u00e9e et une sangle pour trolley. Chaque sac a r\u00e9utilis\u00e9 20,3 bouteilles PET. 2 % du produit de la vente de chaque produit Aware\u2122 sera revers\u00e9 \u00e0 Water.org.<\/p>\n","protected":false},"excerpt":{"rendered":"<p>Sacoche Swiss Peak AWARE\u2122 pour ordinateur portable 15,6&Prime; offre un style unique et un espace de rangement pour votre ordinateur portable et votre tablette. Avec des poches pour organiser tous vos gadgets technologiques et vos accessoires personnels. Des poches anti RFID (NFC 13.56 MHz) pour votre portefeuille et votre passeport. Le dos comprend une poche [&hellip;]<\/p>\n","protected":false},"featured_media":46437,"template":"","meta":{"_acf_changed":false},"product_cat":[287,291],"product_tag":[],"class_list":["post-15019","product","type-product","status-publish","has-post-thumbnail","hentry","product_cat-business-fr","product_cat-sacs-ordinateurs-portable","pa_color-grey-fr"],"acf":[],"yoast_head":"<!-- This site is optimized with the Yoast SEO plugin v27.0 - https:\/\/yoast.com\/product\/yoast-seo-wordpress\/ -->\n<title>Sacoche pour ordinateur 15,6&quot; AWARE\u2122, gris - Swiss Peak<\/title>\n<meta name=\"robots\" content=\"index, follow, max-snippet:-1, max-image-preview:large, max-video-preview:-1\" \/>\n<link rel=\"canonical\" href=\"https:\/\/swiss-peak.com\/fr\/produit\/sacoche-pour-ordinateur-156-swiss-peak-aware-gris\/\" \/>\n<meta property=\"og:locale\" content=\"fr_FR\" \/>\n<meta property=\"og:type\" content=\"article\" \/>\n<meta property=\"og:title\" content=\"Sacoche pour ordinateur 15,6&quot; AWARE\u2122, gris - Swiss Peak\" \/>\n<meta property=\"og:description\" content=\"Sacoche Swiss Peak AWARE\u2122 pour ordinateur portable 15,6&Prime; offre un style unique et un espace de rangement pour votre ordinateur portable et votre tablette. Avec des poches pour organiser tous vos gadgets technologiques et vos accessoires personnels. Des poches anti RFID (NFC 13.56 MHz) pour votre portefeuille et votre passeport. Le dos comprend une poche [&hellip;]\" \/>\n<meta property=\"og:url\" content=\"https:\/\/swiss-peak.com\/fr\/produit\/sacoche-pour-ordinateur-156-swiss-peak-aware-gris\/\" \/>\n<meta property=\"og:site_name\" content=\"Swiss Peak\" \/>\n<meta property=\"article:modified_time\" content=\"2026-04-16T00:26:13+00:00\" \/>\n<meta property=\"og:image\" content=\"https:\/\/swiss-peak.com\/wp-content\/uploads\/sites\/9\/2026\/04\/P763.122__S_0__4c3fd024efcb4826ac0f59c5b341ce0c.jpg\" \/>\n\t<meta property=\"og:image:width\" content=\"1024\" \/>\n\t<meta property=\"og:image:height\" content=\"1024\" \/>\n\t<meta property=\"og:image:type\" content=\"image\/jpeg\" \/>\n<meta name=\"twitter:card\" content=\"summary_large_image\" \/>\n<script type=\"application\/ld+json\" class=\"yoast-schema-graph\">{\"@context\":\"https:\/\/schema.org\",\"@graph\":[{\"@type\":\"WebPage\",\"@id\":\"https:\/\/swiss-peak.com\/fr\/produit\/sacoche-pour-ordinateur-156-swiss-peak-aware-gris\/\",\"url\":\"https:\/\/swiss-peak.com\/fr\/produit\/sacoche-pour-ordinateur-156-swiss-peak-aware-gris\/\",\"name\":\"Sacoche pour ordinateur 15,6\\\" AWARE\u2122, gris - Swiss Peak\",\"isPartOf\":{\"@id\":\"https:\/\/swiss-peak.com\/fr\/#website\"},\"primaryImageOfPage\":{\"@id\":\"https:\/\/swiss-peak.com\/fr\/produit\/sacoche-pour-ordinateur-156-swiss-peak-aware-gris\/#primaryimage\"},\"image\":{\"@id\":\"https:\/\/swiss-peak.com\/fr\/produit\/sacoche-pour-ordinateur-156-swiss-peak-aware-gris\/#primaryimage\"},\"thumbnailUrl\":\"https:\/\/swiss-peak.com\/wp-content\/uploads\/sites\/9\/2026\/04\/P763.122__S_0__4c3fd024efcb4826ac0f59c5b341ce0c.jpg\",\"datePublished\":\"2023-03-14T09:51:26+00:00\",\"dateModified\":\"2026-04-16T00:26:13+00:00\",\"breadcrumb\":{\"@id\":\"https:\/\/swiss-peak.com\/fr\/produit\/sacoche-pour-ordinateur-156-swiss-peak-aware-gris\/#breadcrumb\"},\"inLanguage\":\"fr-FR\",\"potentialAction\":[{\"@type\":\"ReadAction\",\"target\":[\"https:\/\/swiss-peak.com\/fr\/produit\/sacoche-pour-ordinateur-156-swiss-peak-aware-gris\/\"]}]},{\"@type\":\"ImageObject\",\"inLanguage\":\"fr-FR\",\"@id\":\"https:\/\/swiss-peak.com\/fr\/produit\/sacoche-pour-ordinateur-156-swiss-peak-aware-gris\/#primaryimage\",\"url\":\"https:\/\/swiss-peak.com\/wp-content\/uploads\/sites\/9\/2026\/04\/P763.122__S_0__4c3fd024efcb4826ac0f59c5b341ce0c.jpg\",\"contentUrl\":\"https:\/\/swiss-peak.com\/wp-content\/uploads\/sites\/9\/2026\/04\/P763.122__S_0__4c3fd024efcb4826ac0f59c5b341ce0c.jpg\",\"width\":1024,\"height\":1024},{\"@type\":\"BreadcrumbList\",\"@id\":\"https:\/\/swiss-peak.com\/fr\/produit\/sacoche-pour-ordinateur-156-swiss-peak-aware-gris\/#breadcrumb\",\"itemListElement\":[{\"@type\":\"ListItem\",\"position\":1,\"name\":\"Home\",\"item\":\"https:\/\/swiss-peak.com\/fr\/\"},{\"@type\":\"ListItem\",\"position\":2,\"name\":\"Collection\",\"item\":\"https:\/\/swiss-peak.com\/fr\/collection\/\"},{\"@type\":\"ListItem\",\"position\":3,\"name\":\"Sacoche pour ordinateur 15,6&#8243; AWARE\u2122, gris\"}]},{\"@type\":\"WebSite\",\"@id\":\"https:\/\/swiss-peak.com\/fr\/#website\",\"url\":\"https:\/\/swiss-peak.com\/fr\/\",\"name\":\"Swiss Peak\",\"description\":\"Where will today take you?\",\"potentialAction\":[{\"@type\":\"SearchAction\",\"target\":{\"@type\":\"EntryPoint\",\"urlTemplate\":\"https:\/\/swiss-peak.com\/fr\/?s={search_term_string}\"},\"query-input\":{\"@type\":\"PropertyValueSpecification\",\"valueRequired\":true,\"valueName\":\"search_term_string\"}}],\"inLanguage\":\"fr-FR\"}]}<\/script>\n<!-- \/ Yoast SEO plugin. -->","yoast_head_json":{"title":"Sacoche pour ordinateur 15,6\" AWARE\u2122, gris - Swiss Peak","robots":{"index":"index","follow":"follow","max-snippet":"max-snippet:-1","max-image-preview":"max-image-preview:large","max-video-preview":"max-video-preview:-1"},"canonical":"https:\/\/swiss-peak.com\/fr\/produit\/sacoche-pour-ordinateur-156-swiss-peak-aware-gris\/","og_locale":"fr_FR","og_type":"article","og_title":"Sacoche pour ordinateur 15,6\" AWARE\u2122, gris - Swiss Peak","og_description":"Sacoche Swiss Peak AWARE\u2122 pour ordinateur portable 15,6&Prime; offre un style unique et un espace de rangement pour votre ordinateur portable et votre tablette. Avec des poches pour organiser tous vos gadgets technologiques et vos accessoires personnels. Des poches anti RFID (NFC 13.56 MHz) pour votre portefeuille et votre passeport. Le dos comprend une poche [&hellip;]","og_url":"https:\/\/swiss-peak.com\/fr\/produit\/sacoche-pour-ordinateur-156-swiss-peak-aware-gris\/","og_site_name":"Swiss Peak","article_modified_time":"2026-04-16T00:26:13+00:00","og_image":[{"width":1024,"height":1024,"url":"https:\/\/swiss-peak.com\/wp-content\/uploads\/sites\/9\/2026\/04\/P763.122__S_0__4c3fd024efcb4826ac0f59c5b341ce0c.jpg","type":"image\/jpeg"}],"twitter_card":"summary_large_image","schema":{"@context":"https:\/\/schema.org","@graph":[{"@type":"WebPage","@id":"https:\/\/swiss-peak.com\/fr\/produit\/sacoche-pour-ordinateur-156-swiss-peak-aware-gris\/","url":"https:\/\/swiss-peak.com\/fr\/produit\/sacoche-pour-ordinateur-156-swiss-peak-aware-gris\/","name":"Sacoche pour ordinateur 15,6\" AWARE\u2122, gris - Swiss Peak","isPartOf":{"@id":"https:\/\/swiss-peak.com\/fr\/#website"},"primaryImageOfPage":{"@id":"https:\/\/swiss-peak.com\/fr\/produit\/sacoche-pour-ordinateur-156-swiss-peak-aware-gris\/#primaryimage"},"image":{"@id":"https:\/\/swiss-peak.com\/fr\/produit\/sacoche-pour-ordinateur-156-swiss-peak-aware-gris\/#primaryimage"},"thumbnailUrl":"https:\/\/swiss-peak.com\/wp-content\/uploads\/sites\/9\/2026\/04\/P763.122__S_0__4c3fd024efcb4826ac0f59c5b341ce0c.jpg","datePublished":"2023-03-14T09:51:26+00:00","dateModified":"2026-04-16T00:26:13+00:00","breadcrumb":{"@id":"https:\/\/swiss-peak.com\/fr\/produit\/sacoche-pour-ordinateur-156-swiss-peak-aware-gris\/#breadcrumb"},"inLanguage":"fr-FR","potentialAction":[{"@type":"ReadAction","target":["https:\/\/swiss-peak.com\/fr\/produit\/sacoche-pour-ordinateur-156-swiss-peak-aware-gris\/"]}]},{"@type":"ImageObject","inLanguage":"fr-FR","@id":"https:\/\/swiss-peak.com\/fr\/produit\/sacoche-pour-ordinateur-156-swiss-peak-aware-gris\/#primaryimage","url":"https:\/\/swiss-peak.com\/wp-content\/uploads\/sites\/9\/2026\/04\/P763.122__S_0__4c3fd024efcb4826ac0f59c5b341ce0c.jpg","contentUrl":"https:\/\/swiss-peak.com\/wp-content\/uploads\/sites\/9\/2026\/04\/P763.122__S_0__4c3fd024efcb4826ac0f59c5b341ce0c.jpg","width":1024,"height":1024},{"@type":"BreadcrumbList","@id":"https:\/\/swiss-peak.com\/fr\/produit\/sacoche-pour-ordinateur-156-swiss-peak-aware-gris\/#breadcrumb","itemListElement":[{"@type":"ListItem","position":1,"name":"Home","item":"https:\/\/swiss-peak.com\/fr\/"},{"@type":"ListItem","position":2,"name":"Collection","item":"https:\/\/swiss-peak.com\/fr\/collection\/"},{"@type":"ListItem","position":3,"name":"Sacoche pour ordinateur 15,6&#8243; AWARE\u2122, gris"}]},{"@type":"WebSite","@id":"https:\/\/swiss-peak.com\/fr\/#website","url":"https:\/\/swiss-peak.com\/fr\/","name":"Swiss Peak","description":"Where will today take you?","potentialAction":[{"@type":"SearchAction","target":{"@type":"EntryPoint","urlTemplate":"https:\/\/swiss-peak.com\/fr\/?s={search_term_string}"},"query-input":{"@type":"PropertyValueSpecification","valueRequired":true,"valueName":"search_term_string"}}],"inLanguage":"fr-FR"}]}},"_links":{"self":[{"href":"https:\/\/swiss-peak.com\/fr\/wp-json\/wp\/v2\/product\/15019","targetHints":{"allow":["GET"]}}],"collection":[{"href":"https:\/\/swiss-peak.com\/fr\/wp-json\/wp\/v2\/product"}],"about":[{"href":"https:\/\/swiss-peak.com\/fr\/wp-json\/wp\/v2\/types\/product"}],"wp:featuredmedia":[{"embeddable":true,"href":"https:\/\/swiss-peak.com\/fr\/wp-json\/wp\/v2\/media\/46437"}],"wp:attachment":[{"href":"https:\/\/swiss-peak.com\/fr\/wp-json\/wp\/v2\/media?parent=15019"}],"wp:term":[{"taxonomy":"product_cat","embeddable":true,"href":"https:\/\/swiss-peak.com\/fr\/wp-json\/wp\/v2\/product_cat?post=15019"},{"taxonomy":"product_tag","embeddable":true,"href":"https:\/\/swiss-peak.com\/fr\/wp-json\/wp\/v2\/product_tag?post=15019"}],"curies":[{"name":"wp","href":"https:\/\/api.w.org\/{rel}","templated":true}]}}