{"id":15017,"date":"2023-03-14T11:51:26","date_gmt":"2023-03-14T09:51:26","guid":{"rendered":"https:\/\/xdsomename.tempurl.host\/swisspeak-website\/collection\/non%20class\u00e9\/sac-a-dos-avec-acces-facile-ordinateur-15-aware-noir\/"},"modified":"2026-04-16T02:26:10","modified_gmt":"2026-04-16T00:26:10","slug":"sac-a-dos-avec-acces-facile-ordinateur-15-aware-noir","status":"publish","type":"product","link":"https:\/\/swiss-peak.com\/fr\/produit\/sac-a-dos-avec-acces-facile-ordinateur-15-aware-noir\/","title":{"rendered":"Sac \u00e0 dos avec acc\u00e8s facile ordinateur 15.6&prime; AWARE\u2122, noir"},"content":{"rendered":"<p>Sac \u00e0 dos moderne et minimaliste pour ordinateur portable en polyester recycl\u00e9, vous accompagne dans tous vos d\u00e9placements professionnels. Avec de profondes poches verticales \u00e0 l&rsquo;avant et un partie sup\u00e9rieur zipp\u00e9 facile \u00e0 ouvrir qui r\u00e9v\u00e8le un int\u00e9rieur spacieux avec des sections pour un ordinateur portable et un iPad. Comprend des poches int\u00e9rieures prot\u00e9g\u00e9es par anti-RFID. Avec le traceur AWARE\u2122 qui valide l&rsquo;utilisation authentique de mat\u00e9riaux recycl\u00e9s. Chaque sac a r\u00e9utilis\u00e9 21,4 bouteilles PET. 2 % des recettes de chaque produit Aware\u2122 vendu seront revers\u00e9s \u00e0 Water.org. Sans PVC.<\/p>\n","protected":false},"excerpt":{"rendered":"<p>Sac \u00e0 dos moderne et minimaliste pour ordinateur portable en polyester recycl\u00e9, vous accompagne dans tous vos d\u00e9placements professionnels. Avec de profondes poches verticales \u00e0 l&rsquo;avant et un partie sup\u00e9rieur zipp\u00e9 facile \u00e0 ouvrir qui r\u00e9v\u00e8le un int\u00e9rieur spacieux avec des sections pour un ordinateur portable et un iPad. Comprend des poches int\u00e9rieures prot\u00e9g\u00e9es par [&hellip;]<\/p>\n","protected":false},"featured_media":46430,"template":"","meta":{"_acf_changed":false},"product_cat":[255,259],"product_tag":[],"class_list":["post-15017","product","type-product","status-publish","has-post-thumbnail","hentry","product_cat-sacs-voyage","product_cat-sacs-a-dos","pa_color-black-fr"],"acf":[],"yoast_head":"<!-- This site is optimized with the Yoast SEO plugin v27.0 - https:\/\/yoast.com\/product\/yoast-seo-wordpress\/ -->\n<title>Sac \u00e0 dos avec acc\u00e8s facile ordinateur 15.6&#039; AWARE\u2122, noir - Swiss Peak<\/title>\n<meta name=\"robots\" content=\"index, follow, max-snippet:-1, max-image-preview:large, max-video-preview:-1\" \/>\n<link rel=\"canonical\" href=\"https:\/\/swiss-peak.com\/fr\/produit\/sac-a-dos-avec-acces-facile-ordinateur-15-aware-noir\/\" \/>\n<meta property=\"og:locale\" content=\"fr_FR\" \/>\n<meta property=\"og:type\" content=\"article\" \/>\n<meta property=\"og:title\" content=\"Sac \u00e0 dos avec acc\u00e8s facile ordinateur 15.6&#039; AWARE\u2122, noir - Swiss Peak\" \/>\n<meta property=\"og:description\" content=\"Sac \u00e0 dos moderne et minimaliste pour ordinateur portable en polyester recycl\u00e9, vous accompagne dans tous vos d\u00e9placements professionnels. Avec de profondes poches verticales \u00e0 l&rsquo;avant et un partie sup\u00e9rieur zipp\u00e9 facile \u00e0 ouvrir qui r\u00e9v\u00e8le un int\u00e9rieur spacieux avec des sections pour un ordinateur portable et un iPad. Comprend des poches int\u00e9rieures prot\u00e9g\u00e9es par [&hellip;]\" \/>\n<meta property=\"og:url\" content=\"https:\/\/swiss-peak.com\/fr\/produit\/sac-a-dos-avec-acces-facile-ordinateur-15-aware-noir\/\" \/>\n<meta property=\"og:site_name\" content=\"Swiss Peak\" \/>\n<meta property=\"article:modified_time\" content=\"2026-04-16T00:26:10+00:00\" \/>\n<meta property=\"og:image\" content=\"https:\/\/swiss-peak.com\/wp-content\/uploads\/sites\/9\/2026\/04\/P763.111__S_0__f6a8b62b388b439b87198b9caef768f2.jpg\" \/>\n\t<meta property=\"og:image:width\" content=\"1024\" \/>\n\t<meta property=\"og:image:height\" content=\"1024\" \/>\n\t<meta property=\"og:image:type\" content=\"image\/jpeg\" \/>\n<meta name=\"twitter:card\" content=\"summary_large_image\" \/>\n<script type=\"application\/ld+json\" class=\"yoast-schema-graph\">{\"@context\":\"https:\/\/schema.org\",\"@graph\":[{\"@type\":\"WebPage\",\"@id\":\"https:\/\/swiss-peak.com\/fr\/produit\/sac-a-dos-avec-acces-facile-ordinateur-15-aware-noir\/\",\"url\":\"https:\/\/swiss-peak.com\/fr\/produit\/sac-a-dos-avec-acces-facile-ordinateur-15-aware-noir\/\",\"name\":\"Sac \u00e0 dos avec acc\u00e8s facile ordinateur 15.6' AWARE\u2122, noir - Swiss Peak\",\"isPartOf\":{\"@id\":\"https:\/\/swiss-peak.com\/fr\/#website\"},\"primaryImageOfPage\":{\"@id\":\"https:\/\/swiss-peak.com\/fr\/produit\/sac-a-dos-avec-acces-facile-ordinateur-15-aware-noir\/#primaryimage\"},\"image\":{\"@id\":\"https:\/\/swiss-peak.com\/fr\/produit\/sac-a-dos-avec-acces-facile-ordinateur-15-aware-noir\/#primaryimage\"},\"thumbnailUrl\":\"https:\/\/swiss-peak.com\/wp-content\/uploads\/sites\/9\/2026\/04\/P763.111__S_0__f6a8b62b388b439b87198b9caef768f2.jpg\",\"datePublished\":\"2023-03-14T09:51:26+00:00\",\"dateModified\":\"2026-04-16T00:26:10+00:00\",\"breadcrumb\":{\"@id\":\"https:\/\/swiss-peak.com\/fr\/produit\/sac-a-dos-avec-acces-facile-ordinateur-15-aware-noir\/#breadcrumb\"},\"inLanguage\":\"fr-FR\",\"potentialAction\":[{\"@type\":\"ReadAction\",\"target\":[\"https:\/\/swiss-peak.com\/fr\/produit\/sac-a-dos-avec-acces-facile-ordinateur-15-aware-noir\/\"]}]},{\"@type\":\"ImageObject\",\"inLanguage\":\"fr-FR\",\"@id\":\"https:\/\/swiss-peak.com\/fr\/produit\/sac-a-dos-avec-acces-facile-ordinateur-15-aware-noir\/#primaryimage\",\"url\":\"https:\/\/swiss-peak.com\/wp-content\/uploads\/sites\/9\/2026\/04\/P763.111__S_0__f6a8b62b388b439b87198b9caef768f2.jpg\",\"contentUrl\":\"https:\/\/swiss-peak.com\/wp-content\/uploads\/sites\/9\/2026\/04\/P763.111__S_0__f6a8b62b388b439b87198b9caef768f2.jpg\",\"width\":1024,\"height\":1024},{\"@type\":\"BreadcrumbList\",\"@id\":\"https:\/\/swiss-peak.com\/fr\/produit\/sac-a-dos-avec-acces-facile-ordinateur-15-aware-noir\/#breadcrumb\",\"itemListElement\":[{\"@type\":\"ListItem\",\"position\":1,\"name\":\"Home\",\"item\":\"https:\/\/swiss-peak.com\/fr\/\"},{\"@type\":\"ListItem\",\"position\":2,\"name\":\"Collection\",\"item\":\"https:\/\/swiss-peak.com\/fr\/collection\/\"},{\"@type\":\"ListItem\",\"position\":3,\"name\":\"Sac \u00e0 dos avec acc\u00e8s facile ordinateur 15.6&#8242; AWARE\u2122, noir\"}]},{\"@type\":\"WebSite\",\"@id\":\"https:\/\/swiss-peak.com\/fr\/#website\",\"url\":\"https:\/\/swiss-peak.com\/fr\/\",\"name\":\"Swiss Peak\",\"description\":\"Where will today take you?\",\"potentialAction\":[{\"@type\":\"SearchAction\",\"target\":{\"@type\":\"EntryPoint\",\"urlTemplate\":\"https:\/\/swiss-peak.com\/fr\/?s={search_term_string}\"},\"query-input\":{\"@type\":\"PropertyValueSpecification\",\"valueRequired\":true,\"valueName\":\"search_term_string\"}}],\"inLanguage\":\"fr-FR\"}]}<\/script>\n<!-- \/ Yoast SEO plugin. -->","yoast_head_json":{"title":"Sac \u00e0 dos avec acc\u00e8s facile ordinateur 15.6' AWARE\u2122, noir - Swiss Peak","robots":{"index":"index","follow":"follow","max-snippet":"max-snippet:-1","max-image-preview":"max-image-preview:large","max-video-preview":"max-video-preview:-1"},"canonical":"https:\/\/swiss-peak.com\/fr\/produit\/sac-a-dos-avec-acces-facile-ordinateur-15-aware-noir\/","og_locale":"fr_FR","og_type":"article","og_title":"Sac \u00e0 dos avec acc\u00e8s facile ordinateur 15.6' AWARE\u2122, noir - Swiss Peak","og_description":"Sac \u00e0 dos moderne et minimaliste pour ordinateur portable en polyester recycl\u00e9, vous accompagne dans tous vos d\u00e9placements professionnels. Avec de profondes poches verticales \u00e0 l&rsquo;avant et un partie sup\u00e9rieur zipp\u00e9 facile \u00e0 ouvrir qui r\u00e9v\u00e8le un int\u00e9rieur spacieux avec des sections pour un ordinateur portable et un iPad. Comprend des poches int\u00e9rieures prot\u00e9g\u00e9es par [&hellip;]","og_url":"https:\/\/swiss-peak.com\/fr\/produit\/sac-a-dos-avec-acces-facile-ordinateur-15-aware-noir\/","og_site_name":"Swiss Peak","article_modified_time":"2026-04-16T00:26:10+00:00","og_image":[{"width":1024,"height":1024,"url":"https:\/\/swiss-peak.com\/wp-content\/uploads\/sites\/9\/2026\/04\/P763.111__S_0__f6a8b62b388b439b87198b9caef768f2.jpg","type":"image\/jpeg"}],"twitter_card":"summary_large_image","schema":{"@context":"https:\/\/schema.org","@graph":[{"@type":"WebPage","@id":"https:\/\/swiss-peak.com\/fr\/produit\/sac-a-dos-avec-acces-facile-ordinateur-15-aware-noir\/","url":"https:\/\/swiss-peak.com\/fr\/produit\/sac-a-dos-avec-acces-facile-ordinateur-15-aware-noir\/","name":"Sac \u00e0 dos avec acc\u00e8s facile ordinateur 15.6' AWARE\u2122, noir - Swiss Peak","isPartOf":{"@id":"https:\/\/swiss-peak.com\/fr\/#website"},"primaryImageOfPage":{"@id":"https:\/\/swiss-peak.com\/fr\/produit\/sac-a-dos-avec-acces-facile-ordinateur-15-aware-noir\/#primaryimage"},"image":{"@id":"https:\/\/swiss-peak.com\/fr\/produit\/sac-a-dos-avec-acces-facile-ordinateur-15-aware-noir\/#primaryimage"},"thumbnailUrl":"https:\/\/swiss-peak.com\/wp-content\/uploads\/sites\/9\/2026\/04\/P763.111__S_0__f6a8b62b388b439b87198b9caef768f2.jpg","datePublished":"2023-03-14T09:51:26+00:00","dateModified":"2026-04-16T00:26:10+00:00","breadcrumb":{"@id":"https:\/\/swiss-peak.com\/fr\/produit\/sac-a-dos-avec-acces-facile-ordinateur-15-aware-noir\/#breadcrumb"},"inLanguage":"fr-FR","potentialAction":[{"@type":"ReadAction","target":["https:\/\/swiss-peak.com\/fr\/produit\/sac-a-dos-avec-acces-facile-ordinateur-15-aware-noir\/"]}]},{"@type":"ImageObject","inLanguage":"fr-FR","@id":"https:\/\/swiss-peak.com\/fr\/produit\/sac-a-dos-avec-acces-facile-ordinateur-15-aware-noir\/#primaryimage","url":"https:\/\/swiss-peak.com\/wp-content\/uploads\/sites\/9\/2026\/04\/P763.111__S_0__f6a8b62b388b439b87198b9caef768f2.jpg","contentUrl":"https:\/\/swiss-peak.com\/wp-content\/uploads\/sites\/9\/2026\/04\/P763.111__S_0__f6a8b62b388b439b87198b9caef768f2.jpg","width":1024,"height":1024},{"@type":"BreadcrumbList","@id":"https:\/\/swiss-peak.com\/fr\/produit\/sac-a-dos-avec-acces-facile-ordinateur-15-aware-noir\/#breadcrumb","itemListElement":[{"@type":"ListItem","position":1,"name":"Home","item":"https:\/\/swiss-peak.com\/fr\/"},{"@type":"ListItem","position":2,"name":"Collection","item":"https:\/\/swiss-peak.com\/fr\/collection\/"},{"@type":"ListItem","position":3,"name":"Sac \u00e0 dos avec acc\u00e8s facile ordinateur 15.6&#8242; AWARE\u2122, noir"}]},{"@type":"WebSite","@id":"https:\/\/swiss-peak.com\/fr\/#website","url":"https:\/\/swiss-peak.com\/fr\/","name":"Swiss Peak","description":"Where will today take you?","potentialAction":[{"@type":"SearchAction","target":{"@type":"EntryPoint","urlTemplate":"https:\/\/swiss-peak.com\/fr\/?s={search_term_string}"},"query-input":{"@type":"PropertyValueSpecification","valueRequired":true,"valueName":"search_term_string"}}],"inLanguage":"fr-FR"}]}},"_links":{"self":[{"href":"https:\/\/swiss-peak.com\/fr\/wp-json\/wp\/v2\/product\/15017","targetHints":{"allow":["GET"]}}],"collection":[{"href":"https:\/\/swiss-peak.com\/fr\/wp-json\/wp\/v2\/product"}],"about":[{"href":"https:\/\/swiss-peak.com\/fr\/wp-json\/wp\/v2\/types\/product"}],"wp:featuredmedia":[{"embeddable":true,"href":"https:\/\/swiss-peak.com\/fr\/wp-json\/wp\/v2\/media\/46430"}],"wp:attachment":[{"href":"https:\/\/swiss-peak.com\/fr\/wp-json\/wp\/v2\/media?parent=15017"}],"wp:term":[{"taxonomy":"product_cat","embeddable":true,"href":"https:\/\/swiss-peak.com\/fr\/wp-json\/wp\/v2\/product_cat?post=15017"},{"taxonomy":"product_tag","embeddable":true,"href":"https:\/\/swiss-peak.com\/fr\/wp-json\/wp\/v2\/product_tag?post=15017"}],"curies":[{"name":"wp","href":"https:\/\/api.w.org\/{rel}","templated":true}]}}