{"id":15013,"date":"2023-03-14T11:51:26","date_gmt":"2023-03-14T09:51:26","guid":{"rendered":"https:\/\/xdsomename.tempurl.host\/swisspeak-website\/collection\/non%20class\u00e9\/sac-a-dos-ordinateur-voyager-en-rpet-aware-noir\/"},"modified":"2026-03-12T03:27:02","modified_gmt":"2026-03-12T01:27:02","slug":"sac-a-dos-ordinateur-voyager-en-rpet-aware-noir","status":"publish","type":"product","link":"https:\/\/swiss-peak.com\/fr\/produit\/sac-a-dos-ordinateur-voyager-en-rpet-aware-noir\/","title":{"rendered":"Sac \u00e0 dos ordinateur Voyager en rPET AWARE\u2122, noir"},"content":{"rendered":"<p>Sac \u00e0 dos fabriqu\u00e9 \u00e0 partir de tissu durable 1680D en polyester recycl\u00e9 avec de riches d\u00e9tails PU et dispose d&rsquo;une forme bien con\u00e7ue avec plusieurs poches pour le rangement et l&rsquo;organisation. En plus du spacieux compartiment principal, ce sac \u00e0 dos dispose d&rsquo;une poche rembour\u00e9e pour ordinateur portable de 15,6&Prime; et d&rsquo;une poche suppl\u00e9mentaires pour vos objets essentiels. Ce sac contient aussi une sortie USB, des poches anti RFDI, des poches \u00e0 stylos, une \u00e9tiquette de bagage amovible et une poche \u00e0 bouteille d&rsquo;eau. L&rsquo;ext\u00e9rieur : 100% 1680D polyester, doublure : 150D polyester recycl\u00e9. Avec traceur AWARE\u2122 qui prouve l&rsquo;utilisation r\u00e9elles des mat\u00e9riaux recycl\u00e9s. Chaque sac a r\u00e9utilis\u00e9 49,92 bouteilles en PET 0,5L. 2% de chaque produit IMPACT vendu sera revers\u00e9 \u00e0 Water.org.<\/p>\n","protected":false},"excerpt":{"rendered":"<p>Sac \u00e0 dos fabriqu\u00e9 \u00e0 partir de tissu durable 1680D en polyester recycl\u00e9 avec de riches d\u00e9tails PU et dispose d&rsquo;une forme bien con\u00e7ue avec plusieurs poches pour le rangement et l&rsquo;organisation. En plus du spacieux compartiment principal, ce sac \u00e0 dos dispose d&rsquo;une poche rembour\u00e9e pour ordinateur portable de 15,6&Prime; et d&rsquo;une poche suppl\u00e9mentaires [&hellip;]<\/p>\n","protected":false},"featured_media":34690,"template":"","meta":{"_acf_changed":false},"product_cat":[255,259],"product_tag":[],"class_list":["post-15013","product","type-product","status-publish","has-post-thumbnail","hentry","product_cat-sacs-voyage","product_cat-sacs-a-dos","pa_color-black-fr"],"acf":[],"yoast_head":"<!-- This site is optimized with the Yoast SEO plugin v27.0 - https:\/\/yoast.com\/product\/yoast-seo-wordpress\/ -->\n<title>Sac \u00e0 dos ordinateur Voyager en rPET AWARE\u2122, noir - Swiss Peak<\/title>\n<meta name=\"robots\" content=\"index, follow, max-snippet:-1, max-image-preview:large, max-video-preview:-1\" \/>\n<link rel=\"canonical\" href=\"https:\/\/swiss-peak.com\/fr\/produit\/sac-a-dos-ordinateur-voyager-en-rpet-aware-noir\/\" \/>\n<meta property=\"og:locale\" content=\"fr_FR\" \/>\n<meta property=\"og:type\" content=\"article\" \/>\n<meta property=\"og:title\" content=\"Sac \u00e0 dos ordinateur Voyager en rPET AWARE\u2122, noir - Swiss Peak\" \/>\n<meta property=\"og:description\" content=\"Sac \u00e0 dos fabriqu\u00e9 \u00e0 partir de tissu durable 1680D en polyester recycl\u00e9 avec de riches d\u00e9tails PU et dispose d&rsquo;une forme bien con\u00e7ue avec plusieurs poches pour le rangement et l&rsquo;organisation. En plus du spacieux compartiment principal, ce sac \u00e0 dos dispose d&rsquo;une poche rembour\u00e9e pour ordinateur portable de 15,6&Prime; et d&rsquo;une poche suppl\u00e9mentaires [&hellip;]\" \/>\n<meta property=\"og:url\" content=\"https:\/\/swiss-peak.com\/fr\/produit\/sac-a-dos-ordinateur-voyager-en-rpet-aware-noir\/\" \/>\n<meta property=\"og:site_name\" content=\"Swiss Peak\" \/>\n<meta property=\"article:modified_time\" content=\"2026-03-12T01:27:02+00:00\" \/>\n<meta property=\"og:image\" content=\"https:\/\/swiss-peak.com\/wp-content\/uploads\/sites\/9\/2024\/02\/P762.881__S_0__94ad96fa0538465784e203cc99826e27.jpg\" \/>\n\t<meta property=\"og:image:width\" content=\"1024\" \/>\n\t<meta property=\"og:image:height\" content=\"1024\" \/>\n\t<meta property=\"og:image:type\" content=\"image\/jpeg\" \/>\n<meta name=\"twitter:card\" content=\"summary_large_image\" \/>\n<meta name=\"twitter:label1\" content=\"Dur\u00e9e de lecture estim\u00e9e\" \/>\n\t<meta name=\"twitter:data1\" content=\"1 minute\" \/>\n<script type=\"application\/ld+json\" class=\"yoast-schema-graph\">{\"@context\":\"https:\/\/schema.org\",\"@graph\":[{\"@type\":\"WebPage\",\"@id\":\"https:\/\/swiss-peak.com\/fr\/produit\/sac-a-dos-ordinateur-voyager-en-rpet-aware-noir\/\",\"url\":\"https:\/\/swiss-peak.com\/fr\/produit\/sac-a-dos-ordinateur-voyager-en-rpet-aware-noir\/\",\"name\":\"Sac \u00e0 dos ordinateur Voyager en rPET AWARE\u2122, noir - Swiss Peak\",\"isPartOf\":{\"@id\":\"https:\/\/swiss-peak.com\/fr\/#website\"},\"primaryImageOfPage\":{\"@id\":\"https:\/\/swiss-peak.com\/fr\/produit\/sac-a-dos-ordinateur-voyager-en-rpet-aware-noir\/#primaryimage\"},\"image\":{\"@id\":\"https:\/\/swiss-peak.com\/fr\/produit\/sac-a-dos-ordinateur-voyager-en-rpet-aware-noir\/#primaryimage\"},\"thumbnailUrl\":\"https:\/\/swiss-peak.com\/wp-content\/uploads\/sites\/9\/2024\/02\/P762.881__S_0__94ad96fa0538465784e203cc99826e27.jpg\",\"datePublished\":\"2023-03-14T09:51:26+00:00\",\"dateModified\":\"2026-03-12T01:27:02+00:00\",\"breadcrumb\":{\"@id\":\"https:\/\/swiss-peak.com\/fr\/produit\/sac-a-dos-ordinateur-voyager-en-rpet-aware-noir\/#breadcrumb\"},\"inLanguage\":\"fr-FR\",\"potentialAction\":[{\"@type\":\"ReadAction\",\"target\":[\"https:\/\/swiss-peak.com\/fr\/produit\/sac-a-dos-ordinateur-voyager-en-rpet-aware-noir\/\"]}]},{\"@type\":\"ImageObject\",\"inLanguage\":\"fr-FR\",\"@id\":\"https:\/\/swiss-peak.com\/fr\/produit\/sac-a-dos-ordinateur-voyager-en-rpet-aware-noir\/#primaryimage\",\"url\":\"https:\/\/swiss-peak.com\/wp-content\/uploads\/sites\/9\/2024\/02\/P762.881__S_0__94ad96fa0538465784e203cc99826e27.jpg\",\"contentUrl\":\"https:\/\/swiss-peak.com\/wp-content\/uploads\/sites\/9\/2024\/02\/P762.881__S_0__94ad96fa0538465784e203cc99826e27.jpg\",\"width\":1024,\"height\":1024},{\"@type\":\"BreadcrumbList\",\"@id\":\"https:\/\/swiss-peak.com\/fr\/produit\/sac-a-dos-ordinateur-voyager-en-rpet-aware-noir\/#breadcrumb\",\"itemListElement\":[{\"@type\":\"ListItem\",\"position\":1,\"name\":\"Home\",\"item\":\"https:\/\/swiss-peak.com\/fr\/\"},{\"@type\":\"ListItem\",\"position\":2,\"name\":\"Collection\",\"item\":\"https:\/\/swiss-peak.com\/fr\/collection\/\"},{\"@type\":\"ListItem\",\"position\":3,\"name\":\"Sac \u00e0 dos ordinateur Voyager en rPET AWARE\u2122, noir\"}]},{\"@type\":\"WebSite\",\"@id\":\"https:\/\/swiss-peak.com\/fr\/#website\",\"url\":\"https:\/\/swiss-peak.com\/fr\/\",\"name\":\"Swiss Peak\",\"description\":\"Where will today take you?\",\"potentialAction\":[{\"@type\":\"SearchAction\",\"target\":{\"@type\":\"EntryPoint\",\"urlTemplate\":\"https:\/\/swiss-peak.com\/fr\/?s={search_term_string}\"},\"query-input\":{\"@type\":\"PropertyValueSpecification\",\"valueRequired\":true,\"valueName\":\"search_term_string\"}}],\"inLanguage\":\"fr-FR\"}]}<\/script>\n<!-- \/ Yoast SEO plugin. -->","yoast_head_json":{"title":"Sac \u00e0 dos ordinateur Voyager en rPET AWARE\u2122, noir - Swiss Peak","robots":{"index":"index","follow":"follow","max-snippet":"max-snippet:-1","max-image-preview":"max-image-preview:large","max-video-preview":"max-video-preview:-1"},"canonical":"https:\/\/swiss-peak.com\/fr\/produit\/sac-a-dos-ordinateur-voyager-en-rpet-aware-noir\/","og_locale":"fr_FR","og_type":"article","og_title":"Sac \u00e0 dos ordinateur Voyager en rPET AWARE\u2122, noir - Swiss Peak","og_description":"Sac \u00e0 dos fabriqu\u00e9 \u00e0 partir de tissu durable 1680D en polyester recycl\u00e9 avec de riches d\u00e9tails PU et dispose d&rsquo;une forme bien con\u00e7ue avec plusieurs poches pour le rangement et l&rsquo;organisation. En plus du spacieux compartiment principal, ce sac \u00e0 dos dispose d&rsquo;une poche rembour\u00e9e pour ordinateur portable de 15,6&Prime; et d&rsquo;une poche suppl\u00e9mentaires [&hellip;]","og_url":"https:\/\/swiss-peak.com\/fr\/produit\/sac-a-dos-ordinateur-voyager-en-rpet-aware-noir\/","og_site_name":"Swiss Peak","article_modified_time":"2026-03-12T01:27:02+00:00","og_image":[{"width":1024,"height":1024,"url":"https:\/\/swiss-peak.com\/wp-content\/uploads\/sites\/9\/2024\/02\/P762.881__S_0__94ad96fa0538465784e203cc99826e27.jpg","type":"image\/jpeg"}],"twitter_card":"summary_large_image","twitter_misc":{"Dur\u00e9e de lecture estim\u00e9e":"1 minute"},"schema":{"@context":"https:\/\/schema.org","@graph":[{"@type":"WebPage","@id":"https:\/\/swiss-peak.com\/fr\/produit\/sac-a-dos-ordinateur-voyager-en-rpet-aware-noir\/","url":"https:\/\/swiss-peak.com\/fr\/produit\/sac-a-dos-ordinateur-voyager-en-rpet-aware-noir\/","name":"Sac \u00e0 dos ordinateur Voyager en rPET AWARE\u2122, noir - Swiss Peak","isPartOf":{"@id":"https:\/\/swiss-peak.com\/fr\/#website"},"primaryImageOfPage":{"@id":"https:\/\/swiss-peak.com\/fr\/produit\/sac-a-dos-ordinateur-voyager-en-rpet-aware-noir\/#primaryimage"},"image":{"@id":"https:\/\/swiss-peak.com\/fr\/produit\/sac-a-dos-ordinateur-voyager-en-rpet-aware-noir\/#primaryimage"},"thumbnailUrl":"https:\/\/swiss-peak.com\/wp-content\/uploads\/sites\/9\/2024\/02\/P762.881__S_0__94ad96fa0538465784e203cc99826e27.jpg","datePublished":"2023-03-14T09:51:26+00:00","dateModified":"2026-03-12T01:27:02+00:00","breadcrumb":{"@id":"https:\/\/swiss-peak.com\/fr\/produit\/sac-a-dos-ordinateur-voyager-en-rpet-aware-noir\/#breadcrumb"},"inLanguage":"fr-FR","potentialAction":[{"@type":"ReadAction","target":["https:\/\/swiss-peak.com\/fr\/produit\/sac-a-dos-ordinateur-voyager-en-rpet-aware-noir\/"]}]},{"@type":"ImageObject","inLanguage":"fr-FR","@id":"https:\/\/swiss-peak.com\/fr\/produit\/sac-a-dos-ordinateur-voyager-en-rpet-aware-noir\/#primaryimage","url":"https:\/\/swiss-peak.com\/wp-content\/uploads\/sites\/9\/2024\/02\/P762.881__S_0__94ad96fa0538465784e203cc99826e27.jpg","contentUrl":"https:\/\/swiss-peak.com\/wp-content\/uploads\/sites\/9\/2024\/02\/P762.881__S_0__94ad96fa0538465784e203cc99826e27.jpg","width":1024,"height":1024},{"@type":"BreadcrumbList","@id":"https:\/\/swiss-peak.com\/fr\/produit\/sac-a-dos-ordinateur-voyager-en-rpet-aware-noir\/#breadcrumb","itemListElement":[{"@type":"ListItem","position":1,"name":"Home","item":"https:\/\/swiss-peak.com\/fr\/"},{"@type":"ListItem","position":2,"name":"Collection","item":"https:\/\/swiss-peak.com\/fr\/collection\/"},{"@type":"ListItem","position":3,"name":"Sac \u00e0 dos ordinateur Voyager en rPET AWARE\u2122, noir"}]},{"@type":"WebSite","@id":"https:\/\/swiss-peak.com\/fr\/#website","url":"https:\/\/swiss-peak.com\/fr\/","name":"Swiss Peak","description":"Where will today take you?","potentialAction":[{"@type":"SearchAction","target":{"@type":"EntryPoint","urlTemplate":"https:\/\/swiss-peak.com\/fr\/?s={search_term_string}"},"query-input":{"@type":"PropertyValueSpecification","valueRequired":true,"valueName":"search_term_string"}}],"inLanguage":"fr-FR"}]}},"_links":{"self":[{"href":"https:\/\/swiss-peak.com\/fr\/wp-json\/wp\/v2\/product\/15013","targetHints":{"allow":["GET"]}}],"collection":[{"href":"https:\/\/swiss-peak.com\/fr\/wp-json\/wp\/v2\/product"}],"about":[{"href":"https:\/\/swiss-peak.com\/fr\/wp-json\/wp\/v2\/types\/product"}],"wp:featuredmedia":[{"embeddable":true,"href":"https:\/\/swiss-peak.com\/fr\/wp-json\/wp\/v2\/media\/34690"}],"wp:attachment":[{"href":"https:\/\/swiss-peak.com\/fr\/wp-json\/wp\/v2\/media?parent=15013"}],"wp:term":[{"taxonomy":"product_cat","embeddable":true,"href":"https:\/\/swiss-peak.com\/fr\/wp-json\/wp\/v2\/product_cat?post=15013"},{"taxonomy":"product_tag","embeddable":true,"href":"https:\/\/swiss-peak.com\/fr\/wp-json\/wp\/v2\/product_tag?post=15013"}],"curies":[{"name":"wp","href":"https:\/\/api.w.org\/{rel}","templated":true}]}}