{"id":15011,"date":"2023-03-14T11:51:26","date_gmt":"2023-03-14T09:51:26","guid":{"rendered":"https:\/\/xdsomename.tempurl.host\/swisspeak-website\/collection\/non%20class\u00e9\/sac-a-dos-nomade-en-rpet-aware-noir\/"},"modified":"2026-03-12T03:26:53","modified_gmt":"2026-03-12T01:26:53","slug":"sac-a-dos-nomade-en-rpet-aware-noir","status":"publish","type":"product","link":"https:\/\/swiss-peak.com\/fr\/produit\/sac-a-dos-nomade-en-rpet-aware-noir\/","title":{"rendered":"Sac \u00e0 dos nomade en rPET AWARE\u2122, noir"},"content":{"rendered":"<p>Le sac \u00e0 dos de transport par excellence pour ranger les objets du quotidien. Organisation assur\u00e9e par deux compartiments frontaux spacieux et un grand rangement principal avec un compartiment rembourr\u00e9 pour ordinateur portable de 15,6 pouces. Deux poches suppl\u00e9mentaires pour bouteilles d&rsquo;eau sur le c\u00f4t\u00e9. Avec le traceur AWARE\u2122 qui valide l&rsquo;utilisation authentique de mat\u00e9riaux recycl\u00e9s. Chaque sac a r\u00e9utilis\u00e9 32,8 bouteilles PET de 0,5L. 2 % des recettes de chaque produit Impact vendu seront revers\u00e9s \u00e0 Water.org. Sans PVC.<\/p>\n","protected":false},"excerpt":{"rendered":"<p>Le sac \u00e0 dos de transport par excellence pour ranger les objets du quotidien. Organisation assur\u00e9e par deux compartiments frontaux spacieux et un grand rangement principal avec un compartiment rembourr\u00e9 pour ordinateur portable de 15,6 pouces. Deux poches suppl\u00e9mentaires pour bouteilles d&rsquo;eau sur le c\u00f4t\u00e9. Avec le traceur AWARE\u2122 qui valide l&rsquo;utilisation authentique de mat\u00e9riaux [&hellip;]<\/p>\n","protected":false},"featured_media":34120,"template":"","meta":{"_acf_changed":false},"product_cat":[255,259],"product_tag":[],"class_list":["post-15011","product","type-product","status-publish","has-post-thumbnail","hentry","product_cat-sacs-voyage","product_cat-sacs-a-dos","pa_color-black-fr"],"acf":[],"yoast_head":"<!-- This site is optimized with the Yoast SEO plugin v27.0 - https:\/\/yoast.com\/product\/yoast-seo-wordpress\/ -->\n<title>Sac \u00e0 dos nomade en rPET AWARE\u2122, noir - Swiss Peak<\/title>\n<meta name=\"robots\" content=\"index, follow, max-snippet:-1, max-image-preview:large, max-video-preview:-1\" \/>\n<link rel=\"canonical\" href=\"https:\/\/swiss-peak.com\/fr\/produit\/sac-a-dos-nomade-en-rpet-aware-noir\/\" \/>\n<meta property=\"og:locale\" content=\"fr_FR\" \/>\n<meta property=\"og:type\" content=\"article\" \/>\n<meta property=\"og:title\" content=\"Sac \u00e0 dos nomade en rPET AWARE\u2122, noir - Swiss Peak\" \/>\n<meta property=\"og:description\" content=\"Le sac \u00e0 dos de transport par excellence pour ranger les objets du quotidien. Organisation assur\u00e9e par deux compartiments frontaux spacieux et un grand rangement principal avec un compartiment rembourr\u00e9 pour ordinateur portable de 15,6 pouces. Deux poches suppl\u00e9mentaires pour bouteilles d&rsquo;eau sur le c\u00f4t\u00e9. Avec le traceur AWARE\u2122 qui valide l&rsquo;utilisation authentique de mat\u00e9riaux [&hellip;]\" \/>\n<meta property=\"og:url\" content=\"https:\/\/swiss-peak.com\/fr\/produit\/sac-a-dos-nomade-en-rpet-aware-noir\/\" \/>\n<meta property=\"og:site_name\" content=\"Swiss Peak\" \/>\n<meta property=\"article:modified_time\" content=\"2026-03-12T01:26:53+00:00\" \/>\n<meta property=\"og:image\" content=\"https:\/\/swiss-peak.com\/wp-content\/uploads\/sites\/9\/2024\/02\/P762.781__S_0__10e6fe9400f84a67b47cc2bf223790b4.jpg\" \/>\n\t<meta property=\"og:image:width\" content=\"1024\" \/>\n\t<meta property=\"og:image:height\" content=\"1024\" \/>\n\t<meta property=\"og:image:type\" content=\"image\/jpeg\" \/>\n<meta name=\"twitter:card\" content=\"summary_large_image\" \/>\n<script type=\"application\/ld+json\" class=\"yoast-schema-graph\">{\"@context\":\"https:\/\/schema.org\",\"@graph\":[{\"@type\":\"WebPage\",\"@id\":\"https:\/\/swiss-peak.com\/fr\/produit\/sac-a-dos-nomade-en-rpet-aware-noir\/\",\"url\":\"https:\/\/swiss-peak.com\/fr\/produit\/sac-a-dos-nomade-en-rpet-aware-noir\/\",\"name\":\"Sac \u00e0 dos nomade en rPET AWARE\u2122, noir - Swiss Peak\",\"isPartOf\":{\"@id\":\"https:\/\/swiss-peak.com\/fr\/#website\"},\"primaryImageOfPage\":{\"@id\":\"https:\/\/swiss-peak.com\/fr\/produit\/sac-a-dos-nomade-en-rpet-aware-noir\/#primaryimage\"},\"image\":{\"@id\":\"https:\/\/swiss-peak.com\/fr\/produit\/sac-a-dos-nomade-en-rpet-aware-noir\/#primaryimage\"},\"thumbnailUrl\":\"https:\/\/swiss-peak.com\/wp-content\/uploads\/sites\/9\/2024\/02\/P762.781__S_0__10e6fe9400f84a67b47cc2bf223790b4.jpg\",\"datePublished\":\"2023-03-14T09:51:26+00:00\",\"dateModified\":\"2026-03-12T01:26:53+00:00\",\"breadcrumb\":{\"@id\":\"https:\/\/swiss-peak.com\/fr\/produit\/sac-a-dos-nomade-en-rpet-aware-noir\/#breadcrumb\"},\"inLanguage\":\"fr-FR\",\"potentialAction\":[{\"@type\":\"ReadAction\",\"target\":[\"https:\/\/swiss-peak.com\/fr\/produit\/sac-a-dos-nomade-en-rpet-aware-noir\/\"]}]},{\"@type\":\"ImageObject\",\"inLanguage\":\"fr-FR\",\"@id\":\"https:\/\/swiss-peak.com\/fr\/produit\/sac-a-dos-nomade-en-rpet-aware-noir\/#primaryimage\",\"url\":\"https:\/\/swiss-peak.com\/wp-content\/uploads\/sites\/9\/2024\/02\/P762.781__S_0__10e6fe9400f84a67b47cc2bf223790b4.jpg\",\"contentUrl\":\"https:\/\/swiss-peak.com\/wp-content\/uploads\/sites\/9\/2024\/02\/P762.781__S_0__10e6fe9400f84a67b47cc2bf223790b4.jpg\",\"width\":1024,\"height\":1024},{\"@type\":\"BreadcrumbList\",\"@id\":\"https:\/\/swiss-peak.com\/fr\/produit\/sac-a-dos-nomade-en-rpet-aware-noir\/#breadcrumb\",\"itemListElement\":[{\"@type\":\"ListItem\",\"position\":1,\"name\":\"Home\",\"item\":\"https:\/\/swiss-peak.com\/fr\/\"},{\"@type\":\"ListItem\",\"position\":2,\"name\":\"Collection\",\"item\":\"https:\/\/swiss-peak.com\/fr\/collection\/\"},{\"@type\":\"ListItem\",\"position\":3,\"name\":\"Sac \u00e0 dos nomade en rPET AWARE\u2122, noir\"}]},{\"@type\":\"WebSite\",\"@id\":\"https:\/\/swiss-peak.com\/fr\/#website\",\"url\":\"https:\/\/swiss-peak.com\/fr\/\",\"name\":\"Swiss Peak\",\"description\":\"Where will today take you?\",\"potentialAction\":[{\"@type\":\"SearchAction\",\"target\":{\"@type\":\"EntryPoint\",\"urlTemplate\":\"https:\/\/swiss-peak.com\/fr\/?s={search_term_string}\"},\"query-input\":{\"@type\":\"PropertyValueSpecification\",\"valueRequired\":true,\"valueName\":\"search_term_string\"}}],\"inLanguage\":\"fr-FR\"}]}<\/script>\n<!-- \/ Yoast SEO plugin. -->","yoast_head_json":{"title":"Sac \u00e0 dos nomade en rPET AWARE\u2122, noir - Swiss Peak","robots":{"index":"index","follow":"follow","max-snippet":"max-snippet:-1","max-image-preview":"max-image-preview:large","max-video-preview":"max-video-preview:-1"},"canonical":"https:\/\/swiss-peak.com\/fr\/produit\/sac-a-dos-nomade-en-rpet-aware-noir\/","og_locale":"fr_FR","og_type":"article","og_title":"Sac \u00e0 dos nomade en rPET AWARE\u2122, noir - Swiss Peak","og_description":"Le sac \u00e0 dos de transport par excellence pour ranger les objets du quotidien. Organisation assur\u00e9e par deux compartiments frontaux spacieux et un grand rangement principal avec un compartiment rembourr\u00e9 pour ordinateur portable de 15,6 pouces. Deux poches suppl\u00e9mentaires pour bouteilles d&rsquo;eau sur le c\u00f4t\u00e9. Avec le traceur AWARE\u2122 qui valide l&rsquo;utilisation authentique de mat\u00e9riaux [&hellip;]","og_url":"https:\/\/swiss-peak.com\/fr\/produit\/sac-a-dos-nomade-en-rpet-aware-noir\/","og_site_name":"Swiss Peak","article_modified_time":"2026-03-12T01:26:53+00:00","og_image":[{"width":1024,"height":1024,"url":"https:\/\/swiss-peak.com\/wp-content\/uploads\/sites\/9\/2024\/02\/P762.781__S_0__10e6fe9400f84a67b47cc2bf223790b4.jpg","type":"image\/jpeg"}],"twitter_card":"summary_large_image","schema":{"@context":"https:\/\/schema.org","@graph":[{"@type":"WebPage","@id":"https:\/\/swiss-peak.com\/fr\/produit\/sac-a-dos-nomade-en-rpet-aware-noir\/","url":"https:\/\/swiss-peak.com\/fr\/produit\/sac-a-dos-nomade-en-rpet-aware-noir\/","name":"Sac \u00e0 dos nomade en rPET AWARE\u2122, noir - Swiss Peak","isPartOf":{"@id":"https:\/\/swiss-peak.com\/fr\/#website"},"primaryImageOfPage":{"@id":"https:\/\/swiss-peak.com\/fr\/produit\/sac-a-dos-nomade-en-rpet-aware-noir\/#primaryimage"},"image":{"@id":"https:\/\/swiss-peak.com\/fr\/produit\/sac-a-dos-nomade-en-rpet-aware-noir\/#primaryimage"},"thumbnailUrl":"https:\/\/swiss-peak.com\/wp-content\/uploads\/sites\/9\/2024\/02\/P762.781__S_0__10e6fe9400f84a67b47cc2bf223790b4.jpg","datePublished":"2023-03-14T09:51:26+00:00","dateModified":"2026-03-12T01:26:53+00:00","breadcrumb":{"@id":"https:\/\/swiss-peak.com\/fr\/produit\/sac-a-dos-nomade-en-rpet-aware-noir\/#breadcrumb"},"inLanguage":"fr-FR","potentialAction":[{"@type":"ReadAction","target":["https:\/\/swiss-peak.com\/fr\/produit\/sac-a-dos-nomade-en-rpet-aware-noir\/"]}]},{"@type":"ImageObject","inLanguage":"fr-FR","@id":"https:\/\/swiss-peak.com\/fr\/produit\/sac-a-dos-nomade-en-rpet-aware-noir\/#primaryimage","url":"https:\/\/swiss-peak.com\/wp-content\/uploads\/sites\/9\/2024\/02\/P762.781__S_0__10e6fe9400f84a67b47cc2bf223790b4.jpg","contentUrl":"https:\/\/swiss-peak.com\/wp-content\/uploads\/sites\/9\/2024\/02\/P762.781__S_0__10e6fe9400f84a67b47cc2bf223790b4.jpg","width":1024,"height":1024},{"@type":"BreadcrumbList","@id":"https:\/\/swiss-peak.com\/fr\/produit\/sac-a-dos-nomade-en-rpet-aware-noir\/#breadcrumb","itemListElement":[{"@type":"ListItem","position":1,"name":"Home","item":"https:\/\/swiss-peak.com\/fr\/"},{"@type":"ListItem","position":2,"name":"Collection","item":"https:\/\/swiss-peak.com\/fr\/collection\/"},{"@type":"ListItem","position":3,"name":"Sac \u00e0 dos nomade en rPET AWARE\u2122, noir"}]},{"@type":"WebSite","@id":"https:\/\/swiss-peak.com\/fr\/#website","url":"https:\/\/swiss-peak.com\/fr\/","name":"Swiss Peak","description":"Where will today take you?","potentialAction":[{"@type":"SearchAction","target":{"@type":"EntryPoint","urlTemplate":"https:\/\/swiss-peak.com\/fr\/?s={search_term_string}"},"query-input":{"@type":"PropertyValueSpecification","valueRequired":true,"valueName":"search_term_string"}}],"inLanguage":"fr-FR"}]}},"_links":{"self":[{"href":"https:\/\/swiss-peak.com\/fr\/wp-json\/wp\/v2\/product\/15011","targetHints":{"allow":["GET"]}}],"collection":[{"href":"https:\/\/swiss-peak.com\/fr\/wp-json\/wp\/v2\/product"}],"about":[{"href":"https:\/\/swiss-peak.com\/fr\/wp-json\/wp\/v2\/types\/product"}],"wp:featuredmedia":[{"embeddable":true,"href":"https:\/\/swiss-peak.com\/fr\/wp-json\/wp\/v2\/media\/34120"}],"wp:attachment":[{"href":"https:\/\/swiss-peak.com\/fr\/wp-json\/wp\/v2\/media?parent=15011"}],"wp:term":[{"taxonomy":"product_cat","embeddable":true,"href":"https:\/\/swiss-peak.com\/fr\/wp-json\/wp\/v2\/product_cat?post=15011"},{"taxonomy":"product_tag","embeddable":true,"href":"https:\/\/swiss-peak.com\/fr\/wp-json\/wp\/v2\/product_tag?post=15011"}],"curies":[{"name":"wp","href":"https:\/\/api.w.org\/{rel}","templated":true}]}}