{"id":15009,"date":"2023-03-14T11:51:04","date_gmt":"2023-03-14T09:51:04","guid":{"rendered":"https:\/\/xdsomename.tempurl.host\/swisspeak-website\/collection\/non%20class\u00e9\/petit-sac-a-dos-en-rpet-aware-noir\/"},"modified":"2026-03-12T03:26:45","modified_gmt":"2026-03-12T01:26:45","slug":"petit-sac-a-dos-en-rpet-aware-noir","status":"publish","type":"product","link":"https:\/\/swiss-peak.com\/fr\/produit\/petit-sac-a-dos-en-rpet-aware-noir\/","title":{"rendered":"Petit sac \u00e0 dos en rPET AWARE\u2122, noir"},"content":{"rendered":"<p>Prot\u00e9gez et transportez votre ordinateur portable et d&rsquo;autres \u00e9l\u00e9ments essentiels dans cet \u00e9l\u00e9gant sac \u00e0 dos pour ordinateur portable Swiss Peak. Compartiment rembourr\u00e9 pour ordinateur 15,6, multiples poches et une sangle \u00e0 bagage. Avec le traceur AWARE\u2122 qui valide l&rsquo;utilisation authentique de mat\u00e9riaux recycl\u00e9s. Chaque sac a r\u00e9utilis\u00e9 22,6 bouteilles PET de 0,5L. 2 % des recettes de chaque produit Impact vendu seront revers\u00e9s \u00e0 Water.org. Sans PVC.<\/p>\n","protected":false},"excerpt":{"rendered":"<p>Prot\u00e9gez et transportez votre ordinateur portable et d&rsquo;autres \u00e9l\u00e9ments essentiels dans cet \u00e9l\u00e9gant sac \u00e0 dos pour ordinateur portable Swiss Peak. Compartiment rembourr\u00e9 pour ordinateur 15,6, multiples poches et une sangle \u00e0 bagage. Avec le traceur AWARE\u2122 qui valide l&rsquo;utilisation authentique de mat\u00e9riaux recycl\u00e9s. Chaque sac a r\u00e9utilis\u00e9 22,6 bouteilles PET de 0,5L. 2 % [&hellip;]<\/p>\n","protected":false},"featured_media":33682,"template":"","meta":{"_acf_changed":false},"product_cat":[255,259],"product_tag":[],"class_list":["post-15009","product","type-product","status-publish","has-post-thumbnail","hentry","product_cat-sacs-voyage","product_cat-sacs-a-dos","pa_color-black-fr"],"acf":[],"yoast_head":"<!-- This site is optimized with the Yoast SEO plugin v27.0 - https:\/\/yoast.com\/product\/yoast-seo-wordpress\/ -->\n<title>Petit sac \u00e0 dos en rPET AWARE\u2122, noir - Swiss Peak<\/title>\n<meta name=\"robots\" content=\"index, follow, max-snippet:-1, max-image-preview:large, max-video-preview:-1\" \/>\n<link rel=\"canonical\" href=\"https:\/\/swiss-peak.com\/fr\/produit\/petit-sac-a-dos-en-rpet-aware-noir\/\" \/>\n<meta property=\"og:locale\" content=\"fr_FR\" \/>\n<meta property=\"og:type\" content=\"article\" \/>\n<meta property=\"og:title\" content=\"Petit sac \u00e0 dos en rPET AWARE\u2122, noir - Swiss Peak\" \/>\n<meta property=\"og:description\" content=\"Prot\u00e9gez et transportez votre ordinateur portable et d&rsquo;autres \u00e9l\u00e9ments essentiels dans cet \u00e9l\u00e9gant sac \u00e0 dos pour ordinateur portable Swiss Peak. Compartiment rembourr\u00e9 pour ordinateur 15,6, multiples poches et une sangle \u00e0 bagage. Avec le traceur AWARE\u2122 qui valide l&rsquo;utilisation authentique de mat\u00e9riaux recycl\u00e9s. Chaque sac a r\u00e9utilis\u00e9 22,6 bouteilles PET de 0,5L. 2 % [&hellip;]\" \/>\n<meta property=\"og:url\" content=\"https:\/\/swiss-peak.com\/fr\/produit\/petit-sac-a-dos-en-rpet-aware-noir\/\" \/>\n<meta property=\"og:site_name\" content=\"Swiss Peak\" \/>\n<meta property=\"article:modified_time\" content=\"2026-03-12T01:26:45+00:00\" \/>\n<meta property=\"og:image\" content=\"https:\/\/swiss-peak.com\/wp-content\/uploads\/sites\/9\/2024\/02\/P762.741__S_0__8b3448db45cc4a569b157bff7e5afd99-1.jpg\" \/>\n\t<meta property=\"og:image:width\" content=\"1024\" \/>\n\t<meta property=\"og:image:height\" content=\"1024\" \/>\n\t<meta property=\"og:image:type\" content=\"image\/jpeg\" \/>\n<meta name=\"twitter:card\" content=\"summary_large_image\" \/>\n<script type=\"application\/ld+json\" class=\"yoast-schema-graph\">{\"@context\":\"https:\/\/schema.org\",\"@graph\":[{\"@type\":\"WebPage\",\"@id\":\"https:\/\/swiss-peak.com\/fr\/produit\/petit-sac-a-dos-en-rpet-aware-noir\/\",\"url\":\"https:\/\/swiss-peak.com\/fr\/produit\/petit-sac-a-dos-en-rpet-aware-noir\/\",\"name\":\"Petit sac \u00e0 dos en rPET AWARE\u2122, noir - Swiss Peak\",\"isPartOf\":{\"@id\":\"https:\/\/swiss-peak.com\/fr\/#website\"},\"primaryImageOfPage\":{\"@id\":\"https:\/\/swiss-peak.com\/fr\/produit\/petit-sac-a-dos-en-rpet-aware-noir\/#primaryimage\"},\"image\":{\"@id\":\"https:\/\/swiss-peak.com\/fr\/produit\/petit-sac-a-dos-en-rpet-aware-noir\/#primaryimage\"},\"thumbnailUrl\":\"https:\/\/swiss-peak.com\/wp-content\/uploads\/sites\/9\/2024\/02\/P762.741__S_0__8b3448db45cc4a569b157bff7e5afd99-1.jpg\",\"datePublished\":\"2023-03-14T09:51:04+00:00\",\"dateModified\":\"2026-03-12T01:26:45+00:00\",\"breadcrumb\":{\"@id\":\"https:\/\/swiss-peak.com\/fr\/produit\/petit-sac-a-dos-en-rpet-aware-noir\/#breadcrumb\"},\"inLanguage\":\"fr-FR\",\"potentialAction\":[{\"@type\":\"ReadAction\",\"target\":[\"https:\/\/swiss-peak.com\/fr\/produit\/petit-sac-a-dos-en-rpet-aware-noir\/\"]}]},{\"@type\":\"ImageObject\",\"inLanguage\":\"fr-FR\",\"@id\":\"https:\/\/swiss-peak.com\/fr\/produit\/petit-sac-a-dos-en-rpet-aware-noir\/#primaryimage\",\"url\":\"https:\/\/swiss-peak.com\/wp-content\/uploads\/sites\/9\/2024\/02\/P762.741__S_0__8b3448db45cc4a569b157bff7e5afd99-1.jpg\",\"contentUrl\":\"https:\/\/swiss-peak.com\/wp-content\/uploads\/sites\/9\/2024\/02\/P762.741__S_0__8b3448db45cc4a569b157bff7e5afd99-1.jpg\",\"width\":1024,\"height\":1024},{\"@type\":\"BreadcrumbList\",\"@id\":\"https:\/\/swiss-peak.com\/fr\/produit\/petit-sac-a-dos-en-rpet-aware-noir\/#breadcrumb\",\"itemListElement\":[{\"@type\":\"ListItem\",\"position\":1,\"name\":\"Home\",\"item\":\"https:\/\/swiss-peak.com\/fr\/\"},{\"@type\":\"ListItem\",\"position\":2,\"name\":\"Collection\",\"item\":\"https:\/\/swiss-peak.com\/fr\/collection\/\"},{\"@type\":\"ListItem\",\"position\":3,\"name\":\"Petit sac \u00e0 dos en rPET AWARE\u2122, noir\"}]},{\"@type\":\"WebSite\",\"@id\":\"https:\/\/swiss-peak.com\/fr\/#website\",\"url\":\"https:\/\/swiss-peak.com\/fr\/\",\"name\":\"Swiss Peak\",\"description\":\"Where will today take you?\",\"potentialAction\":[{\"@type\":\"SearchAction\",\"target\":{\"@type\":\"EntryPoint\",\"urlTemplate\":\"https:\/\/swiss-peak.com\/fr\/?s={search_term_string}\"},\"query-input\":{\"@type\":\"PropertyValueSpecification\",\"valueRequired\":true,\"valueName\":\"search_term_string\"}}],\"inLanguage\":\"fr-FR\"}]}<\/script>\n<!-- \/ Yoast SEO plugin. -->","yoast_head_json":{"title":"Petit sac \u00e0 dos en rPET AWARE\u2122, noir - Swiss Peak","robots":{"index":"index","follow":"follow","max-snippet":"max-snippet:-1","max-image-preview":"max-image-preview:large","max-video-preview":"max-video-preview:-1"},"canonical":"https:\/\/swiss-peak.com\/fr\/produit\/petit-sac-a-dos-en-rpet-aware-noir\/","og_locale":"fr_FR","og_type":"article","og_title":"Petit sac \u00e0 dos en rPET AWARE\u2122, noir - Swiss Peak","og_description":"Prot\u00e9gez et transportez votre ordinateur portable et d&rsquo;autres \u00e9l\u00e9ments essentiels dans cet \u00e9l\u00e9gant sac \u00e0 dos pour ordinateur portable Swiss Peak. Compartiment rembourr\u00e9 pour ordinateur 15,6, multiples poches et une sangle \u00e0 bagage. Avec le traceur AWARE\u2122 qui valide l&rsquo;utilisation authentique de mat\u00e9riaux recycl\u00e9s. Chaque sac a r\u00e9utilis\u00e9 22,6 bouteilles PET de 0,5L. 2 % [&hellip;]","og_url":"https:\/\/swiss-peak.com\/fr\/produit\/petit-sac-a-dos-en-rpet-aware-noir\/","og_site_name":"Swiss Peak","article_modified_time":"2026-03-12T01:26:45+00:00","og_image":[{"width":1024,"height":1024,"url":"https:\/\/swiss-peak.com\/wp-content\/uploads\/sites\/9\/2024\/02\/P762.741__S_0__8b3448db45cc4a569b157bff7e5afd99-1.jpg","type":"image\/jpeg"}],"twitter_card":"summary_large_image","schema":{"@context":"https:\/\/schema.org","@graph":[{"@type":"WebPage","@id":"https:\/\/swiss-peak.com\/fr\/produit\/petit-sac-a-dos-en-rpet-aware-noir\/","url":"https:\/\/swiss-peak.com\/fr\/produit\/petit-sac-a-dos-en-rpet-aware-noir\/","name":"Petit sac \u00e0 dos en rPET AWARE\u2122, noir - Swiss Peak","isPartOf":{"@id":"https:\/\/swiss-peak.com\/fr\/#website"},"primaryImageOfPage":{"@id":"https:\/\/swiss-peak.com\/fr\/produit\/petit-sac-a-dos-en-rpet-aware-noir\/#primaryimage"},"image":{"@id":"https:\/\/swiss-peak.com\/fr\/produit\/petit-sac-a-dos-en-rpet-aware-noir\/#primaryimage"},"thumbnailUrl":"https:\/\/swiss-peak.com\/wp-content\/uploads\/sites\/9\/2024\/02\/P762.741__S_0__8b3448db45cc4a569b157bff7e5afd99-1.jpg","datePublished":"2023-03-14T09:51:04+00:00","dateModified":"2026-03-12T01:26:45+00:00","breadcrumb":{"@id":"https:\/\/swiss-peak.com\/fr\/produit\/petit-sac-a-dos-en-rpet-aware-noir\/#breadcrumb"},"inLanguage":"fr-FR","potentialAction":[{"@type":"ReadAction","target":["https:\/\/swiss-peak.com\/fr\/produit\/petit-sac-a-dos-en-rpet-aware-noir\/"]}]},{"@type":"ImageObject","inLanguage":"fr-FR","@id":"https:\/\/swiss-peak.com\/fr\/produit\/petit-sac-a-dos-en-rpet-aware-noir\/#primaryimage","url":"https:\/\/swiss-peak.com\/wp-content\/uploads\/sites\/9\/2024\/02\/P762.741__S_0__8b3448db45cc4a569b157bff7e5afd99-1.jpg","contentUrl":"https:\/\/swiss-peak.com\/wp-content\/uploads\/sites\/9\/2024\/02\/P762.741__S_0__8b3448db45cc4a569b157bff7e5afd99-1.jpg","width":1024,"height":1024},{"@type":"BreadcrumbList","@id":"https:\/\/swiss-peak.com\/fr\/produit\/petit-sac-a-dos-en-rpet-aware-noir\/#breadcrumb","itemListElement":[{"@type":"ListItem","position":1,"name":"Home","item":"https:\/\/swiss-peak.com\/fr\/"},{"@type":"ListItem","position":2,"name":"Collection","item":"https:\/\/swiss-peak.com\/fr\/collection\/"},{"@type":"ListItem","position":3,"name":"Petit sac \u00e0 dos en rPET AWARE\u2122, noir"}]},{"@type":"WebSite","@id":"https:\/\/swiss-peak.com\/fr\/#website","url":"https:\/\/swiss-peak.com\/fr\/","name":"Swiss Peak","description":"Where will today take you?","potentialAction":[{"@type":"SearchAction","target":{"@type":"EntryPoint","urlTemplate":"https:\/\/swiss-peak.com\/fr\/?s={search_term_string}"},"query-input":{"@type":"PropertyValueSpecification","valueRequired":true,"valueName":"search_term_string"}}],"inLanguage":"fr-FR"}]}},"_links":{"self":[{"href":"https:\/\/swiss-peak.com\/fr\/wp-json\/wp\/v2\/product\/15009","targetHints":{"allow":["GET"]}}],"collection":[{"href":"https:\/\/swiss-peak.com\/fr\/wp-json\/wp\/v2\/product"}],"about":[{"href":"https:\/\/swiss-peak.com\/fr\/wp-json\/wp\/v2\/types\/product"}],"wp:featuredmedia":[{"embeddable":true,"href":"https:\/\/swiss-peak.com\/fr\/wp-json\/wp\/v2\/media\/33682"}],"wp:attachment":[{"href":"https:\/\/swiss-peak.com\/fr\/wp-json\/wp\/v2\/media?parent=15009"}],"wp:term":[{"taxonomy":"product_cat","embeddable":true,"href":"https:\/\/swiss-peak.com\/fr\/wp-json\/wp\/v2\/product_cat?post=15009"},{"taxonomy":"product_tag","embeddable":true,"href":"https:\/\/swiss-peak.com\/fr\/wp-json\/wp\/v2\/product_tag?post=15009"}],"curies":[{"name":"wp","href":"https:\/\/api.w.org\/{rel}","templated":true}]}}