{"id":15008,"date":"2023-03-14T11:51:04","date_gmt":"2023-03-14T09:51:04","guid":{"rendered":"https:\/\/xdsomename.tempurl.host\/swisspeak-website\/collection\/non%20class\u00e9\/sac-a-dos-2-en-1-pour-ordinateur-portable-aware-noir\/"},"modified":"2026-04-16T02:25:04","modified_gmt":"2026-04-16T00:25:04","slug":"sac-a-dos-2-en-1-pour-ordinateur-portable-aware-noir","status":"publish","type":"product","link":"https:\/\/swiss-peak.com\/fr\/produit\/sac-a-dos-2-en-1-pour-ordinateur-portable-aware-noir\/","title":{"rendered":"Sac \u00e0 dos 2-en-1 pour ordinateur portable AWARE\u2122, noir"},"content":{"rendered":"<p>Sacoche 2-en-1 Swiss Peak pour ordinateur portable qui combine le meilleur de la mallette et du sac \u00e0 dos en un seul produit. Cet hybride se manie facilement et passe de l&rsquo;un \u00e0 l&rsquo;autre en un clin d\u2019\u0153il. Plein de fonctionnalit\u00e9s, il comprend 2 poches avant, de multiples poches int\u00e9rieures, un compartiment s\u00e9par\u00e9 rembourr\u00e9 pour ordinateur portable de 15,6 pouces et un compartiment spacieux pour les voyages de nuit. Compl\u00e9t\u00e9 par un passant \u00e0 trolley, ce compagnon polyvalent est une solution tout-en-un pour tous vos d\u00e9placements. Avec le traceur AWARE\u2122 qui valide l&rsquo;utilisation authentique de mat\u00e9riaux recycl\u00e9s. Chaque sac a r\u00e9utilis\u00e9 49,3 bouteilles PET. 2 % des recettes de chaque produit Aware\u2122 vendu seront revers\u00e9s \u00e0 Water.org.<\/p>\n","protected":false},"excerpt":{"rendered":"<p>Sacoche 2-en-1 Swiss Peak pour ordinateur portable qui combine le meilleur de la mallette et du sac \u00e0 dos en un seul produit. Cet hybride se manie facilement et passe de l&rsquo;un \u00e0 l&rsquo;autre en un clin d\u2019\u0153il. Plein de fonctionnalit\u00e9s, il comprend 2 poches avant, de multiples poches int\u00e9rieures, un compartiment s\u00e9par\u00e9 rembourr\u00e9 pour [&hellip;]<\/p>\n","protected":false},"featured_media":46360,"template":"","meta":{"_acf_changed":false},"product_cat":[255,259],"product_tag":[],"class_list":["post-15008","product","type-product","status-publish","has-post-thumbnail","hentry","product_cat-sacs-voyage","product_cat-sacs-a-dos","pa_color-black-fr"],"acf":[],"yoast_head":"<!-- This site is optimized with the Yoast SEO plugin v27.0 - https:\/\/yoast.com\/product\/yoast-seo-wordpress\/ -->\n<title>Sac \u00e0 dos 2-en-1 pour ordinateur portable AWARE\u2122, noir - Swiss Peak<\/title>\n<meta name=\"robots\" content=\"index, follow, max-snippet:-1, max-image-preview:large, max-video-preview:-1\" \/>\n<link rel=\"canonical\" href=\"https:\/\/swiss-peak.com\/fr\/produit\/sac-a-dos-2-en-1-pour-ordinateur-portable-aware-noir\/\" \/>\n<meta property=\"og:locale\" content=\"fr_FR\" \/>\n<meta property=\"og:type\" content=\"article\" \/>\n<meta property=\"og:title\" content=\"Sac \u00e0 dos 2-en-1 pour ordinateur portable AWARE\u2122, noir - Swiss Peak\" \/>\n<meta property=\"og:description\" content=\"Sacoche 2-en-1 Swiss Peak pour ordinateur portable qui combine le meilleur de la mallette et du sac \u00e0 dos en un seul produit. Cet hybride se manie facilement et passe de l&rsquo;un \u00e0 l&rsquo;autre en un clin d\u2019\u0153il. Plein de fonctionnalit\u00e9s, il comprend 2 poches avant, de multiples poches int\u00e9rieures, un compartiment s\u00e9par\u00e9 rembourr\u00e9 pour [&hellip;]\" \/>\n<meta property=\"og:url\" content=\"https:\/\/swiss-peak.com\/fr\/produit\/sac-a-dos-2-en-1-pour-ordinateur-portable-aware-noir\/\" \/>\n<meta property=\"og:site_name\" content=\"Swiss Peak\" \/>\n<meta property=\"article:modified_time\" content=\"2026-04-16T00:25:04+00:00\" \/>\n<meta property=\"og:image\" content=\"https:\/\/swiss-peak.com\/wp-content\/uploads\/sites\/9\/2026\/04\/P762.711__S_0__692510fe6f274900995a18fac2769f8b.jpg\" \/>\n\t<meta property=\"og:image:width\" content=\"1024\" \/>\n\t<meta property=\"og:image:height\" content=\"1024\" \/>\n\t<meta property=\"og:image:type\" content=\"image\/jpeg\" \/>\n<meta name=\"twitter:card\" content=\"summary_large_image\" \/>\n<meta name=\"twitter:label1\" content=\"Dur\u00e9e de lecture estim\u00e9e\" \/>\n\t<meta name=\"twitter:data1\" content=\"1 minute\" \/>\n<script type=\"application\/ld+json\" class=\"yoast-schema-graph\">{\"@context\":\"https:\/\/schema.org\",\"@graph\":[{\"@type\":\"WebPage\",\"@id\":\"https:\/\/swiss-peak.com\/fr\/produit\/sac-a-dos-2-en-1-pour-ordinateur-portable-aware-noir\/\",\"url\":\"https:\/\/swiss-peak.com\/fr\/produit\/sac-a-dos-2-en-1-pour-ordinateur-portable-aware-noir\/\",\"name\":\"Sac \u00e0 dos 2-en-1 pour ordinateur portable AWARE\u2122, noir - Swiss Peak\",\"isPartOf\":{\"@id\":\"https:\/\/swiss-peak.com\/fr\/#website\"},\"primaryImageOfPage\":{\"@id\":\"https:\/\/swiss-peak.com\/fr\/produit\/sac-a-dos-2-en-1-pour-ordinateur-portable-aware-noir\/#primaryimage\"},\"image\":{\"@id\":\"https:\/\/swiss-peak.com\/fr\/produit\/sac-a-dos-2-en-1-pour-ordinateur-portable-aware-noir\/#primaryimage\"},\"thumbnailUrl\":\"https:\/\/swiss-peak.com\/wp-content\/uploads\/sites\/9\/2026\/04\/P762.711__S_0__692510fe6f274900995a18fac2769f8b.jpg\",\"datePublished\":\"2023-03-14T09:51:04+00:00\",\"dateModified\":\"2026-04-16T00:25:04+00:00\",\"breadcrumb\":{\"@id\":\"https:\/\/swiss-peak.com\/fr\/produit\/sac-a-dos-2-en-1-pour-ordinateur-portable-aware-noir\/#breadcrumb\"},\"inLanguage\":\"fr-FR\",\"potentialAction\":[{\"@type\":\"ReadAction\",\"target\":[\"https:\/\/swiss-peak.com\/fr\/produit\/sac-a-dos-2-en-1-pour-ordinateur-portable-aware-noir\/\"]}]},{\"@type\":\"ImageObject\",\"inLanguage\":\"fr-FR\",\"@id\":\"https:\/\/swiss-peak.com\/fr\/produit\/sac-a-dos-2-en-1-pour-ordinateur-portable-aware-noir\/#primaryimage\",\"url\":\"https:\/\/swiss-peak.com\/wp-content\/uploads\/sites\/9\/2026\/04\/P762.711__S_0__692510fe6f274900995a18fac2769f8b.jpg\",\"contentUrl\":\"https:\/\/swiss-peak.com\/wp-content\/uploads\/sites\/9\/2026\/04\/P762.711__S_0__692510fe6f274900995a18fac2769f8b.jpg\",\"width\":1024,\"height\":1024},{\"@type\":\"BreadcrumbList\",\"@id\":\"https:\/\/swiss-peak.com\/fr\/produit\/sac-a-dos-2-en-1-pour-ordinateur-portable-aware-noir\/#breadcrumb\",\"itemListElement\":[{\"@type\":\"ListItem\",\"position\":1,\"name\":\"Home\",\"item\":\"https:\/\/swiss-peak.com\/fr\/\"},{\"@type\":\"ListItem\",\"position\":2,\"name\":\"Collection\",\"item\":\"https:\/\/swiss-peak.com\/fr\/collection\/\"},{\"@type\":\"ListItem\",\"position\":3,\"name\":\"Sac \u00e0 dos 2-en-1 pour ordinateur portable AWARE\u2122, noir\"}]},{\"@type\":\"WebSite\",\"@id\":\"https:\/\/swiss-peak.com\/fr\/#website\",\"url\":\"https:\/\/swiss-peak.com\/fr\/\",\"name\":\"Swiss Peak\",\"description\":\"Where will today take you?\",\"potentialAction\":[{\"@type\":\"SearchAction\",\"target\":{\"@type\":\"EntryPoint\",\"urlTemplate\":\"https:\/\/swiss-peak.com\/fr\/?s={search_term_string}\"},\"query-input\":{\"@type\":\"PropertyValueSpecification\",\"valueRequired\":true,\"valueName\":\"search_term_string\"}}],\"inLanguage\":\"fr-FR\"}]}<\/script>\n<!-- \/ Yoast SEO plugin. -->","yoast_head_json":{"title":"Sac \u00e0 dos 2-en-1 pour ordinateur portable AWARE\u2122, noir - Swiss Peak","robots":{"index":"index","follow":"follow","max-snippet":"max-snippet:-1","max-image-preview":"max-image-preview:large","max-video-preview":"max-video-preview:-1"},"canonical":"https:\/\/swiss-peak.com\/fr\/produit\/sac-a-dos-2-en-1-pour-ordinateur-portable-aware-noir\/","og_locale":"fr_FR","og_type":"article","og_title":"Sac \u00e0 dos 2-en-1 pour ordinateur portable AWARE\u2122, noir - Swiss Peak","og_description":"Sacoche 2-en-1 Swiss Peak pour ordinateur portable qui combine le meilleur de la mallette et du sac \u00e0 dos en un seul produit. Cet hybride se manie facilement et passe de l&rsquo;un \u00e0 l&rsquo;autre en un clin d\u2019\u0153il. Plein de fonctionnalit\u00e9s, il comprend 2 poches avant, de multiples poches int\u00e9rieures, un compartiment s\u00e9par\u00e9 rembourr\u00e9 pour [&hellip;]","og_url":"https:\/\/swiss-peak.com\/fr\/produit\/sac-a-dos-2-en-1-pour-ordinateur-portable-aware-noir\/","og_site_name":"Swiss Peak","article_modified_time":"2026-04-16T00:25:04+00:00","og_image":[{"width":1024,"height":1024,"url":"https:\/\/swiss-peak.com\/wp-content\/uploads\/sites\/9\/2026\/04\/P762.711__S_0__692510fe6f274900995a18fac2769f8b.jpg","type":"image\/jpeg"}],"twitter_card":"summary_large_image","twitter_misc":{"Dur\u00e9e de lecture estim\u00e9e":"1 minute"},"schema":{"@context":"https:\/\/schema.org","@graph":[{"@type":"WebPage","@id":"https:\/\/swiss-peak.com\/fr\/produit\/sac-a-dos-2-en-1-pour-ordinateur-portable-aware-noir\/","url":"https:\/\/swiss-peak.com\/fr\/produit\/sac-a-dos-2-en-1-pour-ordinateur-portable-aware-noir\/","name":"Sac \u00e0 dos 2-en-1 pour ordinateur portable AWARE\u2122, noir - Swiss Peak","isPartOf":{"@id":"https:\/\/swiss-peak.com\/fr\/#website"},"primaryImageOfPage":{"@id":"https:\/\/swiss-peak.com\/fr\/produit\/sac-a-dos-2-en-1-pour-ordinateur-portable-aware-noir\/#primaryimage"},"image":{"@id":"https:\/\/swiss-peak.com\/fr\/produit\/sac-a-dos-2-en-1-pour-ordinateur-portable-aware-noir\/#primaryimage"},"thumbnailUrl":"https:\/\/swiss-peak.com\/wp-content\/uploads\/sites\/9\/2026\/04\/P762.711__S_0__692510fe6f274900995a18fac2769f8b.jpg","datePublished":"2023-03-14T09:51:04+00:00","dateModified":"2026-04-16T00:25:04+00:00","breadcrumb":{"@id":"https:\/\/swiss-peak.com\/fr\/produit\/sac-a-dos-2-en-1-pour-ordinateur-portable-aware-noir\/#breadcrumb"},"inLanguage":"fr-FR","potentialAction":[{"@type":"ReadAction","target":["https:\/\/swiss-peak.com\/fr\/produit\/sac-a-dos-2-en-1-pour-ordinateur-portable-aware-noir\/"]}]},{"@type":"ImageObject","inLanguage":"fr-FR","@id":"https:\/\/swiss-peak.com\/fr\/produit\/sac-a-dos-2-en-1-pour-ordinateur-portable-aware-noir\/#primaryimage","url":"https:\/\/swiss-peak.com\/wp-content\/uploads\/sites\/9\/2026\/04\/P762.711__S_0__692510fe6f274900995a18fac2769f8b.jpg","contentUrl":"https:\/\/swiss-peak.com\/wp-content\/uploads\/sites\/9\/2026\/04\/P762.711__S_0__692510fe6f274900995a18fac2769f8b.jpg","width":1024,"height":1024},{"@type":"BreadcrumbList","@id":"https:\/\/swiss-peak.com\/fr\/produit\/sac-a-dos-2-en-1-pour-ordinateur-portable-aware-noir\/#breadcrumb","itemListElement":[{"@type":"ListItem","position":1,"name":"Home","item":"https:\/\/swiss-peak.com\/fr\/"},{"@type":"ListItem","position":2,"name":"Collection","item":"https:\/\/swiss-peak.com\/fr\/collection\/"},{"@type":"ListItem","position":3,"name":"Sac \u00e0 dos 2-en-1 pour ordinateur portable AWARE\u2122, noir"}]},{"@type":"WebSite","@id":"https:\/\/swiss-peak.com\/fr\/#website","url":"https:\/\/swiss-peak.com\/fr\/","name":"Swiss Peak","description":"Where will today take you?","potentialAction":[{"@type":"SearchAction","target":{"@type":"EntryPoint","urlTemplate":"https:\/\/swiss-peak.com\/fr\/?s={search_term_string}"},"query-input":{"@type":"PropertyValueSpecification","valueRequired":true,"valueName":"search_term_string"}}],"inLanguage":"fr-FR"}]}},"_links":{"self":[{"href":"https:\/\/swiss-peak.com\/fr\/wp-json\/wp\/v2\/product\/15008","targetHints":{"allow":["GET"]}}],"collection":[{"href":"https:\/\/swiss-peak.com\/fr\/wp-json\/wp\/v2\/product"}],"about":[{"href":"https:\/\/swiss-peak.com\/fr\/wp-json\/wp\/v2\/types\/product"}],"wp:featuredmedia":[{"embeddable":true,"href":"https:\/\/swiss-peak.com\/fr\/wp-json\/wp\/v2\/media\/46360"}],"wp:attachment":[{"href":"https:\/\/swiss-peak.com\/fr\/wp-json\/wp\/v2\/media?parent=15008"}],"wp:term":[{"taxonomy":"product_cat","embeddable":true,"href":"https:\/\/swiss-peak.com\/fr\/wp-json\/wp\/v2\/product_cat?post=15008"},{"taxonomy":"product_tag","embeddable":true,"href":"https:\/\/swiss-peak.com\/fr\/wp-json\/wp\/v2\/product_tag?post=15008"}],"curies":[{"name":"wp","href":"https:\/\/api.w.org\/{rel}","templated":true}]}}