{"id":15007,"date":"2023-03-14T11:51:04","date_gmt":"2023-03-14T09:51:04","guid":{"rendered":"https:\/\/xdsomename.tempurl.host\/swisspeak-website\/collection\/non%20class\u00e9\/sac-a-dos-de-voyage-convertible-noir\/"},"modified":"2026-03-12T03:26:38","modified_gmt":"2026-03-12T01:26:38","slug":"sac-a-dos-de-voyage-convertible-noir","status":"publish","type":"product","link":"https:\/\/swiss-peak.com\/fr\/produit\/sac-a-dos-de-voyage-convertible-noir\/","title":{"rendered":"Sac \u00e0 dos de voyage convertible, noir"},"content":{"rendered":"<p>Brisez les barri\u00e8res en utilisant ce sac a dos convertible. L\u2019organisation et les fonctionnalit\u00e9s business en font un sac de tous les jours. Convertible 4 en 1. 1. Sac \u00e0 dos. Avec sangles rembourr\u00e9es \u00e0 attacher aux anneaux de s\u00e9curit\u00e9. 2. Mode sacoche. D\u00e9crochez et rangez les sangles du sac \u00e0 dos. Attachez et ajustez la bandouli\u00e8re. 3. Portez aussi la bandouli\u00e8re en travers pour avoir les mains libres et voyager confortablement. 4. Avec la poign\u00e9e : rangez toutes les bandouli\u00e8res et portez le sac par la poign\u00e9e du dessus ou du c\u00f4t\u00e9. Avec un compartiment pour ordinateur de 15.6\u2019\u2019, compartiment large pour les affaires de voyage et des pochettes zipp\u00e9es pour tous les accessoires. Comprend une poche anti RFID et une passant pour le trolley. Sans PVC.<\/p>\n","protected":false},"excerpt":{"rendered":"<p>Brisez les barri\u00e8res en utilisant ce sac a dos convertible. L\u2019organisation et les fonctionnalit\u00e9s business en font un sac de tous les jours. Convertible 4 en 1. 1. Sac \u00e0 dos. Avec sangles rembourr\u00e9es \u00e0 attacher aux anneaux de s\u00e9curit\u00e9. 2. Mode sacoche. D\u00e9crochez et rangez les sangles du sac \u00e0 dos. Attachez et ajustez [&hellip;]<\/p>\n","protected":false},"featured_media":33132,"template":"","meta":{"_acf_changed":false},"product_cat":[255,259],"product_tag":[],"class_list":["post-15007","product","type-product","status-publish","has-post-thumbnail","hentry","product_cat-sacs-voyage","product_cat-sacs-a-dos","pa_color-black-fr"],"acf":[],"yoast_head":"<!-- This site is optimized with the Yoast SEO plugin v27.0 - https:\/\/yoast.com\/product\/yoast-seo-wordpress\/ -->\n<title>Sac \u00e0 dos de voyage convertible, noir - Swiss Peak<\/title>\n<meta name=\"robots\" content=\"index, follow, max-snippet:-1, max-image-preview:large, max-video-preview:-1\" \/>\n<link rel=\"canonical\" href=\"https:\/\/swiss-peak.com\/fr\/produit\/sac-a-dos-de-voyage-convertible-noir\/\" \/>\n<meta property=\"og:locale\" content=\"fr_FR\" \/>\n<meta property=\"og:type\" content=\"article\" \/>\n<meta property=\"og:title\" content=\"Sac \u00e0 dos de voyage convertible, noir - Swiss Peak\" \/>\n<meta property=\"og:description\" content=\"Brisez les barri\u00e8res en utilisant ce sac a dos convertible. L\u2019organisation et les fonctionnalit\u00e9s business en font un sac de tous les jours. Convertible 4 en 1. 1. Sac \u00e0 dos. Avec sangles rembourr\u00e9es \u00e0 attacher aux anneaux de s\u00e9curit\u00e9. 2. Mode sacoche. D\u00e9crochez et rangez les sangles du sac \u00e0 dos. Attachez et ajustez [&hellip;]\" \/>\n<meta property=\"og:url\" content=\"https:\/\/swiss-peak.com\/fr\/produit\/sac-a-dos-de-voyage-convertible-noir\/\" \/>\n<meta property=\"og:site_name\" content=\"Swiss Peak\" \/>\n<meta property=\"article:modified_time\" content=\"2026-03-12T01:26:38+00:00\" \/>\n<meta property=\"og:image\" content=\"https:\/\/swiss-peak.com\/wp-content\/uploads\/sites\/9\/2024\/02\/P762.581__S_0__5a905101fee94edaacf10da7b3d8c397.jpg\" \/>\n\t<meta property=\"og:image:width\" content=\"1024\" \/>\n\t<meta property=\"og:image:height\" content=\"1024\" \/>\n\t<meta property=\"og:image:type\" content=\"image\/jpeg\" \/>\n<meta name=\"twitter:card\" content=\"summary_large_image\" \/>\n<meta name=\"twitter:label1\" content=\"Dur\u00e9e de lecture estim\u00e9e\" \/>\n\t<meta name=\"twitter:data1\" content=\"1 minute\" \/>\n<script type=\"application\/ld+json\" class=\"yoast-schema-graph\">{\"@context\":\"https:\/\/schema.org\",\"@graph\":[{\"@type\":\"WebPage\",\"@id\":\"https:\/\/swiss-peak.com\/fr\/produit\/sac-a-dos-de-voyage-convertible-noir\/\",\"url\":\"https:\/\/swiss-peak.com\/fr\/produit\/sac-a-dos-de-voyage-convertible-noir\/\",\"name\":\"Sac \u00e0 dos de voyage convertible, noir - Swiss Peak\",\"isPartOf\":{\"@id\":\"https:\/\/swiss-peak.com\/fr\/#website\"},\"primaryImageOfPage\":{\"@id\":\"https:\/\/swiss-peak.com\/fr\/produit\/sac-a-dos-de-voyage-convertible-noir\/#primaryimage\"},\"image\":{\"@id\":\"https:\/\/swiss-peak.com\/fr\/produit\/sac-a-dos-de-voyage-convertible-noir\/#primaryimage\"},\"thumbnailUrl\":\"https:\/\/swiss-peak.com\/wp-content\/uploads\/sites\/9\/2024\/02\/P762.581__S_0__5a905101fee94edaacf10da7b3d8c397.jpg\",\"datePublished\":\"2023-03-14T09:51:04+00:00\",\"dateModified\":\"2026-03-12T01:26:38+00:00\",\"breadcrumb\":{\"@id\":\"https:\/\/swiss-peak.com\/fr\/produit\/sac-a-dos-de-voyage-convertible-noir\/#breadcrumb\"},\"inLanguage\":\"fr-FR\",\"potentialAction\":[{\"@type\":\"ReadAction\",\"target\":[\"https:\/\/swiss-peak.com\/fr\/produit\/sac-a-dos-de-voyage-convertible-noir\/\"]}]},{\"@type\":\"ImageObject\",\"inLanguage\":\"fr-FR\",\"@id\":\"https:\/\/swiss-peak.com\/fr\/produit\/sac-a-dos-de-voyage-convertible-noir\/#primaryimage\",\"url\":\"https:\/\/swiss-peak.com\/wp-content\/uploads\/sites\/9\/2024\/02\/P762.581__S_0__5a905101fee94edaacf10da7b3d8c397.jpg\",\"contentUrl\":\"https:\/\/swiss-peak.com\/wp-content\/uploads\/sites\/9\/2024\/02\/P762.581__S_0__5a905101fee94edaacf10da7b3d8c397.jpg\",\"width\":1024,\"height\":1024},{\"@type\":\"BreadcrumbList\",\"@id\":\"https:\/\/swiss-peak.com\/fr\/produit\/sac-a-dos-de-voyage-convertible-noir\/#breadcrumb\",\"itemListElement\":[{\"@type\":\"ListItem\",\"position\":1,\"name\":\"Home\",\"item\":\"https:\/\/swiss-peak.com\/fr\/\"},{\"@type\":\"ListItem\",\"position\":2,\"name\":\"Collection\",\"item\":\"https:\/\/swiss-peak.com\/fr\/collection\/\"},{\"@type\":\"ListItem\",\"position\":3,\"name\":\"Sac \u00e0 dos de voyage convertible, noir\"}]},{\"@type\":\"WebSite\",\"@id\":\"https:\/\/swiss-peak.com\/fr\/#website\",\"url\":\"https:\/\/swiss-peak.com\/fr\/\",\"name\":\"Swiss Peak\",\"description\":\"Where will today take you?\",\"potentialAction\":[{\"@type\":\"SearchAction\",\"target\":{\"@type\":\"EntryPoint\",\"urlTemplate\":\"https:\/\/swiss-peak.com\/fr\/?s={search_term_string}\"},\"query-input\":{\"@type\":\"PropertyValueSpecification\",\"valueRequired\":true,\"valueName\":\"search_term_string\"}}],\"inLanguage\":\"fr-FR\"}]}<\/script>\n<!-- \/ Yoast SEO plugin. -->","yoast_head_json":{"title":"Sac \u00e0 dos de voyage convertible, noir - Swiss Peak","robots":{"index":"index","follow":"follow","max-snippet":"max-snippet:-1","max-image-preview":"max-image-preview:large","max-video-preview":"max-video-preview:-1"},"canonical":"https:\/\/swiss-peak.com\/fr\/produit\/sac-a-dos-de-voyage-convertible-noir\/","og_locale":"fr_FR","og_type":"article","og_title":"Sac \u00e0 dos de voyage convertible, noir - Swiss Peak","og_description":"Brisez les barri\u00e8res en utilisant ce sac a dos convertible. L\u2019organisation et les fonctionnalit\u00e9s business en font un sac de tous les jours. Convertible 4 en 1. 1. Sac \u00e0 dos. Avec sangles rembourr\u00e9es \u00e0 attacher aux anneaux de s\u00e9curit\u00e9. 2. Mode sacoche. D\u00e9crochez et rangez les sangles du sac \u00e0 dos. Attachez et ajustez [&hellip;]","og_url":"https:\/\/swiss-peak.com\/fr\/produit\/sac-a-dos-de-voyage-convertible-noir\/","og_site_name":"Swiss Peak","article_modified_time":"2026-03-12T01:26:38+00:00","og_image":[{"width":1024,"height":1024,"url":"https:\/\/swiss-peak.com\/wp-content\/uploads\/sites\/9\/2024\/02\/P762.581__S_0__5a905101fee94edaacf10da7b3d8c397.jpg","type":"image\/jpeg"}],"twitter_card":"summary_large_image","twitter_misc":{"Dur\u00e9e de lecture estim\u00e9e":"1 minute"},"schema":{"@context":"https:\/\/schema.org","@graph":[{"@type":"WebPage","@id":"https:\/\/swiss-peak.com\/fr\/produit\/sac-a-dos-de-voyage-convertible-noir\/","url":"https:\/\/swiss-peak.com\/fr\/produit\/sac-a-dos-de-voyage-convertible-noir\/","name":"Sac \u00e0 dos de voyage convertible, noir - Swiss Peak","isPartOf":{"@id":"https:\/\/swiss-peak.com\/fr\/#website"},"primaryImageOfPage":{"@id":"https:\/\/swiss-peak.com\/fr\/produit\/sac-a-dos-de-voyage-convertible-noir\/#primaryimage"},"image":{"@id":"https:\/\/swiss-peak.com\/fr\/produit\/sac-a-dos-de-voyage-convertible-noir\/#primaryimage"},"thumbnailUrl":"https:\/\/swiss-peak.com\/wp-content\/uploads\/sites\/9\/2024\/02\/P762.581__S_0__5a905101fee94edaacf10da7b3d8c397.jpg","datePublished":"2023-03-14T09:51:04+00:00","dateModified":"2026-03-12T01:26:38+00:00","breadcrumb":{"@id":"https:\/\/swiss-peak.com\/fr\/produit\/sac-a-dos-de-voyage-convertible-noir\/#breadcrumb"},"inLanguage":"fr-FR","potentialAction":[{"@type":"ReadAction","target":["https:\/\/swiss-peak.com\/fr\/produit\/sac-a-dos-de-voyage-convertible-noir\/"]}]},{"@type":"ImageObject","inLanguage":"fr-FR","@id":"https:\/\/swiss-peak.com\/fr\/produit\/sac-a-dos-de-voyage-convertible-noir\/#primaryimage","url":"https:\/\/swiss-peak.com\/wp-content\/uploads\/sites\/9\/2024\/02\/P762.581__S_0__5a905101fee94edaacf10da7b3d8c397.jpg","contentUrl":"https:\/\/swiss-peak.com\/wp-content\/uploads\/sites\/9\/2024\/02\/P762.581__S_0__5a905101fee94edaacf10da7b3d8c397.jpg","width":1024,"height":1024},{"@type":"BreadcrumbList","@id":"https:\/\/swiss-peak.com\/fr\/produit\/sac-a-dos-de-voyage-convertible-noir\/#breadcrumb","itemListElement":[{"@type":"ListItem","position":1,"name":"Home","item":"https:\/\/swiss-peak.com\/fr\/"},{"@type":"ListItem","position":2,"name":"Collection","item":"https:\/\/swiss-peak.com\/fr\/collection\/"},{"@type":"ListItem","position":3,"name":"Sac \u00e0 dos de voyage convertible, noir"}]},{"@type":"WebSite","@id":"https:\/\/swiss-peak.com\/fr\/#website","url":"https:\/\/swiss-peak.com\/fr\/","name":"Swiss Peak","description":"Where will today take you?","potentialAction":[{"@type":"SearchAction","target":{"@type":"EntryPoint","urlTemplate":"https:\/\/swiss-peak.com\/fr\/?s={search_term_string}"},"query-input":{"@type":"PropertyValueSpecification","valueRequired":true,"valueName":"search_term_string"}}],"inLanguage":"fr-FR"}]}},"_links":{"self":[{"href":"https:\/\/swiss-peak.com\/fr\/wp-json\/wp\/v2\/product\/15007","targetHints":{"allow":["GET"]}}],"collection":[{"href":"https:\/\/swiss-peak.com\/fr\/wp-json\/wp\/v2\/product"}],"about":[{"href":"https:\/\/swiss-peak.com\/fr\/wp-json\/wp\/v2\/types\/product"}],"wp:featuredmedia":[{"embeddable":true,"href":"https:\/\/swiss-peak.com\/fr\/wp-json\/wp\/v2\/media\/33132"}],"wp:attachment":[{"href":"https:\/\/swiss-peak.com\/fr\/wp-json\/wp\/v2\/media?parent=15007"}],"wp:term":[{"taxonomy":"product_cat","embeddable":true,"href":"https:\/\/swiss-peak.com\/fr\/wp-json\/wp\/v2\/product_cat?post=15007"},{"taxonomy":"product_tag","embeddable":true,"href":"https:\/\/swiss-peak.com\/fr\/wp-json\/wp\/v2\/product_tag?post=15007"}],"curies":[{"name":"wp","href":"https:\/\/api.w.org\/{rel}","templated":true}]}}