{"id":15005,"date":"2023-03-14T11:51:04","date_gmt":"2023-03-14T09:51:04","guid":{"rendered":"https:\/\/xdsomename.tempurl.host\/swisspeak-website\/collection\/non%20class\u00e9\/sac-a-dos-pour-ordinateur-portable-avec-poche-sterilisateur\/"},"modified":"2026-03-12T03:26:34","modified_gmt":"2026-03-12T01:26:34","slug":"sac-a-dos-pour-ordinateur-portable-avec-poche-sterilisateur","status":"publish","type":"product","link":"https:\/\/swiss-peak.com\/fr\/produit\/sac-a-dos-pour-ordinateur-portable-avec-poche-sterilisateur\/","title":{"rendered":"Sac \u00e0 dos pour ordinateur portable avec poche st\u00e9rilisateur,"},"content":{"rendered":"<p>Sac \u00e0 dos ordinateur Swiss Peak avec poche de st\u00e9rilisation UV-C. Design minimaliste. Poche frontale externe de st\u00e9rilisation UV-C int\u00e9gr\u00e9e, tuant jusqu&rsquo;\u00e0 99,9% des bact\u00e9ries sur les articles plac\u00e9s \u00e0 l&rsquo;int\u00e9rieur de la pochette. Parfait pour d\u00e9sinfecter vos cl\u00e9s et votre t\u00e9l\u00e9phone en trois minutes lors de vos d\u00e9placements. Les trois lampes LED UV-C \u00e0 l&rsquo;int\u00e9rieur sont non toxiques et sans mercure. Con\u00e7u afin de garantir que la lumi\u00e8re LED UV-C s&rsquo;\u00e9teint automatiquement lorsque la poche de st\u00e9rilisation est ouverte afin que l&rsquo;utilisateur ne soit pas expos\u00e9 \u00e0 la lumi\u00e8re UV-C. Compartiment pour ordinateur portable 15,6 pouces, 2 poches ouvertes et 2 passants stylos. Dos et bretelles rembourr\u00e9s en mesh pour plus de confort. C\u00e2ble micro USB inclus. Ext\u00e9rieur en polyester enduit PU 600D et 900D. Int\u00e9rieur en polyester 210D. Conforme \u00e0 EN62471. Sans PVC.<\/p>\n","protected":false},"excerpt":{"rendered":"<p>Sac \u00e0 dos ordinateur Swiss Peak avec poche de st\u00e9rilisation UV-C. Design minimaliste. Poche frontale externe de st\u00e9rilisation UV-C int\u00e9gr\u00e9e, tuant jusqu&rsquo;\u00e0 99,9% des bact\u00e9ries sur les articles plac\u00e9s \u00e0 l&rsquo;int\u00e9rieur de la pochette. Parfait pour d\u00e9sinfecter vos cl\u00e9s et votre t\u00e9l\u00e9phone en trois minutes lors de vos d\u00e9placements. Les trois lampes LED UV-C \u00e0 [&hellip;]<\/p>\n","protected":false},"featured_media":32754,"template":"","meta":{"_acf_changed":false},"product_cat":[255,259],"product_tag":[],"class_list":["post-15005","product","type-product","status-publish","has-post-thumbnail","hentry","product_cat-sacs-voyage","product_cat-sacs-a-dos","pa_color-black-fr"],"acf":[],"yoast_head":"<!-- This site is optimized with the Yoast SEO plugin v27.0 - https:\/\/yoast.com\/product\/yoast-seo-wordpress\/ -->\n<title>Sac \u00e0 dos pour ordinateur portable avec poche st\u00e9rilisateur, - Swiss Peak<\/title>\n<meta name=\"robots\" content=\"index, follow, max-snippet:-1, max-image-preview:large, max-video-preview:-1\" \/>\n<link rel=\"canonical\" href=\"https:\/\/swiss-peak.com\/fr\/produit\/sac-a-dos-pour-ordinateur-portable-avec-poche-sterilisateur\/\" \/>\n<meta property=\"og:locale\" content=\"fr_FR\" \/>\n<meta property=\"og:type\" content=\"article\" \/>\n<meta property=\"og:title\" content=\"Sac \u00e0 dos pour ordinateur portable avec poche st\u00e9rilisateur, - Swiss Peak\" \/>\n<meta property=\"og:description\" content=\"Sac \u00e0 dos ordinateur Swiss Peak avec poche de st\u00e9rilisation UV-C. Design minimaliste. Poche frontale externe de st\u00e9rilisation UV-C int\u00e9gr\u00e9e, tuant jusqu&rsquo;\u00e0 99,9% des bact\u00e9ries sur les articles plac\u00e9s \u00e0 l&rsquo;int\u00e9rieur de la pochette. Parfait pour d\u00e9sinfecter vos cl\u00e9s et votre t\u00e9l\u00e9phone en trois minutes lors de vos d\u00e9placements. Les trois lampes LED UV-C \u00e0 [&hellip;]\" \/>\n<meta property=\"og:url\" content=\"https:\/\/swiss-peak.com\/fr\/produit\/sac-a-dos-pour-ordinateur-portable-avec-poche-sterilisateur\/\" \/>\n<meta property=\"og:site_name\" content=\"Swiss Peak\" \/>\n<meta property=\"article:modified_time\" content=\"2026-03-12T01:26:34+00:00\" \/>\n<meta property=\"og:image\" content=\"https:\/\/swiss-peak.com\/wp-content\/uploads\/sites\/9\/2024\/02\/P762.551__S_0__5a47f0abea51456480287446eae0f644.jpg\" \/>\n\t<meta property=\"og:image:width\" content=\"1024\" \/>\n\t<meta property=\"og:image:height\" content=\"1024\" \/>\n\t<meta property=\"og:image:type\" content=\"image\/jpeg\" \/>\n<meta name=\"twitter:card\" content=\"summary_large_image\" \/>\n<meta name=\"twitter:label1\" content=\"Dur\u00e9e de lecture estim\u00e9e\" \/>\n\t<meta name=\"twitter:data1\" content=\"1 minute\" \/>\n<script type=\"application\/ld+json\" class=\"yoast-schema-graph\">{\"@context\":\"https:\/\/schema.org\",\"@graph\":[{\"@type\":\"WebPage\",\"@id\":\"https:\/\/swiss-peak.com\/fr\/produit\/sac-a-dos-pour-ordinateur-portable-avec-poche-sterilisateur\/\",\"url\":\"https:\/\/swiss-peak.com\/fr\/produit\/sac-a-dos-pour-ordinateur-portable-avec-poche-sterilisateur\/\",\"name\":\"Sac \u00e0 dos pour ordinateur portable avec poche st\u00e9rilisateur, - Swiss Peak\",\"isPartOf\":{\"@id\":\"https:\/\/swiss-peak.com\/fr\/#website\"},\"primaryImageOfPage\":{\"@id\":\"https:\/\/swiss-peak.com\/fr\/produit\/sac-a-dos-pour-ordinateur-portable-avec-poche-sterilisateur\/#primaryimage\"},\"image\":{\"@id\":\"https:\/\/swiss-peak.com\/fr\/produit\/sac-a-dos-pour-ordinateur-portable-avec-poche-sterilisateur\/#primaryimage\"},\"thumbnailUrl\":\"https:\/\/swiss-peak.com\/wp-content\/uploads\/sites\/9\/2024\/02\/P762.551__S_0__5a47f0abea51456480287446eae0f644.jpg\",\"datePublished\":\"2023-03-14T09:51:04+00:00\",\"dateModified\":\"2026-03-12T01:26:34+00:00\",\"breadcrumb\":{\"@id\":\"https:\/\/swiss-peak.com\/fr\/produit\/sac-a-dos-pour-ordinateur-portable-avec-poche-sterilisateur\/#breadcrumb\"},\"inLanguage\":\"fr-FR\",\"potentialAction\":[{\"@type\":\"ReadAction\",\"target\":[\"https:\/\/swiss-peak.com\/fr\/produit\/sac-a-dos-pour-ordinateur-portable-avec-poche-sterilisateur\/\"]}]},{\"@type\":\"ImageObject\",\"inLanguage\":\"fr-FR\",\"@id\":\"https:\/\/swiss-peak.com\/fr\/produit\/sac-a-dos-pour-ordinateur-portable-avec-poche-sterilisateur\/#primaryimage\",\"url\":\"https:\/\/swiss-peak.com\/wp-content\/uploads\/sites\/9\/2024\/02\/P762.551__S_0__5a47f0abea51456480287446eae0f644.jpg\",\"contentUrl\":\"https:\/\/swiss-peak.com\/wp-content\/uploads\/sites\/9\/2024\/02\/P762.551__S_0__5a47f0abea51456480287446eae0f644.jpg\",\"width\":1024,\"height\":1024},{\"@type\":\"BreadcrumbList\",\"@id\":\"https:\/\/swiss-peak.com\/fr\/produit\/sac-a-dos-pour-ordinateur-portable-avec-poche-sterilisateur\/#breadcrumb\",\"itemListElement\":[{\"@type\":\"ListItem\",\"position\":1,\"name\":\"Home\",\"item\":\"https:\/\/swiss-peak.com\/fr\/\"},{\"@type\":\"ListItem\",\"position\":2,\"name\":\"Collection\",\"item\":\"https:\/\/swiss-peak.com\/fr\/collection\/\"},{\"@type\":\"ListItem\",\"position\":3,\"name\":\"Sac \u00e0 dos pour ordinateur portable avec poche st\u00e9rilisateur,\"}]},{\"@type\":\"WebSite\",\"@id\":\"https:\/\/swiss-peak.com\/fr\/#website\",\"url\":\"https:\/\/swiss-peak.com\/fr\/\",\"name\":\"Swiss Peak\",\"description\":\"Where will today take you?\",\"potentialAction\":[{\"@type\":\"SearchAction\",\"target\":{\"@type\":\"EntryPoint\",\"urlTemplate\":\"https:\/\/swiss-peak.com\/fr\/?s={search_term_string}\"},\"query-input\":{\"@type\":\"PropertyValueSpecification\",\"valueRequired\":true,\"valueName\":\"search_term_string\"}}],\"inLanguage\":\"fr-FR\"}]}<\/script>\n<!-- \/ Yoast SEO plugin. -->","yoast_head_json":{"title":"Sac \u00e0 dos pour ordinateur portable avec poche st\u00e9rilisateur, - Swiss Peak","robots":{"index":"index","follow":"follow","max-snippet":"max-snippet:-1","max-image-preview":"max-image-preview:large","max-video-preview":"max-video-preview:-1"},"canonical":"https:\/\/swiss-peak.com\/fr\/produit\/sac-a-dos-pour-ordinateur-portable-avec-poche-sterilisateur\/","og_locale":"fr_FR","og_type":"article","og_title":"Sac \u00e0 dos pour ordinateur portable avec poche st\u00e9rilisateur, - Swiss Peak","og_description":"Sac \u00e0 dos ordinateur Swiss Peak avec poche de st\u00e9rilisation UV-C. Design minimaliste. Poche frontale externe de st\u00e9rilisation UV-C int\u00e9gr\u00e9e, tuant jusqu&rsquo;\u00e0 99,9% des bact\u00e9ries sur les articles plac\u00e9s \u00e0 l&rsquo;int\u00e9rieur de la pochette. Parfait pour d\u00e9sinfecter vos cl\u00e9s et votre t\u00e9l\u00e9phone en trois minutes lors de vos d\u00e9placements. Les trois lampes LED UV-C \u00e0 [&hellip;]","og_url":"https:\/\/swiss-peak.com\/fr\/produit\/sac-a-dos-pour-ordinateur-portable-avec-poche-sterilisateur\/","og_site_name":"Swiss Peak","article_modified_time":"2026-03-12T01:26:34+00:00","og_image":[{"width":1024,"height":1024,"url":"https:\/\/swiss-peak.com\/wp-content\/uploads\/sites\/9\/2024\/02\/P762.551__S_0__5a47f0abea51456480287446eae0f644.jpg","type":"image\/jpeg"}],"twitter_card":"summary_large_image","twitter_misc":{"Dur\u00e9e de lecture estim\u00e9e":"1 minute"},"schema":{"@context":"https:\/\/schema.org","@graph":[{"@type":"WebPage","@id":"https:\/\/swiss-peak.com\/fr\/produit\/sac-a-dos-pour-ordinateur-portable-avec-poche-sterilisateur\/","url":"https:\/\/swiss-peak.com\/fr\/produit\/sac-a-dos-pour-ordinateur-portable-avec-poche-sterilisateur\/","name":"Sac \u00e0 dos pour ordinateur portable avec poche st\u00e9rilisateur, - Swiss Peak","isPartOf":{"@id":"https:\/\/swiss-peak.com\/fr\/#website"},"primaryImageOfPage":{"@id":"https:\/\/swiss-peak.com\/fr\/produit\/sac-a-dos-pour-ordinateur-portable-avec-poche-sterilisateur\/#primaryimage"},"image":{"@id":"https:\/\/swiss-peak.com\/fr\/produit\/sac-a-dos-pour-ordinateur-portable-avec-poche-sterilisateur\/#primaryimage"},"thumbnailUrl":"https:\/\/swiss-peak.com\/wp-content\/uploads\/sites\/9\/2024\/02\/P762.551__S_0__5a47f0abea51456480287446eae0f644.jpg","datePublished":"2023-03-14T09:51:04+00:00","dateModified":"2026-03-12T01:26:34+00:00","breadcrumb":{"@id":"https:\/\/swiss-peak.com\/fr\/produit\/sac-a-dos-pour-ordinateur-portable-avec-poche-sterilisateur\/#breadcrumb"},"inLanguage":"fr-FR","potentialAction":[{"@type":"ReadAction","target":["https:\/\/swiss-peak.com\/fr\/produit\/sac-a-dos-pour-ordinateur-portable-avec-poche-sterilisateur\/"]}]},{"@type":"ImageObject","inLanguage":"fr-FR","@id":"https:\/\/swiss-peak.com\/fr\/produit\/sac-a-dos-pour-ordinateur-portable-avec-poche-sterilisateur\/#primaryimage","url":"https:\/\/swiss-peak.com\/wp-content\/uploads\/sites\/9\/2024\/02\/P762.551__S_0__5a47f0abea51456480287446eae0f644.jpg","contentUrl":"https:\/\/swiss-peak.com\/wp-content\/uploads\/sites\/9\/2024\/02\/P762.551__S_0__5a47f0abea51456480287446eae0f644.jpg","width":1024,"height":1024},{"@type":"BreadcrumbList","@id":"https:\/\/swiss-peak.com\/fr\/produit\/sac-a-dos-pour-ordinateur-portable-avec-poche-sterilisateur\/#breadcrumb","itemListElement":[{"@type":"ListItem","position":1,"name":"Home","item":"https:\/\/swiss-peak.com\/fr\/"},{"@type":"ListItem","position":2,"name":"Collection","item":"https:\/\/swiss-peak.com\/fr\/collection\/"},{"@type":"ListItem","position":3,"name":"Sac \u00e0 dos pour ordinateur portable avec poche st\u00e9rilisateur,"}]},{"@type":"WebSite","@id":"https:\/\/swiss-peak.com\/fr\/#website","url":"https:\/\/swiss-peak.com\/fr\/","name":"Swiss Peak","description":"Where will today take you?","potentialAction":[{"@type":"SearchAction","target":{"@type":"EntryPoint","urlTemplate":"https:\/\/swiss-peak.com\/fr\/?s={search_term_string}"},"query-input":{"@type":"PropertyValueSpecification","valueRequired":true,"valueName":"search_term_string"}}],"inLanguage":"fr-FR"}]}},"_links":{"self":[{"href":"https:\/\/swiss-peak.com\/fr\/wp-json\/wp\/v2\/product\/15005","targetHints":{"allow":["GET"]}}],"collection":[{"href":"https:\/\/swiss-peak.com\/fr\/wp-json\/wp\/v2\/product"}],"about":[{"href":"https:\/\/swiss-peak.com\/fr\/wp-json\/wp\/v2\/types\/product"}],"wp:featuredmedia":[{"embeddable":true,"href":"https:\/\/swiss-peak.com\/fr\/wp-json\/wp\/v2\/media\/32754"}],"wp:attachment":[{"href":"https:\/\/swiss-peak.com\/fr\/wp-json\/wp\/v2\/media?parent=15005"}],"wp:term":[{"taxonomy":"product_cat","embeddable":true,"href":"https:\/\/swiss-peak.com\/fr\/wp-json\/wp\/v2\/product_cat?post=15005"},{"taxonomy":"product_tag","embeddable":true,"href":"https:\/\/swiss-peak.com\/fr\/wp-json\/wp\/v2\/product_tag?post=15005"}],"curies":[{"name":"wp","href":"https:\/\/api.w.org\/{rel}","templated":true}]}}