{"id":15002,"date":"2023-03-14T11:51:04","date_gmt":"2023-03-14T09:51:04","guid":{"rendered":"https:\/\/xdsomename.tempurl.host\/swisspeak-website\/collection\/non%20class\u00e9\/sac-a-dos-ordinateur-15-antivol-noir\/"},"modified":"2026-04-16T02:24:48","modified_gmt":"2026-04-16T00:24:48","slug":"sac-a-dos-ordinateur-15-antivol-noir","status":"publish","type":"product","link":"https:\/\/swiss-peak.com\/fr\/produit\/sac-a-dos-ordinateur-15-antivol-noir\/","title":{"rendered":"Sac \u00e0 dos ordinateur 15\u00a0\u00bb antivol, noir"},"content":{"rendered":"<p>Sac \u00e0 dos ordinateur au design chic avec une poche rembourr\u00e9e pour ordinateur portable 15\u00a0\u00bb. Ce sac \u00e0 dos l\u00e9ger et durable se caract\u00e9rise par sa construction compacte et minimaliste. Pochettes prot\u00e9g\u00e9es anti-RFID et une sortie lat\u00e9rale USB. Sans PVC.<\/p>\n","protected":false},"excerpt":{"rendered":"<p>Sac \u00e0 dos ordinateur au design chic avec une poche rembourr\u00e9e pour ordinateur portable 15\u00a0\u00bb. Ce sac \u00e0 dos l\u00e9ger et durable se caract\u00e9rise par sa construction compacte et minimaliste. Pochettes prot\u00e9g\u00e9es anti-RFID et une sortie lat\u00e9rale USB. Sans PVC.<\/p>\n","protected":false},"featured_media":46332,"template":"","meta":{"_acf_changed":false},"product_cat":[255,259],"product_tag":[],"class_list":["post-15002","product","type-product","status-publish","has-post-thumbnail","hentry","product_cat-sacs-voyage","product_cat-sacs-a-dos","pa_color-black-fr"],"acf":[],"yoast_head":"<!-- This site is optimized with the Yoast SEO plugin v27.0 - https:\/\/yoast.com\/product\/yoast-seo-wordpress\/ -->\n<title>Sac \u00e0 dos ordinateur 15&#039;&#039; antivol, noir - Swiss Peak<\/title>\n<meta name=\"robots\" content=\"index, follow, max-snippet:-1, max-image-preview:large, max-video-preview:-1\" \/>\n<link rel=\"canonical\" href=\"https:\/\/swiss-peak.com\/fr\/produit\/sac-a-dos-ordinateur-15-antivol-noir\/\" \/>\n<meta property=\"og:locale\" content=\"fr_FR\" \/>\n<meta property=\"og:type\" content=\"article\" \/>\n<meta property=\"og:title\" content=\"Sac \u00e0 dos ordinateur 15&#039;&#039; antivol, noir - Swiss Peak\" \/>\n<meta property=\"og:description\" content=\"Sac \u00e0 dos ordinateur au design chic avec une poche rembourr\u00e9e pour ordinateur portable 15\u00a0\u00bb. Ce sac \u00e0 dos l\u00e9ger et durable se caract\u00e9rise par sa construction compacte et minimaliste. Pochettes prot\u00e9g\u00e9es anti-RFID et une sortie lat\u00e9rale USB. Sans PVC.\" \/>\n<meta property=\"og:url\" content=\"https:\/\/swiss-peak.com\/fr\/produit\/sac-a-dos-ordinateur-15-antivol-noir\/\" \/>\n<meta property=\"og:site_name\" content=\"Swiss Peak\" \/>\n<meta property=\"article:modified_time\" content=\"2026-04-16T00:24:48+00:00\" \/>\n<meta property=\"og:image\" content=\"https:\/\/swiss-peak.com\/wp-content\/uploads\/sites\/9\/2026\/04\/P762.371__S_0__817cbd56d0d24f08b8a8fc4ae2be53e0.jpg\" \/>\n\t<meta property=\"og:image:width\" content=\"1024\" \/>\n\t<meta property=\"og:image:height\" content=\"1024\" \/>\n\t<meta property=\"og:image:type\" content=\"image\/jpeg\" \/>\n<meta name=\"twitter:card\" content=\"summary_large_image\" \/>\n<script type=\"application\/ld+json\" class=\"yoast-schema-graph\">{\"@context\":\"https:\/\/schema.org\",\"@graph\":[{\"@type\":\"WebPage\",\"@id\":\"https:\/\/swiss-peak.com\/fr\/produit\/sac-a-dos-ordinateur-15-antivol-noir\/\",\"url\":\"https:\/\/swiss-peak.com\/fr\/produit\/sac-a-dos-ordinateur-15-antivol-noir\/\",\"name\":\"Sac \u00e0 dos ordinateur 15'' antivol, noir - Swiss Peak\",\"isPartOf\":{\"@id\":\"https:\/\/swiss-peak.com\/fr\/#website\"},\"primaryImageOfPage\":{\"@id\":\"https:\/\/swiss-peak.com\/fr\/produit\/sac-a-dos-ordinateur-15-antivol-noir\/#primaryimage\"},\"image\":{\"@id\":\"https:\/\/swiss-peak.com\/fr\/produit\/sac-a-dos-ordinateur-15-antivol-noir\/#primaryimage\"},\"thumbnailUrl\":\"https:\/\/swiss-peak.com\/wp-content\/uploads\/sites\/9\/2026\/04\/P762.371__S_0__817cbd56d0d24f08b8a8fc4ae2be53e0.jpg\",\"datePublished\":\"2023-03-14T09:51:04+00:00\",\"dateModified\":\"2026-04-16T00:24:48+00:00\",\"breadcrumb\":{\"@id\":\"https:\/\/swiss-peak.com\/fr\/produit\/sac-a-dos-ordinateur-15-antivol-noir\/#breadcrumb\"},\"inLanguage\":\"fr-FR\",\"potentialAction\":[{\"@type\":\"ReadAction\",\"target\":[\"https:\/\/swiss-peak.com\/fr\/produit\/sac-a-dos-ordinateur-15-antivol-noir\/\"]}]},{\"@type\":\"ImageObject\",\"inLanguage\":\"fr-FR\",\"@id\":\"https:\/\/swiss-peak.com\/fr\/produit\/sac-a-dos-ordinateur-15-antivol-noir\/#primaryimage\",\"url\":\"https:\/\/swiss-peak.com\/wp-content\/uploads\/sites\/9\/2026\/04\/P762.371__S_0__817cbd56d0d24f08b8a8fc4ae2be53e0.jpg\",\"contentUrl\":\"https:\/\/swiss-peak.com\/wp-content\/uploads\/sites\/9\/2026\/04\/P762.371__S_0__817cbd56d0d24f08b8a8fc4ae2be53e0.jpg\",\"width\":1024,\"height\":1024},{\"@type\":\"BreadcrumbList\",\"@id\":\"https:\/\/swiss-peak.com\/fr\/produit\/sac-a-dos-ordinateur-15-antivol-noir\/#breadcrumb\",\"itemListElement\":[{\"@type\":\"ListItem\",\"position\":1,\"name\":\"Home\",\"item\":\"https:\/\/swiss-peak.com\/fr\/\"},{\"@type\":\"ListItem\",\"position\":2,\"name\":\"Collection\",\"item\":\"https:\/\/swiss-peak.com\/fr\/collection\/\"},{\"@type\":\"ListItem\",\"position\":3,\"name\":\"Sac \u00e0 dos ordinateur 15&#8221; antivol, noir\"}]},{\"@type\":\"WebSite\",\"@id\":\"https:\/\/swiss-peak.com\/fr\/#website\",\"url\":\"https:\/\/swiss-peak.com\/fr\/\",\"name\":\"Swiss Peak\",\"description\":\"Where will today take you?\",\"potentialAction\":[{\"@type\":\"SearchAction\",\"target\":{\"@type\":\"EntryPoint\",\"urlTemplate\":\"https:\/\/swiss-peak.com\/fr\/?s={search_term_string}\"},\"query-input\":{\"@type\":\"PropertyValueSpecification\",\"valueRequired\":true,\"valueName\":\"search_term_string\"}}],\"inLanguage\":\"fr-FR\"}]}<\/script>\n<!-- \/ Yoast SEO plugin. -->","yoast_head_json":{"title":"Sac \u00e0 dos ordinateur 15'' antivol, noir - Swiss Peak","robots":{"index":"index","follow":"follow","max-snippet":"max-snippet:-1","max-image-preview":"max-image-preview:large","max-video-preview":"max-video-preview:-1"},"canonical":"https:\/\/swiss-peak.com\/fr\/produit\/sac-a-dos-ordinateur-15-antivol-noir\/","og_locale":"fr_FR","og_type":"article","og_title":"Sac \u00e0 dos ordinateur 15'' antivol, noir - Swiss Peak","og_description":"Sac \u00e0 dos ordinateur au design chic avec une poche rembourr\u00e9e pour ordinateur portable 15\u00a0\u00bb. Ce sac \u00e0 dos l\u00e9ger et durable se caract\u00e9rise par sa construction compacte et minimaliste. Pochettes prot\u00e9g\u00e9es anti-RFID et une sortie lat\u00e9rale USB. Sans PVC.","og_url":"https:\/\/swiss-peak.com\/fr\/produit\/sac-a-dos-ordinateur-15-antivol-noir\/","og_site_name":"Swiss Peak","article_modified_time":"2026-04-16T00:24:48+00:00","og_image":[{"width":1024,"height":1024,"url":"https:\/\/swiss-peak.com\/wp-content\/uploads\/sites\/9\/2026\/04\/P762.371__S_0__817cbd56d0d24f08b8a8fc4ae2be53e0.jpg","type":"image\/jpeg"}],"twitter_card":"summary_large_image","schema":{"@context":"https:\/\/schema.org","@graph":[{"@type":"WebPage","@id":"https:\/\/swiss-peak.com\/fr\/produit\/sac-a-dos-ordinateur-15-antivol-noir\/","url":"https:\/\/swiss-peak.com\/fr\/produit\/sac-a-dos-ordinateur-15-antivol-noir\/","name":"Sac \u00e0 dos ordinateur 15'' antivol, noir - Swiss Peak","isPartOf":{"@id":"https:\/\/swiss-peak.com\/fr\/#website"},"primaryImageOfPage":{"@id":"https:\/\/swiss-peak.com\/fr\/produit\/sac-a-dos-ordinateur-15-antivol-noir\/#primaryimage"},"image":{"@id":"https:\/\/swiss-peak.com\/fr\/produit\/sac-a-dos-ordinateur-15-antivol-noir\/#primaryimage"},"thumbnailUrl":"https:\/\/swiss-peak.com\/wp-content\/uploads\/sites\/9\/2026\/04\/P762.371__S_0__817cbd56d0d24f08b8a8fc4ae2be53e0.jpg","datePublished":"2023-03-14T09:51:04+00:00","dateModified":"2026-04-16T00:24:48+00:00","breadcrumb":{"@id":"https:\/\/swiss-peak.com\/fr\/produit\/sac-a-dos-ordinateur-15-antivol-noir\/#breadcrumb"},"inLanguage":"fr-FR","potentialAction":[{"@type":"ReadAction","target":["https:\/\/swiss-peak.com\/fr\/produit\/sac-a-dos-ordinateur-15-antivol-noir\/"]}]},{"@type":"ImageObject","inLanguage":"fr-FR","@id":"https:\/\/swiss-peak.com\/fr\/produit\/sac-a-dos-ordinateur-15-antivol-noir\/#primaryimage","url":"https:\/\/swiss-peak.com\/wp-content\/uploads\/sites\/9\/2026\/04\/P762.371__S_0__817cbd56d0d24f08b8a8fc4ae2be53e0.jpg","contentUrl":"https:\/\/swiss-peak.com\/wp-content\/uploads\/sites\/9\/2026\/04\/P762.371__S_0__817cbd56d0d24f08b8a8fc4ae2be53e0.jpg","width":1024,"height":1024},{"@type":"BreadcrumbList","@id":"https:\/\/swiss-peak.com\/fr\/produit\/sac-a-dos-ordinateur-15-antivol-noir\/#breadcrumb","itemListElement":[{"@type":"ListItem","position":1,"name":"Home","item":"https:\/\/swiss-peak.com\/fr\/"},{"@type":"ListItem","position":2,"name":"Collection","item":"https:\/\/swiss-peak.com\/fr\/collection\/"},{"@type":"ListItem","position":3,"name":"Sac \u00e0 dos ordinateur 15&#8221; antivol, noir"}]},{"@type":"WebSite","@id":"https:\/\/swiss-peak.com\/fr\/#website","url":"https:\/\/swiss-peak.com\/fr\/","name":"Swiss Peak","description":"Where will today take you?","potentialAction":[{"@type":"SearchAction","target":{"@type":"EntryPoint","urlTemplate":"https:\/\/swiss-peak.com\/fr\/?s={search_term_string}"},"query-input":{"@type":"PropertyValueSpecification","valueRequired":true,"valueName":"search_term_string"}}],"inLanguage":"fr-FR"}]}},"_links":{"self":[{"href":"https:\/\/swiss-peak.com\/fr\/wp-json\/wp\/v2\/product\/15002","targetHints":{"allow":["GET"]}}],"collection":[{"href":"https:\/\/swiss-peak.com\/fr\/wp-json\/wp\/v2\/product"}],"about":[{"href":"https:\/\/swiss-peak.com\/fr\/wp-json\/wp\/v2\/types\/product"}],"wp:featuredmedia":[{"embeddable":true,"href":"https:\/\/swiss-peak.com\/fr\/wp-json\/wp\/v2\/media\/46332"}],"wp:attachment":[{"href":"https:\/\/swiss-peak.com\/fr\/wp-json\/wp\/v2\/media?parent=15002"}],"wp:term":[{"taxonomy":"product_cat","embeddable":true,"href":"https:\/\/swiss-peak.com\/fr\/wp-json\/wp\/v2\/product_cat?post=15002"},{"taxonomy":"product_tag","embeddable":true,"href":"https:\/\/swiss-peak.com\/fr\/wp-json\/wp\/v2\/product_tag?post=15002"}],"curies":[{"name":"wp","href":"https:\/\/api.w.org\/{rel}","templated":true}]}}