{"id":14999,"date":"2023-03-14T11:51:04","date_gmt":"2023-03-14T09:51:04","guid":{"rendered":"https:\/\/xdsomename.tempurl.host\/swisspeak-website\/collection\/non%20class\u00e9\/sac-de-sport-et-sac-a-dos-anti-rfid-noir\/"},"modified":"2026-03-12T03:26:24","modified_gmt":"2026-03-12T01:26:24","slug":"sac-de-sport-et-sac-a-dos-anti-rfid-noir","status":"publish","type":"product","link":"https:\/\/swiss-peak.com\/fr\/produit\/sac-de-sport-et-sac-a-dos-anti-rfid-noir\/","title":{"rendered":"Sac de sport et sac \u00e0 dos anti RFID, noir"},"content":{"rendered":"<p>Sac 2-en-1 1680D et 600D ultral\u00e9ger, convertible en sac \u00e0 dos ou sac de sports. Compartiment principal spacieux et zipp\u00e9 en forme de U, ouverture sur le c\u00f4t\u00e9 pour un compartiment \u00e0 chaussures ou v\u00eatements sales et poche lat\u00e9rale zipp\u00e9e. Au dos, poche porte-bouteille et poche \u00e0 acc\u00e8s facile. Poche frontale zipp\u00e9e avec deux compartiments avec protection RFID. Bretelles ajustables pour plus de confort. Sans PVC.<\/p>\n","protected":false},"excerpt":{"rendered":"<p>Sac 2-en-1 1680D et 600D ultral\u00e9ger, convertible en sac \u00e0 dos ou sac de sports. Compartiment principal spacieux et zipp\u00e9 en forme de U, ouverture sur le c\u00f4t\u00e9 pour un compartiment \u00e0 chaussures ou v\u00eatements sales et poche lat\u00e9rale zipp\u00e9e. Au dos, poche porte-bouteille et poche \u00e0 acc\u00e8s facile. Poche frontale zipp\u00e9e avec deux compartiments [&hellip;]<\/p>\n","protected":false},"featured_media":31998,"template":"","meta":{"_acf_changed":false},"product_cat":[255,259,266],"product_tag":[],"class_list":["post-14999","product","type-product","status-publish","has-post-thumbnail","hentry","product_cat-sacs-voyage","product_cat-sacs-a-dos","product_cat-sacs-sport","pa_color-black-fr"],"acf":[],"yoast_head":"<!-- This site is optimized with the Yoast SEO plugin v27.0 - https:\/\/yoast.com\/product\/yoast-seo-wordpress\/ -->\n<title>Sac de sport et sac \u00e0 dos anti RFID, noir - Swiss Peak<\/title>\n<meta name=\"robots\" content=\"index, follow, max-snippet:-1, max-image-preview:large, max-video-preview:-1\" \/>\n<link rel=\"canonical\" href=\"https:\/\/swiss-peak.com\/fr\/produit\/sac-de-sport-et-sac-a-dos-anti-rfid-noir\/\" \/>\n<meta property=\"og:locale\" content=\"fr_FR\" \/>\n<meta property=\"og:type\" content=\"article\" \/>\n<meta property=\"og:title\" content=\"Sac de sport et sac \u00e0 dos anti RFID, noir - Swiss Peak\" \/>\n<meta property=\"og:description\" content=\"Sac 2-en-1 1680D et 600D ultral\u00e9ger, convertible en sac \u00e0 dos ou sac de sports. Compartiment principal spacieux et zipp\u00e9 en forme de U, ouverture sur le c\u00f4t\u00e9 pour un compartiment \u00e0 chaussures ou v\u00eatements sales et poche lat\u00e9rale zipp\u00e9e. Au dos, poche porte-bouteille et poche \u00e0 acc\u00e8s facile. Poche frontale zipp\u00e9e avec deux compartiments [&hellip;]\" \/>\n<meta property=\"og:url\" content=\"https:\/\/swiss-peak.com\/fr\/produit\/sac-de-sport-et-sac-a-dos-anti-rfid-noir\/\" \/>\n<meta property=\"og:site_name\" content=\"Swiss Peak\" \/>\n<meta property=\"article:modified_time\" content=\"2026-03-12T01:26:24+00:00\" \/>\n<meta property=\"og:image\" content=\"https:\/\/swiss-peak.com\/wp-content\/uploads\/sites\/9\/2024\/02\/P762.261__S_0__d801fb05ae98487aa5a17fe577b854b6.jpg\" \/>\n\t<meta property=\"og:image:width\" content=\"1024\" \/>\n\t<meta property=\"og:image:height\" content=\"1024\" \/>\n\t<meta property=\"og:image:type\" content=\"image\/jpeg\" \/>\n<meta name=\"twitter:card\" content=\"summary_large_image\" \/>\n<script type=\"application\/ld+json\" class=\"yoast-schema-graph\">{\"@context\":\"https:\/\/schema.org\",\"@graph\":[{\"@type\":\"WebPage\",\"@id\":\"https:\/\/swiss-peak.com\/fr\/produit\/sac-de-sport-et-sac-a-dos-anti-rfid-noir\/\",\"url\":\"https:\/\/swiss-peak.com\/fr\/produit\/sac-de-sport-et-sac-a-dos-anti-rfid-noir\/\",\"name\":\"Sac de sport et sac \u00e0 dos anti RFID, noir - Swiss Peak\",\"isPartOf\":{\"@id\":\"https:\/\/swiss-peak.com\/fr\/#website\"},\"primaryImageOfPage\":{\"@id\":\"https:\/\/swiss-peak.com\/fr\/produit\/sac-de-sport-et-sac-a-dos-anti-rfid-noir\/#primaryimage\"},\"image\":{\"@id\":\"https:\/\/swiss-peak.com\/fr\/produit\/sac-de-sport-et-sac-a-dos-anti-rfid-noir\/#primaryimage\"},\"thumbnailUrl\":\"https:\/\/swiss-peak.com\/wp-content\/uploads\/sites\/9\/2024\/02\/P762.261__S_0__d801fb05ae98487aa5a17fe577b854b6.jpg\",\"datePublished\":\"2023-03-14T09:51:04+00:00\",\"dateModified\":\"2026-03-12T01:26:24+00:00\",\"breadcrumb\":{\"@id\":\"https:\/\/swiss-peak.com\/fr\/produit\/sac-de-sport-et-sac-a-dos-anti-rfid-noir\/#breadcrumb\"},\"inLanguage\":\"fr-FR\",\"potentialAction\":[{\"@type\":\"ReadAction\",\"target\":[\"https:\/\/swiss-peak.com\/fr\/produit\/sac-de-sport-et-sac-a-dos-anti-rfid-noir\/\"]}]},{\"@type\":\"ImageObject\",\"inLanguage\":\"fr-FR\",\"@id\":\"https:\/\/swiss-peak.com\/fr\/produit\/sac-de-sport-et-sac-a-dos-anti-rfid-noir\/#primaryimage\",\"url\":\"https:\/\/swiss-peak.com\/wp-content\/uploads\/sites\/9\/2024\/02\/P762.261__S_0__d801fb05ae98487aa5a17fe577b854b6.jpg\",\"contentUrl\":\"https:\/\/swiss-peak.com\/wp-content\/uploads\/sites\/9\/2024\/02\/P762.261__S_0__d801fb05ae98487aa5a17fe577b854b6.jpg\",\"width\":1024,\"height\":1024},{\"@type\":\"BreadcrumbList\",\"@id\":\"https:\/\/swiss-peak.com\/fr\/produit\/sac-de-sport-et-sac-a-dos-anti-rfid-noir\/#breadcrumb\",\"itemListElement\":[{\"@type\":\"ListItem\",\"position\":1,\"name\":\"Home\",\"item\":\"https:\/\/swiss-peak.com\/fr\/\"},{\"@type\":\"ListItem\",\"position\":2,\"name\":\"Collection\",\"item\":\"https:\/\/swiss-peak.com\/fr\/collection\/\"},{\"@type\":\"ListItem\",\"position\":3,\"name\":\"Sac de sport et sac \u00e0 dos anti RFID, noir\"}]},{\"@type\":\"WebSite\",\"@id\":\"https:\/\/swiss-peak.com\/fr\/#website\",\"url\":\"https:\/\/swiss-peak.com\/fr\/\",\"name\":\"Swiss Peak\",\"description\":\"Where will today take you?\",\"potentialAction\":[{\"@type\":\"SearchAction\",\"target\":{\"@type\":\"EntryPoint\",\"urlTemplate\":\"https:\/\/swiss-peak.com\/fr\/?s={search_term_string}\"},\"query-input\":{\"@type\":\"PropertyValueSpecification\",\"valueRequired\":true,\"valueName\":\"search_term_string\"}}],\"inLanguage\":\"fr-FR\"}]}<\/script>\n<!-- \/ Yoast SEO plugin. -->","yoast_head_json":{"title":"Sac de sport et sac \u00e0 dos anti RFID, noir - Swiss Peak","robots":{"index":"index","follow":"follow","max-snippet":"max-snippet:-1","max-image-preview":"max-image-preview:large","max-video-preview":"max-video-preview:-1"},"canonical":"https:\/\/swiss-peak.com\/fr\/produit\/sac-de-sport-et-sac-a-dos-anti-rfid-noir\/","og_locale":"fr_FR","og_type":"article","og_title":"Sac de sport et sac \u00e0 dos anti RFID, noir - Swiss Peak","og_description":"Sac 2-en-1 1680D et 600D ultral\u00e9ger, convertible en sac \u00e0 dos ou sac de sports. Compartiment principal spacieux et zipp\u00e9 en forme de U, ouverture sur le c\u00f4t\u00e9 pour un compartiment \u00e0 chaussures ou v\u00eatements sales et poche lat\u00e9rale zipp\u00e9e. Au dos, poche porte-bouteille et poche \u00e0 acc\u00e8s facile. Poche frontale zipp\u00e9e avec deux compartiments [&hellip;]","og_url":"https:\/\/swiss-peak.com\/fr\/produit\/sac-de-sport-et-sac-a-dos-anti-rfid-noir\/","og_site_name":"Swiss Peak","article_modified_time":"2026-03-12T01:26:24+00:00","og_image":[{"width":1024,"height":1024,"url":"https:\/\/swiss-peak.com\/wp-content\/uploads\/sites\/9\/2024\/02\/P762.261__S_0__d801fb05ae98487aa5a17fe577b854b6.jpg","type":"image\/jpeg"}],"twitter_card":"summary_large_image","schema":{"@context":"https:\/\/schema.org","@graph":[{"@type":"WebPage","@id":"https:\/\/swiss-peak.com\/fr\/produit\/sac-de-sport-et-sac-a-dos-anti-rfid-noir\/","url":"https:\/\/swiss-peak.com\/fr\/produit\/sac-de-sport-et-sac-a-dos-anti-rfid-noir\/","name":"Sac de sport et sac \u00e0 dos anti RFID, noir - Swiss Peak","isPartOf":{"@id":"https:\/\/swiss-peak.com\/fr\/#website"},"primaryImageOfPage":{"@id":"https:\/\/swiss-peak.com\/fr\/produit\/sac-de-sport-et-sac-a-dos-anti-rfid-noir\/#primaryimage"},"image":{"@id":"https:\/\/swiss-peak.com\/fr\/produit\/sac-de-sport-et-sac-a-dos-anti-rfid-noir\/#primaryimage"},"thumbnailUrl":"https:\/\/swiss-peak.com\/wp-content\/uploads\/sites\/9\/2024\/02\/P762.261__S_0__d801fb05ae98487aa5a17fe577b854b6.jpg","datePublished":"2023-03-14T09:51:04+00:00","dateModified":"2026-03-12T01:26:24+00:00","breadcrumb":{"@id":"https:\/\/swiss-peak.com\/fr\/produit\/sac-de-sport-et-sac-a-dos-anti-rfid-noir\/#breadcrumb"},"inLanguage":"fr-FR","potentialAction":[{"@type":"ReadAction","target":["https:\/\/swiss-peak.com\/fr\/produit\/sac-de-sport-et-sac-a-dos-anti-rfid-noir\/"]}]},{"@type":"ImageObject","inLanguage":"fr-FR","@id":"https:\/\/swiss-peak.com\/fr\/produit\/sac-de-sport-et-sac-a-dos-anti-rfid-noir\/#primaryimage","url":"https:\/\/swiss-peak.com\/wp-content\/uploads\/sites\/9\/2024\/02\/P762.261__S_0__d801fb05ae98487aa5a17fe577b854b6.jpg","contentUrl":"https:\/\/swiss-peak.com\/wp-content\/uploads\/sites\/9\/2024\/02\/P762.261__S_0__d801fb05ae98487aa5a17fe577b854b6.jpg","width":1024,"height":1024},{"@type":"BreadcrumbList","@id":"https:\/\/swiss-peak.com\/fr\/produit\/sac-de-sport-et-sac-a-dos-anti-rfid-noir\/#breadcrumb","itemListElement":[{"@type":"ListItem","position":1,"name":"Home","item":"https:\/\/swiss-peak.com\/fr\/"},{"@type":"ListItem","position":2,"name":"Collection","item":"https:\/\/swiss-peak.com\/fr\/collection\/"},{"@type":"ListItem","position":3,"name":"Sac de sport et sac \u00e0 dos anti RFID, noir"}]},{"@type":"WebSite","@id":"https:\/\/swiss-peak.com\/fr\/#website","url":"https:\/\/swiss-peak.com\/fr\/","name":"Swiss Peak","description":"Where will today take you?","potentialAction":[{"@type":"SearchAction","target":{"@type":"EntryPoint","urlTemplate":"https:\/\/swiss-peak.com\/fr\/?s={search_term_string}"},"query-input":{"@type":"PropertyValueSpecification","valueRequired":true,"valueName":"search_term_string"}}],"inLanguage":"fr-FR"}]}},"_links":{"self":[{"href":"https:\/\/swiss-peak.com\/fr\/wp-json\/wp\/v2\/product\/14999","targetHints":{"allow":["GET"]}}],"collection":[{"href":"https:\/\/swiss-peak.com\/fr\/wp-json\/wp\/v2\/product"}],"about":[{"href":"https:\/\/swiss-peak.com\/fr\/wp-json\/wp\/v2\/types\/product"}],"wp:featuredmedia":[{"embeddable":true,"href":"https:\/\/swiss-peak.com\/fr\/wp-json\/wp\/v2\/media\/31998"}],"wp:attachment":[{"href":"https:\/\/swiss-peak.com\/fr\/wp-json\/wp\/v2\/media?parent=14999"}],"wp:term":[{"taxonomy":"product_cat","embeddable":true,"href":"https:\/\/swiss-peak.com\/fr\/wp-json\/wp\/v2\/product_cat?post=14999"},{"taxonomy":"product_tag","embeddable":true,"href":"https:\/\/swiss-peak.com\/fr\/wp-json\/wp\/v2\/product_tag?post=14999"}],"curies":[{"name":"wp","href":"https:\/\/api.w.org\/{rel}","templated":true}]}}