{"id":14987,"date":"2023-03-14T11:50:20","date_gmt":"2023-03-14T09:50:20","guid":{"rendered":"https:\/\/xdsomename.tempurl.host\/swisspeak-website\/collection\/non%20class\u00e9\/sacoche-ordinateur-14-swiss-peak-en-pu-recycle-grs-noir\/"},"modified":"2026-04-16T02:24:30","modified_gmt":"2026-04-16T00:24:30","slug":"sacoche-ordinateur-14-swiss-peak-en-pu-recycle-grs-noir","status":"publish","type":"product","link":"https:\/\/swiss-peak.com\/fr\/produit\/sacoche-ordinateur-14-swiss-peak-en-pu-recycle-grs-noir\/","title":{"rendered":"Sacoche ordinateur 14\u00a0\u00bb en PU recycl\u00e9 GRS, noir"},"content":{"rendered":"<p>Sacoche ordinateur 14\u00a0\u00bb Swiss Peak en PU recycl\u00e9 GRS respire du luxe moderne avec une finition lisse dans une teinte noire. Cette sacoche comprend une bandouli\u00e8re amovible et deux compartiments frontales avec fermeture \u00e0 zip. Fabriqu\u00e9 avec des mat\u00e9riaux recycl\u00e9s certifi\u00e9s GRS. Fabriqu\u00e9 \u00e0 100 % en PU certifi\u00e9 GRS. La certification GRS garantit une cha\u00eene d&rsquo;approvisionnement enti\u00e8rement certifi\u00e9e pour les mat\u00e9riaux recycl\u00e9s. Contenu recycl\u00e9 total: 61 % bas\u00e9 sur le poids total de l&rsquo;article. Sans PVC.<\/p>\n","protected":false},"excerpt":{"rendered":"<p>Sacoche ordinateur 14\u00a0\u00bb Swiss Peak en PU recycl\u00e9 GRS respire du luxe moderne avec une finition lisse dans une teinte noire. Cette sacoche comprend une bandouli\u00e8re amovible et deux compartiments frontales avec fermeture \u00e0 zip. Fabriqu\u00e9 avec des mat\u00e9riaux recycl\u00e9s certifi\u00e9s GRS. Fabriqu\u00e9 \u00e0 100 % en PU certifi\u00e9 GRS. La certification GRS garantit une [&hellip;]<\/p>\n","protected":false},"featured_media":46290,"template":"","meta":{"_acf_changed":false},"product_cat":[287,291],"product_tag":[],"class_list":["post-14987","product","type-product","status-publish","has-post-thumbnail","hentry","product_cat-business-fr","product_cat-sacs-ordinateurs-portable","pa_color-black-fr"],"acf":[],"yoast_head":"<!-- This site is optimized with the Yoast SEO plugin v27.0 - https:\/\/yoast.com\/product\/yoast-seo-wordpress\/ -->\n<title>Sacoche ordinateur 14&#039;&#039; en PU recycl\u00e9 GRS, noir - Swiss Peak<\/title>\n<meta name=\"robots\" content=\"index, follow, max-snippet:-1, max-image-preview:large, max-video-preview:-1\" \/>\n<link rel=\"canonical\" href=\"https:\/\/swiss-peak.com\/fr\/produit\/sacoche-ordinateur-14-swiss-peak-en-pu-recycle-grs-noir\/\" \/>\n<meta property=\"og:locale\" content=\"fr_FR\" \/>\n<meta property=\"og:type\" content=\"article\" \/>\n<meta property=\"og:title\" content=\"Sacoche ordinateur 14&#039;&#039; en PU recycl\u00e9 GRS, noir - Swiss Peak\" \/>\n<meta property=\"og:description\" content=\"Sacoche ordinateur 14\u00a0\u00bb Swiss Peak en PU recycl\u00e9 GRS respire du luxe moderne avec une finition lisse dans une teinte noire. Cette sacoche comprend une bandouli\u00e8re amovible et deux compartiments frontales avec fermeture \u00e0 zip. Fabriqu\u00e9 avec des mat\u00e9riaux recycl\u00e9s certifi\u00e9s GRS. Fabriqu\u00e9 \u00e0 100 % en PU certifi\u00e9 GRS. La certification GRS garantit une [&hellip;]\" \/>\n<meta property=\"og:url\" content=\"https:\/\/swiss-peak.com\/fr\/produit\/sacoche-ordinateur-14-swiss-peak-en-pu-recycle-grs-noir\/\" \/>\n<meta property=\"og:site_name\" content=\"Swiss Peak\" \/>\n<meta property=\"article:modified_time\" content=\"2026-04-16T00:24:30+00:00\" \/>\n<meta property=\"og:image\" content=\"https:\/\/swiss-peak.com\/wp-content\/uploads\/sites\/9\/2026\/04\/P732.191__S_0__42aed658df134278848a21d1eda6caea.jpg\" \/>\n\t<meta property=\"og:image:width\" content=\"1024\" \/>\n\t<meta property=\"og:image:height\" content=\"1024\" \/>\n\t<meta property=\"og:image:type\" content=\"image\/jpeg\" \/>\n<meta name=\"twitter:card\" content=\"summary_large_image\" \/>\n<script type=\"application\/ld+json\" class=\"yoast-schema-graph\">{\"@context\":\"https:\/\/schema.org\",\"@graph\":[{\"@type\":\"WebPage\",\"@id\":\"https:\/\/swiss-peak.com\/fr\/produit\/sacoche-ordinateur-14-swiss-peak-en-pu-recycle-grs-noir\/\",\"url\":\"https:\/\/swiss-peak.com\/fr\/produit\/sacoche-ordinateur-14-swiss-peak-en-pu-recycle-grs-noir\/\",\"name\":\"Sacoche ordinateur 14'' en PU recycl\u00e9 GRS, noir - Swiss Peak\",\"isPartOf\":{\"@id\":\"https:\/\/swiss-peak.com\/fr\/#website\"},\"primaryImageOfPage\":{\"@id\":\"https:\/\/swiss-peak.com\/fr\/produit\/sacoche-ordinateur-14-swiss-peak-en-pu-recycle-grs-noir\/#primaryimage\"},\"image\":{\"@id\":\"https:\/\/swiss-peak.com\/fr\/produit\/sacoche-ordinateur-14-swiss-peak-en-pu-recycle-grs-noir\/#primaryimage\"},\"thumbnailUrl\":\"https:\/\/swiss-peak.com\/wp-content\/uploads\/sites\/9\/2026\/04\/P732.191__S_0__42aed658df134278848a21d1eda6caea.jpg\",\"datePublished\":\"2023-03-14T09:50:20+00:00\",\"dateModified\":\"2026-04-16T00:24:30+00:00\",\"breadcrumb\":{\"@id\":\"https:\/\/swiss-peak.com\/fr\/produit\/sacoche-ordinateur-14-swiss-peak-en-pu-recycle-grs-noir\/#breadcrumb\"},\"inLanguage\":\"fr-FR\",\"potentialAction\":[{\"@type\":\"ReadAction\",\"target\":[\"https:\/\/swiss-peak.com\/fr\/produit\/sacoche-ordinateur-14-swiss-peak-en-pu-recycle-grs-noir\/\"]}]},{\"@type\":\"ImageObject\",\"inLanguage\":\"fr-FR\",\"@id\":\"https:\/\/swiss-peak.com\/fr\/produit\/sacoche-ordinateur-14-swiss-peak-en-pu-recycle-grs-noir\/#primaryimage\",\"url\":\"https:\/\/swiss-peak.com\/wp-content\/uploads\/sites\/9\/2026\/04\/P732.191__S_0__42aed658df134278848a21d1eda6caea.jpg\",\"contentUrl\":\"https:\/\/swiss-peak.com\/wp-content\/uploads\/sites\/9\/2026\/04\/P732.191__S_0__42aed658df134278848a21d1eda6caea.jpg\",\"width\":1024,\"height\":1024},{\"@type\":\"BreadcrumbList\",\"@id\":\"https:\/\/swiss-peak.com\/fr\/produit\/sacoche-ordinateur-14-swiss-peak-en-pu-recycle-grs-noir\/#breadcrumb\",\"itemListElement\":[{\"@type\":\"ListItem\",\"position\":1,\"name\":\"Home\",\"item\":\"https:\/\/swiss-peak.com\/fr\/\"},{\"@type\":\"ListItem\",\"position\":2,\"name\":\"Collection\",\"item\":\"https:\/\/swiss-peak.com\/fr\/collection\/\"},{\"@type\":\"ListItem\",\"position\":3,\"name\":\"Sacoche ordinateur 14&#8221; en PU recycl\u00e9 GRS, noir\"}]},{\"@type\":\"WebSite\",\"@id\":\"https:\/\/swiss-peak.com\/fr\/#website\",\"url\":\"https:\/\/swiss-peak.com\/fr\/\",\"name\":\"Swiss Peak\",\"description\":\"Where will today take you?\",\"potentialAction\":[{\"@type\":\"SearchAction\",\"target\":{\"@type\":\"EntryPoint\",\"urlTemplate\":\"https:\/\/swiss-peak.com\/fr\/?s={search_term_string}\"},\"query-input\":{\"@type\":\"PropertyValueSpecification\",\"valueRequired\":true,\"valueName\":\"search_term_string\"}}],\"inLanguage\":\"fr-FR\"}]}<\/script>\n<!-- \/ Yoast SEO plugin. -->","yoast_head_json":{"title":"Sacoche ordinateur 14'' en PU recycl\u00e9 GRS, noir - Swiss Peak","robots":{"index":"index","follow":"follow","max-snippet":"max-snippet:-1","max-image-preview":"max-image-preview:large","max-video-preview":"max-video-preview:-1"},"canonical":"https:\/\/swiss-peak.com\/fr\/produit\/sacoche-ordinateur-14-swiss-peak-en-pu-recycle-grs-noir\/","og_locale":"fr_FR","og_type":"article","og_title":"Sacoche ordinateur 14'' en PU recycl\u00e9 GRS, noir - Swiss Peak","og_description":"Sacoche ordinateur 14\u00a0\u00bb Swiss Peak en PU recycl\u00e9 GRS respire du luxe moderne avec une finition lisse dans une teinte noire. Cette sacoche comprend une bandouli\u00e8re amovible et deux compartiments frontales avec fermeture \u00e0 zip. Fabriqu\u00e9 avec des mat\u00e9riaux recycl\u00e9s certifi\u00e9s GRS. Fabriqu\u00e9 \u00e0 100 % en PU certifi\u00e9 GRS. La certification GRS garantit une [&hellip;]","og_url":"https:\/\/swiss-peak.com\/fr\/produit\/sacoche-ordinateur-14-swiss-peak-en-pu-recycle-grs-noir\/","og_site_name":"Swiss Peak","article_modified_time":"2026-04-16T00:24:30+00:00","og_image":[{"width":1024,"height":1024,"url":"https:\/\/swiss-peak.com\/wp-content\/uploads\/sites\/9\/2026\/04\/P732.191__S_0__42aed658df134278848a21d1eda6caea.jpg","type":"image\/jpeg"}],"twitter_card":"summary_large_image","schema":{"@context":"https:\/\/schema.org","@graph":[{"@type":"WebPage","@id":"https:\/\/swiss-peak.com\/fr\/produit\/sacoche-ordinateur-14-swiss-peak-en-pu-recycle-grs-noir\/","url":"https:\/\/swiss-peak.com\/fr\/produit\/sacoche-ordinateur-14-swiss-peak-en-pu-recycle-grs-noir\/","name":"Sacoche ordinateur 14'' en PU recycl\u00e9 GRS, noir - Swiss Peak","isPartOf":{"@id":"https:\/\/swiss-peak.com\/fr\/#website"},"primaryImageOfPage":{"@id":"https:\/\/swiss-peak.com\/fr\/produit\/sacoche-ordinateur-14-swiss-peak-en-pu-recycle-grs-noir\/#primaryimage"},"image":{"@id":"https:\/\/swiss-peak.com\/fr\/produit\/sacoche-ordinateur-14-swiss-peak-en-pu-recycle-grs-noir\/#primaryimage"},"thumbnailUrl":"https:\/\/swiss-peak.com\/wp-content\/uploads\/sites\/9\/2026\/04\/P732.191__S_0__42aed658df134278848a21d1eda6caea.jpg","datePublished":"2023-03-14T09:50:20+00:00","dateModified":"2026-04-16T00:24:30+00:00","breadcrumb":{"@id":"https:\/\/swiss-peak.com\/fr\/produit\/sacoche-ordinateur-14-swiss-peak-en-pu-recycle-grs-noir\/#breadcrumb"},"inLanguage":"fr-FR","potentialAction":[{"@type":"ReadAction","target":["https:\/\/swiss-peak.com\/fr\/produit\/sacoche-ordinateur-14-swiss-peak-en-pu-recycle-grs-noir\/"]}]},{"@type":"ImageObject","inLanguage":"fr-FR","@id":"https:\/\/swiss-peak.com\/fr\/produit\/sacoche-ordinateur-14-swiss-peak-en-pu-recycle-grs-noir\/#primaryimage","url":"https:\/\/swiss-peak.com\/wp-content\/uploads\/sites\/9\/2026\/04\/P732.191__S_0__42aed658df134278848a21d1eda6caea.jpg","contentUrl":"https:\/\/swiss-peak.com\/wp-content\/uploads\/sites\/9\/2026\/04\/P732.191__S_0__42aed658df134278848a21d1eda6caea.jpg","width":1024,"height":1024},{"@type":"BreadcrumbList","@id":"https:\/\/swiss-peak.com\/fr\/produit\/sacoche-ordinateur-14-swiss-peak-en-pu-recycle-grs-noir\/#breadcrumb","itemListElement":[{"@type":"ListItem","position":1,"name":"Home","item":"https:\/\/swiss-peak.com\/fr\/"},{"@type":"ListItem","position":2,"name":"Collection","item":"https:\/\/swiss-peak.com\/fr\/collection\/"},{"@type":"ListItem","position":3,"name":"Sacoche ordinateur 14&#8221; en PU recycl\u00e9 GRS, noir"}]},{"@type":"WebSite","@id":"https:\/\/swiss-peak.com\/fr\/#website","url":"https:\/\/swiss-peak.com\/fr\/","name":"Swiss Peak","description":"Where will today take you?","potentialAction":[{"@type":"SearchAction","target":{"@type":"EntryPoint","urlTemplate":"https:\/\/swiss-peak.com\/fr\/?s={search_term_string}"},"query-input":{"@type":"PropertyValueSpecification","valueRequired":true,"valueName":"search_term_string"}}],"inLanguage":"fr-FR"}]}},"_links":{"self":[{"href":"https:\/\/swiss-peak.com\/fr\/wp-json\/wp\/v2\/product\/14987","targetHints":{"allow":["GET"]}}],"collection":[{"href":"https:\/\/swiss-peak.com\/fr\/wp-json\/wp\/v2\/product"}],"about":[{"href":"https:\/\/swiss-peak.com\/fr\/wp-json\/wp\/v2\/types\/product"}],"wp:featuredmedia":[{"embeddable":true,"href":"https:\/\/swiss-peak.com\/fr\/wp-json\/wp\/v2\/media\/46290"}],"wp:attachment":[{"href":"https:\/\/swiss-peak.com\/fr\/wp-json\/wp\/v2\/media?parent=14987"}],"wp:term":[{"taxonomy":"product_cat","embeddable":true,"href":"https:\/\/swiss-peak.com\/fr\/wp-json\/wp\/v2\/product_cat?post=14987"},{"taxonomy":"product_tag","embeddable":true,"href":"https:\/\/swiss-peak.com\/fr\/wp-json\/wp\/v2\/product_tag?post=14987"}],"curies":[{"name":"wp","href":"https:\/\/api.w.org\/{rel}","templated":true}]}}