{"id":14983,"date":"2023-03-14T11:50:20","date_gmt":"2023-03-14T09:50:20","guid":{"rendered":"https:\/\/xdsomename.tempurl.host\/swisspeak-website\/collection\/non%20class\u00e9\/sac-de-sport-weekend-noir\/"},"modified":"2026-04-16T02:24:27","modified_gmt":"2026-04-16T00:24:27","slug":"sac-de-sport-weekend-noir","status":"publish","type":"product","link":"https:\/\/swiss-peak.com\/fr\/produit\/sac-de-sport-weekend-noir\/","title":{"rendered":"Sac de sport\/weekend, noir"},"content":{"rendered":"<p>Sac polochon 600D et 1680D. Pour un style sportif \u00e0 la salle de sport ou un voyage d\u00e9contract\u00e9. Comprend un compartiment principal spacieux avec une fermeture \u00e0 zip qualitative pour une ouverture en U, un compartiment s\u00e9par\u00e9 et a\u00e9r\u00e9 pour chaussures ainsi qu\u2019un compartiment pour bouteilles sur le c\u00f4t\u00e9. Avec poche frontale zipp\u00e9e permettant de rapidement ranger et acc\u00e9der \u00e0 ses accessoires de voyage comme son smartphone.  Avec bandouli\u00e8re r\u00e9glable et doubles poign\u00e9es pour un confort et une polyvalence accentu\u00e9s. Sans PVC.<\/p>\n","protected":false},"excerpt":{"rendered":"<p>Sac polochon 600D et 1680D. Pour un style sportif \u00e0 la salle de sport ou un voyage d\u00e9contract\u00e9. Comprend un compartiment principal spacieux avec une fermeture \u00e0 zip qualitative pour une ouverture en U, un compartiment s\u00e9par\u00e9 et a\u00e9r\u00e9 pour chaussures ainsi qu\u2019un compartiment pour bouteilles sur le c\u00f4t\u00e9. Avec poche frontale zipp\u00e9e permettant de [&hellip;]<\/p>\n","protected":false},"featured_media":46283,"template":"","meta":{"_acf_changed":false},"product_cat":[255,266,283],"product_tag":[],"class_list":["post-14983","product","type-product","status-publish","has-post-thumbnail","hentry","product_cat-sacs-voyage","product_cat-sacs-sport","product_cat-sacs-weekend","pa_color-black-fr"],"acf":[],"yoast_head":"<!-- This site is optimized with the Yoast SEO plugin v27.0 - https:\/\/yoast.com\/product\/yoast-seo-wordpress\/ -->\n<title>Sac de sport\/weekend, noir - Swiss Peak<\/title>\n<meta name=\"robots\" content=\"index, follow, max-snippet:-1, max-image-preview:large, max-video-preview:-1\" \/>\n<link rel=\"canonical\" href=\"https:\/\/swiss-peak.com\/fr\/produit\/sac-de-sport-weekend-noir\/\" \/>\n<meta property=\"og:locale\" content=\"fr_FR\" \/>\n<meta property=\"og:type\" content=\"article\" \/>\n<meta property=\"og:title\" content=\"Sac de sport\/weekend, noir - Swiss Peak\" \/>\n<meta property=\"og:description\" content=\"Sac polochon 600D et 1680D. Pour un style sportif \u00e0 la salle de sport ou un voyage d\u00e9contract\u00e9. Comprend un compartiment principal spacieux avec une fermeture \u00e0 zip qualitative pour une ouverture en U, un compartiment s\u00e9par\u00e9 et a\u00e9r\u00e9 pour chaussures ainsi qu\u2019un compartiment pour bouteilles sur le c\u00f4t\u00e9. Avec poche frontale zipp\u00e9e permettant de [&hellip;]\" \/>\n<meta property=\"og:url\" content=\"https:\/\/swiss-peak.com\/fr\/produit\/sac-de-sport-weekend-noir\/\" \/>\n<meta property=\"og:site_name\" content=\"Swiss Peak\" \/>\n<meta property=\"article:modified_time\" content=\"2026-04-16T00:24:27+00:00\" \/>\n<meta property=\"og:image\" content=\"https:\/\/swiss-peak.com\/wp-content\/uploads\/sites\/9\/2026\/04\/P707.230__S_0__0e083b06c6334d11bcbf3b894fce5d59.jpg\" \/>\n\t<meta property=\"og:image:width\" content=\"1024\" \/>\n\t<meta property=\"og:image:height\" content=\"1024\" \/>\n\t<meta property=\"og:image:type\" content=\"image\/jpeg\" \/>\n<meta name=\"twitter:card\" content=\"summary_large_image\" \/>\n<script type=\"application\/ld+json\" class=\"yoast-schema-graph\">{\"@context\":\"https:\/\/schema.org\",\"@graph\":[{\"@type\":\"WebPage\",\"@id\":\"https:\/\/swiss-peak.com\/fr\/produit\/sac-de-sport-weekend-noir\/\",\"url\":\"https:\/\/swiss-peak.com\/fr\/produit\/sac-de-sport-weekend-noir\/\",\"name\":\"Sac de sport\/weekend, noir - Swiss Peak\",\"isPartOf\":{\"@id\":\"https:\/\/swiss-peak.com\/fr\/#website\"},\"primaryImageOfPage\":{\"@id\":\"https:\/\/swiss-peak.com\/fr\/produit\/sac-de-sport-weekend-noir\/#primaryimage\"},\"image\":{\"@id\":\"https:\/\/swiss-peak.com\/fr\/produit\/sac-de-sport-weekend-noir\/#primaryimage\"},\"thumbnailUrl\":\"https:\/\/swiss-peak.com\/wp-content\/uploads\/sites\/9\/2026\/04\/P707.230__S_0__0e083b06c6334d11bcbf3b894fce5d59.jpg\",\"datePublished\":\"2023-03-14T09:50:20+00:00\",\"dateModified\":\"2026-04-16T00:24:27+00:00\",\"breadcrumb\":{\"@id\":\"https:\/\/swiss-peak.com\/fr\/produit\/sac-de-sport-weekend-noir\/#breadcrumb\"},\"inLanguage\":\"fr-FR\",\"potentialAction\":[{\"@type\":\"ReadAction\",\"target\":[\"https:\/\/swiss-peak.com\/fr\/produit\/sac-de-sport-weekend-noir\/\"]}]},{\"@type\":\"ImageObject\",\"inLanguage\":\"fr-FR\",\"@id\":\"https:\/\/swiss-peak.com\/fr\/produit\/sac-de-sport-weekend-noir\/#primaryimage\",\"url\":\"https:\/\/swiss-peak.com\/wp-content\/uploads\/sites\/9\/2026\/04\/P707.230__S_0__0e083b06c6334d11bcbf3b894fce5d59.jpg\",\"contentUrl\":\"https:\/\/swiss-peak.com\/wp-content\/uploads\/sites\/9\/2026\/04\/P707.230__S_0__0e083b06c6334d11bcbf3b894fce5d59.jpg\",\"width\":1024,\"height\":1024},{\"@type\":\"BreadcrumbList\",\"@id\":\"https:\/\/swiss-peak.com\/fr\/produit\/sac-de-sport-weekend-noir\/#breadcrumb\",\"itemListElement\":[{\"@type\":\"ListItem\",\"position\":1,\"name\":\"Home\",\"item\":\"https:\/\/swiss-peak.com\/fr\/\"},{\"@type\":\"ListItem\",\"position\":2,\"name\":\"Collection\",\"item\":\"https:\/\/swiss-peak.com\/fr\/collection\/\"},{\"@type\":\"ListItem\",\"position\":3,\"name\":\"Sac de sport\/weekend, noir\"}]},{\"@type\":\"WebSite\",\"@id\":\"https:\/\/swiss-peak.com\/fr\/#website\",\"url\":\"https:\/\/swiss-peak.com\/fr\/\",\"name\":\"Swiss Peak\",\"description\":\"Where will today take you?\",\"potentialAction\":[{\"@type\":\"SearchAction\",\"target\":{\"@type\":\"EntryPoint\",\"urlTemplate\":\"https:\/\/swiss-peak.com\/fr\/?s={search_term_string}\"},\"query-input\":{\"@type\":\"PropertyValueSpecification\",\"valueRequired\":true,\"valueName\":\"search_term_string\"}}],\"inLanguage\":\"fr-FR\"}]}<\/script>\n<!-- \/ Yoast SEO plugin. -->","yoast_head_json":{"title":"Sac de sport\/weekend, noir - Swiss Peak","robots":{"index":"index","follow":"follow","max-snippet":"max-snippet:-1","max-image-preview":"max-image-preview:large","max-video-preview":"max-video-preview:-1"},"canonical":"https:\/\/swiss-peak.com\/fr\/produit\/sac-de-sport-weekend-noir\/","og_locale":"fr_FR","og_type":"article","og_title":"Sac de sport\/weekend, noir - Swiss Peak","og_description":"Sac polochon 600D et 1680D. Pour un style sportif \u00e0 la salle de sport ou un voyage d\u00e9contract\u00e9. Comprend un compartiment principal spacieux avec une fermeture \u00e0 zip qualitative pour une ouverture en U, un compartiment s\u00e9par\u00e9 et a\u00e9r\u00e9 pour chaussures ainsi qu\u2019un compartiment pour bouteilles sur le c\u00f4t\u00e9. Avec poche frontale zipp\u00e9e permettant de [&hellip;]","og_url":"https:\/\/swiss-peak.com\/fr\/produit\/sac-de-sport-weekend-noir\/","og_site_name":"Swiss Peak","article_modified_time":"2026-04-16T00:24:27+00:00","og_image":[{"width":1024,"height":1024,"url":"https:\/\/swiss-peak.com\/wp-content\/uploads\/sites\/9\/2026\/04\/P707.230__S_0__0e083b06c6334d11bcbf3b894fce5d59.jpg","type":"image\/jpeg"}],"twitter_card":"summary_large_image","schema":{"@context":"https:\/\/schema.org","@graph":[{"@type":"WebPage","@id":"https:\/\/swiss-peak.com\/fr\/produit\/sac-de-sport-weekend-noir\/","url":"https:\/\/swiss-peak.com\/fr\/produit\/sac-de-sport-weekend-noir\/","name":"Sac de sport\/weekend, noir - Swiss Peak","isPartOf":{"@id":"https:\/\/swiss-peak.com\/fr\/#website"},"primaryImageOfPage":{"@id":"https:\/\/swiss-peak.com\/fr\/produit\/sac-de-sport-weekend-noir\/#primaryimage"},"image":{"@id":"https:\/\/swiss-peak.com\/fr\/produit\/sac-de-sport-weekend-noir\/#primaryimage"},"thumbnailUrl":"https:\/\/swiss-peak.com\/wp-content\/uploads\/sites\/9\/2026\/04\/P707.230__S_0__0e083b06c6334d11bcbf3b894fce5d59.jpg","datePublished":"2023-03-14T09:50:20+00:00","dateModified":"2026-04-16T00:24:27+00:00","breadcrumb":{"@id":"https:\/\/swiss-peak.com\/fr\/produit\/sac-de-sport-weekend-noir\/#breadcrumb"},"inLanguage":"fr-FR","potentialAction":[{"@type":"ReadAction","target":["https:\/\/swiss-peak.com\/fr\/produit\/sac-de-sport-weekend-noir\/"]}]},{"@type":"ImageObject","inLanguage":"fr-FR","@id":"https:\/\/swiss-peak.com\/fr\/produit\/sac-de-sport-weekend-noir\/#primaryimage","url":"https:\/\/swiss-peak.com\/wp-content\/uploads\/sites\/9\/2026\/04\/P707.230__S_0__0e083b06c6334d11bcbf3b894fce5d59.jpg","contentUrl":"https:\/\/swiss-peak.com\/wp-content\/uploads\/sites\/9\/2026\/04\/P707.230__S_0__0e083b06c6334d11bcbf3b894fce5d59.jpg","width":1024,"height":1024},{"@type":"BreadcrumbList","@id":"https:\/\/swiss-peak.com\/fr\/produit\/sac-de-sport-weekend-noir\/#breadcrumb","itemListElement":[{"@type":"ListItem","position":1,"name":"Home","item":"https:\/\/swiss-peak.com\/fr\/"},{"@type":"ListItem","position":2,"name":"Collection","item":"https:\/\/swiss-peak.com\/fr\/collection\/"},{"@type":"ListItem","position":3,"name":"Sac de sport\/weekend, noir"}]},{"@type":"WebSite","@id":"https:\/\/swiss-peak.com\/fr\/#website","url":"https:\/\/swiss-peak.com\/fr\/","name":"Swiss Peak","description":"Where will today take you?","potentialAction":[{"@type":"SearchAction","target":{"@type":"EntryPoint","urlTemplate":"https:\/\/swiss-peak.com\/fr\/?s={search_term_string}"},"query-input":{"@type":"PropertyValueSpecification","valueRequired":true,"valueName":"search_term_string"}}],"inLanguage":"fr-FR"}]}},"_links":{"self":[{"href":"https:\/\/swiss-peak.com\/fr\/wp-json\/wp\/v2\/product\/14983","targetHints":{"allow":["GET"]}}],"collection":[{"href":"https:\/\/swiss-peak.com\/fr\/wp-json\/wp\/v2\/product"}],"about":[{"href":"https:\/\/swiss-peak.com\/fr\/wp-json\/wp\/v2\/types\/product"}],"wp:featuredmedia":[{"embeddable":true,"href":"https:\/\/swiss-peak.com\/fr\/wp-json\/wp\/v2\/media\/46283"}],"wp:attachment":[{"href":"https:\/\/swiss-peak.com\/fr\/wp-json\/wp\/v2\/media?parent=14983"}],"wp:term":[{"taxonomy":"product_cat","embeddable":true,"href":"https:\/\/swiss-peak.com\/fr\/wp-json\/wp\/v2\/product_cat?post=14983"},{"taxonomy":"product_tag","embeddable":true,"href":"https:\/\/swiss-peak.com\/fr\/wp-json\/wp\/v2\/product_tag?post=14983"}],"curies":[{"name":"wp","href":"https:\/\/api.w.org\/{rel}","templated":true}]}}