{"id":14982,"date":"2023-03-14T11:50:20","date_gmt":"2023-03-14T09:50:20","guid":{"rendered":"https:\/\/xdsomename.tempurl.host\/swisspeak-website\/collection\/non%20class\u00e9\/sac-de-sport-rpet-aware-noir\/"},"modified":"2026-04-16T02:24:23","modified_gmt":"2026-04-16T00:24:23","slug":"sac-de-sport-rpet-aware-noir","status":"publish","type":"product","link":"https:\/\/swiss-peak.com\/fr\/produit\/sac-de-sport-rpet-aware-noir\/","title":{"rendered":"Sac de sport rPET AWARE\u2122, noir"},"content":{"rendered":"<p>Sac de sport Swiss Peak en rPET AWARE\u2122 avec une grande ouverture acc\u00e8s facile pour trouver vos objets essentiels en un coup d&rsquo;\u0153il, poche avant \u00e0 fermeture \u00e0 zip et 2 poches ext\u00e9rieures en maille. L&rsquo;ext\u00e9rieur de ce sac et la doublure sont fabriqu\u00e9s en 100% polyester recycl\u00e9. Avec traceur AWARE\u2122 qui prouve l&rsquo;utilisation r\u00e9elles des mat\u00e9riaux recycl\u00e9s. Chaque sac a r\u00e9utilis\u00e9 31,05 bouteilles en PET 0,5L. 2% de chaque produit IMPACT vendu sera revers\u00e9 \u00e0 Water.org.<\/p>\n","protected":false},"excerpt":{"rendered":"<p>Sac de sport Swiss Peak en rPET AWARE\u2122 avec une grande ouverture acc\u00e8s facile pour trouver vos objets essentiels en un coup d&rsquo;\u0153il, poche avant \u00e0 fermeture \u00e0 zip et 2 poches ext\u00e9rieures en maille. L&rsquo;ext\u00e9rieur de ce sac et la doublure sont fabriqu\u00e9s en 100% polyester recycl\u00e9. Avec traceur AWARE\u2122 qui prouve l&rsquo;utilisation r\u00e9elles [&hellip;]<\/p>\n","protected":false},"featured_media":46276,"template":"","meta":{"_acf_changed":false},"product_cat":[255,266],"product_tag":[],"class_list":["post-14982","product","type-product","status-publish","has-post-thumbnail","hentry","product_cat-sacs-voyage","product_cat-sacs-sport","pa_color-black-fr"],"acf":[],"yoast_head":"<!-- This site is optimized with the Yoast SEO plugin v27.0 - https:\/\/yoast.com\/product\/yoast-seo-wordpress\/ -->\n<title>Sac de sport rPET AWARE\u2122, noir - Swiss Peak<\/title>\n<meta name=\"robots\" content=\"index, follow, max-snippet:-1, max-image-preview:large, max-video-preview:-1\" \/>\n<link rel=\"canonical\" href=\"https:\/\/swiss-peak.com\/fr\/produit\/sac-de-sport-rpet-aware-noir\/\" \/>\n<meta property=\"og:locale\" content=\"fr_FR\" \/>\n<meta property=\"og:type\" content=\"article\" \/>\n<meta property=\"og:title\" content=\"Sac de sport rPET AWARE\u2122, noir - Swiss Peak\" \/>\n<meta property=\"og:description\" content=\"Sac de sport Swiss Peak en rPET AWARE\u2122 avec une grande ouverture acc\u00e8s facile pour trouver vos objets essentiels en un coup d&rsquo;\u0153il, poche avant \u00e0 fermeture \u00e0 zip et 2 poches ext\u00e9rieures en maille. L&rsquo;ext\u00e9rieur de ce sac et la doublure sont fabriqu\u00e9s en 100% polyester recycl\u00e9. Avec traceur AWARE\u2122 qui prouve l&rsquo;utilisation r\u00e9elles [&hellip;]\" \/>\n<meta property=\"og:url\" content=\"https:\/\/swiss-peak.com\/fr\/produit\/sac-de-sport-rpet-aware-noir\/\" \/>\n<meta property=\"og:site_name\" content=\"Swiss Peak\" \/>\n<meta property=\"article:modified_time\" content=\"2026-04-16T00:24:23+00:00\" \/>\n<meta property=\"og:image\" content=\"https:\/\/swiss-peak.com\/wp-content\/uploads\/sites\/9\/2026\/04\/P707.151__S_0__18f92c738c454a76b707479c9afb9704.jpg\" \/>\n\t<meta property=\"og:image:width\" content=\"1024\" \/>\n\t<meta property=\"og:image:height\" content=\"1024\" \/>\n\t<meta property=\"og:image:type\" content=\"image\/jpeg\" \/>\n<meta name=\"twitter:card\" content=\"summary_large_image\" \/>\n<script type=\"application\/ld+json\" class=\"yoast-schema-graph\">{\"@context\":\"https:\/\/schema.org\",\"@graph\":[{\"@type\":\"WebPage\",\"@id\":\"https:\/\/swiss-peak.com\/fr\/produit\/sac-de-sport-rpet-aware-noir\/\",\"url\":\"https:\/\/swiss-peak.com\/fr\/produit\/sac-de-sport-rpet-aware-noir\/\",\"name\":\"Sac de sport rPET AWARE\u2122, noir - Swiss Peak\",\"isPartOf\":{\"@id\":\"https:\/\/swiss-peak.com\/fr\/#website\"},\"primaryImageOfPage\":{\"@id\":\"https:\/\/swiss-peak.com\/fr\/produit\/sac-de-sport-rpet-aware-noir\/#primaryimage\"},\"image\":{\"@id\":\"https:\/\/swiss-peak.com\/fr\/produit\/sac-de-sport-rpet-aware-noir\/#primaryimage\"},\"thumbnailUrl\":\"https:\/\/swiss-peak.com\/wp-content\/uploads\/sites\/9\/2026\/04\/P707.151__S_0__18f92c738c454a76b707479c9afb9704.jpg\",\"datePublished\":\"2023-03-14T09:50:20+00:00\",\"dateModified\":\"2026-04-16T00:24:23+00:00\",\"breadcrumb\":{\"@id\":\"https:\/\/swiss-peak.com\/fr\/produit\/sac-de-sport-rpet-aware-noir\/#breadcrumb\"},\"inLanguage\":\"fr-FR\",\"potentialAction\":[{\"@type\":\"ReadAction\",\"target\":[\"https:\/\/swiss-peak.com\/fr\/produit\/sac-de-sport-rpet-aware-noir\/\"]}]},{\"@type\":\"ImageObject\",\"inLanguage\":\"fr-FR\",\"@id\":\"https:\/\/swiss-peak.com\/fr\/produit\/sac-de-sport-rpet-aware-noir\/#primaryimage\",\"url\":\"https:\/\/swiss-peak.com\/wp-content\/uploads\/sites\/9\/2026\/04\/P707.151__S_0__18f92c738c454a76b707479c9afb9704.jpg\",\"contentUrl\":\"https:\/\/swiss-peak.com\/wp-content\/uploads\/sites\/9\/2026\/04\/P707.151__S_0__18f92c738c454a76b707479c9afb9704.jpg\",\"width\":1024,\"height\":1024},{\"@type\":\"BreadcrumbList\",\"@id\":\"https:\/\/swiss-peak.com\/fr\/produit\/sac-de-sport-rpet-aware-noir\/#breadcrumb\",\"itemListElement\":[{\"@type\":\"ListItem\",\"position\":1,\"name\":\"Home\",\"item\":\"https:\/\/swiss-peak.com\/fr\/\"},{\"@type\":\"ListItem\",\"position\":2,\"name\":\"Collection\",\"item\":\"https:\/\/swiss-peak.com\/fr\/collection\/\"},{\"@type\":\"ListItem\",\"position\":3,\"name\":\"Sac de sport rPET AWARE\u2122, noir\"}]},{\"@type\":\"WebSite\",\"@id\":\"https:\/\/swiss-peak.com\/fr\/#website\",\"url\":\"https:\/\/swiss-peak.com\/fr\/\",\"name\":\"Swiss Peak\",\"description\":\"Where will today take you?\",\"potentialAction\":[{\"@type\":\"SearchAction\",\"target\":{\"@type\":\"EntryPoint\",\"urlTemplate\":\"https:\/\/swiss-peak.com\/fr\/?s={search_term_string}\"},\"query-input\":{\"@type\":\"PropertyValueSpecification\",\"valueRequired\":true,\"valueName\":\"search_term_string\"}}],\"inLanguage\":\"fr-FR\"}]}<\/script>\n<!-- \/ Yoast SEO plugin. -->","yoast_head_json":{"title":"Sac de sport rPET AWARE\u2122, noir - Swiss Peak","robots":{"index":"index","follow":"follow","max-snippet":"max-snippet:-1","max-image-preview":"max-image-preview:large","max-video-preview":"max-video-preview:-1"},"canonical":"https:\/\/swiss-peak.com\/fr\/produit\/sac-de-sport-rpet-aware-noir\/","og_locale":"fr_FR","og_type":"article","og_title":"Sac de sport rPET AWARE\u2122, noir - Swiss Peak","og_description":"Sac de sport Swiss Peak en rPET AWARE\u2122 avec une grande ouverture acc\u00e8s facile pour trouver vos objets essentiels en un coup d&rsquo;\u0153il, poche avant \u00e0 fermeture \u00e0 zip et 2 poches ext\u00e9rieures en maille. L&rsquo;ext\u00e9rieur de ce sac et la doublure sont fabriqu\u00e9s en 100% polyester recycl\u00e9. Avec traceur AWARE\u2122 qui prouve l&rsquo;utilisation r\u00e9elles [&hellip;]","og_url":"https:\/\/swiss-peak.com\/fr\/produit\/sac-de-sport-rpet-aware-noir\/","og_site_name":"Swiss Peak","article_modified_time":"2026-04-16T00:24:23+00:00","og_image":[{"width":1024,"height":1024,"url":"https:\/\/swiss-peak.com\/wp-content\/uploads\/sites\/9\/2026\/04\/P707.151__S_0__18f92c738c454a76b707479c9afb9704.jpg","type":"image\/jpeg"}],"twitter_card":"summary_large_image","schema":{"@context":"https:\/\/schema.org","@graph":[{"@type":"WebPage","@id":"https:\/\/swiss-peak.com\/fr\/produit\/sac-de-sport-rpet-aware-noir\/","url":"https:\/\/swiss-peak.com\/fr\/produit\/sac-de-sport-rpet-aware-noir\/","name":"Sac de sport rPET AWARE\u2122, noir - Swiss Peak","isPartOf":{"@id":"https:\/\/swiss-peak.com\/fr\/#website"},"primaryImageOfPage":{"@id":"https:\/\/swiss-peak.com\/fr\/produit\/sac-de-sport-rpet-aware-noir\/#primaryimage"},"image":{"@id":"https:\/\/swiss-peak.com\/fr\/produit\/sac-de-sport-rpet-aware-noir\/#primaryimage"},"thumbnailUrl":"https:\/\/swiss-peak.com\/wp-content\/uploads\/sites\/9\/2026\/04\/P707.151__S_0__18f92c738c454a76b707479c9afb9704.jpg","datePublished":"2023-03-14T09:50:20+00:00","dateModified":"2026-04-16T00:24:23+00:00","breadcrumb":{"@id":"https:\/\/swiss-peak.com\/fr\/produit\/sac-de-sport-rpet-aware-noir\/#breadcrumb"},"inLanguage":"fr-FR","potentialAction":[{"@type":"ReadAction","target":["https:\/\/swiss-peak.com\/fr\/produit\/sac-de-sport-rpet-aware-noir\/"]}]},{"@type":"ImageObject","inLanguage":"fr-FR","@id":"https:\/\/swiss-peak.com\/fr\/produit\/sac-de-sport-rpet-aware-noir\/#primaryimage","url":"https:\/\/swiss-peak.com\/wp-content\/uploads\/sites\/9\/2026\/04\/P707.151__S_0__18f92c738c454a76b707479c9afb9704.jpg","contentUrl":"https:\/\/swiss-peak.com\/wp-content\/uploads\/sites\/9\/2026\/04\/P707.151__S_0__18f92c738c454a76b707479c9afb9704.jpg","width":1024,"height":1024},{"@type":"BreadcrumbList","@id":"https:\/\/swiss-peak.com\/fr\/produit\/sac-de-sport-rpet-aware-noir\/#breadcrumb","itemListElement":[{"@type":"ListItem","position":1,"name":"Home","item":"https:\/\/swiss-peak.com\/fr\/"},{"@type":"ListItem","position":2,"name":"Collection","item":"https:\/\/swiss-peak.com\/fr\/collection\/"},{"@type":"ListItem","position":3,"name":"Sac de sport rPET AWARE\u2122, noir"}]},{"@type":"WebSite","@id":"https:\/\/swiss-peak.com\/fr\/#website","url":"https:\/\/swiss-peak.com\/fr\/","name":"Swiss Peak","description":"Where will today take you?","potentialAction":[{"@type":"SearchAction","target":{"@type":"EntryPoint","urlTemplate":"https:\/\/swiss-peak.com\/fr\/?s={search_term_string}"},"query-input":{"@type":"PropertyValueSpecification","valueRequired":true,"valueName":"search_term_string"}}],"inLanguage":"fr-FR"}]}},"_links":{"self":[{"href":"https:\/\/swiss-peak.com\/fr\/wp-json\/wp\/v2\/product\/14982","targetHints":{"allow":["GET"]}}],"collection":[{"href":"https:\/\/swiss-peak.com\/fr\/wp-json\/wp\/v2\/product"}],"about":[{"href":"https:\/\/swiss-peak.com\/fr\/wp-json\/wp\/v2\/types\/product"}],"wp:featuredmedia":[{"embeddable":true,"href":"https:\/\/swiss-peak.com\/fr\/wp-json\/wp\/v2\/media\/46276"}],"wp:attachment":[{"href":"https:\/\/swiss-peak.com\/fr\/wp-json\/wp\/v2\/media?parent=14982"}],"wp:term":[{"taxonomy":"product_cat","embeddable":true,"href":"https:\/\/swiss-peak.com\/fr\/wp-json\/wp\/v2\/product_cat?post=14982"},{"taxonomy":"product_tag","embeddable":true,"href":"https:\/\/swiss-peak.com\/fr\/wp-json\/wp\/v2\/product_tag?post=14982"}],"curies":[{"name":"wp","href":"https:\/\/api.w.org\/{rel}","templated":true}]}}