{"id":14978,"date":"2023-03-14T11:49:53","date_gmt":"2023-03-14T09:49:53","guid":{"rendered":"https:\/\/xdsomename.tempurl.host\/swisspeak-website\/collection\/non%20class\u00e9\/set-stylos-luzern-noir\/"},"modified":"2026-03-12T03:24:39","modified_gmt":"2026-03-12T01:24:39","slug":"set-stylos-luzern-noir","status":"publish","type":"product","link":"https:\/\/swiss-peak.com\/fr\/produit\/set-stylos-luzern-noir\/","title":{"rendered":"Set stylos Luzern, noir"},"content":{"rendered":"<p>Set stylos Swiss Peak Luzern avec un stylo \u00e0 bille et un porte mines (3 mines de 0.7mm incluses)au design \u00e9l\u00e9gant et de qualit\u00e9. Encre bleue Dokumental\u00ae de fabrication allemande pour +\/- 1200m d\u2019\u00e9criture et bille en carbure de tungst\u00e8ne assurant une \u00e9criture r\u00e9guli\u00e8re. Livr\u00e9 dans une boite cadeau Swiss Peak.<\/p>\n","protected":false},"excerpt":{"rendered":"<p>Set stylos Swiss Peak Luzern avec un stylo \u00e0 bille et un porte mines (3 mines de 0.7mm incluses)au design \u00e9l\u00e9gant et de qualit\u00e9. Encre bleue Dokumental\u00ae de fabrication allemande pour +\/- 1200m d\u2019\u00e9criture et bille en carbure de tungst\u00e8ne assurant une \u00e9criture r\u00e9guli\u00e8re. Livr\u00e9 dans une boite cadeau Swiss Peak.<\/p>\n","protected":false},"featured_media":27673,"template":"","meta":{"_acf_changed":false},"product_cat":[297,287],"product_tag":[],"class_list":["post-14978","product","type-product","status-publish","has-post-thumbnail","hentry","product_cat-bureau-ecriture","product_cat-business-fr","pa_color-black-fr"],"acf":[],"yoast_head":"<!-- This site is optimized with the Yoast SEO plugin v27.0 - https:\/\/yoast.com\/product\/yoast-seo-wordpress\/ -->\n<title>Set stylos Luzern, noir - Swiss Peak<\/title>\n<meta name=\"robots\" content=\"index, follow, max-snippet:-1, max-image-preview:large, max-video-preview:-1\" \/>\n<link rel=\"canonical\" href=\"https:\/\/swiss-peak.com\/fr\/produit\/set-stylos-luzern-noir\/\" \/>\n<meta property=\"og:locale\" content=\"fr_FR\" \/>\n<meta property=\"og:type\" content=\"article\" \/>\n<meta property=\"og:title\" content=\"Set stylos Luzern, noir - Swiss Peak\" \/>\n<meta property=\"og:description\" content=\"Set stylos Swiss Peak Luzern avec un stylo \u00e0 bille et un porte mines (3 mines de 0.7mm incluses)au design \u00e9l\u00e9gant et de qualit\u00e9. Encre bleue Dokumental\u00ae de fabrication allemande pour +\/- 1200m d\u2019\u00e9criture et bille en carbure de tungst\u00e8ne assurant une \u00e9criture r\u00e9guli\u00e8re. Livr\u00e9 dans une boite cadeau Swiss Peak.\" \/>\n<meta property=\"og:url\" content=\"https:\/\/swiss-peak.com\/fr\/produit\/set-stylos-luzern-noir\/\" \/>\n<meta property=\"og:site_name\" content=\"Swiss Peak\" \/>\n<meta property=\"article:modified_time\" content=\"2026-03-12T01:24:39+00:00\" \/>\n<meta property=\"og:image\" content=\"https:\/\/swiss-peak.com\/wp-content\/uploads\/sites\/9\/2024\/02\/P610.490__S_0__8bbfe752ff824b61bfaa6a4c1f62413d.jpg\" \/>\n\t<meta property=\"og:image:width\" content=\"1024\" \/>\n\t<meta property=\"og:image:height\" content=\"1024\" \/>\n\t<meta property=\"og:image:type\" content=\"image\/jpeg\" \/>\n<meta name=\"twitter:card\" content=\"summary_large_image\" \/>\n<script type=\"application\/ld+json\" class=\"yoast-schema-graph\">{\"@context\":\"https:\/\/schema.org\",\"@graph\":[{\"@type\":\"WebPage\",\"@id\":\"https:\/\/swiss-peak.com\/fr\/produit\/set-stylos-luzern-noir\/\",\"url\":\"https:\/\/swiss-peak.com\/fr\/produit\/set-stylos-luzern-noir\/\",\"name\":\"Set stylos Luzern, noir - Swiss Peak\",\"isPartOf\":{\"@id\":\"https:\/\/swiss-peak.com\/fr\/#website\"},\"primaryImageOfPage\":{\"@id\":\"https:\/\/swiss-peak.com\/fr\/produit\/set-stylos-luzern-noir\/#primaryimage\"},\"image\":{\"@id\":\"https:\/\/swiss-peak.com\/fr\/produit\/set-stylos-luzern-noir\/#primaryimage\"},\"thumbnailUrl\":\"https:\/\/swiss-peak.com\/wp-content\/uploads\/sites\/9\/2024\/02\/P610.490__S_0__8bbfe752ff824b61bfaa6a4c1f62413d.jpg\",\"datePublished\":\"2023-03-14T09:49:53+00:00\",\"dateModified\":\"2026-03-12T01:24:39+00:00\",\"breadcrumb\":{\"@id\":\"https:\/\/swiss-peak.com\/fr\/produit\/set-stylos-luzern-noir\/#breadcrumb\"},\"inLanguage\":\"fr-FR\",\"potentialAction\":[{\"@type\":\"ReadAction\",\"target\":[\"https:\/\/swiss-peak.com\/fr\/produit\/set-stylos-luzern-noir\/\"]}]},{\"@type\":\"ImageObject\",\"inLanguage\":\"fr-FR\",\"@id\":\"https:\/\/swiss-peak.com\/fr\/produit\/set-stylos-luzern-noir\/#primaryimage\",\"url\":\"https:\/\/swiss-peak.com\/wp-content\/uploads\/sites\/9\/2024\/02\/P610.490__S_0__8bbfe752ff824b61bfaa6a4c1f62413d.jpg\",\"contentUrl\":\"https:\/\/swiss-peak.com\/wp-content\/uploads\/sites\/9\/2024\/02\/P610.490__S_0__8bbfe752ff824b61bfaa6a4c1f62413d.jpg\",\"width\":1024,\"height\":1024},{\"@type\":\"BreadcrumbList\",\"@id\":\"https:\/\/swiss-peak.com\/fr\/produit\/set-stylos-luzern-noir\/#breadcrumb\",\"itemListElement\":[{\"@type\":\"ListItem\",\"position\":1,\"name\":\"Home\",\"item\":\"https:\/\/swiss-peak.com\/fr\/\"},{\"@type\":\"ListItem\",\"position\":2,\"name\":\"Collection\",\"item\":\"https:\/\/swiss-peak.com\/fr\/collection\/\"},{\"@type\":\"ListItem\",\"position\":3,\"name\":\"Set stylos Luzern, noir\"}]},{\"@type\":\"WebSite\",\"@id\":\"https:\/\/swiss-peak.com\/fr\/#website\",\"url\":\"https:\/\/swiss-peak.com\/fr\/\",\"name\":\"Swiss Peak\",\"description\":\"Where will today take you?\",\"potentialAction\":[{\"@type\":\"SearchAction\",\"target\":{\"@type\":\"EntryPoint\",\"urlTemplate\":\"https:\/\/swiss-peak.com\/fr\/?s={search_term_string}\"},\"query-input\":{\"@type\":\"PropertyValueSpecification\",\"valueRequired\":true,\"valueName\":\"search_term_string\"}}],\"inLanguage\":\"fr-FR\"}]}<\/script>\n<!-- \/ Yoast SEO plugin. -->","yoast_head_json":{"title":"Set stylos Luzern, noir - Swiss Peak","robots":{"index":"index","follow":"follow","max-snippet":"max-snippet:-1","max-image-preview":"max-image-preview:large","max-video-preview":"max-video-preview:-1"},"canonical":"https:\/\/swiss-peak.com\/fr\/produit\/set-stylos-luzern-noir\/","og_locale":"fr_FR","og_type":"article","og_title":"Set stylos Luzern, noir - Swiss Peak","og_description":"Set stylos Swiss Peak Luzern avec un stylo \u00e0 bille et un porte mines (3 mines de 0.7mm incluses)au design \u00e9l\u00e9gant et de qualit\u00e9. Encre bleue Dokumental\u00ae de fabrication allemande pour +\/- 1200m d\u2019\u00e9criture et bille en carbure de tungst\u00e8ne assurant une \u00e9criture r\u00e9guli\u00e8re. Livr\u00e9 dans une boite cadeau Swiss Peak.","og_url":"https:\/\/swiss-peak.com\/fr\/produit\/set-stylos-luzern-noir\/","og_site_name":"Swiss Peak","article_modified_time":"2026-03-12T01:24:39+00:00","og_image":[{"width":1024,"height":1024,"url":"https:\/\/swiss-peak.com\/wp-content\/uploads\/sites\/9\/2024\/02\/P610.490__S_0__8bbfe752ff824b61bfaa6a4c1f62413d.jpg","type":"image\/jpeg"}],"twitter_card":"summary_large_image","schema":{"@context":"https:\/\/schema.org","@graph":[{"@type":"WebPage","@id":"https:\/\/swiss-peak.com\/fr\/produit\/set-stylos-luzern-noir\/","url":"https:\/\/swiss-peak.com\/fr\/produit\/set-stylos-luzern-noir\/","name":"Set stylos Luzern, noir - Swiss Peak","isPartOf":{"@id":"https:\/\/swiss-peak.com\/fr\/#website"},"primaryImageOfPage":{"@id":"https:\/\/swiss-peak.com\/fr\/produit\/set-stylos-luzern-noir\/#primaryimage"},"image":{"@id":"https:\/\/swiss-peak.com\/fr\/produit\/set-stylos-luzern-noir\/#primaryimage"},"thumbnailUrl":"https:\/\/swiss-peak.com\/wp-content\/uploads\/sites\/9\/2024\/02\/P610.490__S_0__8bbfe752ff824b61bfaa6a4c1f62413d.jpg","datePublished":"2023-03-14T09:49:53+00:00","dateModified":"2026-03-12T01:24:39+00:00","breadcrumb":{"@id":"https:\/\/swiss-peak.com\/fr\/produit\/set-stylos-luzern-noir\/#breadcrumb"},"inLanguage":"fr-FR","potentialAction":[{"@type":"ReadAction","target":["https:\/\/swiss-peak.com\/fr\/produit\/set-stylos-luzern-noir\/"]}]},{"@type":"ImageObject","inLanguage":"fr-FR","@id":"https:\/\/swiss-peak.com\/fr\/produit\/set-stylos-luzern-noir\/#primaryimage","url":"https:\/\/swiss-peak.com\/wp-content\/uploads\/sites\/9\/2024\/02\/P610.490__S_0__8bbfe752ff824b61bfaa6a4c1f62413d.jpg","contentUrl":"https:\/\/swiss-peak.com\/wp-content\/uploads\/sites\/9\/2024\/02\/P610.490__S_0__8bbfe752ff824b61bfaa6a4c1f62413d.jpg","width":1024,"height":1024},{"@type":"BreadcrumbList","@id":"https:\/\/swiss-peak.com\/fr\/produit\/set-stylos-luzern-noir\/#breadcrumb","itemListElement":[{"@type":"ListItem","position":1,"name":"Home","item":"https:\/\/swiss-peak.com\/fr\/"},{"@type":"ListItem","position":2,"name":"Collection","item":"https:\/\/swiss-peak.com\/fr\/collection\/"},{"@type":"ListItem","position":3,"name":"Set stylos Luzern, noir"}]},{"@type":"WebSite","@id":"https:\/\/swiss-peak.com\/fr\/#website","url":"https:\/\/swiss-peak.com\/fr\/","name":"Swiss Peak","description":"Where will today take you?","potentialAction":[{"@type":"SearchAction","target":{"@type":"EntryPoint","urlTemplate":"https:\/\/swiss-peak.com\/fr\/?s={search_term_string}"},"query-input":{"@type":"PropertyValueSpecification","valueRequired":true,"valueName":"search_term_string"}}],"inLanguage":"fr-FR"}]}},"_links":{"self":[{"href":"https:\/\/swiss-peak.com\/fr\/wp-json\/wp\/v2\/product\/14978","targetHints":{"allow":["GET"]}}],"collection":[{"href":"https:\/\/swiss-peak.com\/fr\/wp-json\/wp\/v2\/product"}],"about":[{"href":"https:\/\/swiss-peak.com\/fr\/wp-json\/wp\/v2\/types\/product"}],"wp:featuredmedia":[{"embeddable":true,"href":"https:\/\/swiss-peak.com\/fr\/wp-json\/wp\/v2\/media\/27673"}],"wp:attachment":[{"href":"https:\/\/swiss-peak.com\/fr\/wp-json\/wp\/v2\/media?parent=14978"}],"wp:term":[{"taxonomy":"product_cat","embeddable":true,"href":"https:\/\/swiss-peak.com\/fr\/wp-json\/wp\/v2\/product_cat?post=14978"},{"taxonomy":"product_tag","embeddable":true,"href":"https:\/\/swiss-peak.com\/fr\/wp-json\/wp\/v2\/product_tag?post=14978"}],"curies":[{"name":"wp","href":"https:\/\/api.w.org\/{rel}","templated":true}]}}