{"id":14973,"date":"2023-03-14T11:49:53","date_gmt":"2023-03-14T09:49:53","guid":{"rendered":"https:\/\/xdsomename.tempurl.host\/swisspeak-website\/collection\/non%20class\u00e9\/set-stylos-executif-noir\/"},"modified":"2026-03-12T03:24:24","modified_gmt":"2026-03-12T01:24:24","slug":"set-stylos-executif-noir","status":"publish","type":"product","link":"https:\/\/swiss-peak.com\/fr\/produit\/set-stylos-executif-noir\/","title":{"rendered":"Set stylos Ex\u00e9cutif, noir"},"content":{"rendered":"<p>Set stylos ex\u00e9cutif Swiss Peak avec un roller et stylo \u00e0 bille\/stylet, corps en laiton et attributs en acier. Encre bleue Dokumental\u00ae de fabrication allemande pour +\/- 1200m d\u2019\u00e9criture et bille en carbure de tungst\u00e8ne assurant une \u00e9criture r\u00e9guli\u00e8re. Livr\u00e9 avec pochette simili cuir et dans une bo\u00eete cadeau.<\/p>\n","protected":false},"excerpt":{"rendered":"<p>Set stylos ex\u00e9cutif Swiss Peak avec un roller et stylo \u00e0 bille\/stylet, corps en laiton et attributs en acier. Encre bleue Dokumental\u00ae de fabrication allemande pour +\/- 1200m d\u2019\u00e9criture et bille en carbure de tungst\u00e8ne assurant une \u00e9criture r\u00e9guli\u00e8re. Livr\u00e9 avec pochette simili cuir et dans une bo\u00eete cadeau.<\/p>\n","protected":false},"featured_media":26788,"template":"","meta":{"_acf_changed":false},"product_cat":[297,287],"product_tag":[],"class_list":["post-14973","product","type-product","status-publish","has-post-thumbnail","hentry","product_cat-bureau-ecriture","product_cat-business-fr","pa_color-black-fr","pa_color-silver-fr-2"],"acf":[],"yoast_head":"<!-- This site is optimized with the Yoast SEO plugin v27.0 - https:\/\/yoast.com\/product\/yoast-seo-wordpress\/ -->\n<title>Set stylos Ex\u00e9cutif, noir - Swiss Peak<\/title>\n<meta name=\"robots\" content=\"index, follow, max-snippet:-1, max-image-preview:large, max-video-preview:-1\" \/>\n<link rel=\"canonical\" href=\"https:\/\/swiss-peak.com\/fr\/produit\/set-stylos-executif-noir\/\" \/>\n<meta property=\"og:locale\" content=\"fr_FR\" \/>\n<meta property=\"og:type\" content=\"article\" \/>\n<meta property=\"og:title\" content=\"Set stylos Ex\u00e9cutif, noir - Swiss Peak\" \/>\n<meta property=\"og:description\" content=\"Set stylos ex\u00e9cutif Swiss Peak avec un roller et stylo \u00e0 bille\/stylet, corps en laiton et attributs en acier. Encre bleue Dokumental\u00ae de fabrication allemande pour +\/- 1200m d\u2019\u00e9criture et bille en carbure de tungst\u00e8ne assurant une \u00e9criture r\u00e9guli\u00e8re. Livr\u00e9 avec pochette simili cuir et dans une bo\u00eete cadeau.\" \/>\n<meta property=\"og:url\" content=\"https:\/\/swiss-peak.com\/fr\/produit\/set-stylos-executif-noir\/\" \/>\n<meta property=\"og:site_name\" content=\"Swiss Peak\" \/>\n<meta property=\"article:modified_time\" content=\"2026-03-12T01:24:24+00:00\" \/>\n<meta property=\"og:image\" content=\"https:\/\/swiss-peak.com\/wp-content\/uploads\/sites\/9\/2024\/02\/P610.430__S_0__97749fad25f941caac720c9b2ec2088f.jpg\" \/>\n\t<meta property=\"og:image:width\" content=\"1024\" \/>\n\t<meta property=\"og:image:height\" content=\"1024\" \/>\n\t<meta property=\"og:image:type\" content=\"image\/jpeg\" \/>\n<meta name=\"twitter:card\" content=\"summary_large_image\" \/>\n<script type=\"application\/ld+json\" class=\"yoast-schema-graph\">{\"@context\":\"https:\/\/schema.org\",\"@graph\":[{\"@type\":\"WebPage\",\"@id\":\"https:\/\/swiss-peak.com\/fr\/produit\/set-stylos-executif-noir\/\",\"url\":\"https:\/\/swiss-peak.com\/fr\/produit\/set-stylos-executif-noir\/\",\"name\":\"Set stylos Ex\u00e9cutif, noir - Swiss Peak\",\"isPartOf\":{\"@id\":\"https:\/\/swiss-peak.com\/fr\/#website\"},\"primaryImageOfPage\":{\"@id\":\"https:\/\/swiss-peak.com\/fr\/produit\/set-stylos-executif-noir\/#primaryimage\"},\"image\":{\"@id\":\"https:\/\/swiss-peak.com\/fr\/produit\/set-stylos-executif-noir\/#primaryimage\"},\"thumbnailUrl\":\"https:\/\/swiss-peak.com\/wp-content\/uploads\/sites\/9\/2024\/02\/P610.430__S_0__97749fad25f941caac720c9b2ec2088f.jpg\",\"datePublished\":\"2023-03-14T09:49:53+00:00\",\"dateModified\":\"2026-03-12T01:24:24+00:00\",\"breadcrumb\":{\"@id\":\"https:\/\/swiss-peak.com\/fr\/produit\/set-stylos-executif-noir\/#breadcrumb\"},\"inLanguage\":\"fr-FR\",\"potentialAction\":[{\"@type\":\"ReadAction\",\"target\":[\"https:\/\/swiss-peak.com\/fr\/produit\/set-stylos-executif-noir\/\"]}]},{\"@type\":\"ImageObject\",\"inLanguage\":\"fr-FR\",\"@id\":\"https:\/\/swiss-peak.com\/fr\/produit\/set-stylos-executif-noir\/#primaryimage\",\"url\":\"https:\/\/swiss-peak.com\/wp-content\/uploads\/sites\/9\/2024\/02\/P610.430__S_0__97749fad25f941caac720c9b2ec2088f.jpg\",\"contentUrl\":\"https:\/\/swiss-peak.com\/wp-content\/uploads\/sites\/9\/2024\/02\/P610.430__S_0__97749fad25f941caac720c9b2ec2088f.jpg\",\"width\":1024,\"height\":1024},{\"@type\":\"BreadcrumbList\",\"@id\":\"https:\/\/swiss-peak.com\/fr\/produit\/set-stylos-executif-noir\/#breadcrumb\",\"itemListElement\":[{\"@type\":\"ListItem\",\"position\":1,\"name\":\"Home\",\"item\":\"https:\/\/swiss-peak.com\/fr\/\"},{\"@type\":\"ListItem\",\"position\":2,\"name\":\"Collection\",\"item\":\"https:\/\/swiss-peak.com\/fr\/collection\/\"},{\"@type\":\"ListItem\",\"position\":3,\"name\":\"Set stylos Ex\u00e9cutif, noir\"}]},{\"@type\":\"WebSite\",\"@id\":\"https:\/\/swiss-peak.com\/fr\/#website\",\"url\":\"https:\/\/swiss-peak.com\/fr\/\",\"name\":\"Swiss Peak\",\"description\":\"Where will today take you?\",\"potentialAction\":[{\"@type\":\"SearchAction\",\"target\":{\"@type\":\"EntryPoint\",\"urlTemplate\":\"https:\/\/swiss-peak.com\/fr\/?s={search_term_string}\"},\"query-input\":{\"@type\":\"PropertyValueSpecification\",\"valueRequired\":true,\"valueName\":\"search_term_string\"}}],\"inLanguage\":\"fr-FR\"}]}<\/script>\n<!-- \/ Yoast SEO plugin. -->","yoast_head_json":{"title":"Set stylos Ex\u00e9cutif, noir - Swiss Peak","robots":{"index":"index","follow":"follow","max-snippet":"max-snippet:-1","max-image-preview":"max-image-preview:large","max-video-preview":"max-video-preview:-1"},"canonical":"https:\/\/swiss-peak.com\/fr\/produit\/set-stylos-executif-noir\/","og_locale":"fr_FR","og_type":"article","og_title":"Set stylos Ex\u00e9cutif, noir - Swiss Peak","og_description":"Set stylos ex\u00e9cutif Swiss Peak avec un roller et stylo \u00e0 bille\/stylet, corps en laiton et attributs en acier. Encre bleue Dokumental\u00ae de fabrication allemande pour +\/- 1200m d\u2019\u00e9criture et bille en carbure de tungst\u00e8ne assurant une \u00e9criture r\u00e9guli\u00e8re. Livr\u00e9 avec pochette simili cuir et dans une bo\u00eete cadeau.","og_url":"https:\/\/swiss-peak.com\/fr\/produit\/set-stylos-executif-noir\/","og_site_name":"Swiss Peak","article_modified_time":"2026-03-12T01:24:24+00:00","og_image":[{"width":1024,"height":1024,"url":"https:\/\/swiss-peak.com\/wp-content\/uploads\/sites\/9\/2024\/02\/P610.430__S_0__97749fad25f941caac720c9b2ec2088f.jpg","type":"image\/jpeg"}],"twitter_card":"summary_large_image","schema":{"@context":"https:\/\/schema.org","@graph":[{"@type":"WebPage","@id":"https:\/\/swiss-peak.com\/fr\/produit\/set-stylos-executif-noir\/","url":"https:\/\/swiss-peak.com\/fr\/produit\/set-stylos-executif-noir\/","name":"Set stylos Ex\u00e9cutif, noir - Swiss Peak","isPartOf":{"@id":"https:\/\/swiss-peak.com\/fr\/#website"},"primaryImageOfPage":{"@id":"https:\/\/swiss-peak.com\/fr\/produit\/set-stylos-executif-noir\/#primaryimage"},"image":{"@id":"https:\/\/swiss-peak.com\/fr\/produit\/set-stylos-executif-noir\/#primaryimage"},"thumbnailUrl":"https:\/\/swiss-peak.com\/wp-content\/uploads\/sites\/9\/2024\/02\/P610.430__S_0__97749fad25f941caac720c9b2ec2088f.jpg","datePublished":"2023-03-14T09:49:53+00:00","dateModified":"2026-03-12T01:24:24+00:00","breadcrumb":{"@id":"https:\/\/swiss-peak.com\/fr\/produit\/set-stylos-executif-noir\/#breadcrumb"},"inLanguage":"fr-FR","potentialAction":[{"@type":"ReadAction","target":["https:\/\/swiss-peak.com\/fr\/produit\/set-stylos-executif-noir\/"]}]},{"@type":"ImageObject","inLanguage":"fr-FR","@id":"https:\/\/swiss-peak.com\/fr\/produit\/set-stylos-executif-noir\/#primaryimage","url":"https:\/\/swiss-peak.com\/wp-content\/uploads\/sites\/9\/2024\/02\/P610.430__S_0__97749fad25f941caac720c9b2ec2088f.jpg","contentUrl":"https:\/\/swiss-peak.com\/wp-content\/uploads\/sites\/9\/2024\/02\/P610.430__S_0__97749fad25f941caac720c9b2ec2088f.jpg","width":1024,"height":1024},{"@type":"BreadcrumbList","@id":"https:\/\/swiss-peak.com\/fr\/produit\/set-stylos-executif-noir\/#breadcrumb","itemListElement":[{"@type":"ListItem","position":1,"name":"Home","item":"https:\/\/swiss-peak.com\/fr\/"},{"@type":"ListItem","position":2,"name":"Collection","item":"https:\/\/swiss-peak.com\/fr\/collection\/"},{"@type":"ListItem","position":3,"name":"Set stylos Ex\u00e9cutif, noir"}]},{"@type":"WebSite","@id":"https:\/\/swiss-peak.com\/fr\/#website","url":"https:\/\/swiss-peak.com\/fr\/","name":"Swiss Peak","description":"Where will today take you?","potentialAction":[{"@type":"SearchAction","target":{"@type":"EntryPoint","urlTemplate":"https:\/\/swiss-peak.com\/fr\/?s={search_term_string}"},"query-input":{"@type":"PropertyValueSpecification","valueRequired":true,"valueName":"search_term_string"}}],"inLanguage":"fr-FR"}]}},"_links":{"self":[{"href":"https:\/\/swiss-peak.com\/fr\/wp-json\/wp\/v2\/product\/14973","targetHints":{"allow":["GET"]}}],"collection":[{"href":"https:\/\/swiss-peak.com\/fr\/wp-json\/wp\/v2\/product"}],"about":[{"href":"https:\/\/swiss-peak.com\/fr\/wp-json\/wp\/v2\/types\/product"}],"wp:featuredmedia":[{"embeddable":true,"href":"https:\/\/swiss-peak.com\/fr\/wp-json\/wp\/v2\/media\/26788"}],"wp:attachment":[{"href":"https:\/\/swiss-peak.com\/fr\/wp-json\/wp\/v2\/media?parent=14973"}],"wp:term":[{"taxonomy":"product_cat","embeddable":true,"href":"https:\/\/swiss-peak.com\/fr\/wp-json\/wp\/v2\/product_cat?post=14973"},{"taxonomy":"product_tag","embeddable":true,"href":"https:\/\/swiss-peak.com\/fr\/wp-json\/wp\/v2\/product_tag?post=14973"}],"curies":[{"name":"wp","href":"https:\/\/api.w.org\/{rel}","templated":true}]}}