{"id":14972,"date":"2023-03-14T11:49:53","date_gmt":"2023-03-14T09:49:53","guid":{"rendered":"https:\/\/xdsomename.tempurl.host\/swisspeak-website\/collection\/non%20class\u00e9\/lunettes-de-soleil-polarisees-en-plastique-rcs-noir\/"},"modified":"2026-04-16T02:23:02","modified_gmt":"2026-04-16T00:23:02","slug":"lunettes-de-soleil-polarisees-en-plastique-rcs-noir","status":"publish","type":"product","link":"https:\/\/swiss-peak.com\/fr\/produit\/lunettes-de-soleil-polarisees-en-plastique-rcs-noir\/","title":{"rendered":"Lunettes de soleil polaris\u00e9es en plastique RCS, noir"},"content":{"rendered":"<p>Lunettes de soleil polaris\u00e9es avec monture en PC recycl\u00e9 certifi\u00e9 RCS et branches en aluminium. Contenu recycl\u00e9 total : 37 % bas\u00e9 sur le poids total de l&rsquo;article. La certification RCS garantit une cha\u00eene d&rsquo;approvisionnement enti\u00e8rement certifi\u00e9e des mat\u00e9riaux recycl\u00e9s. Pochette en PET recycl\u00e9 certifi\u00e9 GRS pour ranger les lunettes. Les verres sont polaris\u00e9s, ce qui \u00e9limine la r\u00e9flexion de la lumi\u00e8re du soleil, id\u00e9al pour conduire une voiture ou pendant d&rsquo;autres activit\u00e9s de plein air ensoleill\u00e9es \u00e9t\u00e9 comme hiver. Conforme EN ISO 12312-1, UV 400 et CAT 3. Livr\u00e9es dans emballage cadeau FSC\u00ae.<\/p>\n","protected":false},"excerpt":{"rendered":"<p>Lunettes de soleil polaris\u00e9es avec monture en PC recycl\u00e9 certifi\u00e9 RCS et branches en aluminium. Contenu recycl\u00e9 total : 37 % bas\u00e9 sur le poids total de l&rsquo;article. La certification RCS garantit une cha\u00eene d&rsquo;approvisionnement enti\u00e8rement certifi\u00e9e des mat\u00e9riaux recycl\u00e9s. Pochette en PET recycl\u00e9 certifi\u00e9 GRS pour ranger les lunettes. Les verres sont polaris\u00e9s, ce [&hellip;]<\/p>\n","protected":false},"featured_media":46199,"template":"","meta":{"_acf_changed":false},"product_cat":[271,255],"product_tag":[],"class_list":["post-14972","product","type-product","status-publish","has-post-thumbnail","hentry","product_cat-accessoires-de-voyage","product_cat-sacs-voyage","pa_color-black-fr"],"acf":[],"yoast_head":"<!-- This site is optimized with the Yoast SEO plugin v27.0 - https:\/\/yoast.com\/product\/yoast-seo-wordpress\/ -->\n<title>Lunettes de soleil polaris\u00e9es en plastique RCS, noir - Swiss Peak<\/title>\n<meta name=\"robots\" content=\"index, follow, max-snippet:-1, max-image-preview:large, max-video-preview:-1\" \/>\n<link rel=\"canonical\" href=\"https:\/\/swiss-peak.com\/fr\/produit\/lunettes-de-soleil-polarisees-en-plastique-rcs-noir\/\" \/>\n<meta property=\"og:locale\" content=\"fr_FR\" \/>\n<meta property=\"og:type\" content=\"article\" \/>\n<meta property=\"og:title\" content=\"Lunettes de soleil polaris\u00e9es en plastique RCS, noir - Swiss Peak\" \/>\n<meta property=\"og:description\" content=\"Lunettes de soleil polaris\u00e9es avec monture en PC recycl\u00e9 certifi\u00e9 RCS et branches en aluminium. Contenu recycl\u00e9 total : 37 % bas\u00e9 sur le poids total de l&rsquo;article. La certification RCS garantit une cha\u00eene d&rsquo;approvisionnement enti\u00e8rement certifi\u00e9e des mat\u00e9riaux recycl\u00e9s. Pochette en PET recycl\u00e9 certifi\u00e9 GRS pour ranger les lunettes. Les verres sont polaris\u00e9s, ce [&hellip;]\" \/>\n<meta property=\"og:url\" content=\"https:\/\/swiss-peak.com\/fr\/produit\/lunettes-de-soleil-polarisees-en-plastique-rcs-noir\/\" \/>\n<meta property=\"og:site_name\" content=\"Swiss Peak\" \/>\n<meta property=\"article:modified_time\" content=\"2026-04-16T00:23:02+00:00\" \/>\n<meta property=\"og:image\" content=\"https:\/\/swiss-peak.com\/wp-content\/uploads\/sites\/9\/2026\/04\/P453.981__S_0__7c57f23d28ae47a0a1b7f2e1ff17f687.jpg\" \/>\n\t<meta property=\"og:image:width\" content=\"1024\" \/>\n\t<meta property=\"og:image:height\" content=\"1024\" \/>\n\t<meta property=\"og:image:type\" content=\"image\/jpeg\" \/>\n<meta name=\"twitter:card\" content=\"summary_large_image\" \/>\n<meta name=\"twitter:label1\" content=\"Dur\u00e9e de lecture estim\u00e9e\" \/>\n\t<meta name=\"twitter:data1\" content=\"1 minute\" \/>\n<script type=\"application\/ld+json\" class=\"yoast-schema-graph\">{\"@context\":\"https:\/\/schema.org\",\"@graph\":[{\"@type\":\"WebPage\",\"@id\":\"https:\/\/swiss-peak.com\/fr\/produit\/lunettes-de-soleil-polarisees-en-plastique-rcs-noir\/\",\"url\":\"https:\/\/swiss-peak.com\/fr\/produit\/lunettes-de-soleil-polarisees-en-plastique-rcs-noir\/\",\"name\":\"Lunettes de soleil polaris\u00e9es en plastique RCS, noir - Swiss Peak\",\"isPartOf\":{\"@id\":\"https:\/\/swiss-peak.com\/fr\/#website\"},\"primaryImageOfPage\":{\"@id\":\"https:\/\/swiss-peak.com\/fr\/produit\/lunettes-de-soleil-polarisees-en-plastique-rcs-noir\/#primaryimage\"},\"image\":{\"@id\":\"https:\/\/swiss-peak.com\/fr\/produit\/lunettes-de-soleil-polarisees-en-plastique-rcs-noir\/#primaryimage\"},\"thumbnailUrl\":\"https:\/\/swiss-peak.com\/wp-content\/uploads\/sites\/9\/2026\/04\/P453.981__S_0__7c57f23d28ae47a0a1b7f2e1ff17f687.jpg\",\"datePublished\":\"2023-03-14T09:49:53+00:00\",\"dateModified\":\"2026-04-16T00:23:02+00:00\",\"breadcrumb\":{\"@id\":\"https:\/\/swiss-peak.com\/fr\/produit\/lunettes-de-soleil-polarisees-en-plastique-rcs-noir\/#breadcrumb\"},\"inLanguage\":\"fr-FR\",\"potentialAction\":[{\"@type\":\"ReadAction\",\"target\":[\"https:\/\/swiss-peak.com\/fr\/produit\/lunettes-de-soleil-polarisees-en-plastique-rcs-noir\/\"]}]},{\"@type\":\"ImageObject\",\"inLanguage\":\"fr-FR\",\"@id\":\"https:\/\/swiss-peak.com\/fr\/produit\/lunettes-de-soleil-polarisees-en-plastique-rcs-noir\/#primaryimage\",\"url\":\"https:\/\/swiss-peak.com\/wp-content\/uploads\/sites\/9\/2026\/04\/P453.981__S_0__7c57f23d28ae47a0a1b7f2e1ff17f687.jpg\",\"contentUrl\":\"https:\/\/swiss-peak.com\/wp-content\/uploads\/sites\/9\/2026\/04\/P453.981__S_0__7c57f23d28ae47a0a1b7f2e1ff17f687.jpg\",\"width\":1024,\"height\":1024},{\"@type\":\"BreadcrumbList\",\"@id\":\"https:\/\/swiss-peak.com\/fr\/produit\/lunettes-de-soleil-polarisees-en-plastique-rcs-noir\/#breadcrumb\",\"itemListElement\":[{\"@type\":\"ListItem\",\"position\":1,\"name\":\"Home\",\"item\":\"https:\/\/swiss-peak.com\/fr\/\"},{\"@type\":\"ListItem\",\"position\":2,\"name\":\"Collection\",\"item\":\"https:\/\/swiss-peak.com\/fr\/collection\/\"},{\"@type\":\"ListItem\",\"position\":3,\"name\":\"Lunettes de soleil polaris\u00e9es en plastique RCS, noir\"}]},{\"@type\":\"WebSite\",\"@id\":\"https:\/\/swiss-peak.com\/fr\/#website\",\"url\":\"https:\/\/swiss-peak.com\/fr\/\",\"name\":\"Swiss Peak\",\"description\":\"Where will today take you?\",\"potentialAction\":[{\"@type\":\"SearchAction\",\"target\":{\"@type\":\"EntryPoint\",\"urlTemplate\":\"https:\/\/swiss-peak.com\/fr\/?s={search_term_string}\"},\"query-input\":{\"@type\":\"PropertyValueSpecification\",\"valueRequired\":true,\"valueName\":\"search_term_string\"}}],\"inLanguage\":\"fr-FR\"}]}<\/script>\n<!-- \/ Yoast SEO plugin. -->","yoast_head_json":{"title":"Lunettes de soleil polaris\u00e9es en plastique RCS, noir - Swiss Peak","robots":{"index":"index","follow":"follow","max-snippet":"max-snippet:-1","max-image-preview":"max-image-preview:large","max-video-preview":"max-video-preview:-1"},"canonical":"https:\/\/swiss-peak.com\/fr\/produit\/lunettes-de-soleil-polarisees-en-plastique-rcs-noir\/","og_locale":"fr_FR","og_type":"article","og_title":"Lunettes de soleil polaris\u00e9es en plastique RCS, noir - Swiss Peak","og_description":"Lunettes de soleil polaris\u00e9es avec monture en PC recycl\u00e9 certifi\u00e9 RCS et branches en aluminium. Contenu recycl\u00e9 total : 37 % bas\u00e9 sur le poids total de l&rsquo;article. La certification RCS garantit une cha\u00eene d&rsquo;approvisionnement enti\u00e8rement certifi\u00e9e des mat\u00e9riaux recycl\u00e9s. Pochette en PET recycl\u00e9 certifi\u00e9 GRS pour ranger les lunettes. Les verres sont polaris\u00e9s, ce [&hellip;]","og_url":"https:\/\/swiss-peak.com\/fr\/produit\/lunettes-de-soleil-polarisees-en-plastique-rcs-noir\/","og_site_name":"Swiss Peak","article_modified_time":"2026-04-16T00:23:02+00:00","og_image":[{"width":1024,"height":1024,"url":"https:\/\/swiss-peak.com\/wp-content\/uploads\/sites\/9\/2026\/04\/P453.981__S_0__7c57f23d28ae47a0a1b7f2e1ff17f687.jpg","type":"image\/jpeg"}],"twitter_card":"summary_large_image","twitter_misc":{"Dur\u00e9e de lecture estim\u00e9e":"1 minute"},"schema":{"@context":"https:\/\/schema.org","@graph":[{"@type":"WebPage","@id":"https:\/\/swiss-peak.com\/fr\/produit\/lunettes-de-soleil-polarisees-en-plastique-rcs-noir\/","url":"https:\/\/swiss-peak.com\/fr\/produit\/lunettes-de-soleil-polarisees-en-plastique-rcs-noir\/","name":"Lunettes de soleil polaris\u00e9es en plastique RCS, noir - Swiss Peak","isPartOf":{"@id":"https:\/\/swiss-peak.com\/fr\/#website"},"primaryImageOfPage":{"@id":"https:\/\/swiss-peak.com\/fr\/produit\/lunettes-de-soleil-polarisees-en-plastique-rcs-noir\/#primaryimage"},"image":{"@id":"https:\/\/swiss-peak.com\/fr\/produit\/lunettes-de-soleil-polarisees-en-plastique-rcs-noir\/#primaryimage"},"thumbnailUrl":"https:\/\/swiss-peak.com\/wp-content\/uploads\/sites\/9\/2026\/04\/P453.981__S_0__7c57f23d28ae47a0a1b7f2e1ff17f687.jpg","datePublished":"2023-03-14T09:49:53+00:00","dateModified":"2026-04-16T00:23:02+00:00","breadcrumb":{"@id":"https:\/\/swiss-peak.com\/fr\/produit\/lunettes-de-soleil-polarisees-en-plastique-rcs-noir\/#breadcrumb"},"inLanguage":"fr-FR","potentialAction":[{"@type":"ReadAction","target":["https:\/\/swiss-peak.com\/fr\/produit\/lunettes-de-soleil-polarisees-en-plastique-rcs-noir\/"]}]},{"@type":"ImageObject","inLanguage":"fr-FR","@id":"https:\/\/swiss-peak.com\/fr\/produit\/lunettes-de-soleil-polarisees-en-plastique-rcs-noir\/#primaryimage","url":"https:\/\/swiss-peak.com\/wp-content\/uploads\/sites\/9\/2026\/04\/P453.981__S_0__7c57f23d28ae47a0a1b7f2e1ff17f687.jpg","contentUrl":"https:\/\/swiss-peak.com\/wp-content\/uploads\/sites\/9\/2026\/04\/P453.981__S_0__7c57f23d28ae47a0a1b7f2e1ff17f687.jpg","width":1024,"height":1024},{"@type":"BreadcrumbList","@id":"https:\/\/swiss-peak.com\/fr\/produit\/lunettes-de-soleil-polarisees-en-plastique-rcs-noir\/#breadcrumb","itemListElement":[{"@type":"ListItem","position":1,"name":"Home","item":"https:\/\/swiss-peak.com\/fr\/"},{"@type":"ListItem","position":2,"name":"Collection","item":"https:\/\/swiss-peak.com\/fr\/collection\/"},{"@type":"ListItem","position":3,"name":"Lunettes de soleil polaris\u00e9es en plastique RCS, noir"}]},{"@type":"WebSite","@id":"https:\/\/swiss-peak.com\/fr\/#website","url":"https:\/\/swiss-peak.com\/fr\/","name":"Swiss Peak","description":"Where will today take you?","potentialAction":[{"@type":"SearchAction","target":{"@type":"EntryPoint","urlTemplate":"https:\/\/swiss-peak.com\/fr\/?s={search_term_string}"},"query-input":{"@type":"PropertyValueSpecification","valueRequired":true,"valueName":"search_term_string"}}],"inLanguage":"fr-FR"}]}},"_links":{"self":[{"href":"https:\/\/swiss-peak.com\/fr\/wp-json\/wp\/v2\/product\/14972","targetHints":{"allow":["GET"]}}],"collection":[{"href":"https:\/\/swiss-peak.com\/fr\/wp-json\/wp\/v2\/product"}],"about":[{"href":"https:\/\/swiss-peak.com\/fr\/wp-json\/wp\/v2\/types\/product"}],"wp:featuredmedia":[{"embeddable":true,"href":"https:\/\/swiss-peak.com\/fr\/wp-json\/wp\/v2\/media\/46199"}],"wp:attachment":[{"href":"https:\/\/swiss-peak.com\/fr\/wp-json\/wp\/v2\/media?parent=14972"}],"wp:term":[{"taxonomy":"product_cat","embeddable":true,"href":"https:\/\/swiss-peak.com\/fr\/wp-json\/wp\/v2\/product_cat?post=14972"},{"taxonomy":"product_tag","embeddable":true,"href":"https:\/\/swiss-peak.com\/fr\/wp-json\/wp\/v2\/product_tag?post=14972"}],"curies":[{"name":"wp","href":"https:\/\/api.w.org\/{rel}","templated":true}]}}