{"id":14967,"date":"2023-03-14T11:49:27","date_gmt":"2023-03-14T09:49:27","guid":{"rendered":"https:\/\/xdsomename.tempurl.host\/swisspeak-website\/collection\/non%20class\u00e9\/bouteille-isotherme-1l-elite-noir\/"},"modified":"2026-04-16T02:22:52","modified_gmt":"2026-04-16T00:22:52","slug":"bouteille-isotherme-1l-elite-noir","status":"publish","type":"product","link":"https:\/\/swiss-peak.com\/fr\/produit\/bouteille-isotherme-1l-elite-noir\/","title":{"rendered":"Bouteille isotherme 1L Elite, noir"},"content":{"rendered":"<p>Bouteille isotherme 1L \u00e0 double parois en acier inoxydable 18\/8. La finition noire par poudrage \u00e9lectrostatique est faite pour durer, pas de d\u00e9coloration ou craquelures possible! La paroi int\u00e9rieure est couverte de cuivre pour une conductivit\u00e9 maximum qui permet de garder les boissons chaudes pour 8h et froides pour 24h. Lavage \u00e0 la main uniquement.<\/p>\n","protected":false},"excerpt":{"rendered":"<p>Bouteille isotherme 1L \u00e0 double parois en acier inoxydable 18\/8. La finition noire par poudrage \u00e9lectrostatique est faite pour durer, pas de d\u00e9coloration ou craquelures possible! La paroi int\u00e9rieure est couverte de cuivre pour une conductivit\u00e9 maximum qui permet de garder les boissons chaudes pour 8h et froides pour 24h. Lavage \u00e0 la main uniquement.<\/p>\n","protected":false},"featured_media":46178,"template":"","meta":{"_acf_changed":false},"product_cat":[318,307],"product_tag":[],"class_list":["post-14967","product","type-product","status-publish","has-post-thumbnail","hentry","product_cat-art-de-la-boisson","product_cat-loisirs-sports","pa_color-black-fr"],"acf":[],"yoast_head":"<!-- This site is optimized with the Yoast SEO plugin v27.0 - https:\/\/yoast.com\/product\/yoast-seo-wordpress\/ -->\n<title>Bouteille isotherme 1L Elite, noir - Swiss Peak<\/title>\n<meta name=\"robots\" content=\"index, follow, max-snippet:-1, max-image-preview:large, max-video-preview:-1\" \/>\n<link rel=\"canonical\" href=\"https:\/\/swiss-peak.com\/fr\/produit\/bouteille-isotherme-1l-elite-noir\/\" \/>\n<meta property=\"og:locale\" content=\"fr_FR\" \/>\n<meta property=\"og:type\" content=\"article\" \/>\n<meta property=\"og:title\" content=\"Bouteille isotherme 1L Elite, noir - Swiss Peak\" \/>\n<meta property=\"og:description\" content=\"Bouteille isotherme 1L \u00e0 double parois en acier inoxydable 18\/8. La finition noire par poudrage \u00e9lectrostatique est faite pour durer, pas de d\u00e9coloration ou craquelures possible! La paroi int\u00e9rieure est couverte de cuivre pour une conductivit\u00e9 maximum qui permet de garder les boissons chaudes pour 8h et froides pour 24h. Lavage \u00e0 la main uniquement.\" \/>\n<meta property=\"og:url\" content=\"https:\/\/swiss-peak.com\/fr\/produit\/bouteille-isotherme-1l-elite-noir\/\" \/>\n<meta property=\"og:site_name\" content=\"Swiss Peak\" \/>\n<meta property=\"article:modified_time\" content=\"2026-04-16T00:22:52+00:00\" \/>\n<meta property=\"og:image\" content=\"https:\/\/swiss-peak.com\/wp-content\/uploads\/sites\/9\/2026\/04\/P433.361__S_0__4f339747fc7140d493761e3178b92ba8.jpg\" \/>\n\t<meta property=\"og:image:width\" content=\"1024\" \/>\n\t<meta property=\"og:image:height\" content=\"1024\" \/>\n\t<meta property=\"og:image:type\" content=\"image\/jpeg\" \/>\n<meta name=\"twitter:card\" content=\"summary_large_image\" \/>\n<script type=\"application\/ld+json\" class=\"yoast-schema-graph\">{\"@context\":\"https:\/\/schema.org\",\"@graph\":[{\"@type\":\"WebPage\",\"@id\":\"https:\/\/swiss-peak.com\/fr\/produit\/bouteille-isotherme-1l-elite-noir\/\",\"url\":\"https:\/\/swiss-peak.com\/fr\/produit\/bouteille-isotherme-1l-elite-noir\/\",\"name\":\"Bouteille isotherme 1L Elite, noir - Swiss Peak\",\"isPartOf\":{\"@id\":\"https:\/\/swiss-peak.com\/fr\/#website\"},\"primaryImageOfPage\":{\"@id\":\"https:\/\/swiss-peak.com\/fr\/produit\/bouteille-isotherme-1l-elite-noir\/#primaryimage\"},\"image\":{\"@id\":\"https:\/\/swiss-peak.com\/fr\/produit\/bouteille-isotherme-1l-elite-noir\/#primaryimage\"},\"thumbnailUrl\":\"https:\/\/swiss-peak.com\/wp-content\/uploads\/sites\/9\/2026\/04\/P433.361__S_0__4f339747fc7140d493761e3178b92ba8.jpg\",\"datePublished\":\"2023-03-14T09:49:27+00:00\",\"dateModified\":\"2026-04-16T00:22:52+00:00\",\"breadcrumb\":{\"@id\":\"https:\/\/swiss-peak.com\/fr\/produit\/bouteille-isotherme-1l-elite-noir\/#breadcrumb\"},\"inLanguage\":\"fr-FR\",\"potentialAction\":[{\"@type\":\"ReadAction\",\"target\":[\"https:\/\/swiss-peak.com\/fr\/produit\/bouteille-isotherme-1l-elite-noir\/\"]}]},{\"@type\":\"ImageObject\",\"inLanguage\":\"fr-FR\",\"@id\":\"https:\/\/swiss-peak.com\/fr\/produit\/bouteille-isotherme-1l-elite-noir\/#primaryimage\",\"url\":\"https:\/\/swiss-peak.com\/wp-content\/uploads\/sites\/9\/2026\/04\/P433.361__S_0__4f339747fc7140d493761e3178b92ba8.jpg\",\"contentUrl\":\"https:\/\/swiss-peak.com\/wp-content\/uploads\/sites\/9\/2026\/04\/P433.361__S_0__4f339747fc7140d493761e3178b92ba8.jpg\",\"width\":1024,\"height\":1024},{\"@type\":\"BreadcrumbList\",\"@id\":\"https:\/\/swiss-peak.com\/fr\/produit\/bouteille-isotherme-1l-elite-noir\/#breadcrumb\",\"itemListElement\":[{\"@type\":\"ListItem\",\"position\":1,\"name\":\"Home\",\"item\":\"https:\/\/swiss-peak.com\/fr\/\"},{\"@type\":\"ListItem\",\"position\":2,\"name\":\"Collection\",\"item\":\"https:\/\/swiss-peak.com\/fr\/collection\/\"},{\"@type\":\"ListItem\",\"position\":3,\"name\":\"Bouteille isotherme 1L Elite, noir\"}]},{\"@type\":\"WebSite\",\"@id\":\"https:\/\/swiss-peak.com\/fr\/#website\",\"url\":\"https:\/\/swiss-peak.com\/fr\/\",\"name\":\"Swiss Peak\",\"description\":\"Where will today take you?\",\"potentialAction\":[{\"@type\":\"SearchAction\",\"target\":{\"@type\":\"EntryPoint\",\"urlTemplate\":\"https:\/\/swiss-peak.com\/fr\/?s={search_term_string}\"},\"query-input\":{\"@type\":\"PropertyValueSpecification\",\"valueRequired\":true,\"valueName\":\"search_term_string\"}}],\"inLanguage\":\"fr-FR\"}]}<\/script>\n<!-- \/ Yoast SEO plugin. -->","yoast_head_json":{"title":"Bouteille isotherme 1L Elite, noir - Swiss Peak","robots":{"index":"index","follow":"follow","max-snippet":"max-snippet:-1","max-image-preview":"max-image-preview:large","max-video-preview":"max-video-preview:-1"},"canonical":"https:\/\/swiss-peak.com\/fr\/produit\/bouteille-isotherme-1l-elite-noir\/","og_locale":"fr_FR","og_type":"article","og_title":"Bouteille isotherme 1L Elite, noir - Swiss Peak","og_description":"Bouteille isotherme 1L \u00e0 double parois en acier inoxydable 18\/8. La finition noire par poudrage \u00e9lectrostatique est faite pour durer, pas de d\u00e9coloration ou craquelures possible! La paroi int\u00e9rieure est couverte de cuivre pour une conductivit\u00e9 maximum qui permet de garder les boissons chaudes pour 8h et froides pour 24h. Lavage \u00e0 la main uniquement.","og_url":"https:\/\/swiss-peak.com\/fr\/produit\/bouteille-isotherme-1l-elite-noir\/","og_site_name":"Swiss Peak","article_modified_time":"2026-04-16T00:22:52+00:00","og_image":[{"width":1024,"height":1024,"url":"https:\/\/swiss-peak.com\/wp-content\/uploads\/sites\/9\/2026\/04\/P433.361__S_0__4f339747fc7140d493761e3178b92ba8.jpg","type":"image\/jpeg"}],"twitter_card":"summary_large_image","schema":{"@context":"https:\/\/schema.org","@graph":[{"@type":"WebPage","@id":"https:\/\/swiss-peak.com\/fr\/produit\/bouteille-isotherme-1l-elite-noir\/","url":"https:\/\/swiss-peak.com\/fr\/produit\/bouteille-isotherme-1l-elite-noir\/","name":"Bouteille isotherme 1L Elite, noir - Swiss Peak","isPartOf":{"@id":"https:\/\/swiss-peak.com\/fr\/#website"},"primaryImageOfPage":{"@id":"https:\/\/swiss-peak.com\/fr\/produit\/bouteille-isotherme-1l-elite-noir\/#primaryimage"},"image":{"@id":"https:\/\/swiss-peak.com\/fr\/produit\/bouteille-isotherme-1l-elite-noir\/#primaryimage"},"thumbnailUrl":"https:\/\/swiss-peak.com\/wp-content\/uploads\/sites\/9\/2026\/04\/P433.361__S_0__4f339747fc7140d493761e3178b92ba8.jpg","datePublished":"2023-03-14T09:49:27+00:00","dateModified":"2026-04-16T00:22:52+00:00","breadcrumb":{"@id":"https:\/\/swiss-peak.com\/fr\/produit\/bouteille-isotherme-1l-elite-noir\/#breadcrumb"},"inLanguage":"fr-FR","potentialAction":[{"@type":"ReadAction","target":["https:\/\/swiss-peak.com\/fr\/produit\/bouteille-isotherme-1l-elite-noir\/"]}]},{"@type":"ImageObject","inLanguage":"fr-FR","@id":"https:\/\/swiss-peak.com\/fr\/produit\/bouteille-isotherme-1l-elite-noir\/#primaryimage","url":"https:\/\/swiss-peak.com\/wp-content\/uploads\/sites\/9\/2026\/04\/P433.361__S_0__4f339747fc7140d493761e3178b92ba8.jpg","contentUrl":"https:\/\/swiss-peak.com\/wp-content\/uploads\/sites\/9\/2026\/04\/P433.361__S_0__4f339747fc7140d493761e3178b92ba8.jpg","width":1024,"height":1024},{"@type":"BreadcrumbList","@id":"https:\/\/swiss-peak.com\/fr\/produit\/bouteille-isotherme-1l-elite-noir\/#breadcrumb","itemListElement":[{"@type":"ListItem","position":1,"name":"Home","item":"https:\/\/swiss-peak.com\/fr\/"},{"@type":"ListItem","position":2,"name":"Collection","item":"https:\/\/swiss-peak.com\/fr\/collection\/"},{"@type":"ListItem","position":3,"name":"Bouteille isotherme 1L Elite, noir"}]},{"@type":"WebSite","@id":"https:\/\/swiss-peak.com\/fr\/#website","url":"https:\/\/swiss-peak.com\/fr\/","name":"Swiss Peak","description":"Where will today take you?","potentialAction":[{"@type":"SearchAction","target":{"@type":"EntryPoint","urlTemplate":"https:\/\/swiss-peak.com\/fr\/?s={search_term_string}"},"query-input":{"@type":"PropertyValueSpecification","valueRequired":true,"valueName":"search_term_string"}}],"inLanguage":"fr-FR"}]}},"_links":{"self":[{"href":"https:\/\/swiss-peak.com\/fr\/wp-json\/wp\/v2\/product\/14967","targetHints":{"allow":["GET"]}}],"collection":[{"href":"https:\/\/swiss-peak.com\/fr\/wp-json\/wp\/v2\/product"}],"about":[{"href":"https:\/\/swiss-peak.com\/fr\/wp-json\/wp\/v2\/types\/product"}],"wp:featuredmedia":[{"embeddable":true,"href":"https:\/\/swiss-peak.com\/fr\/wp-json\/wp\/v2\/media\/46178"}],"wp:attachment":[{"href":"https:\/\/swiss-peak.com\/fr\/wp-json\/wp\/v2\/media?parent=14967"}],"wp:term":[{"taxonomy":"product_cat","embeddable":true,"href":"https:\/\/swiss-peak.com\/fr\/wp-json\/wp\/v2\/product_cat?post=14967"},{"taxonomy":"product_tag","embeddable":true,"href":"https:\/\/swiss-peak.com\/fr\/wp-json\/wp\/v2\/product_tag?post=14967"}],"curies":[{"name":"wp","href":"https:\/\/api.w.org\/{rel}","templated":true}]}}