{"id":14961,"date":"2023-03-14T11:49:27","date_gmt":"2023-03-14T09:49:27","guid":{"rendered":"https:\/\/xdsomename.tempurl.host\/swisspeak-website\/collection\/non%20class\u00e9\/sac-a-dos-isotherme-aware-1200d-noir\/"},"modified":"2026-03-12T03:22:59","modified_gmt":"2026-03-12T01:22:59","slug":"sac-a-dos-isotherme-aware-1200d-noir","status":"publish","type":"product","link":"https:\/\/swiss-peak.com\/fr\/produit\/sac-a-dos-isotherme-aware-1200d-noir\/","title":{"rendered":"Sac \u00e0 dos isotherme AWARE\u2122 1200D, noir"},"content":{"rendered":"<p>Sac \u00e0 dos isotherme Swiss Peak AWARE\u2122 en polyester recycl\u00e9 \u00e0 l\u2019ext\u00e9rieur et doublure en PEVA avec une large ouverture pour un acc\u00e8s facile \u00e0 vos aliments et boissons. Une poche sup\u00e9rieure avec fermeture \u00e0 zip vous assure de pouvoir ranger tous vos objets n\u00e9cessaires. Peut contenir jusqu&rsquo;\u00e0 6 bouteilles ou 25 canettes. Avec le traceur AWARE\u2122 qui valide l&rsquo;utilisation authentique de mat\u00e9riaux recycl\u00e9s. Fabriqu\u00e9 avec 13,9 bouteilles PET. 2 % des recettes de chaque produit AWARE\u2122 vendu seront revers\u00e9es \u00e0 Water.org.<\/p>\n","protected":false},"excerpt":{"rendered":"<p>Sac \u00e0 dos isotherme Swiss Peak AWARE\u2122 en polyester recycl\u00e9 \u00e0 l\u2019ext\u00e9rieur et doublure en PEVA avec une large ouverture pour un acc\u00e8s facile \u00e0 vos aliments et boissons. Une poche sup\u00e9rieure avec fermeture \u00e0 zip vous assure de pouvoir ranger tous vos objets n\u00e9cessaires. Peut contenir jusqu&rsquo;\u00e0 6 bouteilles ou 25 canettes. Avec le [&hellip;]<\/p>\n","protected":false},"featured_media":25081,"template":"","meta":{"_acf_changed":false},"product_cat":[255,259,265],"product_tag":[],"class_list":["post-14961","product","type-product","status-publish","has-post-thumbnail","hentry","product_cat-sacs-voyage","product_cat-sacs-a-dos","product_cat-sacs-isothermes","pa_color-black-fr"],"acf":[],"yoast_head":"<!-- This site is optimized with the Yoast SEO plugin v27.0 - https:\/\/yoast.com\/product\/yoast-seo-wordpress\/ -->\n<title>Sac \u00e0 dos isotherme AWARE\u2122 1200D, noir - Swiss Peak<\/title>\n<meta name=\"robots\" content=\"index, follow, max-snippet:-1, max-image-preview:large, max-video-preview:-1\" \/>\n<link rel=\"canonical\" href=\"https:\/\/swiss-peak.com\/fr\/produit\/sac-a-dos-isotherme-aware-1200d-noir\/\" \/>\n<meta property=\"og:locale\" content=\"fr_FR\" \/>\n<meta property=\"og:type\" content=\"article\" \/>\n<meta property=\"og:title\" content=\"Sac \u00e0 dos isotherme AWARE\u2122 1200D, noir - Swiss Peak\" \/>\n<meta property=\"og:description\" content=\"Sac \u00e0 dos isotherme Swiss Peak AWARE\u2122 en polyester recycl\u00e9 \u00e0 l\u2019ext\u00e9rieur et doublure en PEVA avec une large ouverture pour un acc\u00e8s facile \u00e0 vos aliments et boissons. Une poche sup\u00e9rieure avec fermeture \u00e0 zip vous assure de pouvoir ranger tous vos objets n\u00e9cessaires. Peut contenir jusqu&rsquo;\u00e0 6 bouteilles ou 25 canettes. Avec le [&hellip;]\" \/>\n<meta property=\"og:url\" content=\"https:\/\/swiss-peak.com\/fr\/produit\/sac-a-dos-isotherme-aware-1200d-noir\/\" \/>\n<meta property=\"og:site_name\" content=\"Swiss Peak\" \/>\n<meta property=\"article:modified_time\" content=\"2026-03-12T01:22:59+00:00\" \/>\n<meta property=\"og:image\" content=\"https:\/\/swiss-peak.com\/wp-content\/uploads\/sites\/9\/2024\/02\/P422.431__S_0__09df194b4b764465b99588d4c48da844.jpg\" \/>\n\t<meta property=\"og:image:width\" content=\"1024\" \/>\n\t<meta property=\"og:image:height\" content=\"1024\" \/>\n\t<meta property=\"og:image:type\" content=\"image\/jpeg\" \/>\n<meta name=\"twitter:card\" content=\"summary_large_image\" \/>\n<script type=\"application\/ld+json\" class=\"yoast-schema-graph\">{\"@context\":\"https:\/\/schema.org\",\"@graph\":[{\"@type\":\"WebPage\",\"@id\":\"https:\/\/swiss-peak.com\/fr\/produit\/sac-a-dos-isotherme-aware-1200d-noir\/\",\"url\":\"https:\/\/swiss-peak.com\/fr\/produit\/sac-a-dos-isotherme-aware-1200d-noir\/\",\"name\":\"Sac \u00e0 dos isotherme AWARE\u2122 1200D, noir - Swiss Peak\",\"isPartOf\":{\"@id\":\"https:\/\/swiss-peak.com\/fr\/#website\"},\"primaryImageOfPage\":{\"@id\":\"https:\/\/swiss-peak.com\/fr\/produit\/sac-a-dos-isotherme-aware-1200d-noir\/#primaryimage\"},\"image\":{\"@id\":\"https:\/\/swiss-peak.com\/fr\/produit\/sac-a-dos-isotherme-aware-1200d-noir\/#primaryimage\"},\"thumbnailUrl\":\"https:\/\/swiss-peak.com\/wp-content\/uploads\/sites\/9\/2024\/02\/P422.431__S_0__09df194b4b764465b99588d4c48da844.jpg\",\"datePublished\":\"2023-03-14T09:49:27+00:00\",\"dateModified\":\"2026-03-12T01:22:59+00:00\",\"breadcrumb\":{\"@id\":\"https:\/\/swiss-peak.com\/fr\/produit\/sac-a-dos-isotherme-aware-1200d-noir\/#breadcrumb\"},\"inLanguage\":\"fr-FR\",\"potentialAction\":[{\"@type\":\"ReadAction\",\"target\":[\"https:\/\/swiss-peak.com\/fr\/produit\/sac-a-dos-isotherme-aware-1200d-noir\/\"]}]},{\"@type\":\"ImageObject\",\"inLanguage\":\"fr-FR\",\"@id\":\"https:\/\/swiss-peak.com\/fr\/produit\/sac-a-dos-isotherme-aware-1200d-noir\/#primaryimage\",\"url\":\"https:\/\/swiss-peak.com\/wp-content\/uploads\/sites\/9\/2024\/02\/P422.431__S_0__09df194b4b764465b99588d4c48da844.jpg\",\"contentUrl\":\"https:\/\/swiss-peak.com\/wp-content\/uploads\/sites\/9\/2024\/02\/P422.431__S_0__09df194b4b764465b99588d4c48da844.jpg\",\"width\":1024,\"height\":1024},{\"@type\":\"BreadcrumbList\",\"@id\":\"https:\/\/swiss-peak.com\/fr\/produit\/sac-a-dos-isotherme-aware-1200d-noir\/#breadcrumb\",\"itemListElement\":[{\"@type\":\"ListItem\",\"position\":1,\"name\":\"Home\",\"item\":\"https:\/\/swiss-peak.com\/fr\/\"},{\"@type\":\"ListItem\",\"position\":2,\"name\":\"Collection\",\"item\":\"https:\/\/swiss-peak.com\/fr\/collection\/\"},{\"@type\":\"ListItem\",\"position\":3,\"name\":\"Sac \u00e0 dos isotherme AWARE\u2122 1200D, noir\"}]},{\"@type\":\"WebSite\",\"@id\":\"https:\/\/swiss-peak.com\/fr\/#website\",\"url\":\"https:\/\/swiss-peak.com\/fr\/\",\"name\":\"Swiss Peak\",\"description\":\"Where will today take you?\",\"potentialAction\":[{\"@type\":\"SearchAction\",\"target\":{\"@type\":\"EntryPoint\",\"urlTemplate\":\"https:\/\/swiss-peak.com\/fr\/?s={search_term_string}\"},\"query-input\":{\"@type\":\"PropertyValueSpecification\",\"valueRequired\":true,\"valueName\":\"search_term_string\"}}],\"inLanguage\":\"fr-FR\"}]}<\/script>\n<!-- \/ Yoast SEO plugin. -->","yoast_head_json":{"title":"Sac \u00e0 dos isotherme AWARE\u2122 1200D, noir - Swiss Peak","robots":{"index":"index","follow":"follow","max-snippet":"max-snippet:-1","max-image-preview":"max-image-preview:large","max-video-preview":"max-video-preview:-1"},"canonical":"https:\/\/swiss-peak.com\/fr\/produit\/sac-a-dos-isotherme-aware-1200d-noir\/","og_locale":"fr_FR","og_type":"article","og_title":"Sac \u00e0 dos isotherme AWARE\u2122 1200D, noir - Swiss Peak","og_description":"Sac \u00e0 dos isotherme Swiss Peak AWARE\u2122 en polyester recycl\u00e9 \u00e0 l\u2019ext\u00e9rieur et doublure en PEVA avec une large ouverture pour un acc\u00e8s facile \u00e0 vos aliments et boissons. Une poche sup\u00e9rieure avec fermeture \u00e0 zip vous assure de pouvoir ranger tous vos objets n\u00e9cessaires. Peut contenir jusqu&rsquo;\u00e0 6 bouteilles ou 25 canettes. Avec le [&hellip;]","og_url":"https:\/\/swiss-peak.com\/fr\/produit\/sac-a-dos-isotherme-aware-1200d-noir\/","og_site_name":"Swiss Peak","article_modified_time":"2026-03-12T01:22:59+00:00","og_image":[{"width":1024,"height":1024,"url":"https:\/\/swiss-peak.com\/wp-content\/uploads\/sites\/9\/2024\/02\/P422.431__S_0__09df194b4b764465b99588d4c48da844.jpg","type":"image\/jpeg"}],"twitter_card":"summary_large_image","schema":{"@context":"https:\/\/schema.org","@graph":[{"@type":"WebPage","@id":"https:\/\/swiss-peak.com\/fr\/produit\/sac-a-dos-isotherme-aware-1200d-noir\/","url":"https:\/\/swiss-peak.com\/fr\/produit\/sac-a-dos-isotherme-aware-1200d-noir\/","name":"Sac \u00e0 dos isotherme AWARE\u2122 1200D, noir - Swiss Peak","isPartOf":{"@id":"https:\/\/swiss-peak.com\/fr\/#website"},"primaryImageOfPage":{"@id":"https:\/\/swiss-peak.com\/fr\/produit\/sac-a-dos-isotherme-aware-1200d-noir\/#primaryimage"},"image":{"@id":"https:\/\/swiss-peak.com\/fr\/produit\/sac-a-dos-isotherme-aware-1200d-noir\/#primaryimage"},"thumbnailUrl":"https:\/\/swiss-peak.com\/wp-content\/uploads\/sites\/9\/2024\/02\/P422.431__S_0__09df194b4b764465b99588d4c48da844.jpg","datePublished":"2023-03-14T09:49:27+00:00","dateModified":"2026-03-12T01:22:59+00:00","breadcrumb":{"@id":"https:\/\/swiss-peak.com\/fr\/produit\/sac-a-dos-isotherme-aware-1200d-noir\/#breadcrumb"},"inLanguage":"fr-FR","potentialAction":[{"@type":"ReadAction","target":["https:\/\/swiss-peak.com\/fr\/produit\/sac-a-dos-isotherme-aware-1200d-noir\/"]}]},{"@type":"ImageObject","inLanguage":"fr-FR","@id":"https:\/\/swiss-peak.com\/fr\/produit\/sac-a-dos-isotherme-aware-1200d-noir\/#primaryimage","url":"https:\/\/swiss-peak.com\/wp-content\/uploads\/sites\/9\/2024\/02\/P422.431__S_0__09df194b4b764465b99588d4c48da844.jpg","contentUrl":"https:\/\/swiss-peak.com\/wp-content\/uploads\/sites\/9\/2024\/02\/P422.431__S_0__09df194b4b764465b99588d4c48da844.jpg","width":1024,"height":1024},{"@type":"BreadcrumbList","@id":"https:\/\/swiss-peak.com\/fr\/produit\/sac-a-dos-isotherme-aware-1200d-noir\/#breadcrumb","itemListElement":[{"@type":"ListItem","position":1,"name":"Home","item":"https:\/\/swiss-peak.com\/fr\/"},{"@type":"ListItem","position":2,"name":"Collection","item":"https:\/\/swiss-peak.com\/fr\/collection\/"},{"@type":"ListItem","position":3,"name":"Sac \u00e0 dos isotherme AWARE\u2122 1200D, noir"}]},{"@type":"WebSite","@id":"https:\/\/swiss-peak.com\/fr\/#website","url":"https:\/\/swiss-peak.com\/fr\/","name":"Swiss Peak","description":"Where will today take you?","potentialAction":[{"@type":"SearchAction","target":{"@type":"EntryPoint","urlTemplate":"https:\/\/swiss-peak.com\/fr\/?s={search_term_string}"},"query-input":{"@type":"PropertyValueSpecification","valueRequired":true,"valueName":"search_term_string"}}],"inLanguage":"fr-FR"}]}},"_links":{"self":[{"href":"https:\/\/swiss-peak.com\/fr\/wp-json\/wp\/v2\/product\/14961","targetHints":{"allow":["GET"]}}],"collection":[{"href":"https:\/\/swiss-peak.com\/fr\/wp-json\/wp\/v2\/product"}],"about":[{"href":"https:\/\/swiss-peak.com\/fr\/wp-json\/wp\/v2\/types\/product"}],"wp:featuredmedia":[{"embeddable":true,"href":"https:\/\/swiss-peak.com\/fr\/wp-json\/wp\/v2\/media\/25081"}],"wp:attachment":[{"href":"https:\/\/swiss-peak.com\/fr\/wp-json\/wp\/v2\/media?parent=14961"}],"wp:term":[{"taxonomy":"product_cat","embeddable":true,"href":"https:\/\/swiss-peak.com\/fr\/wp-json\/wp\/v2\/product_cat?post=14961"},{"taxonomy":"product_tag","embeddable":true,"href":"https:\/\/swiss-peak.com\/fr\/wp-json\/wp\/v2\/product_tag?post=14961"}],"curies":[{"name":"wp","href":"https:\/\/api.w.org\/{rel}","templated":true}]}}