{"id":14957,"date":"2023-03-14T11:49:03","date_gmt":"2023-03-14T09:49:03","guid":{"rendered":"https:\/\/xdsomename.tempurl.host\/swisspeak-website\/collection\/non%20class\u00e9\/montre-connectee-en-tpu-recycle-rcs-swiss-peak-noir\/"},"modified":"2026-03-12T03:22:41","modified_gmt":"2026-03-12T01:22:41","slug":"montre-connectee-en-tpu-recycle-rcs-swiss-peak-noir","status":"publish","type":"product","link":"https:\/\/swiss-peak.com\/fr\/produit\/montre-connectee-en-tpu-recycle-rcs-swiss-peak-noir\/","title":{"rendered":"Montre connect\u00e9e en TPU recycl\u00e9 RCS, noir"},"content":{"rendered":"<p>Montre moderne et performante dot\u00e9e d&rsquo;un \u00e9cran tactile 1,28 pouce rond et \u00e0 r\u00e9ponse rapide pour suivre vos activit\u00e9s. Fabriqu\u00e9e avec un bracelet en TPU recycl\u00e9 certifi\u00e9 RCS (Recycled Claim Standard) et un cadre en alliage de zinc. Contenu recycl\u00e9 total : 23% sur la base du poids total de l&rsquo;article. La certification RCS garantit une cha\u00eene d&rsquo;approvisionnement enti\u00e8rement certifi\u00e9e pour les mat\u00e9riaux recycl\u00e9s. Les fonctions sont : Compteur de pas, calories, distance, suivi multisports (24 types) r\u00e9veil, suivi de la fr\u00e9quence cardiaque, surveillance de la pression art\u00e9rielle, moniteur de sommeil, notifications des r\u00e9seaux sociaux. Compatible avec Android 4.4 et IOS 8.0 et plus. \u00c9tanch\u00e9it\u00e9 \u00e0 l&rsquo;eau et \u00e0 la poussi\u00e8re selon la norme IPX 68. BT 5.0. Autonomie en veille de 25 jours et temps de travail jusqu&rsquo;\u00e0 7 jours. Chargeur \u00e0 clip inclus pour charger la montre. Emball\u00e9 dans un emballage kraft FSC\u00ae mix. Article et accessoires 100% sans PVC.<\/p>\n","protected":false},"excerpt":{"rendered":"<p>Montre moderne et performante dot\u00e9e d&rsquo;un \u00e9cran tactile 1,28 pouce rond et \u00e0 r\u00e9ponse rapide pour suivre vos activit\u00e9s. Fabriqu\u00e9e avec un bracelet en TPU recycl\u00e9 certifi\u00e9 RCS (Recycled Claim Standard) et un cadre en alliage de zinc. Contenu recycl\u00e9 total : 23% sur la base du poids total de l&rsquo;article. La certification RCS garantit [&hellip;]<\/p>\n","protected":false},"featured_media":24250,"template":"","meta":{"_acf_changed":false},"product_cat":[271,287,255,302],"product_tag":[],"class_list":["post-14957","product","type-product","status-publish","has-post-thumbnail","hentry","product_cat-accessoires-de-voyage","product_cat-business-fr","product_cat-sacs-voyage","product_cat-technologie","pa_color-black-fr"],"acf":[],"yoast_head":"<!-- This site is optimized with the Yoast SEO plugin v27.0 - https:\/\/yoast.com\/product\/yoast-seo-wordpress\/ -->\n<title>Montre connect\u00e9e en TPU recycl\u00e9 RCS, noir - Swiss Peak<\/title>\n<meta name=\"robots\" content=\"index, follow, max-snippet:-1, max-image-preview:large, max-video-preview:-1\" \/>\n<link rel=\"canonical\" href=\"https:\/\/swiss-peak.com\/fr\/produit\/montre-connectee-en-tpu-recycle-rcs-swiss-peak-noir\/\" \/>\n<meta property=\"og:locale\" content=\"fr_FR\" \/>\n<meta property=\"og:type\" content=\"article\" \/>\n<meta property=\"og:title\" content=\"Montre connect\u00e9e en TPU recycl\u00e9 RCS, noir - Swiss Peak\" \/>\n<meta property=\"og:description\" content=\"Montre moderne et performante dot\u00e9e d&rsquo;un \u00e9cran tactile 1,28 pouce rond et \u00e0 r\u00e9ponse rapide pour suivre vos activit\u00e9s. Fabriqu\u00e9e avec un bracelet en TPU recycl\u00e9 certifi\u00e9 RCS (Recycled Claim Standard) et un cadre en alliage de zinc. Contenu recycl\u00e9 total : 23% sur la base du poids total de l&rsquo;article. La certification RCS garantit [&hellip;]\" \/>\n<meta property=\"og:url\" content=\"https:\/\/swiss-peak.com\/fr\/produit\/montre-connectee-en-tpu-recycle-rcs-swiss-peak-noir\/\" \/>\n<meta property=\"og:site_name\" content=\"Swiss Peak\" \/>\n<meta property=\"article:modified_time\" content=\"2026-03-12T01:22:41+00:00\" \/>\n<meta property=\"og:image\" content=\"https:\/\/swiss-peak.com\/wp-content\/uploads\/sites\/9\/2024\/02\/P330.851__S_0__aa1ff74ee4a147b5b99b97d1b7a7876b.jpg\" \/>\n\t<meta property=\"og:image:width\" content=\"1024\" \/>\n\t<meta property=\"og:image:height\" content=\"1024\" \/>\n\t<meta property=\"og:image:type\" content=\"image\/jpeg\" \/>\n<meta name=\"twitter:card\" content=\"summary_large_image\" \/>\n<meta name=\"twitter:label1\" content=\"Dur\u00e9e de lecture estim\u00e9e\" \/>\n\t<meta name=\"twitter:data1\" content=\"1 minute\" \/>\n<script type=\"application\/ld+json\" class=\"yoast-schema-graph\">{\"@context\":\"https:\/\/schema.org\",\"@graph\":[{\"@type\":\"WebPage\",\"@id\":\"https:\/\/swiss-peak.com\/fr\/produit\/montre-connectee-en-tpu-recycle-rcs-swiss-peak-noir\/\",\"url\":\"https:\/\/swiss-peak.com\/fr\/produit\/montre-connectee-en-tpu-recycle-rcs-swiss-peak-noir\/\",\"name\":\"Montre connect\u00e9e en TPU recycl\u00e9 RCS, noir - Swiss Peak\",\"isPartOf\":{\"@id\":\"https:\/\/swiss-peak.com\/fr\/#website\"},\"primaryImageOfPage\":{\"@id\":\"https:\/\/swiss-peak.com\/fr\/produit\/montre-connectee-en-tpu-recycle-rcs-swiss-peak-noir\/#primaryimage\"},\"image\":{\"@id\":\"https:\/\/swiss-peak.com\/fr\/produit\/montre-connectee-en-tpu-recycle-rcs-swiss-peak-noir\/#primaryimage\"},\"thumbnailUrl\":\"https:\/\/swiss-peak.com\/wp-content\/uploads\/sites\/9\/2024\/02\/P330.851__S_0__aa1ff74ee4a147b5b99b97d1b7a7876b.jpg\",\"datePublished\":\"2023-03-14T09:49:03+00:00\",\"dateModified\":\"2026-03-12T01:22:41+00:00\",\"breadcrumb\":{\"@id\":\"https:\/\/swiss-peak.com\/fr\/produit\/montre-connectee-en-tpu-recycle-rcs-swiss-peak-noir\/#breadcrumb\"},\"inLanguage\":\"fr-FR\",\"potentialAction\":[{\"@type\":\"ReadAction\",\"target\":[\"https:\/\/swiss-peak.com\/fr\/produit\/montre-connectee-en-tpu-recycle-rcs-swiss-peak-noir\/\"]}]},{\"@type\":\"ImageObject\",\"inLanguage\":\"fr-FR\",\"@id\":\"https:\/\/swiss-peak.com\/fr\/produit\/montre-connectee-en-tpu-recycle-rcs-swiss-peak-noir\/#primaryimage\",\"url\":\"https:\/\/swiss-peak.com\/wp-content\/uploads\/sites\/9\/2024\/02\/P330.851__S_0__aa1ff74ee4a147b5b99b97d1b7a7876b.jpg\",\"contentUrl\":\"https:\/\/swiss-peak.com\/wp-content\/uploads\/sites\/9\/2024\/02\/P330.851__S_0__aa1ff74ee4a147b5b99b97d1b7a7876b.jpg\",\"width\":1024,\"height\":1024},{\"@type\":\"BreadcrumbList\",\"@id\":\"https:\/\/swiss-peak.com\/fr\/produit\/montre-connectee-en-tpu-recycle-rcs-swiss-peak-noir\/#breadcrumb\",\"itemListElement\":[{\"@type\":\"ListItem\",\"position\":1,\"name\":\"Home\",\"item\":\"https:\/\/swiss-peak.com\/fr\/\"},{\"@type\":\"ListItem\",\"position\":2,\"name\":\"Collection\",\"item\":\"https:\/\/swiss-peak.com\/fr\/collection\/\"},{\"@type\":\"ListItem\",\"position\":3,\"name\":\"Montre connect\u00e9e en TPU recycl\u00e9 RCS, noir\"}]},{\"@type\":\"WebSite\",\"@id\":\"https:\/\/swiss-peak.com\/fr\/#website\",\"url\":\"https:\/\/swiss-peak.com\/fr\/\",\"name\":\"Swiss Peak\",\"description\":\"Where will today take you?\",\"potentialAction\":[{\"@type\":\"SearchAction\",\"target\":{\"@type\":\"EntryPoint\",\"urlTemplate\":\"https:\/\/swiss-peak.com\/fr\/?s={search_term_string}\"},\"query-input\":{\"@type\":\"PropertyValueSpecification\",\"valueRequired\":true,\"valueName\":\"search_term_string\"}}],\"inLanguage\":\"fr-FR\"}]}<\/script>\n<!-- \/ Yoast SEO plugin. -->","yoast_head_json":{"title":"Montre connect\u00e9e en TPU recycl\u00e9 RCS, noir - Swiss Peak","robots":{"index":"index","follow":"follow","max-snippet":"max-snippet:-1","max-image-preview":"max-image-preview:large","max-video-preview":"max-video-preview:-1"},"canonical":"https:\/\/swiss-peak.com\/fr\/produit\/montre-connectee-en-tpu-recycle-rcs-swiss-peak-noir\/","og_locale":"fr_FR","og_type":"article","og_title":"Montre connect\u00e9e en TPU recycl\u00e9 RCS, noir - Swiss Peak","og_description":"Montre moderne et performante dot\u00e9e d&rsquo;un \u00e9cran tactile 1,28 pouce rond et \u00e0 r\u00e9ponse rapide pour suivre vos activit\u00e9s. Fabriqu\u00e9e avec un bracelet en TPU recycl\u00e9 certifi\u00e9 RCS (Recycled Claim Standard) et un cadre en alliage de zinc. Contenu recycl\u00e9 total : 23% sur la base du poids total de l&rsquo;article. La certification RCS garantit [&hellip;]","og_url":"https:\/\/swiss-peak.com\/fr\/produit\/montre-connectee-en-tpu-recycle-rcs-swiss-peak-noir\/","og_site_name":"Swiss Peak","article_modified_time":"2026-03-12T01:22:41+00:00","og_image":[{"width":1024,"height":1024,"url":"https:\/\/swiss-peak.com\/wp-content\/uploads\/sites\/9\/2024\/02\/P330.851__S_0__aa1ff74ee4a147b5b99b97d1b7a7876b.jpg","type":"image\/jpeg"}],"twitter_card":"summary_large_image","twitter_misc":{"Dur\u00e9e de lecture estim\u00e9e":"1 minute"},"schema":{"@context":"https:\/\/schema.org","@graph":[{"@type":"WebPage","@id":"https:\/\/swiss-peak.com\/fr\/produit\/montre-connectee-en-tpu-recycle-rcs-swiss-peak-noir\/","url":"https:\/\/swiss-peak.com\/fr\/produit\/montre-connectee-en-tpu-recycle-rcs-swiss-peak-noir\/","name":"Montre connect\u00e9e en TPU recycl\u00e9 RCS, noir - Swiss Peak","isPartOf":{"@id":"https:\/\/swiss-peak.com\/fr\/#website"},"primaryImageOfPage":{"@id":"https:\/\/swiss-peak.com\/fr\/produit\/montre-connectee-en-tpu-recycle-rcs-swiss-peak-noir\/#primaryimage"},"image":{"@id":"https:\/\/swiss-peak.com\/fr\/produit\/montre-connectee-en-tpu-recycle-rcs-swiss-peak-noir\/#primaryimage"},"thumbnailUrl":"https:\/\/swiss-peak.com\/wp-content\/uploads\/sites\/9\/2024\/02\/P330.851__S_0__aa1ff74ee4a147b5b99b97d1b7a7876b.jpg","datePublished":"2023-03-14T09:49:03+00:00","dateModified":"2026-03-12T01:22:41+00:00","breadcrumb":{"@id":"https:\/\/swiss-peak.com\/fr\/produit\/montre-connectee-en-tpu-recycle-rcs-swiss-peak-noir\/#breadcrumb"},"inLanguage":"fr-FR","potentialAction":[{"@type":"ReadAction","target":["https:\/\/swiss-peak.com\/fr\/produit\/montre-connectee-en-tpu-recycle-rcs-swiss-peak-noir\/"]}]},{"@type":"ImageObject","inLanguage":"fr-FR","@id":"https:\/\/swiss-peak.com\/fr\/produit\/montre-connectee-en-tpu-recycle-rcs-swiss-peak-noir\/#primaryimage","url":"https:\/\/swiss-peak.com\/wp-content\/uploads\/sites\/9\/2024\/02\/P330.851__S_0__aa1ff74ee4a147b5b99b97d1b7a7876b.jpg","contentUrl":"https:\/\/swiss-peak.com\/wp-content\/uploads\/sites\/9\/2024\/02\/P330.851__S_0__aa1ff74ee4a147b5b99b97d1b7a7876b.jpg","width":1024,"height":1024},{"@type":"BreadcrumbList","@id":"https:\/\/swiss-peak.com\/fr\/produit\/montre-connectee-en-tpu-recycle-rcs-swiss-peak-noir\/#breadcrumb","itemListElement":[{"@type":"ListItem","position":1,"name":"Home","item":"https:\/\/swiss-peak.com\/fr\/"},{"@type":"ListItem","position":2,"name":"Collection","item":"https:\/\/swiss-peak.com\/fr\/collection\/"},{"@type":"ListItem","position":3,"name":"Montre connect\u00e9e en TPU recycl\u00e9 RCS, noir"}]},{"@type":"WebSite","@id":"https:\/\/swiss-peak.com\/fr\/#website","url":"https:\/\/swiss-peak.com\/fr\/","name":"Swiss Peak","description":"Where will today take you?","potentialAction":[{"@type":"SearchAction","target":{"@type":"EntryPoint","urlTemplate":"https:\/\/swiss-peak.com\/fr\/?s={search_term_string}"},"query-input":{"@type":"PropertyValueSpecification","valueRequired":true,"valueName":"search_term_string"}}],"inLanguage":"fr-FR"}]}},"_links":{"self":[{"href":"https:\/\/swiss-peak.com\/fr\/wp-json\/wp\/v2\/product\/14957","targetHints":{"allow":["GET"]}}],"collection":[{"href":"https:\/\/swiss-peak.com\/fr\/wp-json\/wp\/v2\/product"}],"about":[{"href":"https:\/\/swiss-peak.com\/fr\/wp-json\/wp\/v2\/types\/product"}],"wp:featuredmedia":[{"embeddable":true,"href":"https:\/\/swiss-peak.com\/fr\/wp-json\/wp\/v2\/media\/24250"}],"wp:attachment":[{"href":"https:\/\/swiss-peak.com\/fr\/wp-json\/wp\/v2\/media?parent=14957"}],"wp:term":[{"taxonomy":"product_cat","embeddable":true,"href":"https:\/\/swiss-peak.com\/fr\/wp-json\/wp\/v2\/product_cat?post=14957"},{"taxonomy":"product_tag","embeddable":true,"href":"https:\/\/swiss-peak.com\/fr\/wp-json\/wp\/v2\/product_tag?post=14957"}],"curies":[{"name":"wp","href":"https:\/\/api.w.org\/{rel}","templated":true}]}}