{"id":14949,"date":"2023-03-14T11:49:03","date_gmt":"2023-03-14T09:49:03","guid":{"rendered":"https:\/\/xdsomename.tempurl.host\/swisspeak-website\/collection\/non%20class\u00e9\/ecouteurs-2-0-tws-swiss-peak-en-plastique-recycle-rcs-noir\/"},"modified":"2026-04-16T02:22:24","modified_gmt":"2026-04-16T00:22:24","slug":"ecouteurs-2-0-tws-swiss-peak-en-plastique-recycle-rcs-noir","status":"publish","type":"product","link":"https:\/\/swiss-peak.com\/fr\/produit\/ecouteurs-2-0-tws-swiss-peak-en-plastique-recycle-rcs-noir\/","title":{"rendered":"\u00c9couteurs 2.0 TWS Swiss Peak en plastique recycl\u00e9 RCS, noir"},"content":{"rendered":"<p>\u00c9couteurs et bo\u00eetier de chargement fabriqu\u00e9s en ABS recycl\u00e9 certifi\u00e9 RCS (Recycled Claim Standard). Contenu recycl\u00e9 total : 59 % sur la base du poids total de l&rsquo;article. La certification RCS garantit une cha\u00eene d&rsquo;approvisionnement enti\u00e8rement certifi\u00e9e pour les mat\u00e9riaux recycl\u00e9s. Les \u00e9couteurs sont livr\u00e9s dans un \u00e9tui de charge compact de 400 mAh qui vous permet de charger et d&#8217;emporter vos \u00e9couteurs partout o\u00f9 vous allez. Les \u00e9couteurs utilisent la norme BT 5.3 pour un couplage automatique sans probl\u00e8me et une connexion stable. Les \u00e9couteurs sont \u00e9quip\u00e9s d&rsquo;une batterie de 40 mAh qui permet une autonomie de 4 heures et peut \u00eatre recharg\u00e9e en 1,5 heure dans l&rsquo;\u00e9tui de chargement. La port\u00e9e de la distance sans fil peut atteindre 10 m\u00e8tres. C\u00e2ble de charge de type C inclus, fabriqu\u00e9 en TPE recycl\u00e9 certifi\u00e9 GRS. Emball\u00e9 dans une bo\u00eete cadeau FSC\u00ae mix.  Article et accessoires 100% sans PVC.<\/p>\n","protected":false},"excerpt":{"rendered":"<p>\u00c9couteurs et bo\u00eetier de chargement fabriqu\u00e9s en ABS recycl\u00e9 certifi\u00e9 RCS (Recycled Claim Standard). Contenu recycl\u00e9 total : 59 % sur la base du poids total de l&rsquo;article. La certification RCS garantit une cha\u00eene d&rsquo;approvisionnement enti\u00e8rement certifi\u00e9e pour les mat\u00e9riaux recycl\u00e9s. Les \u00e9couteurs sont livr\u00e9s dans un \u00e9tui de charge compact de 400 mAh qui [&hellip;]<\/p>\n","protected":false},"featured_media":46122,"template":"","meta":{"_acf_changed":false},"product_cat":[313,307],"product_tag":[],"class_list":["post-14949","product","type-product","status-publish","has-post-thumbnail","hentry","product_cat-audio-fr","product_cat-loisirs-sports","pa_color-black-fr"],"acf":[],"yoast_head":"<!-- This site is optimized with the Yoast SEO plugin v27.0 - https:\/\/yoast.com\/product\/yoast-seo-wordpress\/ -->\n<title>\u00c9couteurs 2.0 TWS Swiss Peak en plastique recycl\u00e9 RCS, noir - Swiss Peak<\/title>\n<meta name=\"robots\" content=\"index, follow, max-snippet:-1, max-image-preview:large, max-video-preview:-1\" \/>\n<link rel=\"canonical\" href=\"https:\/\/swiss-peak.com\/fr\/produit\/ecouteurs-2-0-tws-swiss-peak-en-plastique-recycle-rcs-noir\/\" \/>\n<meta property=\"og:locale\" content=\"fr_FR\" \/>\n<meta property=\"og:type\" content=\"article\" \/>\n<meta property=\"og:title\" content=\"\u00c9couteurs 2.0 TWS Swiss Peak en plastique recycl\u00e9 RCS, noir - Swiss Peak\" \/>\n<meta property=\"og:description\" content=\"\u00c9couteurs et bo\u00eetier de chargement fabriqu\u00e9s en ABS recycl\u00e9 certifi\u00e9 RCS (Recycled Claim Standard). Contenu recycl\u00e9 total : 59 % sur la base du poids total de l&rsquo;article. La certification RCS garantit une cha\u00eene d&rsquo;approvisionnement enti\u00e8rement certifi\u00e9e pour les mat\u00e9riaux recycl\u00e9s. Les \u00e9couteurs sont livr\u00e9s dans un \u00e9tui de charge compact de 400 mAh qui [&hellip;]\" \/>\n<meta property=\"og:url\" content=\"https:\/\/swiss-peak.com\/fr\/produit\/ecouteurs-2-0-tws-swiss-peak-en-plastique-recycle-rcs-noir\/\" \/>\n<meta property=\"og:site_name\" content=\"Swiss Peak\" \/>\n<meta property=\"article:modified_time\" content=\"2026-04-16T00:22:24+00:00\" \/>\n<meta property=\"og:image\" content=\"https:\/\/swiss-peak.com\/wp-content\/uploads\/sites\/9\/2026\/04\/P329.841__S_0__2e49acd5b0944f719f5539cd5e9a1c41.jpg\" \/>\n\t<meta property=\"og:image:width\" content=\"1024\" \/>\n\t<meta property=\"og:image:height\" content=\"1024\" \/>\n\t<meta property=\"og:image:type\" content=\"image\/jpeg\" \/>\n<meta name=\"twitter:card\" content=\"summary_large_image\" \/>\n<meta name=\"twitter:label1\" content=\"Dur\u00e9e de lecture estim\u00e9e\" \/>\n\t<meta name=\"twitter:data1\" content=\"1 minute\" \/>\n<script type=\"application\/ld+json\" class=\"yoast-schema-graph\">{\"@context\":\"https:\/\/schema.org\",\"@graph\":[{\"@type\":\"WebPage\",\"@id\":\"https:\/\/swiss-peak.com\/fr\/produit\/ecouteurs-2-0-tws-swiss-peak-en-plastique-recycle-rcs-noir\/\",\"url\":\"https:\/\/swiss-peak.com\/fr\/produit\/ecouteurs-2-0-tws-swiss-peak-en-plastique-recycle-rcs-noir\/\",\"name\":\"\u00c9couteurs 2.0 TWS Swiss Peak en plastique recycl\u00e9 RCS, noir - Swiss Peak\",\"isPartOf\":{\"@id\":\"https:\/\/swiss-peak.com\/fr\/#website\"},\"primaryImageOfPage\":{\"@id\":\"https:\/\/swiss-peak.com\/fr\/produit\/ecouteurs-2-0-tws-swiss-peak-en-plastique-recycle-rcs-noir\/#primaryimage\"},\"image\":{\"@id\":\"https:\/\/swiss-peak.com\/fr\/produit\/ecouteurs-2-0-tws-swiss-peak-en-plastique-recycle-rcs-noir\/#primaryimage\"},\"thumbnailUrl\":\"https:\/\/swiss-peak.com\/wp-content\/uploads\/sites\/9\/2026\/04\/P329.841__S_0__2e49acd5b0944f719f5539cd5e9a1c41.jpg\",\"datePublished\":\"2023-03-14T09:49:03+00:00\",\"dateModified\":\"2026-04-16T00:22:24+00:00\",\"breadcrumb\":{\"@id\":\"https:\/\/swiss-peak.com\/fr\/produit\/ecouteurs-2-0-tws-swiss-peak-en-plastique-recycle-rcs-noir\/#breadcrumb\"},\"inLanguage\":\"fr-FR\",\"potentialAction\":[{\"@type\":\"ReadAction\",\"target\":[\"https:\/\/swiss-peak.com\/fr\/produit\/ecouteurs-2-0-tws-swiss-peak-en-plastique-recycle-rcs-noir\/\"]}]},{\"@type\":\"ImageObject\",\"inLanguage\":\"fr-FR\",\"@id\":\"https:\/\/swiss-peak.com\/fr\/produit\/ecouteurs-2-0-tws-swiss-peak-en-plastique-recycle-rcs-noir\/#primaryimage\",\"url\":\"https:\/\/swiss-peak.com\/wp-content\/uploads\/sites\/9\/2026\/04\/P329.841__S_0__2e49acd5b0944f719f5539cd5e9a1c41.jpg\",\"contentUrl\":\"https:\/\/swiss-peak.com\/wp-content\/uploads\/sites\/9\/2026\/04\/P329.841__S_0__2e49acd5b0944f719f5539cd5e9a1c41.jpg\",\"width\":1024,\"height\":1024},{\"@type\":\"BreadcrumbList\",\"@id\":\"https:\/\/swiss-peak.com\/fr\/produit\/ecouteurs-2-0-tws-swiss-peak-en-plastique-recycle-rcs-noir\/#breadcrumb\",\"itemListElement\":[{\"@type\":\"ListItem\",\"position\":1,\"name\":\"Home\",\"item\":\"https:\/\/swiss-peak.com\/fr\/\"},{\"@type\":\"ListItem\",\"position\":2,\"name\":\"Collection\",\"item\":\"https:\/\/swiss-peak.com\/fr\/collection\/\"},{\"@type\":\"ListItem\",\"position\":3,\"name\":\"\u00c9couteurs 2.0 TWS Swiss Peak en plastique recycl\u00e9 RCS, noir\"}]},{\"@type\":\"WebSite\",\"@id\":\"https:\/\/swiss-peak.com\/fr\/#website\",\"url\":\"https:\/\/swiss-peak.com\/fr\/\",\"name\":\"Swiss Peak\",\"description\":\"Where will today take you?\",\"potentialAction\":[{\"@type\":\"SearchAction\",\"target\":{\"@type\":\"EntryPoint\",\"urlTemplate\":\"https:\/\/swiss-peak.com\/fr\/?s={search_term_string}\"},\"query-input\":{\"@type\":\"PropertyValueSpecification\",\"valueRequired\":true,\"valueName\":\"search_term_string\"}}],\"inLanguage\":\"fr-FR\"}]}<\/script>\n<!-- \/ Yoast SEO plugin. -->","yoast_head_json":{"title":"\u00c9couteurs 2.0 TWS Swiss Peak en plastique recycl\u00e9 RCS, noir - Swiss Peak","robots":{"index":"index","follow":"follow","max-snippet":"max-snippet:-1","max-image-preview":"max-image-preview:large","max-video-preview":"max-video-preview:-1"},"canonical":"https:\/\/swiss-peak.com\/fr\/produit\/ecouteurs-2-0-tws-swiss-peak-en-plastique-recycle-rcs-noir\/","og_locale":"fr_FR","og_type":"article","og_title":"\u00c9couteurs 2.0 TWS Swiss Peak en plastique recycl\u00e9 RCS, noir - Swiss Peak","og_description":"\u00c9couteurs et bo\u00eetier de chargement fabriqu\u00e9s en ABS recycl\u00e9 certifi\u00e9 RCS (Recycled Claim Standard). Contenu recycl\u00e9 total : 59 % sur la base du poids total de l&rsquo;article. La certification RCS garantit une cha\u00eene d&rsquo;approvisionnement enti\u00e8rement certifi\u00e9e pour les mat\u00e9riaux recycl\u00e9s. Les \u00e9couteurs sont livr\u00e9s dans un \u00e9tui de charge compact de 400 mAh qui [&hellip;]","og_url":"https:\/\/swiss-peak.com\/fr\/produit\/ecouteurs-2-0-tws-swiss-peak-en-plastique-recycle-rcs-noir\/","og_site_name":"Swiss Peak","article_modified_time":"2026-04-16T00:22:24+00:00","og_image":[{"width":1024,"height":1024,"url":"https:\/\/swiss-peak.com\/wp-content\/uploads\/sites\/9\/2026\/04\/P329.841__S_0__2e49acd5b0944f719f5539cd5e9a1c41.jpg","type":"image\/jpeg"}],"twitter_card":"summary_large_image","twitter_misc":{"Dur\u00e9e de lecture estim\u00e9e":"1 minute"},"schema":{"@context":"https:\/\/schema.org","@graph":[{"@type":"WebPage","@id":"https:\/\/swiss-peak.com\/fr\/produit\/ecouteurs-2-0-tws-swiss-peak-en-plastique-recycle-rcs-noir\/","url":"https:\/\/swiss-peak.com\/fr\/produit\/ecouteurs-2-0-tws-swiss-peak-en-plastique-recycle-rcs-noir\/","name":"\u00c9couteurs 2.0 TWS Swiss Peak en plastique recycl\u00e9 RCS, noir - Swiss Peak","isPartOf":{"@id":"https:\/\/swiss-peak.com\/fr\/#website"},"primaryImageOfPage":{"@id":"https:\/\/swiss-peak.com\/fr\/produit\/ecouteurs-2-0-tws-swiss-peak-en-plastique-recycle-rcs-noir\/#primaryimage"},"image":{"@id":"https:\/\/swiss-peak.com\/fr\/produit\/ecouteurs-2-0-tws-swiss-peak-en-plastique-recycle-rcs-noir\/#primaryimage"},"thumbnailUrl":"https:\/\/swiss-peak.com\/wp-content\/uploads\/sites\/9\/2026\/04\/P329.841__S_0__2e49acd5b0944f719f5539cd5e9a1c41.jpg","datePublished":"2023-03-14T09:49:03+00:00","dateModified":"2026-04-16T00:22:24+00:00","breadcrumb":{"@id":"https:\/\/swiss-peak.com\/fr\/produit\/ecouteurs-2-0-tws-swiss-peak-en-plastique-recycle-rcs-noir\/#breadcrumb"},"inLanguage":"fr-FR","potentialAction":[{"@type":"ReadAction","target":["https:\/\/swiss-peak.com\/fr\/produit\/ecouteurs-2-0-tws-swiss-peak-en-plastique-recycle-rcs-noir\/"]}]},{"@type":"ImageObject","inLanguage":"fr-FR","@id":"https:\/\/swiss-peak.com\/fr\/produit\/ecouteurs-2-0-tws-swiss-peak-en-plastique-recycle-rcs-noir\/#primaryimage","url":"https:\/\/swiss-peak.com\/wp-content\/uploads\/sites\/9\/2026\/04\/P329.841__S_0__2e49acd5b0944f719f5539cd5e9a1c41.jpg","contentUrl":"https:\/\/swiss-peak.com\/wp-content\/uploads\/sites\/9\/2026\/04\/P329.841__S_0__2e49acd5b0944f719f5539cd5e9a1c41.jpg","width":1024,"height":1024},{"@type":"BreadcrumbList","@id":"https:\/\/swiss-peak.com\/fr\/produit\/ecouteurs-2-0-tws-swiss-peak-en-plastique-recycle-rcs-noir\/#breadcrumb","itemListElement":[{"@type":"ListItem","position":1,"name":"Home","item":"https:\/\/swiss-peak.com\/fr\/"},{"@type":"ListItem","position":2,"name":"Collection","item":"https:\/\/swiss-peak.com\/fr\/collection\/"},{"@type":"ListItem","position":3,"name":"\u00c9couteurs 2.0 TWS Swiss Peak en plastique recycl\u00e9 RCS, noir"}]},{"@type":"WebSite","@id":"https:\/\/swiss-peak.com\/fr\/#website","url":"https:\/\/swiss-peak.com\/fr\/","name":"Swiss Peak","description":"Where will today take you?","potentialAction":[{"@type":"SearchAction","target":{"@type":"EntryPoint","urlTemplate":"https:\/\/swiss-peak.com\/fr\/?s={search_term_string}"},"query-input":{"@type":"PropertyValueSpecification","valueRequired":true,"valueName":"search_term_string"}}],"inLanguage":"fr-FR"}]}},"_links":{"self":[{"href":"https:\/\/swiss-peak.com\/fr\/wp-json\/wp\/v2\/product\/14949","targetHints":{"allow":["GET"]}}],"collection":[{"href":"https:\/\/swiss-peak.com\/fr\/wp-json\/wp\/v2\/product"}],"about":[{"href":"https:\/\/swiss-peak.com\/fr\/wp-json\/wp\/v2\/types\/product"}],"wp:featuredmedia":[{"embeddable":true,"href":"https:\/\/swiss-peak.com\/fr\/wp-json\/wp\/v2\/media\/46122"}],"wp:attachment":[{"href":"https:\/\/swiss-peak.com\/fr\/wp-json\/wp\/v2\/media?parent=14949"}],"wp:term":[{"taxonomy":"product_cat","embeddable":true,"href":"https:\/\/swiss-peak.com\/fr\/wp-json\/wp\/v2\/product_cat?post=14949"},{"taxonomy":"product_tag","embeddable":true,"href":"https:\/\/swiss-peak.com\/fr\/wp-json\/wp\/v2\/product_tag?post=14949"}],"curies":[{"name":"wp","href":"https:\/\/api.w.org\/{rel}","templated":true}]}}